{"id":50,"date":"2025-04-11T12:13:46","date_gmt":"2025-04-11T10:13:46","guid":{"rendered":"https:\/\/fragyn.appentwicklung-frankfurt.de\/?page_id=50"},"modified":"2026-04-08T20:54:41","modified_gmt":"2026-04-08T18:54:41","slug":"praxis","status":"publish","type":"page","link":"https:\/\/www.frauengesundheit-frankfurt.de\/en\/praxis\/","title":{"rendered":"Practice"},"content":{"rendered":"<p>[et_pb_section fb_built=&#8220;1&#8243; admin_label=&#8220;Header&#8220; _builder_version=&#8220;4.27.4&#8243; _module_preset=&#8220;default&#8220; background_color=&#8220;rgba(231,193,148,0.5)&#8220; background_enable_image=&#8220;off&#8220; background_size=&#8220;initial&#8220; background_position=&#8220;center_right&#8220; overflow-x=&#8220;hidden&#8220; overflow-y=&#8220;hidden&#8220; custom_padding=&#8220;||24px||false|false&#8220; locked=&#8220;off&#8220; global_colors_info=&#8220;{}&#8220;][et_pb_row column_structure=&#8220;1_2,1_2&#8243; _builder_version=&#8220;4.16&#8243; _module_preset=&#8220;default&#8220; custom_padding=&#8220;||0px||false|false&#8220; global_colors_info=&#8220;{}&#8220;][et_pb_column type=&#8220;1_2&#8243; _builder_version=&#8220;4.16&#8243; _module_preset=&#8220;default&#8220; custom_padding=&#8220;||40px||false|false&#8220; global_colors_info=&#8220;{}&#8220;][et_pb_text _builder_version=&#8220;4.27.6&#8243; _module_preset=&#8220;default&#8220; header_font=&#8220;|600|||||||&#8220; header_line_height=&#8220;1.3em&#8220; header_2_font=&#8220;|700|||||||&#8220; header_2_text_color=&#8220;#000000&#8243; header_2_font_size=&#8220;30px&#8220; custom_margin=&#8220;||0px||false|false&#8220; hover_enabled=&#8220;0&#8243; header_font_size_tablet=&#8220;40px&#8220; header_font_size_phone=&#8220;24px&#8220; header_font_size_last_edited=&#8220;on|phone&#8220; global_colors_info=&#8220;{}&#8220; sticky_enabled=&#8220;0&#8243;]<\/p>\n<h1>Praxis f\u00fcr Frauengesundheit<\/h1>\n<p>[\/et_pb_text][et_pb_divider color=&#8220;#9F7C5A&#8220; _builder_version=&#8220;4.27.4&#8243; _module_preset=&#8220;default&#8220; max_width=&#8220;50%&#8220; custom_margin=&#8220;||0px||false|false&#8220; custom_padding=&#8220;||||false|false&#8220; global_colors_info=&#8220;{}&#8220;][\/et_pb_divider][et_pb_text _builder_version=&#8220;4.27.4&#8243; _module_preset=&#8220;default&#8220; text_font=&#8220;||||||||&#8220; text_text_color=&#8220;#000000&#8243; text_font_size=&#8220;22px&#8220; text_line_height=&#8220;1.5em&#8220; text_font_size_tablet=&#8220;18px&#8220; text_font_size_phone=&#8220;14px&#8220; text_font_size_last_edited=&#8220;on|phone&#8220; global_colors_info=&#8220;{}&#8220;]<\/p>\n<div id=\"cc-m-12445214697\" class=\"j-module n j-textWithImage \">\n<div>\n<div id=\"cc-m-textwithimage-12445214697\" data-name=\"text\" data-action=\"text\" class=\"cc-m-textwithimage-inline-rte\">\n<p style=\"text-align: justify;\"><span>Herzlich Willkommen in unserer Privatpraxis f\u00fcr Frauengesundheit, die sich seit 2013 in der Frankfurter Innenstadt befindet. Unser \u00e4rztliches Handeln fokussiert sich auf den gesamten Menschen. Um uns nicht auf traditionelle Gyn\u00e4kologie oder Schmerztherapie zu beschr\u00e4nken, haben wir den umfassenderen Begriff der Frauengesundheit gew\u00e4hlt. Gerne versorgen wir Sie, und auf Wunsch auch Ihre Partner oder Familie, ganzheitlich.\u00a0<\/span><\/p>\n<\/div>\n<\/div>\n<\/div>\n<p>[\/et_pb_text][\/et_pb_column][et_pb_column type=&#8220;1_2&#8243; _builder_version=&#8220;4.16&#8243; _module_preset=&#8220;default&#8220; global_colors_info=&#8220;{}&#8220;][et_pb_image src=&#8220;https:\/\/www.frauengesundheit-frankfurt.de\/wp-content\/uploads\/2025\/06\/web_7418.jpg&#8220; title_text=&#8220;Privatpraxis f\u00fcr Frauengesundheit und Schmerztherapie &#8211; Allgemeinmedizin&#8220; _builder_version=&#8220;4.27.6&#8243; _module_preset=&#8220;default&#8220; custom_margin=&#8220;75px||||false|false&#8220; custom_margin_tablet=&#8220;|0vw|||false|false&#8220; custom_margin_phone=&#8220;&#8220; custom_margin_last_edited=&#8220;on|tablet&#8220; border_radii=&#8220;on|5px|5px|5px|5px&#8220; global_colors_info=&#8220;{}&#8220;][\/et_pb_image][\/et_pb_column][\/et_pb_row][et_pb_row _builder_version=&#8220;4.27.4&#8243; _module_preset=&#8220;default&#8220; global_colors_info=&#8220;{}&#8220;][et_pb_column type=&#8220;4_4&#8243; _builder_version=&#8220;4.27.4&#8243; _module_preset=&#8220;default&#8220; global_colors_info=&#8220;{}&#8220;][et_pb_text _builder_version=&#8220;4.27.6&#8243; _module_preset=&#8220;default&#8220; text_font=&#8220;||||||||&#8220; text_text_color=&#8220;#000000&#8243; text_font_size=&#8220;16px&#8220; text_line_height=&#8220;1.5em&#8220; hover_enabled=&#8220;0&#8243; text_font_size_tablet=&#8220;18px&#8220; text_font_size_phone=&#8220;14px&#8220; text_font_size_last_edited=&#8220;on|phone&#8220; global_colors_info=&#8220;{}&#8220; sticky_enabled=&#8220;0&#8243;]<\/p>\n<p>Angesichts der zunehmenden Verknappung medizinischer Ressourcen und der damit verbundenen Herausforderungen im Gesundheitswesen haben wir uns bewusst daf\u00fcr entschieden, Ihnen eine hochwertige medizinische Betreuung in einem interdisziplin\u00e4ren Team anzubieten. Unser Anspruch ist es, Diagnostik und Therapie auf einem hohen schulmedizinischen Niveau, fundiert, evidenzbasiert und individuell auf Ihre Bed\u00fcrfnisse abgestimmt, durchzuf\u00fchren.<br \/>Gleichzeitig verfolgen wir einen ganzheitlichen Behandlungsansatz. Wo es medizinisch sinnvoll und unterst\u00fctzend ist, erg\u00e4nzen wir die klassische schulmedizinische Therapie durch physikalische Ma\u00dfnahmen sowie ausgew\u00e4hlte komplement\u00e4r\u2011medizinische Verfahren. Ziel ist es dabei, die Wirksamkeit der Behandlung zu verbessern, Beschwerden ganzheitlich zu betrachten und die Regeneration sowie das Wohlbefinden nachhaltig zu f\u00f6rdern.<\/p>\n<p>[\/et_pb_text][et_pb_heading title=&#8220;Privatpraxis f\u00fcr Frauengesundheit&#8220; _builder_version=&#8220;4.27.6&#8243; _module_preset=&#8220;default&#8220; title_level=&#8220;h2&#8243; hover_enabled=&#8220;0&#8243; global_colors_info=&#8220;{}&#8220; sticky_enabled=&#8220;0&#8243;][\/et_pb_heading][et_pb_text _builder_version=&#8220;4.27.6&#8243; _module_preset=&#8220;default&#8220; hover_enabled=&#8220;0&#8243; global_colors_info=&#8220;{}&#8220; sticky_enabled=&#8220;0&#8243; text_font_size=&#8220;16px&#8220;]<\/p>\n<p>Als Privatpatient oder Selbstzahler stehen wir Ihnen in unserer privaten Praxis in ruhiger und pers\u00f6nlicher Atmosph\u00e4re zur Verf\u00fcgung. Dies erm\u00f6glicht uns ausreichend Zeit f\u00fcr eine umfassende Diagnostik, ausf\u00fchrliche Beratungsgespr\u00e4che und individuelle Therapieplanung \u2013 ohne zeitlichen Druck und mit einem klaren Fokus auf Qualit\u00e4t und Kontinuit\u00e4t der Behandlung.<br \/>Unser Anliegen ist es, Ihnen eine verl\u00e4ssliche, moderne und zugleich menschlich zugewandte medizinische Betreuung anzubieten, die sich an aktuellen wissenschaftlichen Standards orientiert und Ihre pers\u00f6nlichen Bed\u00fcrfnisse in den Mittelpunkt stellt.<\/p>\n<p>[\/et_pb_text][et_pb_code _builder_version=&#8220;4.27.6&#8243; _module_preset=&#8220;default&#8220; global_colors_info=&#8220;{}&#8220;][\/et_pb_code][\/et_pb_column][\/et_pb_row][\/et_pb_section][et_pb_section fb_built=&#8220;1&#8243; module_id=&#8220;team&#8220; _builder_version=&#8220;4.27.4&#8243; _module_preset=&#8220;default&#8220; custom_margin=&#8220;0px|||||&#8220; global_colors_info=&#8220;{}&#8220;][et_pb_row _builder_version=&#8220;4.27.4&#8243; _module_preset=&#8220;default&#8220; global_colors_info=&#8220;{}&#8220;][et_pb_column type=&#8220;4_4&#8243; _builder_version=&#8220;4.27.4&#8243; _module_preset=&#8220;default&#8220; global_colors_info=&#8220;{}&#8220;][et_pb_heading title=&#8220;Team&#8220; _builder_version=&#8220;4.27.4&#8243; _module_preset=&#8220;default&#8220; title_level=&#8220;h2&#8243; custom_margin=&#8220;||0px||false|false&#8220; global_colors_info=&#8220;{}&#8220;][\/et_pb_heading][et_pb_divider color=&#8220;#9F7C5A&#8220; _builder_version=&#8220;4.27.4&#8243; _module_preset=&#8220;default&#8220; max_width=&#8220;25%&#8220; global_colors_info=&#8220;{}&#8220;][\/et_pb_divider][\/et_pb_column][\/et_pb_row][et_pb_row _builder_version=&#8220;4.27.4&#8243; _module_preset=&#8220;default&#8220; global_colors_info=&#8220;{}&#8220;][et_pb_column type=&#8220;4_4&#8243; _builder_version=&#8220;4.27.4&#8243; _module_preset=&#8220;default&#8220; global_colors_info=&#8220;{}&#8220;][et_pb_team_member name=&#8220;Manuela Franke&#8220; image_url=&#8220;https:\/\/www.frauengesundheit-frankfurt.de\/wp-content\/uploads\/2025\/11\/StudioHoffmann-6242.jpg&#8220; _builder_version=&#8220;4.27.4&#8243; _module_preset=&#8220;default&#8220; header_font=&#8220;|700|||||||&#8220; header_text_color=&#8220;#000000&#8243; body_text_color=&#8220;#000000&#8243; body_font_size=&#8220;16px&#8220; position_text_color=&#8220;#000000&#8243; global_colors_info=&#8220;{}&#8220;]<\/p>\n<p>Studium an der Universit\u00e4t Johann Wolfgang Goethe in Frankfurt.<br \/>Facharztausbildung unter anderem in den Kliniken Offenbach und Hanau.<br \/>Seit 2007 als Fach\u00e4rztin f\u00fcr Gyn\u00e4kologie und Geburtshilfe t\u00e4tig.<br \/>Langj\u00e4hrige Erfahrung als Fach\u00e4rztin im Marienkrankenhaus Frankfurt.<br \/>Private Nierlassung seit 2013.<br \/>Mitglied im Deutschen Roten Kreuz, Bezirksverband Frankfurt seit 1998.<br \/>Seit 2012 in der Position der stellvertretenden Landes\u00e4rztin.\u00a0<\/p>\n<p>[\/et_pb_team_member][et_pb_divider color=&#8220;#9F7C5A&#8220; _builder_version=&#8220;4.27.4&#8243; _module_preset=&#8220;default&#8220; max_width=&#8220;50%&#8220; module_alignment=&#8220;center&#8220; global_colors_info=&#8220;{}&#8220;][\/et_pb_divider][et_pb_team_member name=&#8220;Dr. med. Michael Sroka&#8220; image_url=&#8220;https:\/\/www.frauengesundheit-frankfurt.de\/wp-content\/uploads\/2025\/11\/StudioHoffmann-6207.jpg&#8220; _builder_version=&#8220;4.27.4&#8243; _module_preset=&#8220;default&#8220; header_font=&#8220;|700|||||||&#8220; header_text_color=&#8220;#000000&#8243; body_text_color=&#8220;#000000&#8243; body_font_size=&#8220;16px&#8220; global_colors_info=&#8220;{}&#8220;]<\/p>\n<p>Studium an der Universit\u00e4t Frankfurt (Johann Wolfgang Goethe-Universit\u00e4t).<br \/>Arbeit in unterschiedlichen gyn\u00e4kologischen Kliniken sowie Facharztausbildung in der An\u00e4sthesiologie. Facharzt seit 2007. Danach Zusatzqualifikation in spezieller Schmerztherapie und T\u00e4tigkeit als Oberarzt. Gleichzeitige Arbeit in der Allgemein- und Notfallmedizin.<br \/>Seit 1987 Mitglied und ehrenamtlich engagiert im Deutschen Roten Kreuz, <br \/>Bezirksverband Frankfurt. Mitglied des Pr\u00e4sidiums und Kreisverbandsarzt seit 2007.\u00a0<\/p>\n<p>[\/et_pb_team_member][et_pb_divider color=&#8220;#9F7C5A&#8220; _builder_version=&#8220;4.27.4&#8243; _module_preset=&#8220;default&#8220; max_width=&#8220;50%&#8220; module_alignment=&#8220;center&#8220; global_colors_info=&#8220;{}&#8220;][\/et_pb_divider][et_pb_team_member name=&#8220;Rebecca Raddatz&#8220; image_url=&#8220;https:\/\/www.frauengesundheit-frankfurt.de\/wp-content\/uploads\/2025\/11\/StudioHoffmann-6145.jpg&#8220; _builder_version=&#8220;4.27.4&#8243; _module_preset=&#8220;default&#8220; header_font=&#8220;|700|||||||&#8220; body_text_color=&#8220;#000000&#8243; body_font_size=&#8220;16px&#8220; global_colors_info=&#8220;{}&#8220;]<\/p>\n<p style=\"font-weight: 400;\">Studium an der Johannes-Gutenberg-Universit\u00e4t in Mainz.<br \/>Facharztausbildung im Marien- und Elisabethen-Krankenhaus in Frankfurt am Main.<br \/>Seit 2019 Fach\u00e4rztin f\u00fcr Gyn\u00e4kologie und Geburtshilfe, schwerpunktm\u00e4\u00dfig in der Onkologie t\u00e4tig.<\/p>\n<p style=\"font-weight: 400;\">Anfangs als Urlaubsvertretung in unserer Praxis t\u00e4tig, inzwischen mit eigener Sprechstunde Teil des Praxisteams.<\/p>\n<p>&nbsp;<\/p>\n<p>[\/et_pb_team_member][\/et_pb_column][\/et_pb_row][\/et_pb_section][et_pb_section fb_built=&#8220;1&#8243; module_id=&#8220;rundgang&#8220; _builder_version=&#8220;4.27.4&#8243; _module_preset=&#8220;default&#8220; global_colors_info=&#8220;{}&#8220;][et_pb_row _builder_version=&#8220;4.27.4&#8243; _module_preset=&#8220;default&#8220; global_colors_info=&#8220;{}&#8220;][et_pb_column type=&#8220;4_4&#8243; _builder_version=&#8220;4.27.4&#8243; _module_preset=&#8220;default&#8220; global_colors_info=&#8220;{}&#8220;][et_pb_heading title=&#8220;Praxisrundgang&#8220; _builder_version=&#8220;4.27.4&#8243; _module_preset=&#8220;default&#8220; title_level=&#8220;h2&#8243; custom_margin=&#8220;||0px||false|false&#8220; global_colors_info=&#8220;{}&#8220;][\/et_pb_heading][et_pb_divider color=&#8220;#9F7C5A&#8220; _builder_version=&#8220;4.27.4&#8243; _module_preset=&#8220;default&#8220; max_width=&#8220;25%&#8220; locked=&#8220;off&#8220; global_colors_info=&#8220;{}&#8220;][\/et_pb_divider][\/et_pb_column][\/et_pb_row][et_pb_row column_structure=&#8220;1_3,1_3,1_3&#8243; _builder_version=&#8220;4.27.4&#8243; _module_preset=&#8220;default&#8220; global_colors_info=&#8220;{}&#8220;][et_pb_column type=&#8220;1_3&#8243; _builder_version=&#8220;4.27.4&#8243; _module_preset=&#8220;default&#8220; global_colors_info=&#8220;{}&#8220;][et_pb_blurb title=&#8220;Eingangsbereich&#8220; image=&#8220;https:\/\/www.frauengesundheit-frankfurt.de\/wp-content\/uploads\/2025\/05\/web_7258.jpg&#8220; _builder_version=&#8220;4.27.4&#8243; _module_preset=&#8220;default&#8220; global_colors_info=&#8220;{}&#8220;][\/et_pb_blurb][et_pb_blurb title=&#8220;Sprechzimmer&#8220; image=&#8220;https:\/\/www.frauengesundheit-frankfurt.de\/wp-content\/uploads\/2025\/05\/web_7293.jpg&#8220; _builder_version=&#8220;4.27.4&#8243; _module_preset=&#8220;default&#8220; global_colors_info=&#8220;{}&#8220;][\/et_pb_blurb][\/et_pb_column][et_pb_column type=&#8220;1_3&#8243; _builder_version=&#8220;4.27.4&#8243; _module_preset=&#8220;default&#8220; global_colors_info=&#8220;{}&#8220;][et_pb_blurb title=&#8220;Praxisflur&#8220; image=&#8220;https:\/\/www.frauengesundheit-frankfurt.de\/wp-content\/uploads\/2025\/06\/web_7271.jpg&#8220; _builder_version=&#8220;4.27.4&#8243; _module_preset=&#8220;default&#8220; global_colors_info=&#8220;{}&#8220;][\/et_pb_blurb][et_pb_blurb title=&#8220;Untersuchungszimmer&#8220; image=&#8220;https:\/\/www.frauengesundheit-frankfurt.de\/wp-content\/uploads\/2025\/06\/web_7310.jpg&#8220; _builder_version=&#8220;4.27.4&#8243; _module_preset=&#8220;default&#8220; global_colors_info=&#8220;{}&#8220;][\/et_pb_blurb][\/et_pb_column][et_pb_column type=&#8220;1_3&#8243; _builder_version=&#8220;4.27.4&#8243; _module_preset=&#8220;default&#8220; global_colors_info=&#8220;{}&#8220;][et_pb_blurb title=&#8220;Aufenthalt&#8220; image=&#8220;https:\/\/www.frauengesundheit-frankfurt.de\/wp-content\/uploads\/2025\/05\/web_7344.jpg&#8220; alt=&#8220;Gezeigt wird eine wei\u00dfe Ledercouch vor einer Kaminroten Wand mit Stehlampen an beiden Seiten. Rechts zus\u00e4tzliche Schalenvorh\u00e4nge und Fenster.&#8220; _builder_version=&#8220;4.27.4&#8243; _module_preset=&#8220;default&#8220; global_colors_info=&#8220;{}&#8220;][\/et_pb_blurb][et_pb_blurb title=&#8220;Behandlungsbereich&#8220; image=&#8220;https:\/\/www.frauengesundheit-frankfurt.de\/wp-content\/uploads\/2025\/06\/web_7330.jpg&#8220; _builder_version=&#8220;4.27.4&#8243; _module_preset=&#8220;default&#8220; global_colors_info=&#8220;{}&#8220;][\/et_pb_blurb][\/et_pb_column][\/et_pb_row][\/et_pb_section][et_pb_section fb_built=&#8220;1&#8243; module_id=&#8220;engagement&#8220; _builder_version=&#8220;4.27.4&#8243; _module_preset=&#8220;default&#8220; global_colors_info=&#8220;{}&#8220;][et_pb_row _builder_version=&#8220;4.27.4&#8243; _module_preset=&#8220;default&#8220; global_colors_info=&#8220;{}&#8220;][et_pb_column type=&#8220;4_4&#8243; _builder_version=&#8220;4.27.4&#8243; _module_preset=&#8220;default&#8220; global_colors_info=&#8220;{}&#8220;][et_pb_heading title=&#8220;Unsere sozialen Engagements&#8220; _builder_version=&#8220;4.27.4&#8243; _module_preset=&#8220;default&#8220; title_level=&#8220;h2&#8243; custom_margin=&#8220;||0px||false|false&#8220; global_colors_info=&#8220;{}&#8220;][\/et_pb_heading][et_pb_divider color=&#8220;#9F7C5A&#8220; _builder_version=&#8220;4.27.4&#8243; _module_preset=&#8220;default&#8220; max_width=&#8220;25%&#8220; locked=&#8220;off&#8220; global_colors_info=&#8220;{}&#8220;][\/et_pb_divider][et_pb_team_member name=&#8220;Myanmar Partner e.V.&#8220; image_url=&#8220;https:\/\/www.frauengesundheit-frankfurt.de\/wp-content\/uploads\/2025\/05\/Screenshot-2024-12-25-115753.png&#8220; _builder_version=&#8220;4.27.4&#8243; _module_preset=&#8220;default&#8220; header_font=&#8220;|700|||||||&#8220; header_text_color=&#8220;#000000&#8243; body_text_color=&#8220;#000000&#8243; body_font_size=&#8220;16px&#8220; custom_css_member_image=&#8220;max-width: 133px;&#8220; global_colors_info=&#8220;{}&#8220;]<\/p>\n<p>Wir unterst\u00fctzen durch Patenschaften und wiederholte Spenden seit vielen Jahren Myanmar Partner e.V. Dieser gemeinn\u00fctzige Verein unterst\u00fctzt Kinder durch Bildung aus der Armut zu einem selbstbestimmten Leben zu verhelfen.<\/p>\n<p><strong>Unsere Bucket-List<\/strong><\/p>\n<p>Besuch der Kinder und des Projekts vor Ort.<\/p>\n<p>[\/et_pb_team_member][et_pb_team_member name=&#8220;Frankfurter Tafel e.V.&#8220; image_url=&#8220;https:\/\/www.frauengesundheit-frankfurt.de\/wp-content\/uploads\/2025\/05\/Screenshot-2024-12-25-120804.png&#8220; _builder_version=&#8220;4.27.4&#8243; _module_preset=&#8220;default&#8220; header_font=&#8220;|700|||||||&#8220; header_text_color=&#8220;#000000&#8243; body_text_color=&#8220;#000000&#8243; body_font_size=&#8220;16px&#8220; custom_margin=&#8220;50px||50px||true|false&#8220; global_colors_info=&#8220;{}&#8220;]<\/p>\n<p><span>Die <\/span><a href=\"https:\/\/frankfurter-tafel.org\/\" target=\"_blank\" title=\"https:\/\/frankfurter-tafel.org\/\" rel=\"noopener\">Frankfurter Tafel<\/a><span> ist ein gemeinn\u00fctziger Verein, der bed\u00fcrftige Menschen in Frankfurt mit hochwertigen Lebensmitteln unterst\u00fctzt. Jeden Monat verteilt das ehrenamtliche Team \u00fcber 270 Tonnen an Lebensmitteln an etwa 30.000 bed\u00fcrftige Personen \u00fcber die Lebensmittelausgabestellen und soziale Einrichtungen in der Stadt.<\/span><\/p>\n<p>[\/et_pb_team_member][et_pb_team_member name=&#8220;ada_kantine&#8220; image_url=&#8220;https:\/\/www.frauengesundheit-frankfurt.de\/wp-content\/uploads\/2025\/05\/cropped-LOGO2.png&#8220; _builder_version=&#8220;4.27.4&#8243; _module_preset=&#8220;default&#8220; header_font=&#8220;|700|||||||&#8220; header_text_color=&#8220;#000000&#8243; body_text_color=&#8220;#000000&#8243; body_font_size=&#8220;16px&#8220; custom_css_member_image=&#8220;max-width:132px!important&#8220; custom_css_title=&#8220;padding-top:15px;&#8220; global_colors_info=&#8220;{}&#8220;]<\/p>\n<p>Die <a href=\"https:\/\/ada-kantine.org\/\" target=\"_blank\" title=\"https:\/\/ada-kantine.org\/\" rel=\"noopener\">ada_kantine<\/a> ist eine solidarische K\u00fcche auf dem alten Unigel\u00e4nde in Bockenheim. Seit 2020 wird dort Freitag\u2013Montag ein leckerer Mittagstisch angeboten.<\/p>\n<p>Wir haben durch Zufall vom Projekt erfahren und unterst\u00fctzen es aus \u00dcberzeugung mit einer Spende.<\/p>\n<p>[\/et_pb_team_member][\/et_pb_column][\/et_pb_row][\/et_pb_section][et_pb_section fb_built=&#8220;1&#8243; module_id=&#8220;karriere&#8220; _builder_version=&#8220;4.27.4&#8243; _module_preset=&#8220;default&#8220; global_colors_info=&#8220;{}&#8220;][et_pb_row _builder_version=&#8220;4.27.4&#8243; _module_preset=&#8220;default&#8220; global_colors_info=&#8220;{}&#8220;][et_pb_column type=&#8220;4_4&#8243; _builder_version=&#8220;4.27.4&#8243; _module_preset=&#8220;default&#8220; global_colors_info=&#8220;{}&#8220;][et_pb_heading title=&#8220;Karriere&#8220; _builder_version=&#8220;4.27.4&#8243; _module_preset=&#8220;default&#8220; title_level=&#8220;h2&#8243; custom_margin=&#8220;||0px||false|false&#8220; global_colors_info=&#8220;{}&#8220;][\/et_pb_heading][et_pb_divider color=&#8220;#9F7C5A&#8220; _builder_version=&#8220;4.27.4&#8243; _module_preset=&#8220;default&#8220; max_width=&#8220;25%&#8220; locked=&#8220;off&#8220; global_colors_info=&#8220;{}&#8220;][\/et_pb_divider][\/et_pb_column][\/et_pb_row][et_pb_row _builder_version=&#8220;4.27.4&#8243; _module_preset=&#8220;default&#8220; background_color=&#8220;RGBA(255,255,255,0)&#8220; global_colors_info=&#8220;{}&#8220;][et_pb_column type=&#8220;4_4&#8243; _builder_version=&#8220;4.27.4&#8243; _module_preset=&#8220;default&#8220; background_color=&#8220;rgba(231,193,148,0.5)&#8220; global_colors_info=&#8220;{}&#8220;][et_pb_slider arrows_custom_color=&#8220;#000000&#8243; dot_nav_custom_color=&#8220;#000000&#8243; _builder_version=&#8220;4.27.4&#8243; _module_preset=&#8220;default&#8220; background_color=&#8220;rgba(231,193,148,0.5)&#8220; global_colors_info=&#8220;{}&#8220;][et_pb_slide button_text=&#8220;Online Bewerbung&#8220; button_link=&#8220;\/online-bewerbung\/&#8220; image=&#8220;https:\/\/www.frauengesundheit-frankfurt.de\/wp-content\/uploads\/2025\/06\/AdobeStock_99753489-scaled.jpeg&#8220; _builder_version=&#8220;4.27.4&#8243; _module_preset=&#8220;default&#8220; header_level=&#8220;h3&#8243; header_text_color=&#8220;#000000&#8243; header_font_size=&#8220;40px&#8220; background_color=&#8220;rgba(231,193,148,0.5)&#8220; background_enable_color=&#8220;on&#8220; custom_button=&#8220;on&#8220; button_text_color=&#8220;#000000&#8243; global_colors_info=&#8220;{}&#8220; sticky_transition=&#8220;on&#8220;]<\/p>\n<h3><span style=\"color: #000000; font-size: 35px; line-height: 35px;\">MFA<br \/>in Voll- oder Teilzeit<\/span><\/h3>\n<p><span style=\"color: #000000;\">Sie sind bereits ausgebildete MFA oder Praxismanagerin und auf der Suche nach Ver\u00e4nderung? Wir freuen uns \u00fcber Ihre Initiativbewerbung.<\/span><\/p>\n<p>[\/et_pb_slide][et_pb_slide button_text=&#8220;Online Bewerbung&#8220; button_link=&#8220;\/online-bewerbung\/&#8220; image=&#8220;https:\/\/www.frauengesundheit-frankfurt.de\/wp-content\/uploads\/2025\/06\/AdobeStock_86455036-scaled.jpeg&#8220; _builder_version=&#8220;4.27.4&#8243; _module_preset=&#8220;default&#8220; header_level=&#8220;h2&#8243; header_text_color=&#8220;#000000&#8243; body_text_color=&#8220;#000000&#8243; custom_button=&#8220;on&#8220; button_text_color=&#8220;#000000&#8243; global_colors_info=&#8220;{}&#8220; sticky_transition=&#8220;on&#8220;]<\/p>\n<h3><span style=\"color: #000000;font-size:35px;line-height:35px;\">MFA<br \/>\nAusbildung<\/span><\/h3>\n<p><span style=\"color: #000000;\">Zum September 2026 bieten wir wieder einen Ausbildungsplatz an. Ein vorheriges und vorbereitendes Praktikum ist erw\u00fcnscht.<\/span>[\/et_pb_slide][et_pb_slide button_text=&#8220;Online Bewerbung&#8220; button_link=&#8220;\/online-bewerbung\/&#8220; image=&#8220;https:\/\/www.frauengesundheit-frankfurt.de\/wp-content\/uploads\/2025\/06\/AdobeStock_124627224-scaled.jpeg&#8220; _builder_version=&#8220;4.27.4&#8243; _module_preset=&#8220;default&#8220; body_text_color=&#8220;#000000&#8243; custom_button=&#8220;on&#8220; button_text_color=&#8220;#000000&#8243; global_colors_info=&#8220;{}&#8220; sticky_transition=&#8220;on&#8220;]<\/p>\n<h3><span style=\"color: #000000; font-size: 35px; line-height: 35px;\">Studentische<br \/>Aushilfen<\/span><\/h3>\n<p><span style=\"color: #000000;\">Freundliche und zuvorkommende Aushilfen f\u00fcr administrative T\u00e4tigkeiten (Telefon und Empfang) gesucht. Verg\u00fctung auf Stundenbasis im Rahmen einer geringf\u00fcgigen Besch\u00e4ftigung bzw. entsprechend eines Werkvertrages.\u00a0<\/span><\/p>\n<p>[\/et_pb_slide][\/et_pb_slider][\/et_pb_column][\/et_pb_row][\/et_pb_section]<\/p>\n","protected":false},"excerpt":{"rendered":"<p>Praxis f\u00fcr Frauengesundheit Herzlich Willkommen in unserer Privatpraxis f\u00fcr Frauengesundheit, die sich seit 2013 in der Frankfurter Innenstadt befindet. Unser \u00e4rztliches Handeln fokussiert sich auf den gesamten Menschen. Um uns nicht auf traditionelle Gyn\u00e4kologie oder Schmerztherapie zu beschr\u00e4nken, haben wir den umfassenderen Begriff der Frauengesundheit gew\u00e4hlt. Gerne versorgen wir Sie, und auf Wunsch auch Ihre [&hellip;]<\/p>\n","protected":false},"author":1,"featured_media":0,"parent":0,"menu_order":10,"comment_status":"closed","ping_status":"closed","template":"","meta":{"_et_pb_use_builder":"on","_et_pb_old_content":"<!-- wp:divi\/placeholder \/-->","_et_gb_content_width":"","footnotes":""},"class_list":["post-50","page","type-page","status-publish","hentry"],"_links":{"self":[{"href":"https:\/\/www.frauengesundheit-frankfurt.de\/en\/wp-json\/wp\/v2\/pages\/50","targetHints":{"allow":["GET"]}}],"collection":[{"href":"https:\/\/www.frauengesundheit-frankfurt.de\/en\/wp-json\/wp\/v2\/pages"}],"about":[{"href":"https:\/\/www.frauengesundheit-frankfurt.de\/en\/wp-json\/wp\/v2\/types\/page"}],"author":[{"embeddable":true,"href":"https:\/\/www.frauengesundheit-frankfurt.de\/en\/wp-json\/wp\/v2\/users\/1"}],"replies":[{"embeddable":true,"href":"https:\/\/www.frauengesundheit-frankfurt.de\/en\/wp-json\/wp\/v2\/comments?post=50"}],"version-history":[{"count":2,"href":"https:\/\/www.frauengesundheit-frankfurt.de\/en\/wp-json\/wp\/v2\/pages\/50\/revisions"}],"predecessor-version":[{"id":1378405,"href":"https:\/\/www.frauengesundheit-frankfurt.de\/en\/wp-json\/wp\/v2\/pages\/50\/revisions\/1378405"}],"wp:attachment":[{"href":"https:\/\/www.frauengesundheit-frankfurt.de\/en\/wp-json\/wp\/v2\/media?parent=50"}],"curies":[{"name":"wp","href":"https:\/\/api.w.org\/{rel}","templated":true}]}}