{"id":43,"date":"2025-04-11T11:15:47","date_gmt":"2025-04-11T09:15:47","guid":{"rendered":"https:\/\/fragyn.appentwicklung-frankfurt.de\/?page_id=43"},"modified":"2025-07-31T20:52:56","modified_gmt":"2025-07-31T18:52:56","slug":"datenschutzerklaerung","status":"publish","type":"page","link":"https:\/\/www.frauengesundheit-frankfurt.de\/en\/datenschutzerklaerung\/","title":{"rendered":"Privacy Policy"},"content":{"rendered":"<p>[et_pb_section fb_built=&#8220;1&#8243; theme_builder_area=&#8220;post_content&#8220; _builder_version=&#8220;4.27.4&#8243; _module_preset=&#8220;default&#8220;][et_pb_row _builder_version=&#8220;4.27.4&#8243; _module_preset=&#8220;default&#8220; theme_builder_area=&#8220;post_content&#8220;][et_pb_column _builder_version=&#8220;4.27.4&#8243; _module_preset=&#8220;default&#8220; type=&#8220;4_4&#8243; theme_builder_area=&#8220;post_content&#8220;][et_pb_text _builder_version=&#8220;4.27.4&#8243; _module_preset=&#8220;default&#8220; theme_builder_area=&#8220;post_content&#8220; hover_enabled=&#8220;0&#8243; sticky_enabled=&#8220;0&#8243;]<\/p>\n<h1>Datenschutzerkl\u00e4rung<\/h1>\n<p>Die Betreiber dieser Website nehmen den Schutz Ihrer pers\u00f6nlichen Daten sehr ernst. Wir behandeln Ihre personenbezogenen Daten stets vertraulich und unter Beachtung der gesetzlichen Datenschutzvorschriften, dieser Datenschutzerkl\u00e4rung und der \u00e4rztlichen Schweigepflicht. Die Nutzung unserer Website ist in der Regel grunds\u00e4tzlich ohne Angabe personenbezogener Daten m\u00f6glich. Soweit auf unseren Seiten personenbezogene Daten (beispielsweise Name, Geburtsdatum, Anschrift und Kontaktdaten, z.B. E-Mail-Adressen) erhoben werden, erfolgt dies, soweit m\u00f6glich, stets auf freiwilliger Basis. Wir weisen darauf hin, dass die Daten\u00fcbertragung im Internet (z.B. bei der Kommunikation per E-Mail) Sicherheitsl\u00fccken aufweisen kann. Ein l\u00fcckenloser Schutz der Daten vor dem Zugriff durch Dritte ist nicht m\u00f6glich.<\/p>\n<p>\u00c4rztliche Schweigepflicht<br \/>Die Schweigepflicht bei \u00c4rzten bezieht sich auf folgende Angaben:<br \/>\u2022 Den Namen sowie anderweitige Daten des Patienten<br \/>\u2022 den Inhalt der Patientenakte und sonstige Befunde<br \/>\u2022 die Tatsache, dass der Patient bei dem Arzt behandelt wurde<br \/>\u2022 jegliche \u00c4u\u00dferungen oder Meinungen, die dem Arzt anvertraut wurden<br \/>\u2022 Informationen zu Verh\u00e4ltnissen beruflicher, finanzieller oder famili\u00e4rer Natur<br \/>\u2022 Dinge, die der Arzt unfreiwillig miterleben musste, z.B. w\u00e4hrend eines Hausbesuches<br \/>\u2022 Angaben, die der Patient \u00fcber einen Dritten macht<\/p>\n<p>Gesetzliche Grundlage bildet u.a. \u00a7203 des Strafgesetzbuches (StGB).<\/p>\n<p>Neben der Schweigepflicht der \u00c4rzte gilt diese f\u00fcr nicht-\u00e4rztliche Mitarbeiter und Mitarbeiterinnen gleicherma\u00dfen. Alle Mitarbeiter und Mitarbeiterinnen sind entsprechend unterwiesen und verpflichtet worden.<\/p>\n<p>Cookies<br \/>Unsere Website verwendet sogenannte Cookies. Cookies dienen dazu, unser Angebot nutzerfreundlicher, effektiver und sicherer zu machen. Cookies sind kleine Textdateien, die durch Ihren Browser auf Ihrem Rechner abgelegt werden. Meist kommen so genannte \u201eSession-Cookies\u201c zum Einsatz. Sie werden nach Ende Ihres Besuchs automatisch gel\u00f6scht, sofern Sie Ihren Browser entsprechend konfigurieren. Grunds\u00e4tzlich k\u00f6nnen Sie Ihren Browser so einstellen, dass Sie \u00fcber das Setzen von Cookies informiert werden und Cookies nur im Einzelfall erlauben, die Annahme von Cookies f\u00fcr bestimmte F\u00e4lle oder generell ausschlie\u00dfen. Bitte beachten Sie jedoch, dass die Deaktivierung von Cookies die Funktionalit\u00e4t dieser Website eingeschr\u00e4nken kann.<\/p>\n<p>SSL-Verschl\u00fcsselung<br \/>Diese Seite nutzt aus Gr\u00fcnden der Sicherheit und zum Schutz der \u00dcbertragung vertraulicher Inhalte, wie zum Beispiel der Anfragen, die Sie an uns als Seitenbetreiber senden, eine SSL-Verschl\u00fcsselung. Eine verschl\u00fcsselte Verbindung erkennen Sie daran, dass die Adresszeile des Browsers von \u201ehttp:\/\/\u201c auf \u201ehttps:\/\/\u201c wechselt und an dem Schloss-Symbol in Ihrer Browserzeile. Wenn die SSL Verschl\u00fcsselung aktiviert ist, k\u00f6nnen die Daten, die Sie an uns \u00fcbermitteln, nicht von Dritten mitgelesen werden.<\/p>\n<p>Server-Log- Files<br \/>Der Hosting-Provider erhebt und speichert automatisch Informationen in sogenannten Server-Log Files, die Ihr Browser automatisch \u00fcbermittelt. Diese sind typischerweise: Browsertyp und Browserversion, verwendetes Betriebssystem, URL, Hostname des zugreifenden Rechners, Uhrzeit der Serveranfrage.<br \/>Diese Daten sind nicht einzelnen Personen oder Nutzern zuordenbar. Eine Zusammenf\u00fchrung dieser Daten mit anderen Datenquellen wird nicht vorgenommen. Wir behalten uns vor, diese Daten nachtr\u00e4glich zu pr\u00fcfen, wenn uns konkrete Anhaltspunkte f\u00fcr eine rechtswidrige Nutzung bekannt werden. In diesem Fall stellen wir die Server-Log Files den Ermittlungsbeh\u00f6rden zur Verf\u00fcgung.<\/p>\n<p>Kontaktformular<br \/>Wenn Sie uns \u00fcber ein Kontaktformular Anfragen zukommen lassen, werden Ihre Angaben aus dem Anfrageformular inklusive der von Ihnen dort angegebenen Kontaktdaten zwecks Bearbeitung der Anfrage und f\u00fcr den Fall von Anschlussfragen bei uns gespeichert. Diese Daten geben wir nicht ohne Ihre Einwilligung weiter. Die Verwendung dieser Daten erfolgt stets vertraulich und unter Beachtung der gesetzlichen Datenschutzvorschriften, dieser Datenschutzerkl\u00e4rung und der \u00e4rztlichen Schweigepflicht. Diese gilt auch f\u00fcr alle nicht-\u00e4rztlichen Mitarbeiter und Mitarbeiterinnen in unserer Praxis.<\/p>\n<p>Terminbuchungsportale<br \/>Wir nutzen extern verlinkte Subframes und externe Links um auf die Seite des Terminbuchungsportals Terminland by Telekom Cloud zu gelangen. Personenbezogene Daten werden im Rahmen dieser Online-Terminbuchung nur im notwendigen Umfang erhoben. Sofern der Nutzer Daten selbst eingibt, geschieht dies freiwillig, sofern Pflichtangaben erhoben werden, sind diese f\u00fcr die Nutzung des Dienstes unerl\u00e4sslich. Die erhobenen Daten werden nur zum angegebenen Verwendungszweck, der Terminbuchung, Terminkoordination oder im Rahmen Ihrer \u00e4rztlichen Beratung und Behandlung in unserer Praxis verwendet.<br \/>Sie k\u00f6nnen die Einwilligung zur Erhebung und Verwendung Ihrer personenbezogenen Daten jederzeit mit Wirkung f\u00fcr die Zukunft widerrufen, sofern dem keine anderen gesetzlichen Regelungen, z.B. Aufbewahrungsfristen f\u00fcr medizinische Dokumentationen entgegenstehen.<\/p>\n<p>Terminland GmbH<br \/>Kreuzberger Ring 44a, 65205 WiesbadenE-Mail: support@terminland.de<br \/>Internet: www.terminland.de<\/p>\n<p>Telekom Deutschland GmbH<br \/>Landgrabenweg 151, 53227 BonnE-Mail: info@telekom.de<br \/>\u00dcber diese Dienstleister k\u00f6nnen Sie einen Termin in unserer Praxis online buchen. Weitere Informationen dar\u00fcber, wie Terminland by Telekom Cloud personenbezogene Daten verarbeitet, finden Sie unter: https:\/\/www.terminland.de und https:\/\/www.cloud.telekom.de<\/p>\n<p>Online Bewerbung \u00fcber Jotform<br \/>Wir nutzen extern verlinkte Subframes und externe Links f\u00fcr unsere Online Bewerbungsseite. Hierbei werden personenbezogene Daten erhoben. Der Nutzer gibt diese Daten selbst ein. Die Eingabe erfolgt freiwillig. Die erhobenen Daten werden nur im Rahmen des Bewerbungsprozesses verarbeitet.<\/p>\n<p>Weitere Informationen dar\u00fcber, wie Jotform personenbezogene Daten verarbeitet, finden Sie unter: https:\/\/www.jotform.com\/gdpr\/<\/p>\n<p>Verwendung von Webfonts<br \/>Auf diesen Internetseiten werden externe Schriften, Google Fonts verwendet. Google Fonts ist ein Dienst der Google Inc. (\u201eGoogle\u201c). Die Einbindung dieser Web Fonts erfolgt durch einen Serveraufruf, in der Regel ein Server von Google in den USA. Hierdurch wird an den Server \u00fcbermittelt, welche unserer Internetseiten Sie besucht haben. Auch wird die IP-Adresse des Browsers des Endger\u00e4tes des Besuchers dieser Internetseiten von Google gespeichert. N\u00e4here Informationen finden Sie in den Datenschutzhinweisen von Google, die Sie hier abrufen k\u00f6nnen:<br \/>http:\/\/www.google.com\/fonts#AboutPlace:about und http:\/\/www.google.com\/policies\/privacy<\/p>\n<p>Verwendung von Google Maps<br \/>Auf unserer Website verwenden wir Google Maps (API) von Google LLC., 1600 Amphitheatre Parkway, Mountain View, CA 94043, USA (\u201cGoogle\u201d). Google Maps ist ein Webdienst zur Darstellung von interaktiven (Land-)Karten, um geographische Informationen visuell darzustellen. \u00dcber die Nutzung dieses Dienstes wird Ihnen unser Standort angezeigt und eine etwaige Anfahrt erleichtert. Bereits beim Aufrufen derjenigen Unterseiten, in die die Karte von Google Maps eingebunden ist, werden Informationen \u00fcber Ihre Nutzung unserer Website (wie z.B. Ihre IP-Adresse) an Server von Google in den USA \u00fcbertragen und dort gespeichert. Dies erfolgt unabh\u00e4ngig davon, ob Google ein Nutzerkonto bereitstellt, \u00fcber das Sie eingeloggt sind, oder ob kein Nutzerkonto besteht. Wenn Sie bei Google eingeloggt sind, werden Ihre Daten direkt Ihrem Konto zugeordnet. Wenn Sie die Zuordnung mit Ihrem Profil bei Google nicht w\u00fcnschen, m\u00fcssen Sie sich vor Aktivierung des Buttons ausloggen. Google speichert Ihre Daten (selbst f\u00fcr nicht eingeloggte Nutzer) als Nutzungsprofile und wertet diese aus. Eine solche Auswertung erfolgt insbesondere gem\u00e4\u00df Art. 6 Abs. 1 lit.f DSGVO auf Basis der berechtigten Interessen von Google an der Einblendung personalisierter Werbung, Marktforschung und\/oder bedarfsgerechten Gestaltung seiner Website. Ihnen steht ein Widerspruchsrecht zu, gegen die Bildung dieser Nutzerprofile, wobei Sie sich zur Aus\u00fcbung dessen an Google richten m\u00fcssen. Google LLC mit Sitz in den USA ist f\u00fcr das US-Europ\u00e4ische Datenschutz\u00fcbereinkommen \u201ePrivacy Shield\u201c zertifiziert, welches die Einhaltung des in der EU geltenden Datenschutzniveaus gew\u00e4hrleistet. Wenn Sie mit der k\u00fcnftigen \u00dcbermittlung Ihrer Daten an Google im Rahmen der Nutzung von Google Maps nicht einverstanden sind, besteht auch die M\u00f6glichkeit, den Webdienst von Google Maps vollst\u00e4ndig zu deaktivieren, indem Sie die Anwendung JavaScript in Ihrem Browser ausschalten. Google Maps und damit auch die Kartenanzeige auf dieser Internetseite kann dann nicht genutzt werden.<br \/>Die Nutzungsbedingungen von Google k\u00f6nnen Sie unter http:\/\/www.google.de\/intl\/de\/policies\/terms\/regional.html einsehen, die zus\u00e4tzlichen Nutzungsbedingungen f\u00fcr Google Maps finden Sie unter https:\/\/www.google.com\/intl\/de_US\/help\/terms_maps.html<br \/>Ausf\u00fchrliche Informationen zum Datenschutz im Zusammenhang mit der Verwendung von Google Maps finden Sie auf der Internetseite von Google (\u201eGoogle Privacy Policy\u201c): http:\/\/www.google.de\/intl\/de\/policies\/privacy<\/p>\n<p>Jameda Bewertungsportal<br \/>Unsere Website verwendet sog. \u201ewidget-Grafiken\u201c des Bewertungsportals Jameda.<br \/>\u00dcber diese widget-Grafiken werden aktuelle Bewertungsinformationen \u00fcber unsere Praxis eingespielt. Diese dienen nicht der Verarbeitung der Daten der Nutzer. Externe Links f\u00fchren Sie zum Internetauftritt von Jameda. Dort k\u00f6nnen Sie freiwillig eine Online-Bewertung abgeben.<br \/>Weitere Informationen dar\u00fcber, wie Jameda personenbezogene Daten verarbeitet, finden Sie auf der Jameda-Website: https:\/\/www.jameda.de\/jameda\/datenschutz.php<\/p>\n<p>Standardisierte Abfragen \u00fcber Jotform<br \/>Wir nutzen extern verlinkte Subframes und externe Links um standardisierte Abfragen, z.B. Anamneseb\u00f6gen zu erstellen. Hierbei werden personenbezogene Daten erhoben. Sofern der Nutzer Daten selbst eingibt, geschieht dies freiwillig. Eine Offline-Version ist verf\u00fcgbar. Die erhobenen Daten werden nur im Rahmen Ihrer \u00e4rztlichen Beratung und Behandlung in unserer Praxis verwendet.<br \/>Sie k\u00f6nnen die Einwilligung zur Erhebung und Verwendung Ihrer personenbezogenen Daten jederzeit mit Wirkung f\u00fcr die Zukunft widerrufen, sofern dem keine anderen gesetzlichen Regelungen, z.B. Aufbewahrungsfristen f\u00fcr medizinische Dokumentationen entgegenstehen.<\/p>\n<p>Weitere Informationen dar\u00fcber, wie Jotform personenbezogene Daten verarbeitet, finden Sie unter: https:\/\/www.jotform.com\/gdpr\/<\/p>\n<p>Google Analytics<br \/>Diese Website nutzt Funktionen des Webanalysedienstes Google Analytics. Anbieter ist die Google Inc., 1600 Amphitheatre Parkway Mountain View, CA 94043, USA. Google Analytics verwendet Cookies, die durch Ihren Browser auf Ihrem Computer gespeichert werden und die eine Analyse der Benutzung der Website durch Sie erm\u00f6glichen. Die so erzeugten Informationen \u00fcber Ihre Benutzung dieser Website werden in der Regel an einen Server von Google in den USA \u00fcbertragen und dort weiterverarbeitet.<\/p>\n<p>IP Anonymisierung<br \/>Wir haben auf unserer Website die Funktion IP-Anonymisierung aktiviert. Dadurch wird Ihre IP-Adresse von Google innerhalb von Mitgliedstaaten der Europ\u00e4ischen Union oder in anderen Vertragsstaaten des Abkommens \u00fcber den Europ\u00e4ischen Wirtschaftsraum vor der \u00dcbermittlung in die USA gek\u00fcrzt. Nur in Ausnahmef\u00e4llen wird die volle IP-Adresse an einen Server von Google in den USA \u00fcbertragen und dort gek\u00fcrzt. Google kann diese Informationen benutzen, um Ihre Nutzung der Website auszuwerten, um Reports \u00fcber die Websiteaktivit\u00e4ten zusammenzustellen und um weitere mit der Websitenutzung und der Internetnutzung verbundene Dienstleistungen gegen\u00fcber dem Websitebetreiber zu erbringen. Die im Rahmen von Google Analytics von Ihrem Browser \u00fcbermittelte IP-Adresse wird nicht mit anderen Daten von Google zusammengef\u00fchrt.<\/p>\n<p>Browser Plugin<br \/>Sie k\u00f6nnen die Speicherung der Cookies durch eine entsprechende Einstellung Im Ihrem Browser verhindern; wir weisen Sie jedoch darauf hin, dass Sie in diesem Fall gegebenenfalls nicht s\u00e4mtliche Funktionen dieser Website vollumf\u00e4nglich werden nutzen k\u00f6nnen. Sie k\u00f6nnen dar\u00fcber hinaus die Erfassung der durch den Cookie erzeugten und auf Ihre Nutzung der Website bezogenen Daten (inkl. Ihrer IP-Adresse) an Google sowie die Verarbeitung dieser Daten durch Google verhindern, indem Sie das unter dem folgenden Link verf\u00fcgbare Browser-Plugin herunterladen und installieren: https:\/\/tools.google.com\/dlpage\/gaoptout?hl=de<br \/>Widerspruch gegen Datenerfassung<br \/>Sie k\u00f6nnen die Erfassung Ihrer Daten durch Google Analytics verhindern, indem Sie auf folgenden Link klicken. Es wird ein Opt-Out-Cookie gesetzt, der die Erfassung Ihrer Daten bei zuk\u00fcnftigen Besuchen dieser Website verhindert: Google Analytics deaktivieren.<br \/>Mehr Informationen zum Umgang mit Nutzerdaten bei Google Analytics finden Sie in der Datenschutzerkl\u00e4rung von Google: https:\/\/support.google.com\/analytics\/answer\/6004245?hl=de<\/p>\n<p>Demografische Merkmale bei Google Analytics<br \/>Diese Website nutzt die Funktion \u201cdemografische Merkmale\u201d von Google Analytics. Dadurch k\u00f6nnen Berichte erstellt werden, die Aussagen zu Alter, Geschlecht und Interessen der Seitenbesucher enthalten. Diese Daten stammen aus interessenbezogener Werbung von Google sowie aus Besucherdaten von Drittanbietern. Diese Daten k\u00f6nnen keiner bestimmten Person zugeordnet werden. Sie k\u00f6nnen diese Funktion jederzeit \u00fcber die Anzeigeneinstellungen in Ihrem Google- Konto deaktivieren oder die Erfassung Ihrer Daten durch Google Analytics wie im Punkt \u201cWiderspruch gegen Datenerfassung\u201d dargestellt generell untersagen.<\/p>\n<p>Recht auf Auskunft, L\u00f6schung, Sperrung<br \/>Sie haben jederzeit das Recht auf Auskunft \u00fcber Ihre gespeicherten personenbezogenen Daten, deren Herkunft und Empf\u00e4nger und den Zweck der Datenverarbeitung sowie ein Recht auf Berichtigung, Sperrung oder L\u00f6schung dieser Daten. Sie erreichen uns unter den im Impressum beschriebenen Kontaktwegen.<\/p>\n<p>Widerspruch \u00fcber die Zusendung von Werbeinformationen \/ Werbe-Mails<br \/>Der Nutzung unserer Kontaktdaten, die im Rahmen der Impressumspflicht ver\u00f6ffentlicht werden, zur \u00dcbersendung von nicht ausdr\u00fccklich angeforderter Werbung und Informationsmaterialien wird hiermit widersprochen. Die Betreiber der Website behalten sich ausdr\u00fccklich rechtliche Schritte im Falle der unverlangten Zusendung von Werbeinformationen vor.<\/p>\n<p>Website-Analyse mit Google Analytics<br \/>Diese Website nutzt Google Analytics 4, einen Webanalyse-Dienst der Google LLC, nachdem die Einwilligung des Benutzers eingeholt wurde. Die zust\u00e4ndigen Stellen sind Google Ireland Limited, Google Building Gordon House, 4 Barrow St, Dublin, D04 E5W5, Irland, f\u00fcr Benutzer aus der EU\/EWR und der Schweiz. Google Analytics 4 praktiziert standardm\u00e4\u00dfig die IP-Anonymisierung, d.h., deine IP-Adresse wird sofort gek\u00fcrzt, wenn du mit dieser Website interagierst. Nur in seltenen F\u00e4llen wird deine vollst\u00e4ndige IP an einen in den USA basierten Google-Server \u00fcbertragen und dort gek\u00fcrzt. Google beteuert, dass die \u00fcber Google Analytics \u00fcbertragene IP niemals mit anderen Google-Daten kombiniert wird. Google Analytics 4 wird nur mit deiner Zustimmung \u00fcber das Cookie-Banner aktiviert und kann jederzeit \u00fcber die Cookie-Einstellungen r\u00fcckg\u00e4ngig gemacht werden.<\/p>\n<p>Die verarbeiteten Daten umfassen: Nutzungsdaten wie Seitenaufrufe, Website-Interaktion, allgemeiner Standort und Besuchsdauer; und Kommunikationsdaten wie gek\u00fcrzte IP-Adressen, User-Agent, Spracheinstellungen und Bildschirmaufl\u00f6sung. Der Zweck dieser Datenverarbeitung besteht darin, dass Google in Ihrem Namen die Nutzung Ihrer Website auswertet, Berichte \u00fcber die Aktivit\u00e4ten zusammenstellt und die Leistung der Website analysiert. Diese Datenverarbeitung ist legal, basierend auf deiner Zustimmung gem\u00e4\u00df Art. 6 Abs. 1 S. 1 lit. a DSGVO und \u00a7 25 Abs. 1 S. 1 TDDDG.<\/p>\n<p>Google Ireland Limited, Google LLC und Alphabet Inc sind die Empf\u00e4nger dieser Daten. Deine Website-Nutzungsinformationen werden in der Regel an einen Google-Server in den USA gesendet, eine Aktion, die durch den j\u00fcngsten Angemessenheitsbeschluss der Europ\u00e4ischen Kommission vom 10. Juli 2023 legitimiert wurde, der die Zertifizierung von Google LLC unter dem EU-US-Datenschutzschild anerkennt. In Bezug auf die Datenspeicherung wird jede Daten, die mit Cookies verkn\u00fcpft sind, automatisch nach einer bestimmten Zeit gel\u00f6scht, monatlich f\u00fcr Daten, die ihre Aufbewahrungsfrist erreicht haben, und maximal 2 Jahre f\u00fcr Google Analytics-Cookies.<\/p>\n<p>F\u00fcr weitere Informationen zu den Nutzungsbedingungen von Google Analytics und zur Datenschutzrichtlinie von Google, besuchen Sie bitte {link}https:\/\/policies.google.com\/{link-ende} und {link}https:\/\/support.google.com\/analytics\/answer\/12017362{link-ende}.<\/p>\n<p>Google Analytics verwendet sog. &#8222;Cookies&#8220;, Textdateien, die auf dem Computer des Seitenbesuchers gespeichert werden und die eine Analyse der Benutzung der Website durch den Seitenbesucher erm\u00f6glichen. Die durch das Cookie erzeugten Informationen \u00fcber die Benutzung dieser Website durch den Seitenbesucher (einschlie\u00dflich der gek\u00fcrzten IP-Adresse) werden in der Regel an einen Server von Google \u00fcbertragen und dort gespeichert.<\/p>\n<p>Google Analytics wird ausschlie\u00dflich mit der Erweiterung &#8222;_anonymizeIp()&#8220; auf dieser Website verwendet. Diese Erweiterung stellt eine Anonymisierung der IP-Adresse durch K\u00fcrzung sicher und schlie\u00dft eine direkte Personenbeziehbarkeit aus. Durch die Erweiterung wird die IP-Adresse von Google innerhalb von Mitgliedstaaten der Europ\u00e4ischen Union oder in anderen Vertragsstaaten des Abkommens \u00fcber den Europ\u00e4ischen Wirtschaftsraum zuvor gek\u00fcrzt. Nur in Ausnahmef\u00e4llen wird die volle IP-Adresse an einen Server von Google in den USA \u00fcbertragen und dort gek\u00fcrzt. Die im Rahmen von Google Analytics von dem entsprechenden Browser \u00fcbermittelte IP-Adresse wird nicht mit anderen Daten von Google zusammengef\u00fchrt.<\/p>\n<p>Im Auftrag des Seitenbetreibers wird Google die anfallenden Informationen benutzen, um die Nutzung der Website auszuwerten, um Reports \u00fcber die Websiteaktivit\u00e4ten zusammenzustellen und um weitere mit der Websitenutzung und der Internetnutzung verbundene Dienstleistungen dem Seitenbetreiber gegen\u00fcber zu erbringen (Art. 6 Abs. 1 lit. f DSGVO). Das berechtigte Interesse an der Datenverarbeitung liegt in der Optimierung dieser Website, der Analyse der Benutzung der Website und der Anpassung der Inhalte. Die Interessen der Nutzer werden durch die Pseudonymisierung hinreichend gewahrt.<\/p>\n<p>Google LLC. ist nach dem sog. Privacy Shield zertifiziert (Listeneintrag hier) und gew\u00e4hrleistet auf dieser Basis ein angemessenes Datenschutzniveau. Die gesendeten und mit Cookies, Nutzerkennungen (z. B. User-ID) oder Werbe-IDs verkn\u00fcpften Daten werden nach 50 Monaten automatisch gel\u00f6scht. Die L\u00f6schung von Daten, deren Aufbewahrungsdauer erreicht ist, erfolgt automatisch einmal im Monat.<\/p>\n<p>Die Erfassung durch Google Analytics kann verhindert werden, indem der Seitenbesucher die Cookie-Einstellungen f\u00fcr diese Website anpasst. Der Erfassung und Speicherung der IP-Adresse und der durch Cookies erzeugten Daten kann au\u00dferdem jederzeit mit Wirkung f\u00fcr die Zukunft widersprochen werden. Das entsprechende Browser- Plugin kann unter dem folgenden Link heruntergeladen und installiert werden: https:\/\/tools.google.com\/dlpage\/gaoptout.<\/p>\n<p>Der Seitenbesucher kann die Erfassung durch Google Analytics auf dieser Webseite verhindern, indem er auf folgenden Link klickt. Es wird ein Opt-Out-Cookie gesetzt, der die zuk\u00fcnftige Erfassung der Daten beim Besuch dieser Website verhindert.<\/p>\n<p>Weitere Informationen zur Datennutzung durch Google, Einstellungs- und Widerspruchsm\u00f6glichkeiten, finden sich in der Datenschutzerkl\u00e4rung von Google (https:\/\/policies.google.com\/privacy) sowie in den Einstellungen f\u00fcr die Darstellung von Werbeeinblendungen durch Google (https:\/\/adssettings.google.com\/authenticated).<\/p>\n<p>[\/et_pb_text][\/et_pb_column][\/et_pb_row][\/et_pb_section]<\/p>\n","protected":false},"excerpt":{"rendered":"<p>Datenschutzerkl\u00e4rung Die Betreiber dieser Website nehmen den Schutz Ihrer pers\u00f6nlichen Daten sehr ernst. Wir behandeln Ihre personenbezogenen Daten stets vertraulich und unter Beachtung der gesetzlichen Datenschutzvorschriften, dieser Datenschutzerkl\u00e4rung und der \u00e4rztlichen Schweigepflicht. Die Nutzung unserer Website ist in der Regel grunds\u00e4tzlich ohne Angabe personenbezogener Daten m\u00f6glich. Soweit auf unseren Seiten personenbezogene Daten (beispielsweise Name, Geburtsdatum, [&hellip;]<\/p>\n","protected":false},"author":1,"featured_media":0,"parent":0,"menu_order":100,"comment_status":"closed","ping_status":"closed","template":"","meta":{"_et_pb_use_builder":"on","_et_pb_old_content":"<!-- wp:divi\/placeholder \/-->","_et_gb_content_width":"","footnotes":""},"class_list":["post-43","page","type-page","status-publish","hentry"],"_links":{"self":[{"href":"https:\/\/www.frauengesundheit-frankfurt.de\/en\/wp-json\/wp\/v2\/pages\/43","targetHints":{"allow":["GET"]}}],"collection":[{"href":"https:\/\/www.frauengesundheit-frankfurt.de\/en\/wp-json\/wp\/v2\/pages"}],"about":[{"href":"https:\/\/www.frauengesundheit-frankfurt.de\/en\/wp-json\/wp\/v2\/types\/page"}],"author":[{"embeddable":true,"href":"https:\/\/www.frauengesundheit-frankfurt.de\/en\/wp-json\/wp\/v2\/users\/1"}],"replies":[{"embeddable":true,"href":"https:\/\/www.frauengesundheit-frankfurt.de\/en\/wp-json\/wp\/v2\/comments?post=43"}],"version-history":[{"count":0,"href":"https:\/\/www.frauengesundheit-frankfurt.de\/en\/wp-json\/wp\/v2\/pages\/43\/revisions"}],"wp:attachment":[{"href":"https:\/\/www.frauengesundheit-frankfurt.de\/en\/wp-json\/wp\/v2\/media?parent=43"}],"curies":[{"name":"wp","href":"https:\/\/api.w.org\/{rel}","templated":true}]}}