{"id":41,"date":"2025-04-11T11:15:38","date_gmt":"2025-04-11T09:15:38","guid":{"rendered":"https:\/\/fragyn.appentwicklung-frankfurt.de\/?page_id=41"},"modified":"2026-05-02T12:08:58","modified_gmt":"2026-05-02T10:08:58","slug":"impressum","status":"publish","type":"page","link":"https:\/\/www.frauengesundheit-frankfurt.de\/en\/impressum\/","title":{"rendered":"imprint"},"content":{"rendered":"\n[et_pb_section fb_built=&#8220;1&#8243; _builder_version=&#8220;4.27.4&#8243; _module_preset=&#8220;default&#8220; global_colors_info=&#8220;{}&#8220;][et_pb_row _builder_version=&#8220;4.27.4&#8243; _module_preset=&#8220;default&#8220; global_colors_info=&#8220;{}&#8220;][et_pb_column type=&#8220;4_4&#8243; _builder_version=&#8220;4.27.4&#8243; _module_preset=&#8220;default&#8220; global_colors_info=&#8220;{}&#8220;][et_pb_heading title=&#8220;Impressum&#8220; _builder_version=&#8220;4.27.6&#8243; _module_preset=&#8220;default&#8220; hover_enabled=&#8220;0&#8243; sticky_enabled=&#8220;0&#8243;][\/et_pb_heading][et_pb_heading title=&#8220;Privatpraxis f\u00fcr Frauengesundheit, Gyn\u00e4kologie,  Spezielle Schmerztherapie und Reisemedizin  Zertifizierte Gelbfieberimpfstelle (WHO)&#8220; _builder_version=&#8220;4.27.6&#8243; _module_preset=&#8220;default&#8220; hover_enabled=&#8220;0&#8243; sticky_enabled=&#8220;0&#8243; title_level=&#8220;h2&#8243;][\/et_pb_heading][et_pb_text _builder_version=&#8220;4.27.6&#8243; _module_preset=&#8220;default&#8220; hover_enabled=&#8220;0&#8243; sticky_enabled=&#8220;0&#8243;]<p><strong>Manuela Franke<\/strong><br \/>Fach\u00e4rztin f\u00fcr Frauenheilkunde und Geburtshilfe<br \/>Notfallmedizin &#8211; Reisemedizin (CRM)<\/p>\n<p>Berufs- \/ Facharzt- und Zusatzbezeichnungen verliehen in Deutschland<\/p>\n<p><strong>Dr. med. Michael Sroka<\/strong><br \/>Facharzt f\u00fcr An\u00e4sthesiologie<br \/>Spezielle Schmerztherapie<br \/>Notfallmedizin &#8211; Reisemedizin (DTG\/DFR\/CRM)<br \/>\u00c4rztliches Qualit\u00e4tsmanagement<\/p>\n<p>Berufs- \/ Facharzt- und Zusatzbezeichnungen verliehen in Deutschland<\/p>[\/et_pb_text][et_pb_heading title=&#8220;Impressum \/ Anschrift und Erreichbarkeit&#8220; _builder_version=&#8220;4.27.6&#8243; _module_preset=&#8220;default&#8220; title_level=&#8220;h3&#8243; hover_enabled=&#8220;0&#8243; sticky_enabled=&#8220;0&#8243;][\/et_pb_heading][et_pb_text _builder_version=&#8220;4.27.6&#8243; _module_preset=&#8220;default&#8220; hover_enabled=&#8220;0&#8243; sticky_enabled=&#8220;0&#8243;]<p>Seilerstra\u00dfe 23<br \/>D-60313, Frankfurt am Main<\/p>\n<p>Telefon: <a href=\"tel:+496917326760\">069 &#8211; 173 26 760<\/a><br \/>E-Mail: <a href=\"mailto:anmeldung@fragyn.de\">anmeldung (at] frauengesundheit-frankfurt.de<\/a><\/p>[\/et_pb_text][et_pb_heading title=&#8220;Zust\u00e4ndige Aufsichtsbeh\u00f6rde und \u00c4rztekammer&#8220; _builder_version=&#8220;4.27.6&#8243; _module_preset=&#8220;default&#8220; title_level=&#8220;h3&#8243; hover_enabled=&#8220;0&#8243; sticky_enabled=&#8220;0&#8243;][\/et_pb_heading][et_pb_text _builder_version=&#8220;4.27.6&#8243; _module_preset=&#8220;default&#8220; hover_enabled=&#8220;0&#8243; sticky_enabled=&#8220;0&#8243;]<p>Seilerstra\u00dfe 23<br \/>D-60313, Frankfurt am Main<\/p>\n<p>Telefon: <a href=\"tel:+496917326760\">069 &#8211; 173 26 760<\/a><br \/>E-Mail: <a href=\"mailto:anmeldung@fragyn.de\">anmeldung (at] frauengesundheit-frankfurt.de<\/a><\/p>[\/et_pb_text][et_pb_heading title=&#8220;Berufsrechtliche Regelungen&#8220; _builder_version=&#8220;4.27.6&#8243; _module_preset=&#8220;default&#8220; title_level=&#8220;h3&#8243; hover_enabled=&#8220;0&#8243; sticky_enabled=&#8220;0&#8243;][\/et_pb_heading][et_pb_text _builder_version=&#8220;4.27.6&#8243; _module_preset=&#8220;default&#8220; hover_enabled=&#8220;0&#8243; sticky_enabled=&#8220;0&#8243;]<p>Heilberufsgesetz des Landes Hessen (Einsicht unter <a href=\"https:\/\/www.laekh.de\" target=\"_blank\" rel=\"noopener\">www.laekh.de<\/a>)<br \/>Geb\u00fchrenordnung f\u00fcr \u00c4rzte GO\u00c496 (Einsicht unter <a href=\"https:\/\/www.laekh.de\" target=\"_blank\" rel=\"noopener\">www.laekh.de<\/a>)<\/p>\n<p>Verfahren zur Streitbeilegung<br \/>Gutachter- und Schlichtungsstelle der Landes\u00e4rztekammer Hessen (Einsicht unter <a href=\"https:\/\/www.laekh.de\" target=\"_blank\" rel=\"noopener\">www.laekh.de<\/a>)<\/p>[\/et_pb_text][et_pb_heading title=&#8220;Verfahren zur Streitbeilegung&#8220; _builder_version=&#8220;4.27.6&#8243; _module_preset=&#8220;default&#8220; title_level=&#8220;h3&#8243; hover_enabled=&#8220;0&#8243; sticky_enabled=&#8220;0&#8243;][\/et_pb_heading][et_pb_text _builder_version=&#8220;4.27.6&#8243; _module_preset=&#8220;default&#8220; hover_enabled=&#8220;0&#8243; sticky_enabled=&#8220;0&#8243;]<p>Gutachter- und Schlichtungsstelle der Landes\u00e4rztekammer Hessen (Einsicht unter <a href=\"https:\/\/www.laekh.de\" target=\"_blank\" rel=\"noopener\">www.laekh.de<\/a>)<\/p>[\/et_pb_text][et_pb_heading title=&#8220;Berufsordnung&#8220; _builder_version=&#8220;4.27.6&#8243; _module_preset=&#8220;default&#8220; title_level=&#8220;h3&#8243; hover_enabled=&#8220;0&#8243; sticky_enabled=&#8220;0&#8243;][\/et_pb_heading][et_pb_text _builder_version=&#8220;4.27.6&#8243; _module_preset=&#8220;default&#8220; hover_enabled=&#8220;0&#8243; sticky_enabled=&#8220;0&#8243;]<p>Berufsordnung f\u00fcr \u00c4rzte der Landes\u00e4rztekammer Hessen (Einsicht unter <a href=\"https:\/\/www.laekh.de\" target=\"_blank\" rel=\"noopener\">www.laekh.de<\/a>)<\/p>[\/et_pb_text][et_pb_heading title=&#8220;Umsatzsteuer-ID&#8220; _builder_version=&#8220;4.27.6&#8243; _module_preset=&#8220;default&#8220; title_level=&#8220;h3&#8243; hover_enabled=&#8220;0&#8243; sticky_enabled=&#8220;0&#8243;][\/et_pb_heading][et_pb_text _builder_version=&#8220;4.27.6&#8243; _module_preset=&#8220;default&#8220; hover_enabled=&#8220;0&#8243; sticky_enabled=&#8220;0&#8243;]<p>Sofern umsatzsteuerpflichtige Leistungen erbracht werden, wird unsere Umsatzsteuer ID auf den entsprechenden \u00e4rztlichen Liquidationen mit ausgewiesen.<\/p>[\/et_pb_text][et_pb_heading title=&#8220;Haftungsausschlu\u00df&#8220; _builder_version=&#8220;4.27.6&#8243; _module_preset=&#8220;default&#8220; title_level=&#8220;h3&#8243; hover_enabled=&#8220;0&#8243; sticky_enabled=&#8220;0&#8243; custom_padding=&#8220;||0px|||&#8220;][\/et_pb_heading][et_pb_text _builder_version=&#8220;4.27.6&#8243; _module_preset=&#8220;default&#8220; hover_enabled=&#8220;0&#8243; sticky_enabled=&#8220;0&#8243;]<p>Wir distanzieren uns ausdr\u00fccklich von allen Inhalten von verlinkten Seiten auf unserer Webseite und \u00fcbernehmen keine Verantwortung f\u00fcr deren Inhalte. Dieses gilt f\u00fcr alle externen Links auf der gesamten Webseite.<\/p>[\/et_pb_text][\/et_pb_column][\/et_pb_row][\/et_pb_section]\n","protected":false},"excerpt":{"rendered":"<p>Manuela FrankeFach\u00e4rztin f\u00fcr Frauenheilkunde und GeburtshilfeNotfallmedizin &#8211; Reisemedizin (CRM) Berufs- \/ Facharzt- und Zusatzbezeichnungen verliehen in Deutschland Dr. med. Michael SrokaFacharzt f\u00fcr An\u00e4sthesiologieSpezielle SchmerztherapieNotfallmedizin &#8211; Reisemedizin (DTG\/DFR\/CRM)\u00c4rztliches Qualit\u00e4tsmanagement Berufs- \/ Facharzt- und Zusatzbezeichnungen verliehen in DeutschlandSeilerstra\u00dfe 23D-60313, Frankfurt am Main Telefon: 069 &#8211; 173 26 760E-Mail: anmeldung (at] frauengesundheit-frankfurt.deSeilerstra\u00dfe 23D-60313, Frankfurt am Main Telefon: 069 [&hellip;]<\/p>\n","protected":false},"author":1,"featured_media":1376375,"parent":0,"menu_order":95,"comment_status":"closed","ping_status":"closed","template":"","meta":{"_et_pb_use_builder":"on","_et_pb_old_content":"<!-- wp:divi\/placeholder \/-->","_et_gb_content_width":"","footnotes":""},"class_list":["post-41","page","type-page","status-publish","has-post-thumbnail","hentry"],"_links":{"self":[{"href":"https:\/\/www.frauengesundheit-frankfurt.de\/en\/wp-json\/wp\/v2\/pages\/41","targetHints":{"allow":["GET"]}}],"collection":[{"href":"https:\/\/www.frauengesundheit-frankfurt.de\/en\/wp-json\/wp\/v2\/pages"}],"about":[{"href":"https:\/\/www.frauengesundheit-frankfurt.de\/en\/wp-json\/wp\/v2\/types\/page"}],"author":[{"embeddable":true,"href":"https:\/\/www.frauengesundheit-frankfurt.de\/en\/wp-json\/wp\/v2\/users\/1"}],"replies":[{"embeddable":true,"href":"https:\/\/www.frauengesundheit-frankfurt.de\/en\/wp-json\/wp\/v2\/comments?post=41"}],"version-history":[{"count":3,"href":"https:\/\/www.frauengesundheit-frankfurt.de\/en\/wp-json\/wp\/v2\/pages\/41\/revisions"}],"predecessor-version":[{"id":1378874,"href":"https:\/\/www.frauengesundheit-frankfurt.de\/en\/wp-json\/wp\/v2\/pages\/41\/revisions\/1378874"}],"wp:featuredmedia":[{"embeddable":true,"href":"https:\/\/www.frauengesundheit-frankfurt.de\/en\/wp-json\/wp\/v2\/media\/1376375"}],"wp:attachment":[{"href":"https:\/\/www.frauengesundheit-frankfurt.de\/en\/wp-json\/wp\/v2\/media?parent=41"}],"curies":[{"name":"wp","href":"https:\/\/api.w.org\/{rel}","templated":true}]}}