{"id":1378149,"date":"2026-03-09T08:50:09","date_gmt":"2026-03-09T07:50:09","guid":{"rendered":"https:\/\/fragyn.de\/?page_id=1378149"},"modified":"2026-05-02T11:45:48","modified_gmt":"2026-05-02T09:45:48","slug":"aktuelle-informationen","status":"publish","type":"page","link":"https:\/\/www.frauengesundheit-frankfurt.de\/en\/aktuelle-informationen\/","title":{"rendered":"Current information"},"content":{"rendered":"<p>[et_pb_section fb_built=&#8220;1&#8243; _builder_version=&#8220;4.27.6&#8243; _module_preset=&#8220;default&#8220; background_color=&#8220;rgba(231,193,148,0.5)&#8220; global_colors_info=&#8220;{}&#8220;][et_pb_row column_structure=&#8220;1_2,1_2&#8243; _builder_version=&#8220;4.27.6&#8243; _module_preset=&#8220;default&#8220; global_colors_info=&#8220;{}&#8220;][et_pb_column type=&#8220;1_2&#8243; _builder_version=&#8220;4.27.6&#8243; _module_preset=&#8220;default&#8220; global_colors_info=&#8220;{}&#8220;][et_pb_heading title=&#8220;Aktuelle Informationen&#8220; _builder_version=&#8220;4.27.6&#8243; _module_preset=&#8220;default&#8220; global_colors_info=&#8220;{}&#8220;][\/et_pb_heading][et_pb_heading title=&#8220;Aktuelles &#038; Wissenswertes f\u00fcr Ihre Gesundheit&#8220; _builder_version=&#8220;4.27.6&#8243; _module_preset=&#8220;default&#8220; title_level=&#8220;h2&#8243; hover_enabled=&#8220;0&#8243; sticky_enabled=&#8220;0&#8243;][\/et_pb_heading][et_pb_text _builder_version=&#8220;4.27.6&#8243; _module_preset=&#8220;default&#8220; hover_enabled=&#8220;0&#8243; global_colors_info=&#8220;{}&#8220; sticky_enabled=&#8220;0&#8243;]<\/p>\n<p>Herzlich willkommen in unserem News-Bereich. Hier finden Sie aktuelle Informationen \u00fcber unsere Praxis bzw. Risikomeldungen f\u00fcr sicheres Reisen. Als Ihre Privatpraxis f\u00fcr Frauengesundheit und spezielle Schmerztherapie ist es unser Anspruch, Sie nicht nur individuell zu behandeln, sondern Sie auch stets auf dem neuesten Stand der medizinischen Forschung und globaler Gesundheitsentwicklungen zu halten. Hier finden Sie regelm\u00e4\u00dfig aktualisierte Informationen zu wichtigen Pr\u00e4ventionsma\u00dfnahmen und Praxisneuigkeiten.<\/p>\n<p>[\/et_pb_text][\/et_pb_column][et_pb_column type=&#8220;1_2&#8243; _builder_version=&#8220;4.27.6&#8243; _module_preset=&#8220;default&#8220; global_colors_info=&#8220;{}&#8220;][et_pb_image src=&#8220;https:\/\/www.frauengesundheit-frankfurt.de\/wp-content\/uploads\/2026\/03\/AdobeStock_1692853214-2-scaled.jpeg&#8220; title_text=&#8220;hand holding a wooden toy&#8220; _builder_version=&#8220;4.27.6&#8243; _module_preset=&#8220;default&#8220; global_colors_info=&#8220;{}&#8220;][\/et_pb_image][\/et_pb_column][\/et_pb_row][\/et_pb_section][et_pb_section fb_built=&#8220;1&#8243; _builder_version=&#8220;4.27.6&#8243; _module_preset=&#8220;default&#8220; custom_padding=&#8220;0px||||false|false&#8220; global_colors_info=&#8220;{}&#8220;][et_pb_row column_structure=&#8220;1_3,1_3,1_3&#8243; _builder_version=&#8220;4.27.6&#8243; _module_preset=&#8220;default&#8220; custom_margin=&#8220;||20px||false|false&#8220; global_colors_info=&#8220;{}&#8220;][et_pb_column type=&#8220;1_3&#8243; _builder_version=&#8220;4.27.6&#8243; _module_preset=&#8220;default&#8220; global_colors_info=&#8220;{}&#8220;][et_pb_button button_url=&#8220;\/category\/praxis\/&#8220; button_text=&#8220;Praxis&#8220; button_alignment=&#8220;center&#8220; _builder_version=&#8220;4.27.6&#8243; _module_preset=&#8220;default&#8220; custom_button=&#8220;on&#8220; button_text_size=&#8220;12px&#8220; button_text_color=&#8220;#FFFFFF&#8220; button_bg_color=&#8220;#C3736C&#8220; button_border_width=&#8220;0px&#8220; button_border_color=&#8220;#FFFFFF&#8220; button_border_radius=&#8220;5px&#8220; button_letter_spacing=&#8220;2px&#8220; button_font=&#8220;Verdana|700||on|||||&#8220; button_use_icon=&#8220;off&#8220; custom_padding=&#8220;20px|30px|20px|30px|true|true&#8220; global_colors_info=&#8220;{}&#8220;][\/et_pb_button][\/et_pb_column][et_pb_column type=&#8220;1_3&#8243; _builder_version=&#8220;4.27.6&#8243; _module_preset=&#8220;default&#8220; global_colors_info=&#8220;{}&#8220;][et_pb_button button_url=&#8220;\/category\/impfung\/&#8220; button_text=&#8220;Impfung&#8220; button_alignment=&#8220;center&#8220; _builder_version=&#8220;4.27.6&#8243; _module_preset=&#8220;default&#8220; custom_button=&#8220;on&#8220; button_text_size=&#8220;12px&#8220; button_text_color=&#8220;#FFFFFF&#8220; button_bg_color=&#8220;#C3736C&#8220; button_border_width=&#8220;0px&#8220; button_border_color=&#8220;#FFFFFF&#8220; button_border_radius=&#8220;5px&#8220; button_letter_spacing=&#8220;2px&#8220; button_font=&#8220;Verdana|700||on|||||&#8220; button_use_icon=&#8220;off&#8220; custom_padding=&#8220;20px|30px|20px|30px|true|true&#8220; global_colors_info=&#8220;{}&#8220;][\/et_pb_button][\/et_pb_column][et_pb_column type=&#8220;1_3&#8243; _builder_version=&#8220;4.27.6&#8243; _module_preset=&#8220;default&#8220; global_colors_info=&#8220;{}&#8220;][et_pb_button button_url=&#8220;\/category\/reisemedizin\/&#8220; button_text=&#8220;Reisemedizin&#8220; button_alignment=&#8220;center&#8220; _builder_version=&#8220;4.27.6&#8243; _module_preset=&#8220;default&#8220; custom_button=&#8220;on&#8220; button_text_size=&#8220;12px&#8220; button_text_color=&#8220;#FFFFFF&#8220; button_bg_color=&#8220;#C3736C&#8220; button_border_width=&#8220;0px&#8220; button_border_color=&#8220;#FFFFFF&#8220; button_border_radius=&#8220;5px&#8220; button_letter_spacing=&#8220;2px&#8220; button_font=&#8220;Verdana|700||on|||||&#8220; button_use_icon=&#8220;off&#8220; custom_padding=&#8220;20px|30px|20px|30px|true|true&#8220; global_colors_info=&#8220;{}&#8220;][\/et_pb_button][\/et_pb_column][\/et_pb_row][et_pb_row _builder_version=&#8220;4.27.6&#8243; _module_preset=&#8220;default&#8220; column_structure=&#8220;1_3,1_3,1_3&#8243;][et_pb_column _builder_version=&#8220;4.27.6&#8243; _module_preset=&#8220;default&#8220; type=&#8220;1_3&#8243;][et_pb_heading title=&#8220;Praxis-News &#038; Frauengesundheit&#8220; _builder_version=&#8220;4.27.6&#8243; _module_preset=&#8220;default&#8220; title_level=&#8220;h3&#8243; hover_enabled=&#8220;0&#8243; sticky_enabled=&#8220;0&#8243;][\/et_pb_heading][et_pb_text _builder_version=&#8220;4.27.6&#8243; _module_preset=&#8220;default&#8220; hover_enabled=&#8220;0&#8243; sticky_enabled=&#8220;0&#8243;]<\/p>\n<p>Erfahren Sie alles \u00fcber neue Therapiem\u00f6glichkeiten in der speziellen Schmerztherapie, aktuelle Praxis\u00f6ffnungszeiten oder Erweiterungen unseres diagnostischen Spektrums. Wir informieren Sie hier zudem \u00fcber wichtige Meilensteine der Frauengesundheit und neue Erkenntnisse in der ganzheitlichen Betreuung.<\/p>\n<p>[\/et_pb_text][\/et_pb_column][et_pb_column _builder_version=&#8220;4.27.6&#8243; _module_preset=&#8220;default&#8220; type=&#8220;1_3&#8243;][et_pb_heading title=&#8220;Impfpr\u00e4vention: Schutz f\u00fcr jede Lebensphase&#8220; _builder_version=&#8220;4.27.6&#8243; _module_preset=&#8220;default&#8220; title_level=&#8220;h3&#8243; hover_enabled=&#8220;0&#8243; sticky_enabled=&#8220;0&#8243;][\/et_pb_heading][et_pb_text _builder_version=&#8220;4.27.6&#8243; _module_preset=&#8220;default&#8220; hover_enabled=&#8220;0&#8243; sticky_enabled=&#8220;0&#8243;]<\/p>\n<p>Vorsorge ist die beste Medizin. Wir halten Sie \u00fcber aktuelle Impfempfehlungen (z. B. der STIKO) auf dem Laufenden \u2013 sei es zum Schutz vor HPV, zur Auffrischung des Basisschutzes oder zu saisonalen Impfungen wie der Grippeschutzimpfung. So stellen wir sicher, dass Ihr Immunsystem in jeder Lebensphase optimal vorbereitet ist.<\/p>\n<p>[\/et_pb_text][\/et_pb_column][et_pb_column _builder_version=&#8220;4.27.6&#8243; _module_preset=&#8220;default&#8220; type=&#8220;1_3&#8243;][et_pb_heading title=&#8220;Reisemedizin: Sicher um die Welt&#8220; _builder_version=&#8220;4.27.6&#8243; _module_preset=&#8220;default&#8220; title_level=&#8220;h3&#8243; hover_enabled=&#8220;0&#8243; sticky_enabled=&#8220;0&#8243;][\/et_pb_heading][et_pb_text _builder_version=&#8220;4.27.6&#8243; _module_preset=&#8220;default&#8220; hover_enabled=&#8220;0&#8243; sticky_enabled=&#8220;0&#8243;]<\/p>\n<p>Bevor Sie Ihre n\u00e4chste Reise antreten, finden Sie hier wichtige Hinweise zu aktuellen Krankheitsausbr\u00fcchen (wie z. B. Dengue-Fieber oder Malaria-Risiken) in beliebten Zielregionen. Wir erg\u00e4nzen diese Informationen durch besondere Impfempfehlungen f\u00fcr Langzeitaufenthalte oder Expeditionen, damit Sie Ihre Auslandszeit ohne gesundheitliche Sorgen genie\u00dfen k\u00f6nnen.<\/p>\n<p>[\/et_pb_text][\/et_pb_column][\/et_pb_row][et_pb_row _builder_version=&#8220;4.27.6&#8243; _module_preset=&#8220;default&#8220; global_colors_info=&#8220;{}&#8220;][et_pb_column type=&#8220;4_4&#8243; _builder_version=&#8220;4.27.6&#8243; _module_preset=&#8220;default&#8220; global_colors_info=&#8220;{}&#8220;][et_pb_blog show_more=&#8220;on&#8220; show_author=&#8220;off&#8220; _builder_version=&#8220;4.27.6&#8243; _module_preset=&#8220;default&#8220; global_colors_info=&#8220;{}&#8220;][\/et_pb_blog][\/et_pb_column][\/et_pb_row][et_pb_row _builder_version=&#8220;4.27.6&#8243; _module_preset=&#8220;default&#8220; column_structure=&#8220;1_3,1_3,1_3&#8243;][et_pb_column _builder_version=&#8220;4.27.6&#8243; _module_preset=&#8220;default&#8220; type=&#8220;1_3&#8243;][et_pb_image src=&#8220;https:\/\/www.frauengesundheit-frankfurt.de\/wp-content\/uploads\/2026\/02\/AdobeStock_268425779-scaled.jpeg&#8220; _builder_version=&#8220;4.27.6&#8243; _module_preset=&#8220;default&#8220; alt=&#8220;Reisemedizin Frankfurt am Main<br \/>\nAuf einem Tisch befinden ein Stethoskop, Reisepass, ein Spielflugzeug und ein Globus, Hinweis f\u00fcr Gesundheit und Reiseversicherung&#8220; title_text=&#8220;Auf einem Tisch befinden ein Stethoskop, Reisepass, ein Spielflugzeug und ein Globus, Hinweis f\u00fcr Gesundheit und Reiseversicherung&#8220; width=&#8220;65%&#8220; max_width=&#8220;65%&#8220; align=&#8220;center&#8220; url=&#8220;https:\/\/www.reisemedizin-frankfurt-main.de\/gelbfieberimpfstelle\/&#8220; url_new_window=&#8220;on&#8220; hover_enabled=&#8220;0&#8243; sticky_enabled=&#8220;0&#8243;][\/et_pb_image][et_pb_text _builder_version=&#8220;4.27.6&#8243; _module_preset=&#8220;default&#8220; hover_enabled=&#8220;0&#8243; sticky_enabled=&#8220;0&#8243;]<\/p>\n<p style=\"text-align: center;\"><a href=\"https:\/\/www.frauengesundheit-frankfurt.de\/praxis\/#team\">\u00dcber uns. Unsere Praxis und Schwerpunkte.<\/a><\/p>\n<p>[\/et_pb_text][\/et_pb_column][et_pb_column _builder_version=&#8220;4.27.6&#8243; _module_preset=&#8220;default&#8220; type=&#8220;1_3&#8243;][et_pb_image src=&#8220;https:\/\/www.frauengesundheit-frankfurt.de\/wp-content\/uploads\/2026\/04\/dtglogo.jpg&#8220; _builder_version=&#8220;4.27.6&#8243; _module_preset=&#8220;default&#8220; alt=&#8220;Freiwilligendienste %22weltw\u00e4rts%22 &#8211; Impfempfehlungen von der DTG.&#8220; title_text=&#8220;DTG Deutsche Gesellschaft f\u00fcr Tropenmedizin, Reisemedizin und Globale Gesundheit e.V.&#8220; hover_enabled=&#8220;0&#8243; sticky_enabled=&#8220;0&#8243; align=&#8220;center&#8220; width=&#8220;50%&#8220; max_width=&#8220;50%&#8220;][\/et_pb_image][et_pb_text _builder_version=&#8220;4.27.6&#8243; _module_preset=&#8220;default&#8220; hover_enabled=&#8220;0&#8243; sticky_enabled=&#8220;0&#8243;]<\/p>\n<p style=\"text-align: center;\"><a href=\"https:\/\/dtg.org\/\" target=\"_blank\" rel=\"noopener\">Deutsche Gesellschaft f\u00fcr Tropenmedizin, Reisemedizin und Globale Gesundheit e.V.<\/a><\/p>\n<p>[\/et_pb_text][\/et_pb_column][et_pb_column _builder_version=&#8220;4.27.6&#8243; _module_preset=&#8220;default&#8220; type=&#8220;1_3&#8243;][et_pb_image src=&#8220;https:\/\/www.frauengesundheit-frankfurt.de\/wp-content\/uploads\/2026\/04\/AA.jpg&#8220; _builder_version=&#8220;4.27.6&#8243; _module_preset=&#8220;default&#8220; alt=&#8220;L\u00e4nder- und Gesundheitsinformationen des Ausw\u00e4rtigen Amts&#8220; title_text=&#8220;Ausw\u00e4rtiges Amt&#8220; align=&#8220;center&#8220; width=&#8220;80%&#8220; max_width=&#8220;80%&#8220; url=&#8220;https:\/\/www.auswaertiges-amt.de\/de\/reiseundsicherheit\/reise-und-sicherheitshinweise&#8220; url_new_window=&#8220;on&#8220; hover_enabled=&#8220;0&#8243; sticky_enabled=&#8220;0&#8243;][\/et_pb_image][et_pb_text _builder_version=&#8220;4.27.6&#8243; _module_preset=&#8220;default&#8220; hover_enabled=&#8220;0&#8243; sticky_enabled=&#8220;0&#8243;]<\/p>\n<p style=\"text-align: center;\"><a href=\"https:\/\/www.auswaertiges-amt.de\/de\/reiseundsicherheit\/reise-und-sicherheitshinweise\" target=\"_blank\" rel=\"noopener\">https:\/\/www.auswaertiges-amt.de\/de\/reiseundsicherheit\/reise-und-sicherheitshinweise<\/a><\/p>\n<p>[\/et_pb_text][\/et_pb_column][\/et_pb_row][\/et_pb_section][et_pb_section fb_built=&#8220;1&#8243; _builder_version=&#8220;4.27.6&#8243; _module_preset=&#8220;default&#8220; global_colors_info=&#8220;{}&#8220;][\/et_pb_section]<\/p>\n","protected":false},"excerpt":{"rendered":"<p>Herzlich willkommen in unserem News-Bereich. Hier finden Sie aktuelle Informationen \u00fcber unsere Praxis bzw. Risikomeldungen f\u00fcr sicheres Reisen. Als Ihre Privatpraxis f\u00fcr Frauengesundheit und spezielle Schmerztherapie ist es unser Anspruch, Sie nicht nur individuell zu behandeln, sondern Sie auch stets auf dem neuesten Stand der medizinischen Forschung und globaler Gesundheitsentwicklungen zu halten. Hier finden Sie [&hellip;]<\/p>\n","protected":false},"author":1,"featured_media":1376223,"parent":0,"menu_order":0,"comment_status":"closed","ping_status":"closed","template":"","meta":{"_et_pb_use_builder":"on","_et_pb_old_content":"<!-- wp:divi\/placeholder \/-->","_et_gb_content_width":"","footnotes":""},"class_list":["post-1378149","page","type-page","status-publish","has-post-thumbnail","hentry"],"_links":{"self":[{"href":"https:\/\/www.frauengesundheit-frankfurt.de\/en\/wp-json\/wp\/v2\/pages\/1378149","targetHints":{"allow":["GET"]}}],"collection":[{"href":"https:\/\/www.frauengesundheit-frankfurt.de\/en\/wp-json\/wp\/v2\/pages"}],"about":[{"href":"https:\/\/www.frauengesundheit-frankfurt.de\/en\/wp-json\/wp\/v2\/types\/page"}],"author":[{"embeddable":true,"href":"https:\/\/www.frauengesundheit-frankfurt.de\/en\/wp-json\/wp\/v2\/users\/1"}],"replies":[{"embeddable":true,"href":"https:\/\/www.frauengesundheit-frankfurt.de\/en\/wp-json\/wp\/v2\/comments?post=1378149"}],"version-history":[{"count":2,"href":"https:\/\/www.frauengesundheit-frankfurt.de\/en\/wp-json\/wp\/v2\/pages\/1378149\/revisions"}],"predecessor-version":[{"id":1378869,"href":"https:\/\/www.frauengesundheit-frankfurt.de\/en\/wp-json\/wp\/v2\/pages\/1378149\/revisions\/1378869"}],"wp:featuredmedia":[{"embeddable":true,"href":"https:\/\/www.frauengesundheit-frankfurt.de\/en\/wp-json\/wp\/v2\/media\/1376223"}],"wp:attachment":[{"href":"https:\/\/www.frauengesundheit-frankfurt.de\/en\/wp-json\/wp\/v2\/media?parent=1378149"}],"curies":[{"name":"wp","href":"https:\/\/api.w.org\/{rel}","templated":true}]}}