{"id":1377757,"date":"2025-08-20T23:39:59","date_gmt":"2025-08-20T21:39:59","guid":{"rendered":"https:\/\/fragyn.appentwicklung-frankfurt.de\/?page_id=1377757"},"modified":"2026-04-22T08:40:24","modified_gmt":"2026-04-22T06:40:24","slug":"termin","status":"publish","type":"page","link":"https:\/\/www.frauengesundheit-frankfurt.de\/en\/termin\/","title":{"rendered":"appointment"},"content":{"rendered":"<p>[et_pb_section fb_built=&#8220;1&#8243; _builder_version=&#8220;4.27.4&#8243; _module_preset=&#8220;default&#8220; global_colors_info=&#8220;{}&#8220;][et_pb_row _builder_version=&#8220;4.27.4&#8243; _module_preset=&#8220;default&#8220; global_colors_info=&#8220;{}&#8220;][et_pb_column type=&#8220;4_4&#8243; _builder_version=&#8220;4.27.4&#8243; _module_preset=&#8220;default&#8220; global_colors_info=&#8220;{}&#8220;][et_pb_heading title=&#8220;Terminbuchung&#8220; _builder_version=&#8220;4.27.6&#8243; _module_preset=&#8220;default&#8220; hover_enabled=&#8220;0&#8243; sticky_enabled=&#8220;0&#8243;][\/et_pb_heading][et_pb_text _builder_version=&#8220;4.27.6&#8243; _module_preset=&#8220;default&#8220; hover_enabled=&#8220;0&#8243; sticky_enabled=&#8220;0&#8243;]<\/p>\n<p>\u00dcber unsere Online-Terminvereinbarung k\u00f6nnen Sie &#8211; auch unabh\u00e4ngig von unseren Praxis\u00f6ffnungszeiten &#8211; schnell und bequem Termine aus den Bereichen Frauengesundheit, Gyn\u00e4kologie, Schwangerschaft, Allgemeinmedizin und Reisemedizin buchen. Bitte beachten Sie, dass Sie am Ende des Buchungsportals die Buchung abschlie\u00dfen m\u00fcssen. Sie erhalten bei erfolgreicher Buchung eine Best\u00e4tigung per E-Mail.\u00a0<\/p>\n<p>[\/et_pb_text][et_pb_code _builder_version=&#8220;4.27.4&#8243; _module_preset=&#8220;default&#8220; global_colors_info=&#8220;{}&#8220;]<iframe loading=\"lazy\" src=\"https:\/\/www.terminland.de\/fragyn\/?mode=frame\" width=\"100%\" height=\"700\" scrolling=\"auto\" marginwidth=\"0\" marginheight=\"0\" frameborder=\"0\" vspace=\"0\" hspace=\"0\"><!-- [et_pb_line_break_holder] --><pee>Ihr Browser kann leider keine eingebetteten Frames anzeigen: Sie k\u00f6nnen die Online-Terminbuchung \u00fcber den folgenden Verweis aufrufen: <a href=\"https:\/\/www.terminland.de\/fragyn\/\" target=\"_blank\" rel=\"noopener\">Online-Terminbuchung<\/a><\/pee><!-- [et_pb_line_break_holder] --><\/iframe>[\/et_pb_code][\/et_pb_column][\/et_pb_row][\/et_pb_section]<\/p>\n","protected":false},"excerpt":{"rendered":"<p>Through our online appointment booking system, you can quickly and conveniently book appointments in the areas of women&#039;s health, gynecology, pregnancy, general medicine, and travel medicine \u2013 even outside of our practice opening hours. Please note that you must complete the booking process at the end of the booking portal. You will receive a confirmation email upon successful booking.\u00a0<\/p>","protected":false},"author":1,"featured_media":1376281,"parent":0,"menu_order":0,"comment_status":"closed","ping_status":"closed","template":"","meta":{"_et_pb_use_builder":"on","_et_pb_old_content":"<!-- wp:divi\/placeholder \/-->","_et_gb_content_width":"","footnotes":""},"class_list":["post-1377757","page","type-page","status-publish","has-post-thumbnail","hentry"],"_links":{"self":[{"href":"https:\/\/www.frauengesundheit-frankfurt.de\/en\/wp-json\/wp\/v2\/pages\/1377757","targetHints":{"allow":["GET"]}}],"collection":[{"href":"https:\/\/www.frauengesundheit-frankfurt.de\/en\/wp-json\/wp\/v2\/pages"}],"about":[{"href":"https:\/\/www.frauengesundheit-frankfurt.de\/en\/wp-json\/wp\/v2\/types\/page"}],"author":[{"embeddable":true,"href":"https:\/\/www.frauengesundheit-frankfurt.de\/en\/wp-json\/wp\/v2\/users\/1"}],"replies":[{"embeddable":true,"href":"https:\/\/www.frauengesundheit-frankfurt.de\/en\/wp-json\/wp\/v2\/comments?post=1377757"}],"version-history":[{"count":3,"href":"https:\/\/www.frauengesundheit-frankfurt.de\/en\/wp-json\/wp\/v2\/pages\/1377757\/revisions"}],"predecessor-version":[{"id":1378646,"href":"https:\/\/www.frauengesundheit-frankfurt.de\/en\/wp-json\/wp\/v2\/pages\/1377757\/revisions\/1378646"}],"wp:featuredmedia":[{"embeddable":true,"href":"https:\/\/www.frauengesundheit-frankfurt.de\/en\/wp-json\/wp\/v2\/media\/1376281"}],"wp:attachment":[{"href":"https:\/\/www.frauengesundheit-frankfurt.de\/en\/wp-json\/wp\/v2\/media?parent=1377757"}],"curies":[{"name":"wp","href":"https:\/\/api.w.org\/{rel}","templated":true}]}}