{"id":1377433,"date":"2025-07-31T19:53:52","date_gmt":"2025-07-31T17:53:52","guid":{"rendered":"https:\/\/fragyn.appentwicklung-frankfurt.de\/?page_id=1377433"},"modified":"2026-04-06T21:11:00","modified_gmt":"2026-04-06T19:11:00","slug":"notfallkontakt","status":"publish","type":"page","link":"https:\/\/www.frauengesundheit-frankfurt.de\/en\/notfallkontakt\/","title":{"rendered":"Emergency contact"},"content":{"rendered":"\n[et_pb_section fb_built=&#8220;1&#8243; _builder_version=&#8220;4.27.4&#8243; _module_preset=&#8220;default&#8220; global_colors_info=&#8220;{}&#8220;][et_pb_row _builder_version=&#8220;4.27.4&#8243; _module_preset=&#8220;default&#8220; global_colors_info=&#8220;{}&#8220;][et_pb_column type=&#8220;4_4&#8243; _builder_version=&#8220;4.27.4&#8243; _module_preset=&#8220;default&#8220; global_colors_info=&#8220;{}&#8220;][et_pb_heading title=&#8220;Notfallkontakt&#8220; _builder_version=&#8220;4.27.4&#8243; _module_preset=&#8220;default&#8220; global_colors_info=&#8220;{}&#8220;][\/et_pb_heading][\/et_pb_column][\/et_pb_row][et_pb_row column_structure=&#8220;1_2,1_2&#8243; _builder_version=&#8220;4.27.4&#8243; _module_preset=&#8220;default&#8220; global_colors_info=&#8220;{}&#8220;][et_pb_column type=&#8220;1_2&#8243; _builder_version=&#8220;4.27.4&#8243; _module_preset=&#8220;default&#8220; global_colors_info=&#8220;{}&#8220;][et_pb_text _builder_version=&#8220;4.27.6&#8243; _module_preset=&#8220;default&#8220; global_colors_info=&#8220;{}&#8220;]<p><span>Sie erreichen unsere Praxis bei Notf\u00e4llen \u00fcber unseren Notfallkontakt im Regelfall t\u00e4glich zwischen 7 und 19 Uhr. In dringenden F\u00e4llen steht Ihnen ein Behandler meist kurzfristig zur Verf\u00fcgung. Wir sind auch per Whatsapp f\u00fcr Sie in Notf\u00e4llen erreichbar.<\/span><\/p>[\/et_pb_text][et_pb_button button_url=&#8220;https:\/\/wa.me\/496917326760&#8243; button_text=&#8220;WhatsApp (bei Notf\u00e4llen)&#8220; button_alignment=&#8220;center&#8220; _builder_version=&#8220;4.27.4&#8243; _module_preset=&#8220;default&#8220; custom_button=&#8220;on&#8220; button_text_size=&#8220;18px&#8220; button_text_color=&#8220;#ED5237&#8243; global_colors_info=&#8220;{}&#8220;][\/et_pb_button][\/et_pb_column][et_pb_column type=&#8220;1_2&#8243; _builder_version=&#8220;4.27.4&#8243; _module_preset=&#8220;default&#8220; global_colors_info=&#8220;{}&#8220;][et_pb_image src=&#8220;https:\/\/www.frauengesundheit-frankfurt.de\/wp-content\/uploads\/2025\/07\/1735732939.png&#8220; alt=&#8220;QR-Code&#8220; title_text=&#8220;1735732939&#8243; align=&#8220;center&#8220; _builder_version=&#8220;4.27.6&#8243; _module_preset=&#8220;default&#8220; global_colors_info=&#8220;{}&#8220;][\/et_pb_image][\/et_pb_column][\/et_pb_row][et_pb_row _builder_version=&#8220;4.27.6&#8243; _module_preset=&#8220;default&#8220;][et_pb_column _builder_version=&#8220;4.27.6&#8243; _module_preset=&#8220;default&#8220; type=&#8220;4_4&#8243;][et_pb_heading title=&#8220;Hilfe au\u00dferhalb der regul\u00e4ren Praxis\u00f6ffnungszeiten&#8220; _builder_version=&#8220;4.27.6&#8243; _module_preset=&#8220;default&#8220; title_level=&#8220;h2&#8243; hover_enabled=&#8220;0&#8243; sticky_enabled=&#8220;0&#8243;][\/et_pb_heading][\/et_pb_column][\/et_pb_row][et_pb_row column_structure=&#8220;1_2,1_2&#8243; _builder_version=&#8220;4.27.6&#8243; _module_preset=&#8220;default&#8220; global_colors_info=&#8220;{}&#8220;][et_pb_column type=&#8220;1_2&#8243; _builder_version=&#8220;4.27.6&#8243; _module_preset=&#8220;default&#8220; global_colors_info=&#8220;{}&#8220;][et_pb_image src=&#8220;https:\/\/www.frauengesundheit-frankfurt.de\/wp-content\/uploads\/2025\/06\/1744306915.png&#8220; alt=&#8220;Logo des \u00c4rztlichen Bereitschaftsdienst in Hessen in orange-weisser Schrift auf orangem Hintergrund&#8220; title_text=&#8220;\u00c4rztlicher Bereitschaftsdienst Hessen&#8220; url=&#8220;https:\/\/www.bereitschaftsdienst-hessen.de\/&#8220; align=&#8220;center&#8220; _builder_version=&#8220;4.27.6&#8243; _module_preset=&#8220;default&#8220; global_colors_info=&#8220;{}&#8220;][\/et_pb_image][et_pb_text _builder_version=&#8220;4.27.6&#8243; _module_preset=&#8220;default&#8220; hover_enabled=&#8220;0&#8243; global_colors_info=&#8220;{}&#8220; sticky_enabled=&#8220;0&#8243;]<p><span style=\"color: #3c3c3c; font-family: 'Nunito Sans', Arial, sans-serif; font-size: 16px; font-style: normal; font-variant-ligatures: normal; font-variant-caps: normal; font-weight: 300; letter-spacing: normal; orphans: 2; text-align: start; text-indent: 0px; text-transform: none; widows: 2; word-spacing: 0px; -webkit-text-stroke-width: 0px; white-space: normal; background-color: #ffffff; text-decoration-thickness: initial; text-decoration-style: initial; text-decoration-color: initial; display: inline !important; float: none;\">Sie haben Beschwerden au\u00dferhalb der Praxissprechzeiten?<br \/>\u00dcber die kostenfreie, bundesweit g\u00fcltige Rufnummer 116117 (ohne Vorwahl) erreichen Sie den \u00c4rztlichen Bereitschaftsdienst.<span>\u00a0<\/span><\/span><\/p>\n<p><span style=\"color: #3c3c3c; font-family: 'Nunito Sans', Arial, sans-serif; font-size: 16px; font-style: normal; font-variant-ligatures: normal; font-variant-caps: normal; font-weight: 300; letter-spacing: normal; orphans: 2; text-align: start; text-indent: 0px; text-transform: none; widows: 2; word-spacing: 0px; -webkit-text-stroke-width: 0px; white-space: normal; background-color: #ffffff; text-decoration-thickness: initial; text-decoration-style: initial; text-decoration-color: initial; display: inline !important; float: none;\"><span>Im Rhein-Main-Gebiet werden verschiedene Ambulanzen betrieben. Details und \u00d6ffnungszeiten finden Sie hier: <a href=\"https:\/\/www.bereitschaftsdienst-hessen.de\/\" target=\"_blank\" rel=\"noopener\">www.bereitschaftsdienst-hessen.de<\/a><\/span><\/span><\/p>[\/et_pb_text][et_pb_image src=&#8220;https:\/\/www.frauengesundheit-frankfurt.de\/wp-content\/uploads\/2026\/04\/UniFFM.png&#8220; _builder_version=&#8220;4.27.6&#8243; _module_preset=&#8220;default&#8220; alt=&#8220;Uniklinik Frankfurt&#8220; title_text=&#8220;Uniklinik Frankfurt&#8220; url=&#8220;https:\/\/www.unimedizin-ffm.de\/einrichtungen\/kliniken\/klinik-fuer-frauenheilkunde-und-geburtshilfe&#8220; url_new_window=&#8220;on&#8220; hover_enabled=&#8220;0&#8243; sticky_enabled=&#8220;0&#8243; align=&#8220;center&#8220;][\/et_pb_image][et_pb_text _builder_version=&#8220;4.27.6&#8243; _module_preset=&#8220;default&#8220; hover_enabled=&#8220;0&#8243; global_colors_info=&#8220;{}&#8220; sticky_enabled=&#8220;0&#8243;]<p>Informieren Sie sich hier \u00fcber die Angebote der Universit\u00e4tsfrauenklinik: <a href=\"https:\/\/www.unimedizin-ffm.de\/einrichtungen\/kliniken\/klinik-fuer-frauenheilkunde-und-geburtshilfe\" target=\"_blank\" rel=\"noopener\">Klinik f\u00fcr Frauenheilkunde und Geburtshilfe<\/a><\/p>[\/et_pb_text][\/et_pb_column][et_pb_column type=&#8220;1_2&#8243; _builder_version=&#8220;4.27.6&#8243; _module_preset=&#8220;default&#8220; global_colors_info=&#8220;{}&#8220;][et_pb_image src=&#8220;https:\/\/www.frauengesundheit-frankfurt.de\/wp-content\/uploads\/2026\/04\/Flughafenklinik.png&#8220; alt=&#8220;Medical Center &#8211; Flughafenklink &#8220; title_text=&#8220;Flughafenklinik&#8220; url=&#8220;https:\/\/www.fraport.com\/de\/geschaeftsfelder\/betrieb\/medical-center.html&#8220; _builder_version=&#8220;4.27.6&#8243; _module_preset=&#8220;default&#8220; global_colors_info=&#8220;{}&#8220;][\/et_pb_image][et_pb_text _builder_version=&#8220;4.27.6&#8243; _module_preset=&#8220;default&#8220; global_colors_info=&#8220;{}&#8220;]<p style=\"box-sizing: border-box; margin: 0px 0px 10px; font-family: fraport-sans-regular, sans-serif; font-size: 16px; font-style: normal; font-weight: 400; line-height: 24px; color: #697074; font-variant-ligatures: normal; font-variant-caps: normal; letter-spacing: normal; orphans: 2; text-align: start; text-indent: 0px; text-transform: none; widows: 2; word-spacing: 0px; -webkit-text-stroke-width: 0px; white-space: normal; background-color: #ffffff; text-decoration-thickness: initial; text-decoration-style: initial; text-decoration-color: initial;\"><strong style=\"box-sizing: border-box; font-family: fraport-sans-bold, sans-serif; font-size: 16px; font-style: normal; font-weight: 400; line-height: 24px;\">Die Notfallambulanz (\u201eFlughafenklinik\u201c) im Medical Center ist t<\/strong><strong style=\"box-sizing: border-box; font-family: fraport-sans-bold, sans-serif; font-size: 16px; font-style: normal; font-weight: 400; line-height: 24px;\">\u00e4glich von 7 bis ist 16 Uhr \u00e4rztlich besetzt.<\/strong><\/p>[\/et_pb_text][\/et_pb_column][\/et_pb_row][\/et_pb_section]\n","protected":false},"excerpt":{"rendered":"<p>Sie erreichen unsere Praxis bei Notf\u00e4llen \u00fcber unseren Notfallkontakt im Regelfall t\u00e4glich zwischen 7 und 19 Uhr. In dringenden F\u00e4llen steht Ihnen ein Behandler meist kurzfristig zur Verf\u00fcgung. Wir sind auch per Whatsapp f\u00fcr Sie in Notf\u00e4llen erreichbar.Sie haben Beschwerden au\u00dferhalb der Praxissprechzeiten?\u00dcber die kostenfreie, bundesweit g\u00fcltige Rufnummer 116117 (ohne Vorwahl) erreichen Sie den \u00c4rztlichen [&hellip;]<\/p>\n","protected":false},"author":1,"featured_media":0,"parent":0,"menu_order":0,"comment_status":"closed","ping_status":"closed","template":"","meta":{"_et_pb_use_builder":"on","_et_pb_old_content":"","_et_gb_content_width":"","footnotes":""},"class_list":["post-1377433","page","type-page","status-publish","hentry"],"_links":{"self":[{"href":"https:\/\/www.frauengesundheit-frankfurt.de\/en\/wp-json\/wp\/v2\/pages\/1377433","targetHints":{"allow":["GET"]}}],"collection":[{"href":"https:\/\/www.frauengesundheit-frankfurt.de\/en\/wp-json\/wp\/v2\/pages"}],"about":[{"href":"https:\/\/www.frauengesundheit-frankfurt.de\/en\/wp-json\/wp\/v2\/types\/page"}],"author":[{"embeddable":true,"href":"https:\/\/www.frauengesundheit-frankfurt.de\/en\/wp-json\/wp\/v2\/users\/1"}],"replies":[{"embeddable":true,"href":"https:\/\/www.frauengesundheit-frankfurt.de\/en\/wp-json\/wp\/v2\/comments?post=1377433"}],"version-history":[{"count":2,"href":"https:\/\/www.frauengesundheit-frankfurt.de\/en\/wp-json\/wp\/v2\/pages\/1377433\/revisions"}],"predecessor-version":[{"id":1378324,"href":"https:\/\/www.frauengesundheit-frankfurt.de\/en\/wp-json\/wp\/v2\/pages\/1377433\/revisions\/1378324"}],"wp:attachment":[{"href":"https:\/\/www.frauengesundheit-frankfurt.de\/en\/wp-json\/wp\/v2\/media?parent=1377433"}],"curies":[{"name":"wp","href":"https:\/\/api.w.org\/{rel}","templated":true}]}}