{"id":1376853,"date":"2025-06-08T15:09:05","date_gmt":"2025-06-08T13:09:05","guid":{"rendered":"https:\/\/fragyn.appentwicklung-frankfurt.de\/?page_id=1376853"},"modified":"2026-04-27T16:12:18","modified_gmt":"2026-04-27T14:12:18","slug":"notfaelle-krank-aus-dem-urlaub-zurueck","status":"publish","type":"page","link":"https:\/\/www.frauengesundheit-frankfurt.de\/en\/reisemedizin\/notfaelle-krank-aus-dem-urlaub-zurueck\/","title":{"rendered":"Emergencies (Returning from vacation sick)"},"content":{"rendered":"<p>[et_pb_section fb_built=&#8220;1&#8243; admin_label=&#8220;About&#8220; _builder_version=&#8220;4.16&#8243; _module_preset=&#8220;default&#8220; overflow-x=&#8220;hidden&#8220; overflow-y=&#8220;hidden&#8220; locked=&#8220;off&#8220; global_colors_info=&#8220;{}&#8220;][et_pb_row column_structure=&#8220;1_2,1_2&#8243; _builder_version=&#8220;4.16&#8243; _module_preset=&#8220;default&#8220; global_colors_info=&#8220;{}&#8220;][et_pb_column type=&#8220;1_2&#8243; _builder_version=&#8220;4.16&#8243; _module_preset=&#8220;default&#8220; global_colors_info=&#8220;{}&#8220;][et_pb_text _builder_version=&#8220;4.27.6&#8243; _module_preset=&#8220;default&#8220; header_3_font=&#8220;EB Garamond|600|||||||&#8220; header_3_font_size=&#8220;20px&#8220; custom_margin=&#8220;||10px||false|false&#8220; hover_enabled=&#8220;0&#8243; locked=&#8220;off&#8220; global_colors_info=&#8220;{}&#8220; sticky_enabled=&#8220;0&#8243;]<\/p>\n<h1>Notf\u00e4lle<\/h1>\n<p>[\/et_pb_text][et_pb_divider color=&#8220;#9F7C5A&#8220; _builder_version=&#8220;4.27.4&#8243; _module_preset=&#8220;default&#8220; width=&#8220;70%&#8220; locked=&#8220;off&#8220; global_colors_info=&#8220;{}&#8220;][\/et_pb_divider][et_pb_heading title=&#8220;Notf\u00e4lle &#8211; Krank aus dem Urlaub zur\u00fcck&#8220; _builder_version=&#8220;4.27.6&#8243; _module_preset=&#8220;default&#8220; title_level=&#8220;h2&#8243; hover_enabled=&#8220;0&#8243; sticky_enabled=&#8220;0&#8243;][\/et_pb_heading][et_pb_text _builder_version=&#8220;4.27.4&#8243; _module_preset=&#8220;default&#8220; text_font=&#8220;ABeeZee||||||||&#8220; text_line_height=&#8220;2em&#8220; locked=&#8220;off&#8220; global_colors_info=&#8220;{}&#8220;]<\/p>\n<p><span>Untersuchungen nach einem Auslands- \/ Tropenaufenthalt\u00a0f\u00fchren wir ebenfalls durch. Sollten Sie erkrankt von Ihrer Reise zur\u00fcckkehren und unsere Hilfe ben\u00f6tigen steht Ihnen in der Regel ein Behandler\u00a0kurzfristig zur Verf\u00fcgung. Bitte melden Sie sich in diesem Falle telefonisch bei uns unter <\/span><a href=\"tel:+4969173 26 760\" target=\"_blank\" rel=\"noopener\">069-173 26 760<\/a><span> oder schreiben Sie eine kurze Nachricht \u00fcber das Kontaktformular. Schildern Sie in diesem Fall bitte kurz das Problem bzw. die Fragestellung. Wir melden uns umgehend bei Ihnen.<\/span><\/p>\n<p>[\/et_pb_text][\/et_pb_column][et_pb_column type=&#8220;1_2&#8243; _builder_version=&#8220;4.16&#8243; _module_preset=&#8220;default&#8220; global_colors_info=&#8220;{}&#8220;][et_pb_image src=&#8220;https:\/\/www.frauengesundheit-frankfurt.de\/wp-content\/uploads\/2026\/02\/AdobeStock_131981083-scaled.jpeg&#8220; title_text=&#8220;Fieber nach Reiser\u00fcckkehr&#8220; _builder_version=&#8220;4.27.6&#8243; _module_preset=&#8220;default&#8220; custom_margin=&#8220;70px||||false|false&#8220; hover_enabled=&#8220;0&#8243; border_radii=&#8220;on|5px|5px|5px|5px&#8220; global_colors_info=&#8220;{}&#8220; alt=&#8220;Fieber nach Reiser\u00fcckkehr Notf\u00e4lle (Krank aus dem Urlaub zur\u00fcck)<br \/>\nPerson h\u00e4lt Thermometer in derHand&#8220; sticky_enabled=&#8220;0&#8243;][\/et_pb_image][\/et_pb_column][\/et_pb_row][et_pb_row _builder_version=&#8220;4.27.4&#8243; _module_preset=&#8220;default&#8220; global_colors_info=&#8220;{}&#8220;][et_pb_column type=&#8220;4_4&#8243; _builder_version=&#8220;4.27.4&#8243; _module_preset=&#8220;default&#8220; global_colors_info=&#8220;{}&#8220;][et_pb_heading title=&#8220;Reiser\u00fcckkehr &#8211; Fieber &#8211; Malaria- Dengue &#8211; Zika&#8220; _builder_version=&#8220;4.27.6&#8243; _module_preset=&#8220;default&#8220; title_level=&#8220;h2&#8243; global_colors_info=&#8220;{}&#8220; custom_padding=&#8220;||0px|||&#8220;][\/et_pb_heading][et_pb_text _builder_version=&#8220;4.27.6&#8243; _module_preset=&#8220;default&#8220; hover_enabled=&#8220;0&#8243; global_colors_info=&#8220;{}&#8220; sticky_enabled=&#8220;0&#8243;]<\/p>\n<p>Wenn Sie nach einer Fern- bzw. Tropenreise krank werden, sollten Sie dies unverz\u00fcglich mit einem erfahrenen Arzt besprechen und diesen detailliert \u00fcber Ihre Reiseanamnese informieren. Als Spezialisten f\u00fcr Reise- und Tropenmedizin ist es f\u00fcr uns entscheidend, dass wir bei jeder Reiser\u00fcckkehr m\u00f6gliche Infektionen wie Malaria, Dengue-Fieber oder das Zika-Virus ber\u00fccksichtigen, um eine pr\u00e4zise Diagnose zu stellen.<br \/>Bitte teilen Sie uns neben Ihren Symptomen auch Ihr genaues Reiseziel sowie die Aufenthaltsdauer mit, da viele Tropenerkrankungen sehr spezifische Inkubationszeiten haben. Eine fr\u00fchzeitige Erkennung und gezielte Behandlung sind besonders wichtig, um schwerwiegende gesundheitliche Folgen zu vermeiden und Ihre Genesung sicherzustellen.<\/p>\n<p>[\/et_pb_text][\/et_pb_column][\/et_pb_row][et_pb_row _builder_version=&#8220;4.27.4&#8243; _module_preset=&#8220;default&#8220; global_colors_info=&#8220;{}&#8220;][et_pb_column type=&#8220;4_4&#8243; _builder_version=&#8220;4.27.4&#8243; _module_preset=&#8220;default&#8220; global_colors_info=&#8220;{}&#8220;][et_pb_heading title=&#8220;Woran sollte man denken (Beispiele f\u00fcr ungeliebte Reisemitbringsel)&#8220; _builder_version=&#8220;4.27.6&#8243; _module_preset=&#8220;default&#8220; title_level=&#8220;h3&#8243; global_colors_info=&#8220;{}&#8220;][\/et_pb_heading][\/et_pb_column][\/et_pb_row][et_pb_row column_structure=&#8220;1_2,1_2&#8243; _builder_version=&#8220;4.27.4&#8243; _module_preset=&#8220;default&#8220; global_colors_info=&#8220;{}&#8220;][et_pb_column type=&#8220;1_2&#8243; _builder_version=&#8220;4.27.4&#8243; _module_preset=&#8220;default&#8220; global_colors_info=&#8220;{}&#8220;][et_pb_accordion _builder_version=&#8220;4.27.4&#8243; _module_preset=&#8220;default&#8220; global_colors_info=&#8220;{}&#8220;][et_pb_accordion_item title=&#8220;Malaria&#8220; open=&#8220;on&#8220; _builder_version=&#8220;4.27.4&#8243; _module_preset=&#8220;default&#8220; global_colors_info=&#8220;{}&#8220;]<\/p>\n<p>Kann durch M\u00fcckenstiche \u00fcbertragen werden und verursacht Fieber, Sch\u00fcttelfrost und andere Symptome.<\/p>\n<p>[\/et_pb_accordion_item][et_pb_accordion_item title=&#8220;Dengue-Fieber&#8220; _builder_version=&#8220;4.27.4&#8243; _module_preset=&#8220;default&#8220; global_colors_info=&#8220;{}&#8220; open=&#8220;off&#8220;]<\/p>\n<p>Wird ebenfalls durch M\u00fcckenstiche \u00fcbertragen und kann hohes Fieber, Gliederschmerzen und Hautausschlag verursachen.<\/p>\n<p>[\/et_pb_accordion_item][et_pb_accordion_item title=&#8220;Gelbfieber&#8220; _builder_version=&#8220;4.27.4&#8243; _module_preset=&#8220;default&#8220; global_colors_info=&#8220;{}&#8220; open=&#8220;off&#8220;]<\/p>\n<p>Seltene Erkrankung, die durch M\u00fcckenstiche \u00fcbertragen wird. Symptome sind u.a. Fieber, Kopfschmerzen, Muskel- und Gelenkschmerzen.<\/p>\n<p>[\/et_pb_accordion_item][et_pb_accordion_item title=&#8220;Zika \/ Tests bei Kinderwunsch&#8220; _builder_version=&#8220;4.27.4&#8243; _module_preset=&#8220;default&#8220; global_colors_info=&#8220;{}&#8220; open=&#8220;off&#8220;]<\/p>\n<p>Das Zika-Virus wird meist durch Tigerm\u00fccken (Aedes) in den meisten sub- und tropischen Gebieten \u00fcbertragen. Die Infektion verl\u00e4uft meist sehr mild, d.h. gelegentlich auch unbemerkt. Eine Zika Virus Infektion in der Schwangerschaft bzw. kurz vor dem Eintritt einer Schwangerschaft kann jedoch zu erheblichen Fehlbildungen, vorallem des Kopfes und des Gehirns (Mikrozephalie), f\u00fchren. Wir bieten Ihnen neben einer ausf\u00fchrlichen Beratung, die M\u00f6glichkeit einer speziellen Labordiagnostik an. Hierdurch erhalten Sie mehr Sicherheit auf dem Weg Ihren Kinderwunsch zu realisieren.<\/p>\n<p>[\/et_pb_accordion_item][et_pb_accordion_item title=&#8220;Chikungunya&#8220; _builder_version=&#8220;4.27.4&#8243; _module_preset=&#8220;default&#8220; global_colors_info=&#8220;{}&#8220; open=&#8220;off&#8220;]<\/p>\n<p>F\u00fcr tropische und subtropische Regionen Asiens, Afrikas und Lateinamerikas steht ein nuer Impfstoff zur Verf\u00fcgung. Die virale Erkrankung geht mit hohem Fieber, Sch\u00fcttelfrost, Gliederschmerzen und Hautver\u00e4nderungen einher. Es existiert keine spezifische Therapie, daher erfolgt die Behandlung symptomatisch. Seit M\u00e4rz 2025 ist ein Lebendimpfstoff in Deutschland verf\u00fcgbar.<\/p>\n<p>[\/et_pb_accordion_item][\/et_pb_accordion][\/et_pb_column][et_pb_column type=&#8220;1_2&#8243; _builder_version=&#8220;4.27.4&#8243; _module_preset=&#8220;default&#8220; global_colors_info=&#8220;{}&#8220;][et_pb_accordion _builder_version=&#8220;4.27.4&#8243; _module_preset=&#8220;default&#8220; global_colors_info=&#8220;{}&#8220;][et_pb_accordion_item title=&#8220;Hepatitis&#8220; open=&#8220;on&#8220; _builder_version=&#8220;4.27.4&#8243; _module_preset=&#8220;default&#8220; global_colors_info=&#8220;{}&#8220;]<\/p>\n<p>Kann durch verschmutztes Wasser und Lebensmittel oder Blut \u00fcbertragen werden und f\u00fchrt zu Gelbsucht, M\u00fcdigkeit und Bauchschmerzen.<\/p>\n<p>[\/et_pb_accordion_item][et_pb_accordion_item title=&#8220;Reisedermatosen \/ Hauterkrankungen&#8220; _builder_version=&#8220;4.27.4&#8243; _module_preset=&#8220;default&#8220; global_colors_info=&#8220;{}&#8220; open=&#8220;off&#8220;]<\/p>\n<p>Zusammenfassung aller Hauterkrankungen oder -beschwerden, die durch Insektenstiche, Sonnenstrahlung, Kontakt mit bestimmten Pflanzen oder Tieren, bzw. Hygienem\u00e4ngel entstehen.<\/p>\n<p>H\u00e4ufig sind bakterielle und Pilzinfektionen, seltener Skabies (Kr\u00e4tze), Haut-Leishmaniose, auch als Orientbeule bekannte durch Sandm\u00fcckenstiche \u00fcbertragene Erkrankung, Infektionen durch den Hautmaulwurf (Larva migrans cutanea) und viele andere.<\/p>\n<p>[\/et_pb_accordion_item][et_pb_accordion_item title=&#8220;Tollwut &#8211; Notdienst &#8211; Postexpositionsprophylaxe&#8220; _builder_version=&#8220;4.27.4&#8243; _module_preset=&#8220;default&#8220; global_colors_info=&#8220;{}&#8220; open=&#8220;off&#8220;]<\/p>\n<p style=\"margin: 0cm; line-height: 18.0pt;\"><span style=\"font-family: 'Tahoma',sans-serif; color: #333333;\">Im Rahmen unserer reisemedizinischen Beratung stellen regelm\u00e4\u00dfig den Unterschied zwischen der <strong>pr\u00e4expositionellen Schutzimpfung<\/strong> gegen Tollwut zum Management im Notfall, d.h. nach erfolgten Tierkontakt bei<\/span> <span style=\"font-family: 'Tahoma',sans-serif; color: #333333;\">ungeimpften Reisenden dar.<br \/><\/span><\/p>\n<p style=\"margin: 0cm; line-height: 18.0pt;\"><span style=\"font-family: 'Tahoma',sans-serif; color: #333333;\">F\u00fcr den Fall, dass es bei ungeimpften Reisenden zu einem Kontakt (Biss- oder Kratzwunden, Speichelkontakt mit offenen Hautstellen oder Schleimh\u00e4uten) mit einem unbekannten bzw. tollwutverd\u00e4chtigen Tier kommt, sollte schnellstm\u00f6glich eine sog.\u00a0 <strong>Postexpositionsprophylaxe<\/strong> durchgef\u00fchrt werden. Dar\u00fcber hinaus sollten die Wunden umgehend, z.B. mit Wasser und Seife gesp\u00fclt werden und dann desinfiziert werden. Hierbei wird Alkohol, Povidon-Iod oder Octenidin verwendet werden. Eine <strong>\u00e4rztliche Beratung<\/strong> und Versorgung wird dringend empfohlen. Es gilt die Indikation f\u00fcr den Einsatz einer passiven Immunisierung mit Tollwut-Immunglobulin und der Beginn einer aktive Immunisierung mit Tollwut-Impfstoff zu besprechen.<\/span><\/p>\n<p style=\"margin: 0cm; line-height: 18.0pt;\">[\/et_pb_accordion_item][et_pb_accordion_item title=&#8220;Reisedurchfall&#8220; _builder_version=&#8220;4.27.4&#8243; _module_preset=&#8220;default&#8220; global_colors_info=&#8220;{}&#8220; open=&#8220;off&#8220;]<\/p>\n<p>Kann durch verunreinigtes Wasser oder Lebensmittel verursacht werden und f\u00fchrt zu Durchfall, \u00dcbelkeit und Bauchschmerzen.<\/p>\n<p>[\/et_pb_accordion_item][et_pb_accordion_item title=&#8220;Sexuell \u00fcbertragbare Erkrankungen (STD\/STI)&#8220; _builder_version=&#8220;4.27.4&#8243; _module_preset=&#8220;default&#8220; global_colors_info=&#8220;{}&#8220; open=&#8220;off&#8220;]<\/p>\n<p>Wir beraten Sie kompetent rund um das Thema sexuell \u00fcbertragbare Infektionen.\u00a0Zu den h\u00e4ufigsten sexuell \u00fcbertragbaren Krankheiten z\u00e4hlen Chlamydien, Gonorrh\u00f6 (Tripper), Syphilis, Herpes genitalis, HPV (Humane Papillomviren) und HIV. Diese Infektionen k\u00f6nnen verschiedene Beschwerden verursachen, verlaufen aber oftmals auch unbemerkt.<\/p>\n<p>[\/et_pb_accordion_item][\/et_pb_accordion][\/et_pb_column][\/et_pb_row][et_pb_row _builder_version=&#8220;4.27.6&#8243; _module_preset=&#8220;default&#8220; column_structure=&#8220;1_2,1_2&#8243;][et_pb_column _builder_version=&#8220;4.27.6&#8243; _module_preset=&#8220;default&#8220; type=&#8220;1_2&#8243;][et_pb_image src=&#8220;https:\/\/www.frauengesundheit-frankfurt.de\/wp-content\/uploads\/2026\/04\/AA.jpg&#8220; _builder_version=&#8220;4.27.6&#8243; _module_preset=&#8220;default&#8220; alt=&#8220;L\u00e4nder- und Gesundheitsinformationen des Ausw\u00e4rtigen Amts&#8220; title_text=&#8220;Ausw\u00e4rtiges Amt&#8220; url=&#8220;https:\/\/www.auswaertiges-amt.de\/de\/reiseundsicherheit\/reise-gesundheit\/02-information-krankheiten&#8220; url_new_window=&#8220;on&#8220; align=&#8220;center&#8220; hover_enabled=&#8220;0&#8243; sticky_enabled=&#8220;0&#8243; width=&#8220;66%&#8220; max_width=&#8220;66%&#8220;][\/et_pb_image][et_pb_text _builder_version=&#8220;4.27.6&#8243; _module_preset=&#8220;default&#8220; hover_enabled=&#8220;0&#8243; sticky_enabled=&#8220;0&#8243;]<\/p>\n<p style=\"text-align: center;\"><a href=\"https:\/\/www.auswaertiges-amt.de\/de\/reiseundsicherheit\/reise-gesundheit\/02-information-krankheiten\" target=\"_blank\" rel=\"noopener\">Weiteref\u00fchrende Informationen zu Infektions- und Tropenkrankheiten.<\/a><\/p>\n<p>[\/et_pb_text][\/et_pb_column][et_pb_column _builder_version=&#8220;4.27.6&#8243; _module_preset=&#8220;default&#8220; type=&#8220;1_2&#8243;][et_pb_image src=&#8220;https:\/\/www.frauengesundheit-frankfurt.de\/wp-content\/uploads\/2026\/04\/Uni_Mainz2.jpg&#8220; _builder_version=&#8220;4.27.6&#8243; _module_preset=&#8220;default&#8220; alt=&#8220;Universit\u00e4tsmedizin Mainz&#8220; title_text=&#8220;Universit\u00e4tsmedizin Mainz&#8220; hover_enabled=&#8220;0&#8243; sticky_enabled=&#8220;0&#8243; align=&#8220;center&#8220; url=&#8220;https:\/\/www.unimedizin-mainz.de\/medizinische-mikrobiologie-und-hygiene\/&#8220; url_new_window=&#8220;on&#8220;][\/et_pb_image][et_pb_text _builder_version=&#8220;4.27.6&#8243; _module_preset=&#8220;default&#8220; hover_enabled=&#8220;0&#8243; sticky_enabled=&#8220;0&#8243;]<\/p>\n<p style=\"text-align: center;\"><a href=\"https:\/\/www.unimedizin-mainz.de\/medizinische-mikrobiologie-und-hygiene\/\" target=\"_blank\" rel=\"noopener\">Laborpartner: MVZ der Universit\u00e4tsmedizin Mainz<\/a><\/p>\n<p>[\/et_pb_text][\/et_pb_column][\/et_pb_row][et_pb_row column_structure=&#8220;1_2,1_2&#8243; _builder_version=&#8220;4.27.4&#8243; _module_preset=&#8220;default&#8220; global_colors_info=&#8220;{}&#8220;][et_pb_column type=&#8220;1_2&#8243; _builder_version=&#8220;4.27.4&#8243; _module_preset=&#8220;default&#8220; global_colors_info=&#8220;{}&#8220;][et_pb_button button_url=&#8220;\/reisemedizin&#8220; button_text=&#8220;Zur\u00fcck zur \u00dcbersichtsseite&#8220; button_alignment=&#8220;center&#8220; _builder_version=&#8220;4.27.4&#8243; _module_preset=&#8220;default&#8220; custom_button=&#8220;on&#8220; button_text_color=&#8220;gcid-ff1cd8ff-d53b-4acb-a6a2-d8058e5df3bb&#8220; button_icon=&#8220;&#x4a;||divi||400&#8243; button_icon_placement=&#8220;left&#8220; button_on_hover=&#8220;off&#8220; global_colors_info=&#8220;{%22gcid-ff1cd8ff-d53b-4acb-a6a2-d8058e5df3bb%22:%91%22button_text_color%22%93}&#8220;][\/et_pb_button][\/et_pb_column][et_pb_column type=&#8220;1_2&#8243; _builder_version=&#8220;4.27.4&#8243; _module_preset=&#8220;default&#8220; global_colors_info=&#8220;{}&#8220;][et_pb_button button_url=&#8220;\/termin&#8220; button_text=&#8220;Termin buchen&#8220; button_alignment=&#8220;center&#8220; _builder_version=&#8220;4.27.4&#8243; _module_preset=&#8220;default&#8220; custom_button=&#8220;on&#8220; button_text_color=&#8220;gcid-ff1cd8ff-d53b-4acb-a6a2-d8058e5df3bb&#8220; button_icon=&#8220;&#xf073;||fa||900&#8243; button_icon_placement=&#8220;left&#8220; button_on_hover=&#8220;off&#8220; global_colors_info=&#8220;{%22gcid-ff1cd8ff-d53b-4acb-a6a2-d8058e5df3bb%22:%91%22button_text_color%22%93}&#8220;][\/et_pb_button][\/et_pb_column][\/et_pb_row][\/et_pb_section]<\/p>\n","protected":false},"excerpt":{"rendered":"<p>Notf\u00e4lleUntersuchungen nach einem Auslands- \/ Tropenaufenthalt\u00a0f\u00fchren wir ebenfalls durch. Sollten Sie erkrankt von Ihrer Reise zur\u00fcckkehren und unsere Hilfe ben\u00f6tigen steht Ihnen in der Regel ein Behandler\u00a0kurzfristig zur Verf\u00fcgung. Bitte melden Sie sich in diesem Falle telefonisch bei uns unter 069-173 26 760 oder schreiben Sie eine kurze Nachricht \u00fcber das Kontaktformular. Schildern Sie in [&hellip;]<\/p>\n","protected":false},"author":1,"featured_media":0,"parent":56,"menu_order":50,"comment_status":"closed","ping_status":"closed","template":"","meta":{"_et_pb_use_builder":"on","_et_pb_old_content":"","_et_gb_content_width":"","footnotes":""},"class_list":["post-1376853","page","type-page","status-publish","hentry"],"_links":{"self":[{"href":"https:\/\/www.frauengesundheit-frankfurt.de\/en\/wp-json\/wp\/v2\/pages\/1376853","targetHints":{"allow":["GET"]}}],"collection":[{"href":"https:\/\/www.frauengesundheit-frankfurt.de\/en\/wp-json\/wp\/v2\/pages"}],"about":[{"href":"https:\/\/www.frauengesundheit-frankfurt.de\/en\/wp-json\/wp\/v2\/types\/page"}],"author":[{"embeddable":true,"href":"https:\/\/www.frauengesundheit-frankfurt.de\/en\/wp-json\/wp\/v2\/users\/1"}],"replies":[{"embeddable":true,"href":"https:\/\/www.frauengesundheit-frankfurt.de\/en\/wp-json\/wp\/v2\/comments?post=1376853"}],"version-history":[{"count":2,"href":"https:\/\/www.frauengesundheit-frankfurt.de\/en\/wp-json\/wp\/v2\/pages\/1376853\/revisions"}],"predecessor-version":[{"id":1378787,"href":"https:\/\/www.frauengesundheit-frankfurt.de\/en\/wp-json\/wp\/v2\/pages\/1376853\/revisions\/1378787"}],"up":[{"embeddable":true,"href":"https:\/\/www.frauengesundheit-frankfurt.de\/en\/wp-json\/wp\/v2\/pages\/56"}],"wp:attachment":[{"href":"https:\/\/www.frauengesundheit-frankfurt.de\/en\/wp-json\/wp\/v2\/media?parent=1376853"}],"curies":[{"name":"wp","href":"https:\/\/api.w.org\/{rel}","templated":true}]}}