{"id":1376847,"date":"2025-06-08T15:08:01","date_gmt":"2025-06-08T13:08:01","guid":{"rendered":"https:\/\/fragyn.appentwicklung-frankfurt.de\/?page_id=1376847"},"modified":"2026-04-08T06:06:24","modified_gmt":"2026-04-08T04:06:24","slug":"vektoruebertragene-erkrankungen","status":"publish","type":"page","link":"https:\/\/www.frauengesundheit-frankfurt.de\/en\/reisemedizin\/vektoruebertragene-erkrankungen\/","title":{"rendered":"Vector-borne diseases"},"content":{"rendered":"<p>[et_pb_section fb_built=&#8220;1&#8243; admin_label=&#8220;About&#8220; _builder_version=&#8220;4.16&#8243; _module_preset=&#8220;default&#8220; overflow-x=&#8220;hidden&#8220; overflow-y=&#8220;hidden&#8220; locked=&#8220;off&#8220; global_colors_info=&#8220;{}&#8220;][et_pb_row column_structure=&#8220;1_2,1_2&#8243; _builder_version=&#8220;4.16&#8243; _module_preset=&#8220;default&#8220; global_colors_info=&#8220;{}&#8220;][et_pb_column type=&#8220;1_2&#8243; _builder_version=&#8220;4.16&#8243; _module_preset=&#8220;default&#8220; global_colors_info=&#8220;{}&#8220;][et_pb_text _builder_version=&#8220;4.27.6&#8243; _module_preset=&#8220;default&#8220; header_3_font=&#8220;EB Garamond|600|||||||&#8220; header_3_font_size=&#8220;20px&#8220; custom_margin=&#8220;||10px||false|false&#8220; hover_enabled=&#8220;0&#8243; locked=&#8220;off&#8220; global_colors_info=&#8220;{}&#8220; sticky_enabled=&#8220;0&#8243;]<\/p>\n<h1 id=\"cc-m-header-12443502297\">Vektor\u00fcbertragene Erkrankungen<\/h1>\n<p>[\/et_pb_text][et_pb_divider color=&#8220;#9F7C5A&#8220; _builder_version=&#8220;4.27.4&#8243; _module_preset=&#8220;default&#8220; width=&#8220;70%&#8220; locked=&#8220;off&#8220; global_colors_info=&#8220;{}&#8220;][\/et_pb_divider][et_pb_text _builder_version=&#8220;4.27.6&#8243; _module_preset=&#8220;default&#8220; header_2_font=&#8220;||||||||&#8220; header_2_font_size=&#8220;48px&#8220; header_2_line_height=&#8220;1.3em&#8220; header_2_font_size_tablet=&#8220;34px&#8220; header_2_font_size_phone=&#8220;22px&#8220; header_2_font_size_last_edited=&#8220;on|phone&#8220; locked=&#8220;off&#8220; global_colors_info=&#8220;{}&#8220; header_2_2_font_size_tablet=&#8220;34px&#8220; header_3_2_font_size_tablet=&#8220;34px&#8220; header_4_2_font_size_tablet=&#8220;34px&#8220; header_5_2_font_size_tablet=&#8220;34px&#8220; header_6_2_font_size_tablet=&#8220;34px&#8220; header_2_2_font_size_phone=&#8220;22px&#8220; header_3_2_font_size_phone=&#8220;22px&#8220; header_4_2_font_size_phone=&#8220;22px&#8220; header_5_2_font_size_phone=&#8220;22px&#8220; header_6_2_font_size_phone=&#8220;22px&#8220; header_2_2_font_size_last_edited=&#8220;on|phone&#8220; header_3_2_font_size_last_edited=&#8220;on|phone&#8220; header_4_2_font_size_last_edited=&#8220;on|phone&#8220; header_5_2_font_size_last_edited=&#8220;on|phone&#8220; header_6_2_font_size_last_edited=&#8220;on|phone&#8220;]<\/p>\n<h2>Vorwiegend in den Tropen und Subtropen \u00fcbertragen Steckm\u00fccken\u00a0 verschiendene Viren wie Zika, Dengue und <span>Chikungunya.\u00a0\u00a0<\/span><\/h2>\n<p>[\/et_pb_text][et_pb_text _builder_version=&#8220;4.27.4&#8243; _module_preset=&#8220;default&#8220; text_font=&#8220;ABeeZee||||||||&#8220; text_line_height=&#8220;2em&#8220; locked=&#8220;off&#8220; global_colors_info=&#8220;{}&#8220;]<\/p>\n<p><span>Aedes ist eine Gattung der Stechm\u00fccken mit Schwerpunkt in den Tropen und Subtropen; in Europa gibt es nur wenige Arten. Der Name Aedes stammt aus dem Altgriechischen und bedeutet &#8222;unangenehm&#8220; oder &#8222;l\u00e4stig&#8220;, da die Weibchen Blut saugen und Krankheiten wie Dengue, Gelbfieber und Zika \u00fcbertragen k\u00f6nnen. Einige Arten, wie die Asiatische Tigerm\u00fccke (Aedes albopictus), wurden durch Menschen in andere Erdteile eingeschleppt.<\/span><\/p>\n<p>&nbsp;<\/p>\n<p>[\/et_pb_text][\/et_pb_column][et_pb_column type=&#8220;1_2&#8243; _builder_version=&#8220;4.16&#8243; _module_preset=&#8220;default&#8220; global_colors_info=&#8220;{}&#8220;][et_pb_image src=&#8220;https:\/\/www.frauengesundheit-frankfurt.de\/wp-content\/uploads\/2025\/05\/AdobeStock_815030812-scaled.jpeg&#8220; title_text=&#8220;dengue hemorrhagic fever aedes mosquito sucking human through the skin&#8220; _builder_version=&#8220;4.27.6&#8243; _module_preset=&#8220;default&#8220; custom_margin=&#8220;70px||||false|false&#8220; hover_enabled=&#8220;0&#8243; global_colors_info=&#8220;{}&#8220; alt=&#8220;Erkennbar ist eine Tigerm\u00fccke W\u00e4hrend der Blutmahlzeit. Vektor\u00fcbertragene Erkrankungen spielen eine zunehmende Rolle in der Reisemedizin. Moskitos dieser Gattung \u00fcbertragen zum Beispiel Denguefieber.&#8220; sticky_enabled=&#8220;0&#8243;][\/et_pb_image][\/et_pb_column][\/et_pb_row][et_pb_row _builder_version=&#8220;4.27.4&#8243; _module_preset=&#8220;default&#8220; global_colors_info=&#8220;{}&#8220;][et_pb_column type=&#8220;4_4&#8243; _builder_version=&#8220;4.27.4&#8243; _module_preset=&#8220;default&#8220; global_colors_info=&#8220;{}&#8220;][et_pb_tabs _builder_version=&#8220;4.27.4&#8243; _module_preset=&#8220;default&#8220; custom_padding=&#8220;||44px|||&#8220; global_colors_info=&#8220;{}&#8220;][et_pb_tab title=&#8220;Zika-Virus&#8220; _builder_version=&#8220;4.27.4&#8243; _module_preset=&#8220;default&#8220; global_colors_info=&#8220;{}&#8220;]<\/p>\n<p>Das Zika-Virus wird als vektor\u00fcbertragene Erkrankung meist durch Tigerm\u00fccken (Aedes) in den meisten sub- und tropischen Gebieten \u00fcbertragen. Die Infektion verl\u00e4uft meist sehr mild, d.h. gelegentlich auch unbemerkt. Eine Zika Virus Infektion in der Schwangerschaft bzw. kurz vor dem Eintritt einer Schwangerschaft kann jedoch zu erheblichen Fehlbildungen, vorallem des Kopfes und des Gehirns (Mikrozephalie), f\u00fchren. Wir bieten Ihnen neben einer ausf\u00fchrlichen Beratung, die M\u00f6glichkeit einer speziellen Labordiagnostik an. Hierdurch erhalten Sie mehr Sicherheit auf dem Weg Ihren Kinderwunsch zu realisieren.<\/p>\n<p>Symptome der Zikavirus-Infektion:<\/p>\n<div class=\"WaaZC\">\n<div class=\"RJPOee EIJn2\">\n<ul jscontroller=\"M2ABbc\" jsaction=\"jZtoLb:SaHfyb\" data-hveid=\"CCQQAQ\" data-ved=\"2ahUKEwi8guGPiZyNAxUW_7sIHXGDJz0Qm_YKegQIJBAB\">\n<li>Fieber mit Temperaturen bis 39 Grad Celsius<\/li>\n<li>Typischer, makulopapul\u00f6ser Ausschlag, der sich oft auf dem ganzen K\u00f6rper verteilt<\/li>\n<li>Gelenkschmerzen, vor allem an H\u00e4nden und F\u00fc\u00dfen<\/li>\n<li>R\u00f6tung und Schwellung der Augen im Sinne einer Konjunktivitis<\/li>\n<li>Oftmals Kopfschmerzen<\/li>\n<li><span data-huuid=\"12573973967015390090\">M\u00fcdigkeit, Schwindel, \u00dcbelkeit, Erbrechen, Durchfall<\/span><\/li>\n<\/ul>\n<div class=\"WaaZC\">\n<div class=\"RJPOee EIJn2\">\n<div class=\"rPeykc pyPiTc\" data-hveid=\"CCoQAQ\" data-ved=\"2ahUKEwi8guGPiZyNAxUW_7sIHXGDJz0Qo_EKegQIKhAB\"><span data-huuid=\"14279762685623377022\">Spezifische Auswirkungen\u00a0 in der Schwangerschaft:<\/span><\/div>\n<\/div>\n<\/div>\n<div class=\"WaaZC\">\n<div class=\"RJPOee EIJn2\">\n<ul jscontroller=\"M2ABbc\" jsaction=\"jZtoLb:SaHfyb\" data-hveid=\"CDAQAQ\" data-ved=\"2ahUKEwi8guGPiZyNAxUW_7sIHXGDJz0Qm_YKegQIMBAB\">\n<li>Mikrozephalie: Kleinerer Kopf mit Hirnver\u00e4nderungen beim Neugeborenen.<\/li>\n<li>Neurologische St\u00f6rungen, wie eine reduzierte Hirnrinde, Netzhautver\u00e4nderungen, Gelenkversteifungen und Spastiken<\/li>\n<\/ul>\n<\/div>\n<\/div>\n<\/div>\n<\/div>\n<p>[\/et_pb_tab][et_pb_tab title=&#8220;Dengue-Virus&#8220; _builder_version=&#8220;4.27.4&#8243; _module_preset=&#8220;default&#8220; global_colors_info=&#8220;{}&#8220;]<\/p>\n<p>Dengue-Fieber ist eine weltweit verbreitete Virusinfektion, die als vektor\u00fcbertagene Erkrankung von Stechm\u00fccken auf den Menschen \u00fcbertragen wird. Diese Erkrankung tritt vor allem in tropischen und subtropischen Regionen auf. Aufgrund des Klimawandels und der Globalisierung ist eine starke Zunahme dieser Viruserkrankung zu erwarten.<br \/>Eine urs\u00e4chliche Therapie bei Dengue-Fieber existiert nicht. Im Falle einer Infektion k\u00f6nnen lediglich die Symptome behandelt werden. Bei Reisen in die Tropen oder Subtropen ist es grunds\u00e4tzlich sinnvoll, M\u00fcckenstiche zu vermeiden. Eine Impfung ist verf\u00fcgbar und sollte insbesondere bei bereits erfolgter Infektion oder f\u00fcr Langzeitaufenthalte individuell erwogen werden.<\/p>\n<p>Symptome<\/p>\n<ul>\n<li>Hohes Fieber bis \u00fcber 40 Grad Celsius<\/li>\n<li>Starke Kopfschmerzen, insbesondere hinter den Augen<\/li>\n<li>Muskel-, Gelenk und Knochenschmerzen<\/li>\n<li>Fleckiger, blassroter Hautausschlag<\/li>\n<li>\u00dcbelkeit\/Erbrechen<\/li>\n<li>In seltenen F\u00e4llen k\u00f6nnen sich Blutungen (auch innere Blutungen), Kreislaufversagen und Schock entwickeln<\/li>\n<li>Selten entwickeln sich Sp\u00e4tmanifestationen mit chronischer M\u00fcdigkeit, Ersch\u00f6pfung und Haarausfall\u00a0<\/li>\n<\/ul>\n<p>[\/et_pb_tab][et_pb_tab title=&#8220;Chikungunya-Virus&#8220; _builder_version=&#8220;4.27.4&#8243; _module_preset=&#8220;default&#8220; global_colors_info=&#8220;{}&#8220;]<\/p>\n<p>Chikungunya-Fieber tritt 3 bis 12 Tage nach einem M\u00fcckenstich auf. Symptome sind hohes Fieber, starke Gelenkschmerzen, Muskelschmerzen und Kopfschmerzen.<\/p>\n<p>Weitere m\u00f6gliche Beschwerden:<\/p>\n<ul>\n<li>Hautausschlag<\/li>\n<li>R\u00f6tungen der Augen<\/li>\n<li>Gelenkschwellungen<\/li>\n<li>\u00dcbelkeit, Erbrechen, Appetitlosigkeit, Bluterg\u00fcsse<\/li>\n<li>Bewegungseinschr\u00e4nkungen, Gangbild des &#8222;gekr\u00fcmmten Mannes&#8220;<\/li>\n<li>Lang anhaltende Gelenkschmerzen<\/li>\n<\/ul>\n<p>[\/et_pb_tab][et_pb_tab title=&#8220;Oropouche-Fieber&#8220; _builder_version=&#8220;4.27.4&#8243; _module_preset=&#8220;default&#8220; global_colors_info=&#8220;{}&#8220;]<\/p>\n<p>Das Oropouche-Fieber wird durch das Oropouche-Virus verursacht und \u00fcber infizierte M\u00fccken und kleine Fliegen (Culicoides paraensis) \u00fcbertragen. Es geh\u00f6rt zu den Arboviren.<br \/>Die Krankheit ist nach dem Oropouche-Fluss in Trinidad benannt, tritt aber auch in Kuba, Brasilien, Bolivien, Kolumbien und Peru auf.<\/p>\n<p>Die Symptome des Oropouche-Fiebers sind denen des Dengue-Fiebers \u00e4hnlich und umfassen Kopfschmerzen, Fieber, Muskelschmerzen, steife Gelenke, \u00dcbelkeit, Erbrechen, Sch\u00fcttelfrost oder Lichtempfindlichkeit. In schweren F\u00e4llen kann es zu neuroinvasiven Erkrankungen wie Meningitis kommen.<\/p>\n<p>Die Pan American Health Organization (PAHO) hat 2024 eine Epidemiewarnung wegen des Verdachts auf pr\u00e4natale \u00dcbertragung des Oropouche-Virus in Brasilien herausgegeben:<br \/>Zwei schwangere Frauen mit einer OROV-Infektion hatten Fehlgeburten in der 8. und 30. Schwangerschaftswoche. Erste Hinweise deuten darauf hin, dass das Virus \u00e4hnliche Fehlbildungen wie das Zika-Virus verursachen k\u00f6nnte. Daher wird die \u00dcberwachung von Schwangeren verst\u00e4rkt. Es ist jedoch noch unklar, ob das Oropouche-Virus in diesen F\u00e4llen tats\u00e4chlich die Ursache f\u00fcr die gesundheitlichen Folgen beim Feten war.<\/p>\n<p>[\/et_pb_tab][\/et_pb_tabs][\/et_pb_column][\/et_pb_row][et_pb_row column_structure=&#8220;1_2,1_2&#8243; _builder_version=&#8220;4.16&#8243; _module_preset=&#8220;default&#8220; global_colors_info=&#8220;{}&#8220;][et_pb_column type=&#8220;1_2&#8243; _builder_version=&#8220;4.16&#8243; _module_preset=&#8220;default&#8220; global_colors_info=&#8220;{}&#8220;][et_pb_text _builder_version=&#8220;4.27.6&#8243; _module_preset=&#8220;default&#8220; header_3_font=&#8220;EB Garamond|600|||||||&#8220; header_3_font_size=&#8220;20px&#8220; custom_margin=&#8220;||10px||false|false&#8220; locked=&#8220;off&#8220; global_colors_info=&#8220;{}&#8220;]<\/p>\n<h2>Malaria<\/h2>\n<p>[\/et_pb_text][et_pb_divider color=&#8220;#9F7C5A&#8220; _builder_version=&#8220;4.27.4&#8243; _module_preset=&#8220;default&#8220; width=&#8220;70%&#8220; custom_margin=&#8220;||||false|false&#8220; locked=&#8220;off&#8220; global_colors_info=&#8220;{}&#8220;][\/et_pb_divider][et_pb_text _builder_version=&#8220;4.27.6&#8243; _module_preset=&#8220;default&#8220; header_2_font=&#8220;EB Garamond||||||||&#8220; header_2_font_size=&#8220;48px&#8220; header_2_line_height=&#8220;1.3em&#8220; header_2_font_size_tablet=&#8220;34px&#8220; header_2_font_size_phone=&#8220;22px&#8220; header_2_font_size_last_edited=&#8220;on|phone&#8220; locked=&#8220;off&#8220; global_colors_info=&#8220;{}&#8220; header_2_2_font_size_tablet=&#8220;34px&#8220; header_3_2_font_size_tablet=&#8220;34px&#8220; header_4_2_font_size_tablet=&#8220;34px&#8220; header_5_2_font_size_tablet=&#8220;34px&#8220; header_6_2_font_size_tablet=&#8220;34px&#8220; header_2_2_font_size_phone=&#8220;22px&#8220; header_3_2_font_size_phone=&#8220;22px&#8220; header_4_2_font_size_phone=&#8220;22px&#8220; header_5_2_font_size_phone=&#8220;22px&#8220; header_6_2_font_size_phone=&#8220;22px&#8220; header_2_2_font_size_last_edited=&#8220;on|phone&#8220; header_3_2_font_size_last_edited=&#8220;on|phone&#8220; header_4_2_font_size_last_edited=&#8220;on|phone&#8220; header_5_2_font_size_last_edited=&#8220;on|phone&#8220; header_6_2_font_size_last_edited=&#8220;on|phone&#8220;]<\/p>\n<p>Was ist Malaria?<\/p>\n<p>[\/et_pb_text][et_pb_text _builder_version=&#8220;4.27.4&#8243; _module_preset=&#8220;default&#8220; text_font=&#8220;ABeeZee||||||||&#8220; text_line_height=&#8220;2em&#8220; locked=&#8220;off&#8220; global_colors_info=&#8220;{}&#8220;]<\/p>\n<p>Malaria wird durch einzellige Blutparasiten verursacht und von Stechm\u00fccken \u00fcbertragen. Die Krankheit \u00e4u\u00dfert sich durch Fieber und Begleiterscheinungen wie Kopf- und Gliederschmerzen, Durchfall oder Erbrechen.<br \/>Es gibt zwei Hauptformen:<\/p>\n<ul>\n<li>Malaria tertiana: Verl\u00e4uft meist mit Sch\u00fcttelfrost.<\/li>\n<li>Malaria tropica: F\u00fchrt zu anhaltendem Fieber und kann unbehandelt lebensbedrohlich sein.<\/li>\n<\/ul>\n<p>In der Regel ist Malaria heilbar, wenn sie rechtzeitig erkannt wird. Denken Sie bei Symptomen w\u00e4hrend oder nach einem Tropenaufenthalt immer an die M\u00f6glichkeit einer Malaria und suchen Sie sofort einen Arzt auf.<\/p>\n<p>[\/et_pb_text][\/et_pb_column][et_pb_column type=&#8220;1_2&#8243; _builder_version=&#8220;4.16&#8243; _module_preset=&#8220;default&#8220; global_colors_info=&#8220;{}&#8220;][et_pb_image src=&#8220;https:\/\/www.frauengesundheit-frankfurt.de\/wp-content\/uploads\/2025\/05\/AdobeStock_844452011-scaled.jpeg&#8220; title_text=&#8220;Mosquito bites skin close-up with drinking blood with red body.&#8220; _builder_version=&#8220;4.27.4&#8243; _module_preset=&#8220;default&#8220; custom_margin=&#8220;70px||||false|false&#8220; global_colors_info=&#8220;{}&#8220;][\/et_pb_image][\/et_pb_column][\/et_pb_row][et_pb_row _builder_version=&#8220;4.27.6&#8243; _module_preset=&#8220;default&#8220; column_structure=&#8220;1_2,1_2&#8243;][et_pb_column _builder_version=&#8220;4.27.6&#8243; _module_preset=&#8220;default&#8220; type=&#8220;1_2&#8243;][et_pb_image src=&#8220;https:\/\/www.glenmark.de\/files\/user_upload\/Malaria_Verbreitungsgebiete.jpg&#8220; _builder_version=&#8220;4.27.6&#8243; _module_preset=&#8220;default&#8220; width=&#8220;83%&#8220; max_width=&#8220;84%&#8220; hover_enabled=&#8220;0&#8243; sticky_enabled=&#8220;0&#8243;][\/et_pb_image][\/et_pb_column][et_pb_column _builder_version=&#8220;4.27.6&#8243; _module_preset=&#8220;default&#8220; type=&#8220;1_2&#8243;][et_pb_text _builder_version=&#8220;4.27.6&#8243; _module_preset=&#8220;default&#8220; hover_enabled=&#8220;0&#8243; sticky_enabled=&#8220;0&#8243;]<\/p>\n<p>Malaria ist eine der weltweit bedeutendsten Infektionskrankheiten und kommt vor allem in tropischen und subtropischen Regionen vor. Besonders betroffen sind gro\u00dfe Teile Subsahara\u2011Afrikas, aber auch Regionen in S\u00fcd\u2011 und S\u00fcdostasien, Lateinamerika sowie einzelne Gebiete im Nahen Osten und Ozeanien. In vielen dieser L\u00e4nder ist Malaria weiterhin endemisch und stellt ein ernstzunehmendes Gesundheitsrisiko dar \u2013 insbesondere f\u00fcr Reisende ohne nat\u00fcrliche Teilimmunit\u00e4t.<\/p>\n<p>[\/et_pb_text][\/et_pb_column][\/et_pb_row][et_pb_row _builder_version=&#8220;4.27.4&#8243; _module_preset=&#8220;default&#8220; global_colors_info=&#8220;{}&#8220;][et_pb_column type=&#8220;4_4&#8243; _builder_version=&#8220;4.27.4&#8243; _module_preset=&#8220;default&#8220; global_colors_info=&#8220;{}&#8220;][et_pb_tabs _builder_version=&#8220;4.27.4&#8243; _module_preset=&#8220;default&#8220; custom_padding=&#8220;||44px|||&#8220; global_colors_info=&#8220;{}&#8220;][et_pb_tab title=&#8220;Expositionsprophylaxe&#8220; _builder_version=&#8220;4.27.4&#8243; _module_preset=&#8220;default&#8220; global_colors_info=&#8220;{}&#8220;]<\/p>\n<p>Malariam\u00fccken sind vor allem in den Abend- und Nachtstunden aktiv. Folgende Ma\u00dfnahmen k\u00f6nnen das Infektionsrisiko erheblich reduzieren:<\/p>\n<ul>\n<li>Aufenthalt in m\u00fcckengesch\u00fctzten R\u00e4umen w\u00e4hrend der Dunkelheit<\/li>\n<li>K\u00f6rperbedeckende Kleidung im Freien nach Einbruch der D\u00e4mmerung<\/li>\n<li>Verwendung von insektenabwehrenden Mitteln (Repellents) auf unbedeckten Hautstellen<\/li>\n<li>Freihalten der Schlafr\u00e4ume von M\u00fccken durch Klimaanlage, Fliegengitter (Screens), mechanisches Abt\u00f6ten und gegebenenfalls Insektizide (Aerosol, Verdampfer, Kerzen, R\u00e4ucherspiralen)<\/li>\n<li>Schlafen unter einem intakten Moskitonetz<\/li>\n<\/ul>\n<p>[\/et_pb_tab][et_pb_tab title=&#8220;Selbstbehandlung im Notfall (NST)&#8220; _builder_version=&#8220;4.27.4&#8243; _module_preset=&#8220;default&#8220; global_colors_info=&#8220;{}&#8220;]<\/p>\n<p>Bei Auftreten von Fieber w\u00e4hrend oder nach einem Aufenthalt in einem Malariagebiet ist umgehend ein Arzt aufzusuchen. Das Fieber kann verschiedene Ursachen haben, m\u00f6glicherweise handelt es sich jedoch um Malaria. Fieber, das in der ersten Woche eines Aufenthalts in einem Malariagebiet auftritt, kann im Allgemeinen keine Malaria sein, da die Malariaparasiten fr\u00fchestens 7 Tage nach der Infektion im Blut erscheinen bzw. Fieber verursachen.<\/p>\n<p>Ist innerhalb von 24 Stunden kein Arzt erreichbar, sollte unter dem Verdacht einer Malaria tropica eine Notfall-Selbstbehandlung mit dem verordneten Medikament gem\u00e4\u00df den Angaben in der Packungsbeilage durchgef\u00fchrt werden. Ein Arztbesuch ist in jedem Fall zum n\u00e4chstm\u00f6glichen Zeitpunkt nachzuholen, auch bei Besserung der Symptome. Diese Empfehlung gilt insbesondere f\u00fcr Kinder und Schwangere.<\/p>\n<p>[\/et_pb_tab][et_pb_tab title=&#8220;Nebenwirkungen&#8220; _builder_version=&#8220;4.27.4&#8243; _module_preset=&#8220;default&#8220; global_colors_info=&#8220;{}&#8220;]<\/p>\n<p>Malariamedikamente k\u00f6nnen Neben- oder Wechselwirkungen ausl\u00f6sen. Bei st\u00e4rkeren Nebenwirkungen sollten Sie das Medikament absetzen (siehe Packungsbeilage) und vor Ort einen Arzt aufsuchen, der eine Alternative verschreiben oder Ratschl\u00e4ge geben kann. Die kosequente Einnahme einer Chemoprophylaxe ist vor allem in Hochrisikogebieten unumg\u00e4nglich.<\/p>\n<p>[\/et_pb_tab][\/et_pb_tabs][et_pb_heading title=&#8220;Digitale Unterst\u00fctzung f\u00fcr Ihre Malaria\u2011Prophylaxe&#8220; _builder_version=&#8220;4.27.6&#8243; _module_preset=&#8220;default&#8220; hover_enabled=&#8220;0&#8243; sticky_enabled=&#8220;0&#8243; title_level=&#8220;h3&#8243;][\/et_pb_heading][\/et_pb_column][\/et_pb_row][et_pb_row _builder_version=&#8220;4.27.6&#8243; _module_preset=&#8220;default&#8220; column_structure=&#8220;1_2,1_2&#8243;][et_pb_column _builder_version=&#8220;4.27.6&#8243; _module_preset=&#8220;default&#8220; type=&#8220;1_2&#8243;][et_pb_image src=&#8220;https:\/\/www.frauengesundheit-frankfurt.de\/wp-content\/uploads\/2026\/04\/MalariaApp.png&#8220; _builder_version=&#8220;4.27.6&#8243; _module_preset=&#8220;default&#8220; hover_enabled=&#8220;0&#8243; sticky_enabled=&#8220;0&#8243; alt=&#8220;Malaria und Malariaprophylaxe &#8211; digitale Unters\u00fctzung durch moderne App und aktuelle Informationen&#8220; title_text=&#8220;MalariaApp&#8220; width=&#8220;52%&#8220; max_width=&#8220;52%&#8220; url_new_window=&#8220;on&#8220; url=&#8220;https:\/\/www.glenmark.de\/gesundheit\/malariaprophylaxe\/&#8220;][\/et_pb_image][\/et_pb_column][et_pb_column _builder_version=&#8220;4.27.6&#8243; _module_preset=&#8220;default&#8220; type=&#8220;1_2&#8243;][et_pb_text _builder_version=&#8220;4.27.6&#8243; _module_preset=&#8220;default&#8220; hover_enabled=&#8220;0&#8243; sticky_enabled=&#8220;0&#8243;]<\/p>\n<p>Ob als App oder webbasiert \u2013 nutzen Sie jetzt kostenlos einen digitalen Therapiebegleiter zur Unterst\u00fctzung Ihrer Malaria\u2011Prophylaxe. Dieser bietet Ihnen jederzeit verl\u00e4ssliche, leicht verst\u00e4ndliche Informationen rund um die Vorsorge vor Malaria, m\u00f6gliche Stand\u2011by\u2011Therapien sowie die korrekte Anwendung verordneter Medikamente.<br \/>Der digitale Begleiter hilft Ihnen dabei, den \u00dcberblick zu behalten und Ihre Prophylaxe sicher und informiert umzusetzen \u2013 erg\u00e4nzend zur \u00e4rztlichen Beratung.<\/p>\n<p>Weitere Informationen (extern) finden Sie hier: <a href=\"https:\/\/www.glenmark.de\/gesundheit\/malariaprophylaxe\/\" target=\"_blank\" rel=\"noopener\">Digitale Begleitung zur Malariaprophylaxe<\/a><\/p>\n<p>[\/et_pb_text][\/et_pb_column][\/et_pb_row][et_pb_row column_structure=&#8220;1_2,1_2&#8243; _builder_version=&#8220;4.27.4&#8243; _module_preset=&#8220;default&#8220; global_colors_info=&#8220;{}&#8220;][et_pb_column type=&#8220;1_2&#8243; _builder_version=&#8220;4.27.4&#8243; _module_preset=&#8220;default&#8220; global_colors_info=&#8220;{}&#8220;][et_pb_button button_url=&#8220;\/reisemedizin&#8220; button_text=&#8220;Zur\u00fcck zur \u00dcbersichtsseite&#8220; button_alignment=&#8220;center&#8220; _builder_version=&#8220;4.27.4&#8243; _module_preset=&#8220;default&#8220; custom_button=&#8220;on&#8220; button_text_color=&#8220;gcid-ff1cd8ff-d53b-4acb-a6a2-d8058e5df3bb&#8220; button_icon=&#8220;&#x4a;||divi||400&#8243; button_icon_placement=&#8220;left&#8220; button_on_hover=&#8220;off&#8220; global_colors_info=&#8220;{%22gcid-ff1cd8ff-d53b-4acb-a6a2-d8058e5df3bb%22:%91%22button_text_color%22%93}&#8220;][\/et_pb_button][\/et_pb_column][et_pb_column type=&#8220;1_2&#8243; _builder_version=&#8220;4.27.4&#8243; _module_preset=&#8220;default&#8220; global_colors_info=&#8220;{}&#8220;][et_pb_button button_url=&#8220;\/termin&#8220; button_text=&#8220;Termin buchen&#8220; button_alignment=&#8220;center&#8220; _builder_version=&#8220;4.27.4&#8243; _module_preset=&#8220;default&#8220; custom_button=&#8220;on&#8220; button_text_color=&#8220;gcid-ff1cd8ff-d53b-4acb-a6a2-d8058e5df3bb&#8220; button_icon=&#8220;&#xf073;||fa||900&#8243; button_icon_placement=&#8220;left&#8220; button_on_hover=&#8220;off&#8220; global_colors_info=&#8220;{%22gcid-ff1cd8ff-d53b-4acb-a6a2-d8058e5df3bb%22:%91%22button_text_color%22%93}&#8220;][\/et_pb_button][\/et_pb_column][\/et_pb_row][\/et_pb_section]<\/p>\n","protected":false},"excerpt":{"rendered":"<p>Vektor\u00fcbertragene ErkrankungenVorwiegend in den Tropen und Subtropen \u00fcbertragen Steckm\u00fccken\u00a0 verschiendene Viren wie Zika, Dengue und Chikungunya.\u00a0\u00a0Aedes ist eine Gattung der Stechm\u00fccken mit Schwerpunkt in den Tropen und Subtropen; in Europa gibt es nur wenige Arten. Der Name Aedes stammt aus dem Altgriechischen und bedeutet &#8222;unangenehm&#8220; oder &#8222;l\u00e4stig&#8220;, da die Weibchen Blut saugen und Krankheiten wie [&hellip;]<\/p>\n","protected":false},"author":1,"featured_media":0,"parent":56,"menu_order":50,"comment_status":"closed","ping_status":"closed","template":"","meta":{"_et_pb_use_builder":"on","_et_pb_old_content":"","_et_gb_content_width":"","footnotes":""},"class_list":["post-1376847","page","type-page","status-publish","hentry"],"_links":{"self":[{"href":"https:\/\/www.frauengesundheit-frankfurt.de\/en\/wp-json\/wp\/v2\/pages\/1376847","targetHints":{"allow":["GET"]}}],"collection":[{"href":"https:\/\/www.frauengesundheit-frankfurt.de\/en\/wp-json\/wp\/v2\/pages"}],"about":[{"href":"https:\/\/www.frauengesundheit-frankfurt.de\/en\/wp-json\/wp\/v2\/types\/page"}],"author":[{"embeddable":true,"href":"https:\/\/www.frauengesundheit-frankfurt.de\/en\/wp-json\/wp\/v2\/users\/1"}],"replies":[{"embeddable":true,"href":"https:\/\/www.frauengesundheit-frankfurt.de\/en\/wp-json\/wp\/v2\/comments?post=1376847"}],"version-history":[{"count":2,"href":"https:\/\/www.frauengesundheit-frankfurt.de\/en\/wp-json\/wp\/v2\/pages\/1376847\/revisions"}],"predecessor-version":[{"id":1378383,"href":"https:\/\/www.frauengesundheit-frankfurt.de\/en\/wp-json\/wp\/v2\/pages\/1376847\/revisions\/1378383"}],"up":[{"embeddable":true,"href":"https:\/\/www.frauengesundheit-frankfurt.de\/en\/wp-json\/wp\/v2\/pages\/56"}],"wp:attachment":[{"href":"https:\/\/www.frauengesundheit-frankfurt.de\/en\/wp-json\/wp\/v2\/media?parent=1376847"}],"curies":[{"name":"wp","href":"https:\/\/api.w.org\/{rel}","templated":true}]}}