{"id":1376845,"date":"2025-06-08T15:07:40","date_gmt":"2025-06-08T13:07:40","guid":{"rendered":"https:\/\/fragyn.appentwicklung-frankfurt.de\/?page_id=1376845"},"modified":"2026-04-07T06:03:38","modified_gmt":"2026-04-07T04:03:38","slug":"reisemedizinische-vorsorgeuntersuchung","status":"publish","type":"page","link":"https:\/\/www.frauengesundheit-frankfurt.de\/en\/reisemedizin\/reisemedizinische-vorsorgeuntersuchung\/","title":{"rendered":"Travel medical check-up"},"content":{"rendered":"\n[et_pb_section fb_built=&#8220;1&#8243; admin_label=&#8220;About&#8220; _builder_version=&#8220;4.16&#8243; _module_preset=&#8220;default&#8220; overflow-x=&#8220;hidden&#8220; overflow-y=&#8220;hidden&#8220; locked=&#8220;off&#8220; global_colors_info=&#8220;{}&#8220;][et_pb_row column_structure=&#8220;1_2,1_2&#8243; _builder_version=&#8220;4.16&#8243; _module_preset=&#8220;default&#8220; global_colors_info=&#8220;{}&#8220;][et_pb_column type=&#8220;1_2&#8243; _builder_version=&#8220;4.16&#8243; _module_preset=&#8220;default&#8220; global_colors_info=&#8220;{}&#8220;][et_pb_text _builder_version=&#8220;4.27.6&#8243; _module_preset=&#8220;default&#8220; header_3_font=&#8220;EB Garamond|600|||||||&#8220; header_3_font_size=&#8220;20px&#8220; custom_margin=&#8220;||10px||false|false&#8220; locked=&#8220;off&#8220; global_colors_info=&#8220;{}&#8220;]<h1 id=\"cc-m-header-12443502597\">Reisemedizinische Vorsorgeuntersuchung<\/h1>[\/et_pb_text][et_pb_divider color=&#8220;#9F7C5A&#8220; _builder_version=&#8220;4.27.4&#8243; _module_preset=&#8220;default&#8220; width=&#8220;70%&#8220; locked=&#8220;off&#8220; global_colors_info=&#8220;{}&#8220;][\/et_pb_divider][et_pb_text _builder_version=&#8220;4.27.6&#8243; _module_preset=&#8220;default&#8220; text_font_size=&#8220;16px&#8220; header_2_font=&#8220;EB Garamond||||||||&#8220; header_2_font_size=&#8220;48px&#8220; header_2_line_height=&#8220;1.3em&#8220; header_2_font_size_tablet=&#8220;34px&#8220; header_2_font_size_phone=&#8220;22px&#8220; header_2_font_size_last_edited=&#8220;on|phone&#8220; locked=&#8220;off&#8220; global_colors_info=&#8220;{}&#8220; header_2_2_font_size_tablet=&#8220;34px&#8220; header_3_2_font_size_tablet=&#8220;34px&#8220; header_4_2_font_size_tablet=&#8220;34px&#8220; header_5_2_font_size_tablet=&#8220;34px&#8220; header_6_2_font_size_tablet=&#8220;34px&#8220; header_2_2_font_size_phone=&#8220;22px&#8220; header_3_2_font_size_phone=&#8220;22px&#8220; header_4_2_font_size_phone=&#8220;22px&#8220; header_5_2_font_size_phone=&#8220;22px&#8220; header_6_2_font_size_phone=&#8220;22px&#8220; header_2_2_font_size_last_edited=&#8220;on|phone&#8220; header_3_2_font_size_last_edited=&#8220;on|phone&#8220; header_4_2_font_size_last_edited=&#8220;on|phone&#8220; header_5_2_font_size_last_edited=&#8220;on|phone&#8220; header_6_2_font_size_last_edited=&#8220;on|phone&#8220;]<h2><span>Wir unterst\u00fctzen Sie bei Vorerkrankungen, im Rahmen von Schul- und Studienaufenthalten.\u00a0<\/span><\/h2>[\/et_pb_text][et_pb_text _builder_version=&#8220;4.27.6&#8243; _module_preset=&#8220;default&#8220; text_font=&#8220;ABeeZee||||||||&#8220; text_line_height=&#8220;2em&#8220; locked=&#8220;off&#8220; global_colors_info=&#8220;{}&#8220;]<p><span>Bei einem l\u00e4ngeren Aufenthalt im Ausland kann eine individuelle reisemedizinische Vorsorgeuntersuchung sinnvoll sein und helfen Gesundheitsrisiken zu reduzieren.<\/span><\/p>\n<p><span>Teilweise werden Untersuchungen, Impfungen und Labordiagnostik explizit gefordert.\u00a0<\/span><\/p>[\/et_pb_text][\/et_pb_column][et_pb_column type=&#8220;1_2&#8243; _builder_version=&#8220;4.16&#8243; _module_preset=&#8220;default&#8220; global_colors_info=&#8220;{}&#8220;][et_pb_image src=&#8220;https:\/\/www.frauengesundheit-frankfurt.de\/wp-content\/uploads\/2025\/05\/Fotolia_41302727_XS.jpg&#8220; title_text=&#8220;Reisemedizin und Reisemedizinische Vorsorgeuntersuchung&#8220; _builder_version=&#8220;4.27.6&#8243; _module_preset=&#8220;default&#8220; custom_margin=&#8220;70px||||false|false&#8220; hover_enabled=&#8220;0&#8243; global_colors_info=&#8220;{}&#8220; alt=&#8220;Das Wort Reisemedizin wird auf einer Schiefertafel gezeigt und von einer Person mit Arztkittel und Stethoskop gehalten. Seite steht f\u00fcr Reisemedizinische Vorsorgeuntersuchung als wirksamer Pr\u00e4ventionsbeitrag. &#8220; sticky_enabled=&#8220;0&#8243;][\/et_pb_image][\/et_pb_column][\/et_pb_row][et_pb_row _builder_version=&#8220;4.27.6&#8243; _module_preset=&#8220;default&#8220; global_colors_info=&#8220;{}&#8220;][et_pb_column type=&#8220;4_4&#8243; _builder_version=&#8220;4.27.6&#8243; _module_preset=&#8220;default&#8220; global_colors_info=&#8220;{}&#8220;][et_pb_text _builder_version=&#8220;4.27.6&#8243; _module_preset=&#8220;default&#8220; global_colors_info=&#8220;{}&#8220;]<p>&nbsp;<\/p>\n<div>\n<p>Bei der reisemedizinischen Vorsorgeuntersuchung orientieren wir uns an den bew\u00e4hrten Grunds\u00e4tzen f\u00fcr berufliche Auslandsaufenthalte. Gerade bei l\u00e4ngeren Aufenthalten im Ausland ist eine umfassende medizinische Vorbereitung entscheidend, da sich Umweltbedingungen, klimatische Belastungen, hygienische Standards und die medizinische Versorgung h\u00e4ufig deutlich von denen im Heimatland unterscheiden. Wir sind dabei sicher Ihrer Meinung: Vorbeugen ist besser als Heilen.<\/p>\n<p>Im Rahmen der Vorsorge legen wir besonderen Wert auf eine ganzheitliche Betrachtung Ihres Gesundheitszustandes. Dabei werden unter anderem bestehende oder potenzielle Allergien sowie das Risiko f\u00fcr Infektionskrankheiten ber\u00fccksichtigt. Ebenso pr\u00fcfen wir relevante Vorerkrankungen und Funktionsst\u00f6rungen des Herz\u2011Kreislauf\u2011Systems, der Atmungsorgane, des Blutes, der Nieren, der Leber und des Verdauungstraktes. Auch Erkrankungen der Geschlechtsorgane, des Stoffwechsels, des Immunsystems, der endokrinen Systeme, der Haut, der Sinnesorgane sowie des Nervensystems und der psychischen Gesundheit finden besondere Beachtung.<\/p>\n<p>Der Umfang der medizinisch sinnvollen Untersuchungen wird individuell festgelegt und richtet sich nach Reiseziel, Aufenthaltsdauer, T\u00e4tigkeit im Ausland sowie Ihrer pers\u00f6nlichen gesundheitlichen Ausgangssituation. Er kann von einem einfachen Urinstatus und einem Ruhe\u2011EKG bis hin zu spezialisierten Laboruntersuchungen reichen, etwa zur Beurteilung von Organfunktionen, Mangelzust\u00e4nden oder Belastungsfaktoren.<\/p>\n<p>Zu jeder reisemedizinischen Beratung geh\u00f6rt zudem eine ausf\u00fchrliche \u00e4rztliche Besprechung m\u00f6glicher Vorsorgema\u00dfnahmen, einschlie\u00dflich der Einsch\u00e4tzung eventuell notwendiger Impfungen, einer m\u00f6glichen Malaria\u2011Prophylaxe sowie deren sinnvoller Durchf\u00fchrung und zeitlicher Planung. Ziel ist es, Ihnen eine klare, verst\u00e4ndliche und individuell abgestimmte Empfehlung zu geben.<\/p>\n<p>Selbstverst\u00e4ndlich f\u00fchren wir diese Vorsorgeuntersuchungen auch im Zusammenhang mit Studienaufenthalten, Forschungsprojekten, Praktika oder sonstigen beruflichen T\u00e4tigkeiten im Ausland durch. Dar\u00fcber hinaus unterst\u00fctzen wir Sie gerne bei speziellen Eignungs\u2011 und Tauglichkeitsuntersuchungen, wie sie beispielsweise von einigen Reedereien f\u00fcr T\u00e4tigkeiten auf Kreuzfahrtschiffen oder von internationalen Arbeitgebern gefordert werden.<\/p>\n<p>Unser Anspruch ist es, Sie medizinisch sicher, umfassend und individuell auf Ihren Auslandsaufenthalt vorzubereiten \u2013 damit Sie gesund ankommen, vor Ort belastbar bleiben und unn\u00f6tige Risiken vermeiden.<\/p>\n<\/div>\n<p>&nbsp;<\/p>[\/et_pb_text][\/et_pb_column][\/et_pb_row][et_pb_row _builder_version=&#8220;4.27.6&#8243; _module_preset=&#8220;default&#8220; global_colors_info=&#8220;{}&#8220;][et_pb_column type=&#8220;4_4&#8243; _builder_version=&#8220;4.27.6&#8243; _module_preset=&#8220;default&#8220; global_colors_info=&#8220;{}&#8220;][et_pb_heading title=&#8220;FAQ \u2013 Reisemedizinische Vorsorgeuntersuchung bei l\u00e4ngeren Auslandsaufenthalten&#8220; _builder_version=&#8220;4.27.6&#8243; _module_preset=&#8220;default&#8220; title_level=&#8220;h3&#8243; global_colors_info=&#8220;{}&#8220;][\/et_pb_heading][\/et_pb_column][\/et_pb_row][et_pb_row column_structure=&#8220;1_2,1_2&#8243; _builder_version=&#8220;4.27.6&#8243; _module_preset=&#8220;default&#8220; global_colors_info=&#8220;{}&#8220;][et_pb_column type=&#8220;1_2&#8243; _builder_version=&#8220;4.27.6&#8243; _module_preset=&#8220;default&#8220; global_colors_info=&#8220;{}&#8220;][et_pb_accordion _builder_version=&#8220;4.27.6&#8243; _module_preset=&#8220;default&#8220; global_colors_info=&#8220;{}&#8220;][et_pb_accordion_item title=&#8220;F\u00fcr wen ist eine reisemedizinische Vorsorgeuntersuchung sinnvoll?&#8220; open=&#8220;on&#8220; icon_color=&#8220;#ed5237&#8243; _builder_version=&#8220;4.27.6&#8243; _module_preset=&#8220;default&#8220; global_colors_info=&#8220;{}&#8220;]<div>Eine reisemedizinische Vorsorgeuntersuchung ist besonders empfehlenswert bei l\u00e4ngeren Auslandsaufenthalten, etwa bei beruflichen Entsendungen, Auslandssemestern, Work\u2011and\u2011Travel\u2011Programmen oder l\u00e4ngeren Aufenthalten in L\u00e4ndern mit anderen klimatischen, hygienischen oder medizinischen Bedingungen.<\/div>[\/et_pb_accordion_item][et_pb_accordion_item title=&#8220;Was ist das Ziel der Vorsorgeuntersuchung vor einem l\u00e4ngeren Auslandsaufenthalt?&#8220; icon_color=&#8220;#ed5237&#8243; _builder_version=&#8220;4.27.6&#8243; _module_preset=&#8220;default&#8220; global_colors_info=&#8220;{}&#8220; open=&#8220;off&#8220;]<p>&nbsp;<\/p>\n<div>Ziel ist es, Ihren aktuellen Gesundheitszustand umfassend zu \u00fcberpr\u00fcfen, m\u00f6gliche Risiken fr\u00fchzeitig zu erkennen und Sie medizinisch optimal auf die besonderen Anforderungen eines l\u00e4ngeren Aufenthalts im Ausland vorzubereiten. Dadurch lassen sich gesundheitliche Probleme w\u00e4hrend der Reise oder vor Ort bestm\u00f6glich vermeiden.<\/div>\n<p>&nbsp;<\/p>[\/et_pb_accordion_item][et_pb_accordion_item title=&#8220;Welche Untersuchungen k\u00f6nnen Teil der Vorsorge sein?&#8220; icon_color=&#8220;#ed5237&#8243; _builder_version=&#8220;4.27.6&#8243; _module_preset=&#8220;default&#8220; global_colors_info=&#8220;{}&#8220; open=&#8220;off&#8220;]<p>&nbsp;<\/p>\n<div>Je nach individueller Situation k\u00f6nnen unter anderem eine allgemeine k\u00f6rperliche Untersuchung, Blut\u2011 und Laboranalysen, \u00dcberpr\u00fcfung von Eisen\u2011, Vitamin\u2011 oder Schilddr\u00fcsenwerten, gyn\u00e4kologische Vorsorge sowie die Besprechung bestehender Erkrankungen oder regelm\u00e4\u00dfiger Medikamenteneinnahmen Bestandteil sein.<\/div>\n<p>&nbsp;<\/p>[\/et_pb_accordion_item][\/et_pb_accordion][\/et_pb_column][et_pb_column type=&#8220;1_2&#8243; _builder_version=&#8220;4.27.6&#8243; _module_preset=&#8220;default&#8220; global_colors_info=&#8220;{}&#8220;][et_pb_accordion _builder_version=&#8220;4.27.6&#8243; _module_preset=&#8220;default&#8220; global_colors_info=&#8220;{}&#8220;][et_pb_accordion_item title=&#8220;Warum ist eine Vorsorge vor langen Aufenthalten wichtiger als vor Kurzreisen?&#8220; open=&#8220;on&#8220; icon_color=&#8220;#ed5237&#8243; _builder_version=&#8220;4.27.6&#8243; _module_preset=&#8220;default&#8220; global_colors_info=&#8220;{}&#8220;]<div>\n<div>Bei l\u00e4ngeren Auslandsaufenthalten wirken sich andere Ern\u00e4hrung, Klima, Stress, Zeitverschiebung und eingeschr\u00e4nkter Zugang zur medizinischen Versorgung st\u00e4rker auf die Gesundheit aus. Eine gute Vorbereitung hilft, Reserven aufzubauen, chronische Beschwerden stabil zu halten und unn\u00f6tige Arztbesuche im Ausland zu vermeiden.<\/div>\n<\/div>[\/et_pb_accordion_item][et_pb_accordion_item title=&#8220;Werden auch individuelle Lebensumst\u00e4nde ber\u00fccksichtigt?&#8220; icon_color=&#8220;#ed5237&#8243; _builder_version=&#8220;4.27.6&#8243; _module_preset=&#8220;default&#8220; global_colors_info=&#8220;{}&#8220; open=&#8220;off&#8220;]<p>&nbsp;<\/p>\n<div>Ja. In der Beratung werden pers\u00f6nliche Faktoren wie bestehende Erkrankungen, Kinderwunsch, Schwangerschaft, hormonelle Ver\u00e4nderungen, Stressbelastung oder sportliche Aktivit\u00e4ten ber\u00fccksichtigt. Die Vorsorge wird individuell an Ihren Alltag und den geplanten Aufenthalt angepasst.<\/div>\n<p>&nbsp;<\/p>[\/et_pb_accordion_item][et_pb_accordion_item title=&#8220;Wann sollte die Vorsorgeuntersuchung stattfinden?&#8220; icon_color=&#8220;#ed5237&#8243; _builder_version=&#8220;4.27.6&#8243; _module_preset=&#8220;default&#8220; global_colors_info=&#8220;{}&#8220; open=&#8220;off&#8220;]<p>&nbsp;<\/p>\n<div>Idealerweise erfolgt die Untersuchung mehrere Wochen vor Abreise, damit ausreichend Zeit f\u00fcr Diagnostik, eventuelle Behandlungen oder Anpassungen besteht. Auch bei kurzfristigen Planungen kann eine Vorsorge sinnvoll sein \u2013 sprechen Sie uns gerne an.<\/div>\n<p>&nbsp;<\/p>[\/et_pb_accordion_item][\/et_pb_accordion][\/et_pb_column][\/et_pb_row][et_pb_row column_structure=&#8220;1_2,1_2&#8243; _builder_version=&#8220;4.27.6&#8243; _module_preset=&#8220;default&#8220; global_colors_info=&#8220;{}&#8220;][et_pb_column type=&#8220;1_2&#8243; _builder_version=&#8220;4.27.6&#8243; _module_preset=&#8220;default&#8220; global_colors_info=&#8220;{}&#8220;][et_pb_image src=&#8220;https:\/\/www.frauengesundheit-frankfurt.de\/wp-content\/uploads\/2025\/05\/reisemedizin-frankfurt-am-main-professionelle-beratung-in-der-innenstadt-frankfurt.png&#8220; alt=&#8220;Symbolbild einer Weltkugel mit Aeskulapstab in blauer Farbe, darunter die Worte Reisemedizin Frankfurt am Main.&#8220; title_text=&#8220;Logo Reisemedizin Frankfurt am Main&#8220; url=&#8220;https:\/\/www.reisemedizin-frankfurt-main.de\/&#8220; url_new_window=&#8220;on&#8220; align=&#8220;center&#8220; _builder_version=&#8220;4.27.6&#8243; _module_preset=&#8220;default&#8220; width=&#8220;31%&#8220; max_width=&#8220;31%&#8220; global_colors_info=&#8220;{}&#8220;][\/et_pb_image][et_pb_text _builder_version=&#8220;4.27.6&#8243; _module_preset=&#8220;default&#8220; global_colors_info=&#8220;{}&#8220;]<p>Wir bieten Ihnen und Ihrer Familie\u00a0eine individuelle \u00e4rztliche Beratung \u00fcber gesundheitliche Risiken und Pr\u00e4ventionsm\u00f6glichkeiten, insbesondere bei Fernreisen.\u00a0 Wichtig ist, dass Sie sich zeitgerecht vor der Abreise vorstellen. Sinnvoll sind in der Regel 4-6 Wochen vor Reiseantritt \u2013 gerne aber auch fr\u00fcher!<\/p>[\/et_pb_text][\/et_pb_column][et_pb_column type=&#8220;1_2&#8243; _builder_version=&#8220;4.27.6&#8243; _module_preset=&#8220;default&#8220; global_colors_info=&#8220;{}&#8220;][et_pb_image src=&#8220;https:\/\/www.frauengesundheit-frankfurt.de\/wp-content\/uploads\/2025\/05\/AdobeStock_839389748-scaled.jpeg&#8220; alt=&#8220;Das Symbolbild mit einer Weltkugel als Zeichen von Humanit\u00e4t und Diversit\u00e4t .&#8220; title_text=&#8220;World Population Day: Celebrating the diversity of humanity united under the embrace of the globe with people of different nationalities&#8220; align=&#8220;center&#8220; _builder_version=&#8220;4.27.6&#8243; _module_preset=&#8220;default&#8220; width=&#8220;46%&#8220; max_width=&#8220;46%&#8220; global_colors_info=&#8220;{}&#8220;][\/et_pb_image][et_pb_text _builder_version=&#8220;4.27.6&#8243; _module_preset=&#8220;default&#8220; global_colors_info=&#8220;{}&#8220;]<p>Seit Jahren engagieren sich junge Erwachsene in verschiedensten Freiwilligendiensten wie dem \u201eweltw\u00e4rts\u201c-Programm. Einsatzorte sind meist Entwicklungsl\u00e4nder in tropischen oder subtropischen Regionen. Von vielen Entsendeorganisationen wird in Anlehnung an die gesetzlichen Regelungen f\u00fcr Arbeitnehmer eine Gesundheitsvorsorgeuntersuchung und Beratung in Anlehnung an die G35 Empfehlungen der deutschen Berufsgenossenschaften f\u00fcr berufliche Auslandsaufenthalte gefordert. Details hier: <a href=\"https:\/\/www.reisemedizin-frankfurt-main.de\/reisemedizin\/freiwilligendienste-hilfsprojekte\/\" target=\"_blank\" rel=\"noopener\">Freiwilligendienste \/ Hilfsprojekte &#8211; Reisemedizin Frankfurt &#8211; Gelbfieberimpfstelle<\/a><\/p>[\/et_pb_text][\/et_pb_column][\/et_pb_row][et_pb_row column_structure=&#8220;1_2,1_2&#8243; _builder_version=&#8220;4.27.4&#8243; _module_preset=&#8220;default&#8220; global_colors_info=&#8220;{}&#8220;][et_pb_column type=&#8220;1_2&#8243; _builder_version=&#8220;4.27.4&#8243; _module_preset=&#8220;default&#8220; global_colors_info=&#8220;{}&#8220;][et_pb_button button_url=&#8220;\/reisemedizin&#8220; button_text=&#8220;Zur\u00fcck zur \u00dcbersichtsseite&#8220; button_alignment=&#8220;center&#8220; _builder_version=&#8220;4.27.4&#8243; _module_preset=&#8220;default&#8220; custom_button=&#8220;on&#8220; button_text_color=&#8220;gcid-ff1cd8ff-d53b-4acb-a6a2-d8058e5df3bb&#8220; button_icon=&#8220;&#x4a;||divi||400&#8243; button_icon_placement=&#8220;left&#8220; button_on_hover=&#8220;off&#8220; global_colors_info=&#8220;{%22gcid-ff1cd8ff-d53b-4acb-a6a2-d8058e5df3bb%22:%91%22button_text_color%22%93}&#8220;][\/et_pb_button][\/et_pb_column][et_pb_column type=&#8220;1_2&#8243; _builder_version=&#8220;4.27.4&#8243; _module_preset=&#8220;default&#8220; global_colors_info=&#8220;{}&#8220;][et_pb_button button_url=&#8220;\/termin&#8220; button_text=&#8220;Termin buchen&#8220; button_alignment=&#8220;center&#8220; _builder_version=&#8220;4.27.4&#8243; _module_preset=&#8220;default&#8220; custom_button=&#8220;on&#8220; button_text_color=&#8220;gcid-ff1cd8ff-d53b-4acb-a6a2-d8058e5df3bb&#8220; button_icon=&#8220;&#xf073;||fa||900&#8243; button_icon_placement=&#8220;left&#8220; button_on_hover=&#8220;off&#8220; global_colors_info=&#8220;{%22gcid-ff1cd8ff-d53b-4acb-a6a2-d8058e5df3bb%22:%91%22button_text_color%22%93}&#8220;][\/et_pb_button][\/et_pb_column][\/et_pb_row][\/et_pb_section]\n","protected":false},"excerpt":{"rendered":"<p>Reisemedizinische VorsorgeuntersuchungWir unterst\u00fctzen Sie bei Vorerkrankungen, im Rahmen von Schul- und Studienaufenthalten.\u00a0Bei einem l\u00e4ngeren Aufenthalt im Ausland kann eine individuelle reisemedizinische Vorsorgeuntersuchung sinnvoll sein und helfen Gesundheitsrisiken zu reduzieren. Teilweise werden Untersuchungen, Impfungen und Labordiagnostik explizit gefordert.\u00a0&nbsp; Bei der reisemedizinischen Vorsorgeuntersuchung orientieren wir uns an den bew\u00e4hrten Grunds\u00e4tzen f\u00fcr berufliche Auslandsaufenthalte. Gerade bei l\u00e4ngeren Aufenthalten [&hellip;]<\/p>\n","protected":false},"author":1,"featured_media":0,"parent":56,"menu_order":50,"comment_status":"closed","ping_status":"closed","template":"","meta":{"_et_pb_use_builder":"on","_et_pb_old_content":"","_et_gb_content_width":"","footnotes":""},"class_list":["post-1376845","page","type-page","status-publish","hentry"],"_links":{"self":[{"href":"https:\/\/www.frauengesundheit-frankfurt.de\/en\/wp-json\/wp\/v2\/pages\/1376845","targetHints":{"allow":["GET"]}}],"collection":[{"href":"https:\/\/www.frauengesundheit-frankfurt.de\/en\/wp-json\/wp\/v2\/pages"}],"about":[{"href":"https:\/\/www.frauengesundheit-frankfurt.de\/en\/wp-json\/wp\/v2\/types\/page"}],"author":[{"embeddable":true,"href":"https:\/\/www.frauengesundheit-frankfurt.de\/en\/wp-json\/wp\/v2\/users\/1"}],"replies":[{"embeddable":true,"href":"https:\/\/www.frauengesundheit-frankfurt.de\/en\/wp-json\/wp\/v2\/comments?post=1376845"}],"version-history":[{"count":2,"href":"https:\/\/www.frauengesundheit-frankfurt.de\/en\/wp-json\/wp\/v2\/pages\/1376845\/revisions"}],"predecessor-version":[{"id":1378333,"href":"https:\/\/www.frauengesundheit-frankfurt.de\/en\/wp-json\/wp\/v2\/pages\/1376845\/revisions\/1378333"}],"up":[{"embeddable":true,"href":"https:\/\/www.frauengesundheit-frankfurt.de\/en\/wp-json\/wp\/v2\/pages\/56"}],"wp:attachment":[{"href":"https:\/\/www.frauengesundheit-frankfurt.de\/en\/wp-json\/wp\/v2\/media?parent=1376845"}],"curies":[{"name":"wp","href":"https:\/\/api.w.org\/{rel}","templated":true}]}}