{"id":1376843,"date":"2025-06-08T15:06:37","date_gmt":"2025-06-08T13:06:37","guid":{"rendered":"https:\/\/fragyn.appentwicklung-frankfurt.de\/?page_id=1376843"},"modified":"2026-04-30T17:45:26","modified_gmt":"2026-04-30T15:45:26","slug":"reisemedizinische-gesundheitsberatung","status":"publish","type":"page","link":"https:\/\/www.frauengesundheit-frankfurt.de\/en\/reisemedizin\/reisemedizinische-gesundheitsberatung\/","title":{"rendered":"Travel medical health advice"},"content":{"rendered":"<p>[et_pb_section fb_built=&#8220;1&#8243; admin_label=&#8220;About&#8220; _builder_version=&#8220;4.16&#8243; _module_preset=&#8220;default&#8220; overflow-x=&#8220;hidden&#8220; overflow-y=&#8220;hidden&#8220; locked=&#8220;off&#8220; global_colors_info=&#8220;{}&#8220;][et_pb_row column_structure=&#8220;1_2,1_2&#8243; _builder_version=&#8220;4.16&#8243; _module_preset=&#8220;default&#8220; global_colors_info=&#8220;{}&#8220;][et_pb_column type=&#8220;1_2&#8243; _builder_version=&#8220;4.16&#8243; _module_preset=&#8220;default&#8220; global_colors_info=&#8220;{}&#8220;][et_pb_text _builder_version=&#8220;4.27.6&#8243; _module_preset=&#8220;default&#8220; header_3_font=&#8220;EB Garamond|600|||||||&#8220; header_3_font_size=&#8220;20px&#8220; custom_margin=&#8220;||10px||false|false&#8220; locked=&#8220;off&#8220; global_colors_info=&#8220;{}&#8220;]<\/p>\n<h1>Reisemedizinische Gesundheitsberatung<\/h1>\n<p>[\/et_pb_text][et_pb_divider color=&#8220;#752010&#8243; _builder_version=&#8220;4.27.4&#8243; _module_preset=&#8220;default&#8220; width=&#8220;70%&#8220; custom_margin=&#8220;||||false|false&#8220; custom_padding=&#8220;||0px||false|false&#8220; locked=&#8220;off&#8220; global_colors_info=&#8220;{}&#8220;][\/et_pb_divider][et_pb_text _builder_version=&#8220;4.27.6&#8243; _module_preset=&#8220;default&#8220; header_2_font=&#8220;EB Garamond||||||||&#8220; header_2_font_size=&#8220;48px&#8220; header_2_line_height=&#8220;1.3em&#8220; header_2_font_size_tablet=&#8220;34px&#8220; header_2_font_size_phone=&#8220;22px&#8220; header_2_font_size_last_edited=&#8220;on|phone&#8220; locked=&#8220;off&#8220; global_colors_info=&#8220;{}&#8220; header_2_2_font_size_tablet=&#8220;34px&#8220; header_3_2_font_size_tablet=&#8220;34px&#8220; header_4_2_font_size_tablet=&#8220;34px&#8220; header_5_2_font_size_tablet=&#8220;34px&#8220; header_6_2_font_size_tablet=&#8220;34px&#8220; header_2_2_font_size_phone=&#8220;22px&#8220; header_3_2_font_size_phone=&#8220;22px&#8220; header_4_2_font_size_phone=&#8220;22px&#8220; header_5_2_font_size_phone=&#8220;22px&#8220; header_6_2_font_size_phone=&#8220;22px&#8220; header_2_2_font_size_last_edited=&#8220;on|phone&#8220; header_3_2_font_size_last_edited=&#8220;on|phone&#8220; header_4_2_font_size_last_edited=&#8220;on|phone&#8220; header_5_2_font_size_last_edited=&#8220;on|phone&#8220; header_6_2_font_size_last_edited=&#8220;on|phone&#8220;]<\/p>\n<h2><span>Eine reisemedizinische Gesundheitsberatung in Frankfurt umfasst mehr als nur die klassische Impfberatung bez\u00fcglich notwendiger Reiseimpfungen f\u00fcr den individuell geplanten Urlaub.<\/span><\/h2>\n<p>[\/et_pb_text][\/et_pb_column][et_pb_column type=&#8220;1_2&#8243; _builder_version=&#8220;4.16&#8243; _module_preset=&#8220;default&#8220; global_colors_info=&#8220;{}&#8220;][et_pb_image src=&#8220;https:\/\/www.frauengesundheit-frankfurt.de\/wp-content\/uploads\/2025\/05\/Fotolia_41302727_XS.jpg&#8220; alt=&#8220;Reisemedizinische Gesundheitsberatung und Reisemedizin wird auf einer Schiefertafel gezeigt und von einer Person mit Arztkittel und Stethoskop gehalten. Seite steht f\u00fcr Reisemedizinische Vorsorgeuntersuchung als wirksamer Pr\u00e4ventionsbeitrag.&#8220; title_text=&#8220;Reisemedizin und Reisemedizinische Vorsorgeuntersuchung&#8220; _builder_version=&#8220;4.27.6&#8243; _module_preset=&#8220;default&#8220; custom_margin=&#8220;70px||||false|false&#8220; global_colors_info=&#8220;{}&#8220;][\/et_pb_image][\/et_pb_column][\/et_pb_row][et_pb_row _builder_version=&#8220;4.27.6&#8243; _module_preset=&#8220;default&#8220; global_colors_info=&#8220;{}&#8220;][et_pb_column type=&#8220;4_4&#8243; _builder_version=&#8220;4.27.6&#8243; _module_preset=&#8220;default&#8220; global_colors_info=&#8220;{}&#8220;][et_pb_text _builder_version=&#8220;4.27.6&#8243; _module_preset=&#8220;default&#8220; global_colors_info=&#8220;{}&#8220;]<\/p>\n<p><strong>Sind Sie bereit f\u00fcr Ihre anstehende Reise?\u00a0<\/strong><\/p>\n<p>Ob Fernreise, Gesch\u00e4ftsaufenthalt oder Abenteuerurlaub: Jede Reise bringt neue Erlebnisse, aber auch besondere gesundheitliche Herausforderungen mit sich. Unsere reisemedizinische Gesundheitsberatung unterst\u00fctzt Sie dabei, bestens vorbereitet in Ihr n\u00e4chstes Abenteuer zu starten. Wir nehmen uns Zeit, Ihre individuelle Situation genau zu erfassen und entwickeln gemeinsam mit Ihnen einen ma\u00dfgeschneiderten Vorsorgeplan \u2013 von Impfempfehlungen \u00fcber Malariaprophylaxe bis hin zu Tipps zum Schutz vor Reiseerkrankungen wie Reisedurchfall und vieles mehr.<\/p>\n<p>[\/et_pb_text][\/et_pb_column][\/et_pb_row][et_pb_row _builder_version=&#8220;4.27.6&#8243; _module_preset=&#8220;default&#8220; global_colors_info=&#8220;{}&#8220;][et_pb_column type=&#8220;4_4&#8243; _builder_version=&#8220;4.27.6&#8243; _module_preset=&#8220;default&#8220; global_colors_info=&#8220;{}&#8220;][et_pb_accordion _builder_version=&#8220;4.27.6&#8243; _module_preset=&#8220;default&#8220; global_colors_info=&#8220;{}&#8220;][et_pb_accordion_item title=&#8220;Reisemedizinische Impfberatung&#8220; open=&#8220;on&#8220; _builder_version=&#8220;4.27.6&#8243; _module_preset=&#8220;default&#8220; global_colors_info=&#8220;{}&#8220;]<\/p>\n<p>Eine reisemedizinische Impfberatung ist ein zentraler Bestandteil der Reisevorbereitung und hilft, sich wirksam vor Infektionskrankheiten zu sch\u00fctzen, die im jeweiligen Reiseland auftreten k\u00f6nnen. Die Anforderungen und Empfehlungen unterscheiden sich je nach Reiseziel, Reiseart, Aufenthaltsdauer, individuellen Vorerkrankungen und dem pers\u00f6nlichen Impfstatus.<\/p>\n<p>[\/et_pb_accordion_item][et_pb_accordion_item title=&#8220;Individuelle Risikoanalyse&#8220; _builder_version=&#8220;4.27.6&#8243; _module_preset=&#8220;default&#8220; global_colors_info=&#8220;{}&#8220; open=&#8220;off&#8220;]<\/p>\n<p>Zu Beginn der Impfberatung wird eine genaue Analyse Ihrer geplanten Reise durchgef\u00fchrt. Hierzu z\u00e4hlen Informationen \u00fcber das Zielland, die geplante Aufenthaltsdauer, die Reisezeit, Art der Unterbringung, geplante Aktivit\u00e4ten sowie bestehende Vorerkrankungen und Ihr aktueller Impfstatus. Dadurch k\u00f6nnen die f\u00fcr Sie relevanten Risiken optimal eingesch\u00e4tzt werden.<\/p>\n<p>[\/et_pb_accordion_item][et_pb_accordion_item title=&#8220;\u00dcberpr\u00fcfung und Aktualisierung des Impfschutzes&#8220; _builder_version=&#8220;4.27.6&#8243; _module_preset=&#8220;default&#8220; global_colors_info=&#8220;{}&#8220; open=&#8220;off&#8220;]<\/p>\n<p>Im Fokus der Beratung steht die \u00dcberpr\u00fcfung Ihres bestehenden Impfschutzes gem\u00e4\u00df den Empfehlungen des Robert Koch-Instituts (RKI) und der St\u00e4ndigen Impfkommission (STIKO). Dabei wird zun\u00e4chst der Standardimpfschutz (z.\u202fB. Tetanus, Diphtherie, Polio, Masern, R\u00f6teln) kontrolliert und gegebenenfalls aufgefrischt.<\/p>\n<p>[\/et_pb_accordion_item][et_pb_accordion_item title=&#8220;Beratung zu l\u00e4nderspezifischen und empfohlenen Reiseimpfungen&#8220; _builder_version=&#8220;4.27.6&#8243; _module_preset=&#8220;default&#8220; global_colors_info=&#8220;{}&#8220; open=&#8220;off&#8220;]<\/p>\n<p>Je nach Reiseziel und individuellen Risiken werden zus\u00e4tzliche Impfungen empfohlen oder sind sogar gesetzlich vorgeschrieben (z.\u202fB. Gelbfieber-Impfung f\u00fcr einige L\u00e4nder in Afrika und S\u00fcdamerika). Zu den h\u00e4ufig empfohlenen Reiseimpfungen z\u00e4hlen unter anderem:<\/p>\n<p>Hepatitis A und B<br \/>Typhus<br \/>Tollwut<br \/>Meningokokken<br \/>Japanische Enzephalitis<br \/>Cholera<br \/>FSME (bei Reisen in bestimmte Regionen Europas)<\/p>\n<p>Sie erhalten ausf\u00fchrliche Informationen \u00fcber den Nutzen, m\u00f6gliche Nebenwirkungen und den optimalen Zeitpunkt der jeweiligen Impfungen.<\/p>\n<p>[\/et_pb_accordion_item][et_pb_accordion_item title=&#8220;Erstellung eines individuellen Impfplans&#8220; _builder_version=&#8220;4.27.6&#8243; _module_preset=&#8220;default&#8220; global_colors_info=&#8220;{}&#8220; open=&#8220;off&#8220;]<\/p>\n<p>Basierend auf den Empfehlungen wird ein pers\u00f6nlicher Impfplan erstellt, der auf Ihr Reiseziel und Ihre individuelle Situation zugeschnitten ist. Dabei wird auch ber\u00fccksichtigt, wie viel Zeit bis zur Abreise verbleibt, um die notwendigen Impfungen rechtzeitig durchf\u00fchren zu k\u00f6nnen. Gleichzeitig empfehlen wir ggf. die Durchf\u00fchrung einer reisemedizinischen Vorsorgeuntersuchung, z.B. bei H\u00f6henaufenthalten.\u00a0<\/p>\n<p>[\/et_pb_accordion_item][\/et_pb_accordion][et_pb_accordion _builder_version=&#8220;4.27.6&#8243; _module_preset=&#8220;default&#8220; global_colors_info=&#8220;{}&#8220;][et_pb_accordion_item title=&#8220;Reisemedizinische Vorsorgeuntersuchung: Individuelle Vorbereitung auf l\u00e4nderspezifische Gesundheitsrisiken&#8220; _builder_version=&#8220;4.27.6&#8243; _module_preset=&#8220;default&#8220; global_colors_info=&#8220;{}&#8220; open=&#8220;on&#8220;]<\/p>\n<p>Je nach Reiseziel k\u00f6nnen unterschiedliche Krankheiten und Gesundheitsgefahren auftreten, etwa Malaria, Dengue-Fieber, Gelbfieber oder Durchfallerkrankungen. In der Vorsorgeuntersuchung erfassen wir Ihre Anamnese und f\u00fchren an das Reiseland bzw. den Reisestil angepasste Untersuchungen durch. So k\u00f6nnen Sie sich besser auf die besonderen Bedingungen vor Ort einstellen und entsprechende Vorbereitungen treffen.<\/p>\n<p>[\/et_pb_accordion_item][et_pb_accordion_item title=&#8220;Erstellung eines pers\u00f6nlichen Impfplans und Impfempfehlungen&#8220; _builder_version=&#8220;4.27.6&#8243; _module_preset=&#8220;default&#8220; global_colors_info=&#8220;{}&#8220; open=&#8220;off&#8220;]<\/p>\n<p>Viele L\u00e4nder verlangen bestimmte Impfungen f\u00fcr die Einreise, oder es wird empfohlen, sich gegen bestimmte Krankheiten zu sch\u00fctzen. Im Rahmen der Untersuchung werden Ihr Impfstatus \u00fcberpr\u00fcft und individuell angepasst. Sie erhalten Empfehlungen, welche Impfungen vor der Reise sinnvoll oder sogar notwendig sind, beispielsweise Hepatitis, Typhus oder Tollwut.<\/p>\n<p>[\/et_pb_accordion_item][et_pb_accordion_item title=&#8220;Beratung zu Notfallma\u00dfnahmen und Reiseapotheke&#8220; _builder_version=&#8220;4.27.6&#8243; _module_preset=&#8220;default&#8220; global_colors_info=&#8220;{}&#8220; open=&#8220;off&#8220;]<\/p>\n<p>Unvorhergesehene gesundheitliche Probleme k\u00f6nnen jederzeit auftreten. Die reisemedizinische Beratung umfasst daher auch Hinweise zu wichtigen Notfallma\u00dfnahmen, etwa bei Verletzungen, Insektenstichen oder allergischen Reaktionen. Au\u00dferdem erhalten Sie Empfehlungen f\u00fcr die Zusammenstellung einer Reiseapotheke, die auf Ihre pers\u00f6nlichen Bed\u00fcrfnisse und das Reiseziel abgestimmt ist.<\/p>\n<p>[\/et_pb_accordion_item][et_pb_accordion_item title=&#8220;Pers\u00f6nliche Beratung zu besonderen gesundheitlichen Bed\u00fcrfnissen&#8220; open=&#8220;off&#8220; _builder_version=&#8220;4.27.6&#8243; _module_preset=&#8220;default&#8220; global_colors_info=&#8220;{}&#8220;]<\/p>\n<p>Falls Sie Vorerkrankungen haben, regelm\u00e4\u00dfig Medikamente einnehmen oder spezielle gesundheitliche Anforderungen bestehen (z.\u202fB. bei Schwangerschaft, Kindern oder Senioren), werden diese Aspekte in der reisemedizinischen Vorsorge ber\u00fccksichtigt. So k\u00f6nnen individuelle Risiken minimiert und Empfehlungen entsprechend angepasst werden.<\/p>\n<p>Insgesamt sorgt die reisemedizinische Vorsorgeuntersuchung daf\u00fcr, dass Sie Ihre Reise gesund und sicher antreten k\u00f6nnen \u2013 bestens vorbereitet auf m\u00f6gliche Herausforderungen und mit dem Wissen, wie Sie sich im Ernstfall richtig verhalten.<\/p>\n<p>[\/et_pb_accordion_item][\/et_pb_accordion][\/et_pb_column][\/et_pb_row][et_pb_row column_structure=&#8220;1_2,1_2&#8243; _builder_version=&#8220;4.16&#8243; _module_preset=&#8220;default&#8220; global_colors_info=&#8220;{}&#8220;][et_pb_column type=&#8220;1_2&#8243; _builder_version=&#8220;4.16&#8243; _module_preset=&#8220;default&#8220; global_colors_info=&#8220;{}&#8220;][et_pb_text _builder_version=&#8220;4.27.6&#8243; _module_preset=&#8220;default&#8220; header_3_font=&#8220;EB Garamond|600|||||||&#8220; header_3_font_size=&#8220;20px&#8220; custom_margin=&#8220;||10px||false|false&#8220; locked=&#8220;off&#8220; global_colors_info=&#8220;{}&#8220;]<\/p>\n<h2>Reisen in der Schwangerschaft<\/h2>\n<p>[\/et_pb_text][et_pb_divider color=&#8220;#9F7C5A&#8220; _builder_version=&#8220;4.27.4&#8243; _module_preset=&#8220;default&#8220; width=&#8220;70%&#8220; locked=&#8220;off&#8220; global_colors_info=&#8220;{}&#8220;][\/et_pb_divider][et_pb_text _builder_version=&#8220;4.27.6&#8243; _module_preset=&#8220;default&#8220; header_2_font=&#8220;EB Garamond||||||||&#8220; header_2_font_size=&#8220;48px&#8220; header_2_line_height=&#8220;1.3em&#8220; header_2_font_size_tablet=&#8220;34px&#8220; header_2_font_size_phone=&#8220;22px&#8220; header_2_font_size_last_edited=&#8220;on|phone&#8220; locked=&#8220;off&#8220; global_colors_info=&#8220;{}&#8220; header_2_2_font_size_tablet=&#8220;34px&#8220; header_3_2_font_size_tablet=&#8220;34px&#8220; header_4_2_font_size_tablet=&#8220;34px&#8220; header_5_2_font_size_tablet=&#8220;34px&#8220; header_6_2_font_size_tablet=&#8220;34px&#8220; header_2_2_font_size_phone=&#8220;22px&#8220; header_3_2_font_size_phone=&#8220;22px&#8220; header_4_2_font_size_phone=&#8220;22px&#8220; header_5_2_font_size_phone=&#8220;22px&#8220; header_6_2_font_size_phone=&#8220;22px&#8220; header_2_2_font_size_last_edited=&#8220;on|phone&#8220; header_3_2_font_size_last_edited=&#8220;on|phone&#8220; header_4_2_font_size_last_edited=&#8220;on|phone&#8220; header_5_2_font_size_last_edited=&#8220;on|phone&#8220; header_6_2_font_size_last_edited=&#8220;on|phone&#8220;]<\/p>\n<p>Reisen w\u00e4hrend der Schwangerschaft sind grunds\u00e4tzlich m\u00f6glich, sofern keine besonderen gesundheitlichen Risiken oder Komplikationen bestehen. Viele Schwangere unternehmen problemlos Reisen, jedoch gibt es einige spezielle Aspekte zu beachten, um die Gesundheit von Mutter und Kind bestm\u00f6glich zu sch\u00fctzen.<\/p>\n<p>Wir empfehlen deshalb dringend, vor einer geplanten Reise eine individuelle Beratung sowohl aus gyn\u00e4kologischer als auch aus reisemedizinischer Sicht in Anspruch zu nehmen \u2013 insbesondere, wenn es sich um Fernreisen oder Reisen in tropische oder subtropische Regionen handelt. In einer solchen Beratung k\u00f6nnen Ihre pers\u00f6nliche gesundheitliche Situation und der Verlauf der Schwangerschaft beurteilt werden. So kann festgestellt werden, ob aus medizinischer Sicht Einw\u00e4nde gegen eine Reise bestehen, und welche besonderen Vorkehrungen eventuell zu treffen sind.<\/p>\n<p>[\/et_pb_text][\/et_pb_column][et_pb_column type=&#8220;1_2&#8243; _builder_version=&#8220;4.16&#8243; _module_preset=&#8220;default&#8220; global_colors_info=&#8220;{}&#8220;][et_pb_image src=&#8220;https:\/\/www.frauengesundheit-frankfurt.de\/wp-content\/uploads\/2025\/05\/AdobeStock_115933138-scaled.jpeg&#8220; alt=&#8220;Reisen in der Schwangerschaft: Gezeigt wird eine schwangere Frau als Silhouette an einem leeren Strandabschnitt w\u00e4hrend des Sonnenuntergangs.&#8220; title_text=&#8220;Pregnant Woman on the Beach&#8220; _builder_version=&#8220;4.27.6&#8243; _module_preset=&#8220;default&#8220; custom_margin=&#8220;70px||||false|false&#8220; global_colors_info=&#8220;{}&#8220;][\/et_pb_image][\/et_pb_column][\/et_pb_row][et_pb_row _builder_version=&#8220;4.27.6&#8243; _module_preset=&#8220;default&#8220; global_colors_info=&#8220;{}&#8220;][et_pb_column type=&#8220;4_4&#8243; _builder_version=&#8220;4.27.6&#8243; _module_preset=&#8220;default&#8220; global_colors_info=&#8220;{}&#8220;][et_pb_text _builder_version=&#8220;4.27.4&#8243; _module_preset=&#8220;default&#8220; text_font=&#8220;ABeeZee||||||||&#8220; text_line_height=&#8220;2em&#8220; locked=&#8220;off&#8220; global_colors_info=&#8220;{}&#8220;]<\/p>\n<p><span>Einige Airlines fordern von Schwangeren einen Nachweis eines unauff\u00e4lligen Schwangerschaftsverlaufes. Sollten Sie ab dem 2. Trimenon eine Reise planen, dann vergessen Sie nicht, sich zu informieren. Wir helfen Ihnen jederzeit \u2013 auch kurzfristig \u2013 bei den n\u00f6tigen Formalit\u00e4ten. In Ihrem eigenen Interesse sollten Sie sich rechtzeitig und individuell beraten lassen &#8211; auch dann wenn keine Airline dies von Ihnen fordert. Sch\u00fctzen Sie sich selbst und Ihr ungeborenes Kind!<\/span><\/p>\n<p>[\/et_pb_text][\/et_pb_column][\/et_pb_row][et_pb_row column_structure=&#8220;1_3,1_3,1_3&#8243; _builder_version=&#8220;4.27.6&#8243; _module_preset=&#8220;default&#8220; global_colors_info=&#8220;{}&#8220;][et_pb_column type=&#8220;1_3&#8243; _builder_version=&#8220;4.27.6&#8243; _module_preset=&#8220;default&#8220; global_colors_info=&#8220;{}&#8220;][et_pb_image src=&#8220;https:\/\/www.frauengesundheit-frankfurt.de\/wp-content\/uploads\/2026\/04\/Condor.jpg&#8220; alt=&#8220;Condor Flugzeug am Boden &#8220; title_text=&#8220;Condor&#8220; url=&#8220;https:\/\/www.condor.com\/de\/fliegen-geniessen\/besondere-betreuung\/passagiere-mit-besonderen-beduerfnissen\/schwangerschaft-und-krankheiten.jsp&#8220; url_new_window=&#8220;on&#8220; _builder_version=&#8220;4.27.6&#8243; _module_preset=&#8220;default&#8220; global_colors_info=&#8220;{}&#8220;][\/et_pb_image][et_pb_text _builder_version=&#8220;4.27.6&#8243; _module_preset=&#8220;default&#8220; global_colors_info=&#8220;{}&#8220;]<\/p>\n<p>Hier finden Sie exemplarisch Informationen und Anforderungen zur <a href=\"https:\/\/www.condor.com\/de\/fliegen-geniessen\/besondere-betreuung\/passagiere-mit-besonderen-beduerfnissen\/schwangerschaft-und-krankheiten.jsp\" target=\"_blank\" rel=\"noopener\">Flugtauglichkeit f\u00fcr Condor Fl\u00fcge<\/a>.<\/p>\n<p>&nbsp;<\/p>\n<p>&nbsp;<\/p>\n<p>[\/et_pb_text][\/et_pb_column][et_pb_column type=&#8220;1_3&#8243; _builder_version=&#8220;4.27.6&#8243; _module_preset=&#8220;default&#8220; global_colors_info=&#8220;{}&#8220;][et_pb_image src=&#8220;https:\/\/www.frauengesundheit-frankfurt.de\/wp-content\/uploads\/2026\/04\/Aida.jpg&#8220; alt=&#8220;Aida Kreuzfahrtschiff&#8220; title_text=&#8220;Aida Kreuzfahrtschiff&#8220; url=&#8220;https:\/\/aida.de\/faq\/gesundheit\/schwangerschaft&#8220; url_new_window=&#8220;on&#8220; _builder_version=&#8220;4.27.6&#8243; _module_preset=&#8220;default&#8220; hover_enabled=&#8220;0&#8243; global_colors_info=&#8220;{}&#8220; sticky_enabled=&#8220;0&#8243;][\/et_pb_image][et_pb_text _builder_version=&#8220;4.27.6&#8243; _module_preset=&#8220;default&#8220; hover_enabled=&#8220;0&#8243; global_colors_info=&#8220;{}&#8220; sticky_enabled=&#8220;0&#8243;]<\/p>\n<p>Allgemeine Fragen zu Kreuzfahrten finden Sie exemplarisch bei <a href=\"https:\/\/aida.de\/faq\/gesundheit\/schwangerschaft\" target=\"_blank\" rel=\"noopener\">AIDA<\/a>.<\/p>\n<p>[\/et_pb_text][\/et_pb_column][et_pb_column type=&#8220;1_3&#8243; _builder_version=&#8220;4.27.6&#8243; _module_preset=&#8220;default&#8220; global_colors_info=&#8220;{}&#8220;][et_pb_text _builder_version=&#8220;4.27.6&#8243; _module_preset=&#8220;default&#8220; global_colors_info=&#8220;{}&#8220;]<\/p>\n<p>Hier finden Sie exemplarisch Informationen und Anforderungen zur <a href=\"https:\/\/www.tui.com\/hilfe\/flug\/schwangerschaft\/\" target=\"_blank\" rel=\"noopener\">Flugtauglichkeit f\u00fcr TuiFly Fl\u00fcge<\/a>.<\/p>\n<p>&nbsp;<\/p>\n<p>&nbsp;<\/p>\n<p>[\/et_pb_text][\/et_pb_column][\/et_pb_row][et_pb_row column_structure=&#8220;1_2,1_2&#8243; _builder_version=&#8220;4.27.4&#8243; _module_preset=&#8220;default&#8220; global_colors_info=&#8220;{}&#8220;][et_pb_column type=&#8220;1_2&#8243; _builder_version=&#8220;4.27.4&#8243; _module_preset=&#8220;default&#8220; global_colors_info=&#8220;{}&#8220;][et_pb_button button_url=&#8220;\/reisemedizin&#8220; button_text=&#8220;Zur\u00fcck zur \u00dcbersichtsseite&#8220; button_alignment=&#8220;center&#8220; _builder_version=&#8220;4.27.4&#8243; _module_preset=&#8220;default&#8220; custom_button=&#8220;on&#8220; button_text_color=&#8220;gcid-ff1cd8ff-d53b-4acb-a6a2-d8058e5df3bb&#8220; button_icon=&#8220;&#x4a;||divi||400&#8243; button_icon_placement=&#8220;left&#8220; button_on_hover=&#8220;off&#8220; global_colors_info=&#8220;{%22gcid-ff1cd8ff-d53b-4acb-a6a2-d8058e5df3bb%22:%91%22button_text_color%22%93}&#8220;][\/et_pb_button][\/et_pb_column][et_pb_column type=&#8220;1_2&#8243; _builder_version=&#8220;4.27.4&#8243; _module_preset=&#8220;default&#8220; global_colors_info=&#8220;{}&#8220;][et_pb_button button_url=&#8220;\/termin&#8220; button_text=&#8220;Termin buchen&#8220; button_alignment=&#8220;center&#8220; _builder_version=&#8220;4.27.4&#8243; _module_preset=&#8220;default&#8220; custom_button=&#8220;on&#8220; button_text_color=&#8220;gcid-ff1cd8ff-d53b-4acb-a6a2-d8058e5df3bb&#8220; button_icon=&#8220;&#xf073;||fa||900&#8243; button_icon_placement=&#8220;left&#8220; button_on_hover=&#8220;off&#8220; global_colors_info=&#8220;{%22gcid-ff1cd8ff-d53b-4acb-a6a2-d8058e5df3bb%22:%91%22button_text_color%22%93}&#8220;][\/et_pb_button][\/et_pb_column][\/et_pb_row][\/et_pb_section]<\/p>\n","protected":false},"excerpt":{"rendered":"<p>Reisemedizinische GesundheitsberatungEine reisemedizinische Gesundheitsberatung in Frankfurt umfasst mehr als nur die klassische Impfberatung bez\u00fcglich notwendiger Reiseimpfungen f\u00fcr den individuell geplanten Urlaub.Sind Sie bereit f\u00fcr Ihre anstehende Reise?\u00a0 Ob Fernreise, Gesch\u00e4ftsaufenthalt oder Abenteuerurlaub: Jede Reise bringt neue Erlebnisse, aber auch besondere gesundheitliche Herausforderungen mit sich. Unsere reisemedizinische Gesundheitsberatung unterst\u00fctzt Sie dabei, bestens vorbereitet in Ihr n\u00e4chstes [&hellip;]<\/p>\n","protected":false},"author":1,"featured_media":1377926,"parent":56,"menu_order":50,"comment_status":"closed","ping_status":"closed","template":"","meta":{"_et_pb_use_builder":"on","_et_pb_old_content":"","_et_gb_content_width":"","footnotes":""},"class_list":["post-1376843","page","type-page","status-publish","has-post-thumbnail","hentry"],"_links":{"self":[{"href":"https:\/\/www.frauengesundheit-frankfurt.de\/en\/wp-json\/wp\/v2\/pages\/1376843","targetHints":{"allow":["GET"]}}],"collection":[{"href":"https:\/\/www.frauengesundheit-frankfurt.de\/en\/wp-json\/wp\/v2\/pages"}],"about":[{"href":"https:\/\/www.frauengesundheit-frankfurt.de\/en\/wp-json\/wp\/v2\/types\/page"}],"author":[{"embeddable":true,"href":"https:\/\/www.frauengesundheit-frankfurt.de\/en\/wp-json\/wp\/v2\/users\/1"}],"replies":[{"embeddable":true,"href":"https:\/\/www.frauengesundheit-frankfurt.de\/en\/wp-json\/wp\/v2\/comments?post=1376843"}],"version-history":[{"count":2,"href":"https:\/\/www.frauengesundheit-frankfurt.de\/en\/wp-json\/wp\/v2\/pages\/1376843\/revisions"}],"predecessor-version":[{"id":1378845,"href":"https:\/\/www.frauengesundheit-frankfurt.de\/en\/wp-json\/wp\/v2\/pages\/1376843\/revisions\/1378845"}],"up":[{"embeddable":true,"href":"https:\/\/www.frauengesundheit-frankfurt.de\/en\/wp-json\/wp\/v2\/pages\/56"}],"wp:featuredmedia":[{"embeddable":true,"href":"https:\/\/www.frauengesundheit-frankfurt.de\/en\/wp-json\/wp\/v2\/media\/1377926"}],"wp:attachment":[{"href":"https:\/\/www.frauengesundheit-frankfurt.de\/en\/wp-json\/wp\/v2\/media?parent=1376843"}],"curies":[{"name":"wp","href":"https:\/\/api.w.org\/{rel}","templated":true}]}}