{"id":1376839,"date":"2025-06-08T15:05:36","date_gmt":"2025-06-08T13:05:36","guid":{"rendered":"https:\/\/fragyn.appentwicklung-frankfurt.de\/?page_id=1376839"},"modified":"2026-04-14T14:54:05","modified_gmt":"2026-04-14T12:54:05","slug":"tauch-und-hoehenmedizin","status":"publish","type":"page","link":"https:\/\/www.frauengesundheit-frankfurt.de\/en\/reisemedizin\/tauch-und-hoehenmedizin\/","title":{"rendered":"Diving and altitude medicine"},"content":{"rendered":"<p>[et_pb_section fb_built=&#8220;1&#8243; admin_label=&#8220;About&#8220; _builder_version=&#8220;4.16&#8243; _module_preset=&#8220;default&#8220; overflow-x=&#8220;hidden&#8220; overflow-y=&#8220;hidden&#8220; locked=&#8220;off&#8220; global_colors_info=&#8220;{}&#8220;][et_pb_row column_structure=&#8220;1_2,1_2&#8243; _builder_version=&#8220;4.16&#8243; _module_preset=&#8220;default&#8220; global_colors_info=&#8220;{}&#8220;][et_pb_column type=&#8220;1_2&#8243; _builder_version=&#8220;4.16&#8243; _module_preset=&#8220;default&#8220; global_colors_info=&#8220;{}&#8220;][et_pb_text _builder_version=&#8220;4.27.6&#8243; _module_preset=&#8220;default&#8220; header_3_font=&#8220;EB Garamond|600|||||||&#8220; header_3_font_size=&#8220;20px&#8220; custom_margin=&#8220;||10px||false|false&#8220; locked=&#8220;off&#8220; global_colors_info=&#8220;{}&#8220;]<\/p>\n<h1>Tauch- und H\u00f6henmedizin<\/h1>\n<p>[\/et_pb_text][et_pb_divider color=&#8220;#9F7C5A&#8220; _builder_version=&#8220;4.27.4&#8243; _module_preset=&#8220;default&#8220; width=&#8220;70%&#8220; locked=&#8220;off&#8220; global_colors_info=&#8220;{}&#8220;][\/et_pb_divider][et_pb_text _builder_version=&#8220;4.27.6&#8243; _module_preset=&#8220;default&#8220; header_2_font=&#8220;||||||||&#8220; header_2_font_size=&#8220;48px&#8220; header_2_line_height=&#8220;1.3em&#8220; header_2_font_size_tablet=&#8220;34px&#8220; header_2_font_size_phone=&#8220;22px&#8220; header_2_font_size_last_edited=&#8220;on|phone&#8220; locked=&#8220;off&#8220; global_colors_info=&#8220;{}&#8220; header_2_2_font_size_tablet=&#8220;34px&#8220; header_3_2_font_size_tablet=&#8220;34px&#8220; header_4_2_font_size_tablet=&#8220;34px&#8220; header_5_2_font_size_tablet=&#8220;34px&#8220; header_6_2_font_size_tablet=&#8220;34px&#8220; header_2_2_font_size_phone=&#8220;22px&#8220; header_3_2_font_size_phone=&#8220;22px&#8220; header_4_2_font_size_phone=&#8220;22px&#8220; header_5_2_font_size_phone=&#8220;22px&#8220; header_6_2_font_size_phone=&#8220;22px&#8220; header_2_2_font_size_last_edited=&#8220;on|phone&#8220; header_3_2_font_size_last_edited=&#8220;on|phone&#8220; header_4_2_font_size_last_edited=&#8220;on|phone&#8220; header_5_2_font_size_last_edited=&#8220;on|phone&#8220; header_6_2_font_size_last_edited=&#8220;on|phone&#8220;]<\/p>\n<h2>Tauchtauglichkeit<\/h2>\n<p>[\/et_pb_text][et_pb_text _builder_version=&#8220;4.27.6&#8243; _module_preset=&#8220;default&#8220; text_font=&#8220;ABeeZee||||||||&#8220; text_line_height=&#8220;2em&#8220; custom_padding=&#8220;0px|||||&#8220; locked=&#8220;off&#8220; global_colors_info=&#8220;{}&#8220;]<\/p>\n<p>Seit vielen Jahren f\u00fchren wir Tauchtauglichkeitsuntersuchungen gem\u00e4\u00df GT\u00dcM-Empfehlungen durch. Unsere aktuelle Zulassung ist bis 2028 g\u00fcltig. Die Untersuchung beinhaltet Anamnese, k\u00f6rperliche Untersuchung, Otoskopie, Lungenfunktionspr\u00fcfung und Ruhe-EKG. Altersabh\u00e4ngig oder bei Bedarf werden weitere Tests durchgef\u00fchrt. Nach der Untersuchung erhalten Sie ein \u00e4rztliches Zeugnis \u00fcber die Tauglichkeit zum Sporttauchen. Abrechnung erfolgt nach GO\u00c4.<\/p>\n<p>[\/et_pb_text][\/et_pb_column][et_pb_column type=&#8220;1_2&#8243; _builder_version=&#8220;4.16&#8243; _module_preset=&#8220;default&#8220; global_colors_info=&#8220;{}&#8220;][et_pb_image src=&#8220;https:\/\/www.frauengesundheit-frankfurt.de\/wp-content\/uploads\/2025\/05\/AdobeStock_359506194-scaled.jpeg&#8220; alt=&#8220;Schwarze und rote Anemonenfische sind auf dieser Unterwasseraufnahme vor einem farbenfroh bewachsenden Riff zu erkennen.&#8220; title_text=&#8220;Black and Red anemonefish, Amphiprion melanopus, swim among the tentacles of a mat of host anemones on a coral reef in Fiji.&#8220; _builder_version=&#8220;4.27.6&#8243; _module_preset=&#8220;default&#8220; custom_margin=&#8220;70px||||false|false&#8220; global_colors_info=&#8220;{}&#8220;][\/et_pb_image][\/et_pb_column][\/et_pb_row][et_pb_row column_structure=&#8220;1_2,1_2&#8243; _builder_version=&#8220;4.27.6&#8243; _module_preset=&#8220;default&#8220; global_colors_info=&#8220;{}&#8220;][et_pb_column type=&#8220;1_2&#8243; _builder_version=&#8220;4.27.6&#8243; _module_preset=&#8220;default&#8220; global_colors_info=&#8220;{}&#8220;][et_pb_heading title=&#8220;Tauchmedizinische Untersuchung&#8220; _builder_version=&#8220;4.27.6&#8243; _module_preset=&#8220;default&#8220; title_level=&#8220;h3&#8243; global_colors_info=&#8220;{}&#8220;][\/et_pb_heading][et_pb_text _builder_version=&#8220;4.27.6&#8243; _module_preset=&#8220;default&#8220; global_colors_info=&#8220;{}&#8220;]<\/p>\n<ul>\n<li>Ausf\u00fchrliche Anamnese, d.h. Krankengesichte ( Beschwerden und Erkrankungen in der Vergangenheit unter Ber\u00fccksichtigung des Tauchens)<\/li>\n<li>Ausf\u00fchrliche k\u00f6rperliche Untersuchung (Allgemeinzustand, Haut, Augen, Nase, Ohren, Bewegungsapparat usw.)<\/li>\n<li>Spezielle Untersuchungen, z.B. der Trommelfelle (Otoskopie), Lungenfunktionsdiagnostik, EKG bzw. Belastungs-EKG<\/li>\n<\/ul>\n<p><strong>Sehr selten muss aus \u00e4rztlicher Sicht komplett vom Tauchsport abgeraten werden.<\/strong><\/p>\n<p>[\/et_pb_text][\/et_pb_column][et_pb_column type=&#8220;1_2&#8243; _builder_version=&#8220;4.27.6&#8243; _module_preset=&#8220;default&#8220; global_colors_info=&#8220;{}&#8220;][et_pb_heading title=&#8220;Tauchtauglichkeit von Kindern und Jugendlichen&#8220; _builder_version=&#8220;4.27.6&#8243; _module_preset=&#8220;default&#8220; title_level=&#8220;h3&#8243; global_colors_info=&#8220;{}&#8220;][\/et_pb_heading][et_pb_text _builder_version=&#8220;4.27.6&#8243; _module_preset=&#8220;default&#8220; global_colors_info=&#8220;{}&#8220;]<\/p>\n<p>Die Untersuchungen erfolgen in Anlehnung an die Empfehlungen der GT\u00dcM bzw. der Gesellschaft f\u00fcr P\u00e4diatrische Sportmedizin e.V., Arbeitsgruppe Kindertauchen. Hierbei sollen eventuelle gesundheitliche Risiken erkannt werden.<\/p>\n<p>[\/et_pb_text][et_pb_heading title=&#8220;Untersuchungsintervalle&#8220; _builder_version=&#8220;4.27.6&#8243; _module_preset=&#8220;default&#8220; title_level=&#8220;h3&#8243; global_colors_info=&#8220;{}&#8220;][\/et_pb_heading][et_pb_text _builder_version=&#8220;4.27.6&#8243; _module_preset=&#8220;default&#8220; global_colors_info=&#8220;{}&#8220;]<\/p>\n<p>Die GT\u00dcM empfiehlt f\u00fcr die Tauchuntersuchung folgende Intervalle:<\/p>\n<ul>\n<li>Alle drei Jahre im Alter zwischen 18 und 39 Jahre<\/li>\n<li>J\u00e4hrlich bis zum 18. Lebensjahr<\/li>\n<li>Alle 12 Monate ab dem 40. Lebensjahr<\/li>\n<li>abweichende Intervalle in Absprache mit dem Untersucher<\/li>\n<\/ul>\n<p>[\/et_pb_text][\/et_pb_column][\/et_pb_row][\/et_pb_section][et_pb_section fb_built=&#8220;1&#8243; admin_label=&#8220;About&#8220; _builder_version=&#8220;4.16&#8243; _module_preset=&#8220;default&#8220; overflow-x=&#8220;hidden&#8220; overflow-y=&#8220;hidden&#8220; locked=&#8220;off&#8220; global_colors_info=&#8220;{}&#8220;][et_pb_row column_structure=&#8220;1_2,1_2&#8243; _builder_version=&#8220;4.27.4&#8243; _module_preset=&#8220;default&#8220; custom_padding=&#8220;||0px||false|false&#8220; global_colors_info=&#8220;{}&#8220;][et_pb_column type=&#8220;1_2&#8243; _builder_version=&#8220;4.16&#8243; _module_preset=&#8220;default&#8220; global_colors_info=&#8220;{}&#8220;][et_pb_text _builder_version=&#8220;4.27.6&#8243; _module_preset=&#8220;default&#8220; header_3_font=&#8220;EB Garamond|600|||||||&#8220; header_3_font_size=&#8220;20px&#8220; custom_margin=&#8220;||10px||false|false&#8220; locked=&#8220;off&#8220; global_colors_info=&#8220;{}&#8220;]<\/p>\n<h2>H\u00f6henmedizin<\/h2>\n<p>[\/et_pb_text][et_pb_divider color=&#8220;#9F7C5A&#8220; _builder_version=&#8220;4.27.4&#8243; _module_preset=&#8220;default&#8220; width=&#8220;70%&#8220; locked=&#8220;off&#8220; global_colors_info=&#8220;{}&#8220;][\/et_pb_divider][et_pb_text _builder_version=&#8220;4.27.6&#8243; _module_preset=&#8220;default&#8220; header_2_font=&#8220;EB Garamond||||||||&#8220; header_2_font_size=&#8220;48px&#8220; header_2_line_height=&#8220;1.3em&#8220; header_2_font_size_tablet=&#8220;34px&#8220; header_2_font_size_phone=&#8220;22px&#8220; header_2_font_size_last_edited=&#8220;on|phone&#8220; locked=&#8220;off&#8220; global_colors_info=&#8220;{}&#8220; header_2_2_font_size_tablet=&#8220;34px&#8220; header_3_2_font_size_tablet=&#8220;34px&#8220; header_4_2_font_size_tablet=&#8220;34px&#8220; header_5_2_font_size_tablet=&#8220;34px&#8220; header_6_2_font_size_tablet=&#8220;34px&#8220; header_2_2_font_size_phone=&#8220;22px&#8220; header_3_2_font_size_phone=&#8220;22px&#8220; header_4_2_font_size_phone=&#8220;22px&#8220; header_5_2_font_size_phone=&#8220;22px&#8220; header_6_2_font_size_phone=&#8220;22px&#8220; header_2_2_font_size_last_edited=&#8220;on|phone&#8220; header_3_2_font_size_last_edited=&#8220;on|phone&#8220; header_4_2_font_size_last_edited=&#8220;on|phone&#8220; header_5_2_font_size_last_edited=&#8220;on|phone&#8220; header_6_2_font_size_last_edited=&#8220;on|phone&#8220;]<\/p>\n<h3>H\u00f6henmedizinische Beratung<\/h3>\n<p>[\/et_pb_text][et_pb_text _builder_version=&#8220;4.27.6&#8243; _module_preset=&#8220;default&#8220; text_font=&#8220;||||||||&#8220; text_line_height=&#8220;2em&#8220; locked=&#8220;off&#8220; global_colors_info=&#8220;{}&#8220;]<\/p>\n<p>Ob Trekking-Abenteuer in den Anden, Kulturreise zu den Inkast\u00e4tten oder eine Gesch\u00e4ftsreise in hochgelegene Metropolen wie La Paz, Cusco und dem Titicacasee in S\u00fcdamerika bzw. dem Kilimandscharo \u2013 die H\u00f6he stellt besondere Anforderungen an Ihren K\u00f6rper. Damit Sie Ihre Reise gesund genie\u00dfen und sicher zur\u00fcckkehren, ist eine spezialisierte h\u00f6henmedizinische Beratung unerl\u00e4sslich.<\/p>\n<p><strong>Warum eine spezielle Beratung?<\/strong><br \/>H\u00f6henmedizin ist mehr als klassische Reisemedizin. Ab einer gewissen H\u00f6he nimmt der Sauerstoffdruck ab, was den Organismus belastet. Dies betrifft nicht nur Extremsportler, sondern jeden Reisenden. Als zertifizierter Experte unterst\u00fctze ich Sie dabei, Risiken wie die H\u00f6henkrankheit zu minimieren und Ihren Gesundheitszustand optimal auf Ihr Reiseziel abzustimmen.<\/p>\n<p>[\/et_pb_text][\/et_pb_column][et_pb_column type=&#8220;1_2&#8243; _builder_version=&#8220;4.16&#8243; _module_preset=&#8220;default&#8220; global_colors_info=&#8220;{}&#8220;][et_pb_image src=&#8220;https:\/\/www.frauengesundheit-frankfurt.de\/wp-content\/uploads\/2025\/05\/AdobeStock_1000703777-scaled.jpeg&#8220; title_text=&#8220;H\u00f6henmedizin vor H\u00f6hentrekking&#8220; _builder_version=&#8220;4.27.6&#8243; _module_preset=&#8220;default&#8220; custom_margin=&#8220;70px||||false|false&#8220; hover_enabled=&#8220;0&#8243; global_colors_info=&#8220;{}&#8220; alt=&#8220;Tauch- und H\u00f6henmedizin<br \/>\nEine Gruppe von Wanderern wandert unter klarem blauen Himmel einen schroffen Bergpfad hinauf, in Richtung schneebedeckter Gipfel. Die Bergsteiger sind mit Rucks\u00e4cken und Trekkingst\u00f6cken ausgestattet und bewegen sich durch eine atemberaubende&#8220; sticky_enabled=&#8220;0&#8243;][\/et_pb_image][\/et_pb_column][\/et_pb_row][et_pb_row _builder_version=&#8220;4.27.4&#8243; _module_preset=&#8220;default&#8220; custom_padding=&#8220;||0px||false|false&#8220; global_colors_info=&#8220;{}&#8220;][et_pb_column type=&#8220;4_4&#8243; _builder_version=&#8220;4.16&#8243; _module_preset=&#8220;default&#8220; global_colors_info=&#8220;{}&#8220;][et_pb_text _builder_version=&#8220;4.27.6&#8243; _module_preset=&#8220;default&#8220; global_colors_info=&#8220;{}&#8220;]<\/p>\n<p><strong>Die H\u00f6henstufen im \u00dcberblick<\/strong><br \/>Wussten Sie, dass der K\u00f6rper bereits ab 1.500 Metern reagiert? Je nach Zielgebiet gelten unterschiedliche Anforderungen an die Vorbereitung:<\/p>\n<ul>\n<li style=\"list-style-type: none;\">\n<ul>\n<li style=\"list-style-type: none;\">\n<ul>\n<li>Mittlere H\u00f6he (1.500m \u2013 3.500m): Gesunde Menschen passen sich meist schnell an, dennoch droht bei zu schnellem Aufstieg die akute H\u00f6henkrankheit (AMS).<\/li>\n<li>Gro\u00dfe H\u00f6he (3.500m \u2013 5.300m): Eine gezielte Akklimatisation ist hier zwingend erforderlich \u2013 auch f\u00fcr fitte Sportler. Es besteht das Risiko lebensbedrohlicher Erkrankungen (Lungen- oder Hirn\u00f6dem).<\/li>\n<li>Extreme H\u00f6he (&gt; 5.300m): Eine vollst\u00e4ndige Anpassung ist hier nicht mehr m\u00f6glich; eine professionelle medizinische Vorbereitung ist lebensnotwendig.<\/li>\n<\/ul>\n<\/li>\n<\/ul>\n<\/li>\n<\/ul>\n<p><strong>Unser Leistungsangebot f\u00fcr Sie:<\/strong><br \/>Eine fundierte Beratung braucht Zeit und Expertise. Um Sie optimal vorzubereiten, bieten wir in unserer Praxis:<\/p>\n<p>Individuelle Risikoanalyse: Abgleich Ihres Gesundheitszustands mit dem Profil Ihrer Reise.<br \/>Gezielte Diagnostik: Untersuchung von Herz und Lunge, um Belastungsgrenzen zu bestimmen.<br \/>Pr\u00e4ventionsstrategien: Beratung zur richtigen Akklimatisation und zum Verhalten im Notfall.<br \/>Medikament\u00f6se Beratung: Vorsorge und Notfallapotheke f\u00fcr die H\u00f6he.<\/p>\n<p>Planen Sie rechtzeitig! F\u00fcr eine umfassende Diagnostik und Vorbereitung empfehlen wir, den Termin bereits einige Wochen vor Reiseantritt zu vereinbaren.<\/p>\n<p>[\/et_pb_text][\/et_pb_column][\/et_pb_row][et_pb_row column_structure=&#8220;1_3,1_3,1_3&#8243; _builder_version=&#8220;4.27.6&#8243; _module_preset=&#8220;default&#8220; global_colors_info=&#8220;{}&#8220;][et_pb_column type=&#8220;1_3&#8243; _builder_version=&#8220;4.27.6&#8243; _module_preset=&#8220;default&#8220; global_colors_info=&#8220;{}&#8220;][et_pb_heading title=&#8220;S\u00fcdamerika (Anden-Region)&#8220; _builder_version=&#8220;4.27.6&#8243; _module_preset=&#8220;default&#8220; title_level=&#8220;h3&#8243; global_colors_info=&#8220;{}&#8220;][\/et_pb_heading][et_pb_text _builder_version=&#8220;4.27.6&#8243; _module_preset=&#8220;default&#8220; global_colors_info=&#8220;{}&#8220;]<\/p>\n<ul>\n<li>Machu Picchu (Peru): Mit ca. 2.430 m liegt die Inkast\u00e4tte zwar niedriger als Cusco, ist aber oft Teil einer Rundreise, die \u00fcber deutlich h\u00f6here P\u00e4sse f\u00fchrt.<\/li>\n<li>Arequipa &amp; Colca Canyon (Peru): Der Canyon ist einer der tiefsten der Welt; Aussichtspunkte liegen oft \u00fcber 4.000 m.<\/li>\n<li>Quito (Ecuador): Die Hauptstadt liegt auf ca. 2.850 m und ist ein h\u00e4ufiges Ziel f\u00fcr Gesch\u00e4ftsreisende und Touristen.<\/li>\n<li>Bogot\u00e1 (Kolumbien): Mit ca. 2.640 m eine weitere Metropole, in der die d\u00fcnnere Luft sp\u00fcrbar ist<\/li>\n<\/ul>\n<p>[\/et_pb_text][\/et_pb_column][et_pb_column type=&#8220;1_3&#8243; _builder_version=&#8220;4.27.6&#8243; _module_preset=&#8220;default&#8220; global_colors_info=&#8220;{}&#8220;][et_pb_heading title=&#8220;Asien (Himalaya &#038; Zentralasien)&#8220; _builder_version=&#8220;4.27.6&#8243; _module_preset=&#8220;default&#8220; title_level=&#8220;h3&#8243; global_colors_info=&#8220;{}&#8220;][\/et_pb_heading][et_pb_text _builder_version=&#8220;4.27.6&#8243; _module_preset=&#8220;default&#8220; global_colors_info=&#8220;{}&#8220;]<\/p>\n<ul>\n<li>Lhasa (Tibet): Die Stadt liegt auf ca. 3.650 m und ist ein klassisches Beispiel f\u00fcr notwendige Akklimatisation.<\/li>\n<li>Leh (Indien\/Ladakh): Ein beliebtes Ziel f\u00fcr Trekking-Touristen auf etwa 3.500 m.<\/li>\n<li>Basislager (Everest \/ Annapurna): Hier erreichen Reisende H\u00f6hen von \u00fcber 5.000 m (Gro\u00dfe bis Extreme H\u00f6he).<\/li>\n<\/ul>\n<p>[\/et_pb_text][et_pb_image src=&#8220;https:\/\/www.frauengesundheit-frankfurt.de\/wp-content\/uploads\/2025\/05\/AdobeStock_537840455-scaled.jpeg&#8220; alt=&#8220;See im chilenischen Altiplano mit Lamas.&#8220; title_text=&#8220;Lamas im chilenischen Hochland&#8220; _builder_version=&#8220;4.27.6&#8243; _module_preset=&#8220;default&#8220; global_colors_info=&#8220;{}&#8220;][\/et_pb_image][\/et_pb_column][et_pb_column type=&#8220;1_3&#8243; _builder_version=&#8220;4.27.6&#8243; _module_preset=&#8220;default&#8220; global_colors_info=&#8220;{}&#8220;][et_pb_heading title=&#8220;Afrika&#8220; _builder_version=&#8220;4.27.6&#8243; _module_preset=&#8220;default&#8220; title_level=&#8220;h3&#8243; global_colors_info=&#8220;{}&#8220;][\/et_pb_heading][et_pb_text _builder_version=&#8220;4.27.6&#8243; _module_preset=&#8220;default&#8220; global_colors_info=&#8220;{}&#8220;]<\/p>\n<ul>\n<li>Kilimandscharo (Tansania): Mit 5.895 m ist der Aufstieg f\u00fcr viele Wanderer eine enorme k\u00f6rperliche Herausforderung, die ohne Vorbereitung lebensgef\u00e4hrlich sein kann.<\/li>\n<li>Addis Abeba (\u00c4thiopien): Eine der h\u00f6chstgelegenen Hauptst\u00e4dte der Welt auf ca. 2.355 m.<\/li>\n<\/ul>\n<p>[\/et_pb_text][et_pb_heading title=&#8220;Nordamerika&#8220; _builder_version=&#8220;4.27.6&#8243; _module_preset=&#8220;default&#8220; title_level=&#8220;h3&#8243; global_colors_info=&#8220;{}&#8220;][\/et_pb_heading][et_pb_text _builder_version=&#8220;4.27.6&#8243; _module_preset=&#8220;default&#8220; global_colors_info=&#8220;{}&#8220;]<\/p>\n<ul>\n<li>Colorado (USA): St\u00e4dte wie Denver (die \u201eMile High City\u201c auf 1.600 m) oder Skigebiete wie Aspen und Vail (bis \u00fcber 3.000 m) sind Ziele f\u00fcr Gesch\u00e4ftsleute und Wintersportler.<\/li>\n<li>Mexiko-Stadt: Die Megacity liegt auf ca. 2.240 m, was f\u00fcr Reisende mit Vorerkrankungen bereits relevant sein kann.<\/li>\n<\/ul>\n<p>[\/et_pb_text][\/et_pb_column][\/et_pb_row][et_pb_row _builder_version=&#8220;4.27.6&#8243; _module_preset=&#8220;default&#8220; global_colors_info=&#8220;{}&#8220;][et_pb_column type=&#8220;4_4&#8243; _builder_version=&#8220;4.27.6&#8243; _module_preset=&#8220;default&#8220; global_colors_info=&#8220;{}&#8220;][et_pb_heading title=&#8220;Externe Quellen: Tauch- und H\u00f6henmedizin&#8220; _builder_version=&#8220;4.27.6&#8243; _module_preset=&#8220;default&#8220; title_level=&#8220;h3&#8243; global_colors_info=&#8220;{}&#8220;][\/et_pb_heading][\/et_pb_column][\/et_pb_row][et_pb_row column_structure=&#8220;1_2,1_2&#8243; _builder_version=&#8220;4.27.6&#8243; _module_preset=&#8220;default&#8220; global_colors_info=&#8220;{}&#8220;][et_pb_column type=&#8220;1_2&#8243; _builder_version=&#8220;4.27.6&#8243; _module_preset=&#8220;default&#8220; global_colors_info=&#8220;{}&#8220;][et_pb_image src=&#8220;https:\/\/www.frauengesundheit-frankfurt.de\/wp-content\/uploads\/2026\/04\/GTUEM.png&#8220; alt=&#8220;Gesellschaft f\u00fcr<br \/>\nTauch- und \u00dcberdruckmedizin&#8220; title_text=&#8220;GTUEM&#8220; url=&#8220;https:\/\/www.gtuem.org\/&#8220; url_new_window=&#8220;on&#8220; align=&#8220;center&#8220; _builder_version=&#8220;4.27.6&#8243; _module_preset=&#8220;default&#8220; width=&#8220;52%&#8220; max_width=&#8220;51%&#8220; global_colors_info=&#8220;{}&#8220;][\/et_pb_image][\/et_pb_column][et_pb_column type=&#8220;1_2&#8243; _builder_version=&#8220;4.27.6&#8243; _module_preset=&#8220;default&#8220; global_colors_info=&#8220;{}&#8220;][et_pb_text _builder_version=&#8220;4.27.6&#8243; _module_preset=&#8220;default&#8220; global_colors_info=&#8220;{}&#8220;]<\/p>\n<p>Aufenthalt in gro\u00dfer H\u00f6he und h\u00f6henbedingte Erkrankungen (Reisehinweise des Ausw\u00e4rtigen Amts)<\/p>\n<p><a href=\"https:\/\/www.auswaertiges-amt.de\/de\/reiseundsicherheit\/reise-gesundheit\/hoehenkrankheit-2519606\" target=\"_blank\" rel=\"noopener\">Weitere Details finden Sie hier.\u00a0<\/a><\/p>\n<p>[\/et_pb_text][\/et_pb_column][\/et_pb_row][et_pb_row column_structure=&#8220;1_2,1_2&#8243; _builder_version=&#8220;4.27.4&#8243; _module_preset=&#8220;default&#8220; global_colors_info=&#8220;{}&#8220;][et_pb_column type=&#8220;1_2&#8243; _builder_version=&#8220;4.27.4&#8243; _module_preset=&#8220;default&#8220; global_colors_info=&#8220;{}&#8220;][et_pb_button button_url=&#8220;\/reisemedizin&#8220; button_text=&#8220;Zur\u00fcck zur \u00dcbersichtsseite&#8220; button_alignment=&#8220;center&#8220; _builder_version=&#8220;4.27.4&#8243; _module_preset=&#8220;default&#8220; custom_button=&#8220;on&#8220; button_text_color=&#8220;gcid-ff1cd8ff-d53b-4acb-a6a2-d8058e5df3bb&#8220; button_icon=&#8220;&#x4a;||divi||400&#8243; button_icon_placement=&#8220;left&#8220; button_on_hover=&#8220;off&#8220; global_colors_info=&#8220;{%22gcid-ff1cd8ff-d53b-4acb-a6a2-d8058e5df3bb%22:%91%22button_text_color%22%93}&#8220;][\/et_pb_button][\/et_pb_column][et_pb_column type=&#8220;1_2&#8243; _builder_version=&#8220;4.27.4&#8243; _module_preset=&#8220;default&#8220; global_colors_info=&#8220;{}&#8220;][et_pb_button button_url=&#8220;\/termin&#8220; button_text=&#8220;Termin buchen&#8220; button_alignment=&#8220;center&#8220; _builder_version=&#8220;4.27.4&#8243; _module_preset=&#8220;default&#8220; custom_button=&#8220;on&#8220; button_text_color=&#8220;gcid-ff1cd8ff-d53b-4acb-a6a2-d8058e5df3bb&#8220; button_icon=&#8220;&#xf073;||fa||900&#8243; button_icon_placement=&#8220;left&#8220; button_on_hover=&#8220;off&#8220; global_colors_info=&#8220;{%22gcid-ff1cd8ff-d53b-4acb-a6a2-d8058e5df3bb%22:%91%22button_text_color%22%93}&#8220;][\/et_pb_button][\/et_pb_column][\/et_pb_row][\/et_pb_section][et_pb_section fb_built=&#8220;1&#8243; _builder_version=&#8220;4.27.6&#8243; _module_preset=&#8220;default&#8220; global_colors_info=&#8220;{}&#8220;][et_pb_row _builder_version=&#8220;4.27.6&#8243; _module_preset=&#8220;default&#8220; global_colors_info=&#8220;{}&#8220;][et_pb_column type=&#8220;4_4&#8243; _builder_version=&#8220;4.27.6&#8243; _module_preset=&#8220;default&#8220; global_colors_info=&#8220;{}&#8220;][\/et_pb_column][\/et_pb_row][\/et_pb_section]<\/p>\n","protected":false},"excerpt":{"rendered":"<p>Tauch- und H\u00f6henmedizinTauchtauglichkeitSeit vielen Jahren f\u00fchren wir Tauchtauglichkeitsuntersuchungen gem\u00e4\u00df GT\u00dcM-Empfehlungen durch. Unsere aktuelle Zulassung ist bis 2028 g\u00fcltig. Die Untersuchung beinhaltet Anamnese, k\u00f6rperliche Untersuchung, Otoskopie, Lungenfunktionspr\u00fcfung und Ruhe-EKG. Altersabh\u00e4ngig oder bei Bedarf werden weitere Tests durchgef\u00fchrt. Nach der Untersuchung erhalten Sie ein \u00e4rztliches Zeugnis \u00fcber die Tauglichkeit zum Sporttauchen. Abrechnung erfolgt nach GO\u00c4. Ausf\u00fchrliche Anamnese, [&hellip;]<\/p>\n","protected":false},"author":1,"featured_media":1376360,"parent":56,"menu_order":50,"comment_status":"closed","ping_status":"closed","template":"","meta":{"_et_pb_use_builder":"on","_et_pb_old_content":"","_et_gb_content_width":"","footnotes":""},"class_list":["post-1376839","page","type-page","status-publish","has-post-thumbnail","hentry"],"_links":{"self":[{"href":"https:\/\/www.frauengesundheit-frankfurt.de\/en\/wp-json\/wp\/v2\/pages\/1376839","targetHints":{"allow":["GET"]}}],"collection":[{"href":"https:\/\/www.frauengesundheit-frankfurt.de\/en\/wp-json\/wp\/v2\/pages"}],"about":[{"href":"https:\/\/www.frauengesundheit-frankfurt.de\/en\/wp-json\/wp\/v2\/types\/page"}],"author":[{"embeddable":true,"href":"https:\/\/www.frauengesundheit-frankfurt.de\/en\/wp-json\/wp\/v2\/users\/1"}],"replies":[{"embeddable":true,"href":"https:\/\/www.frauengesundheit-frankfurt.de\/en\/wp-json\/wp\/v2\/comments?post=1376839"}],"version-history":[{"count":3,"href":"https:\/\/www.frauengesundheit-frankfurt.de\/en\/wp-json\/wp\/v2\/pages\/1376839\/revisions"}],"predecessor-version":[{"id":1378539,"href":"https:\/\/www.frauengesundheit-frankfurt.de\/en\/wp-json\/wp\/v2\/pages\/1376839\/revisions\/1378539"}],"up":[{"embeddable":true,"href":"https:\/\/www.frauengesundheit-frankfurt.de\/en\/wp-json\/wp\/v2\/pages\/56"}],"wp:featuredmedia":[{"embeddable":true,"href":"https:\/\/www.frauengesundheit-frankfurt.de\/en\/wp-json\/wp\/v2\/media\/1376360"}],"wp:attachment":[{"href":"https:\/\/www.frauengesundheit-frankfurt.de\/en\/wp-json\/wp\/v2\/media?parent=1376839"}],"curies":[{"name":"wp","href":"https:\/\/api.w.org\/{rel}","templated":true}]}}