{"id":1376835,"date":"2025-06-08T15:03:46","date_gmt":"2025-06-08T13:03:46","guid":{"rendered":"https:\/\/fragyn.appentwicklung-frankfurt.de\/?page_id=1376835"},"modified":"2026-04-27T13:11:55","modified_gmt":"2026-04-27T11:11:55","slug":"gelbfieberimpfung","status":"publish","type":"page","link":"https:\/\/www.frauengesundheit-frankfurt.de\/en\/reisemedizin\/gelbfieberimpfung\/","title":{"rendered":"Yellow fever vaccination"},"content":{"rendered":"\n[et_pb_section fb_built=&#8220;1&#8243; admin_label=&#8220;About&#8220; _builder_version=&#8220;4.16&#8243; _module_preset=&#8220;default&#8220; overflow-x=&#8220;hidden&#8220; overflow-y=&#8220;hidden&#8220; locked=&#8220;off&#8220; global_colors_info=&#8220;{}&#8220;][et_pb_row column_structure=&#8220;1_2,1_2&#8243; _builder_version=&#8220;4.16&#8243; _module_preset=&#8220;default&#8220; global_colors_info=&#8220;{}&#8220;][et_pb_column type=&#8220;1_2&#8243; _builder_version=&#8220;4.16&#8243; _module_preset=&#8220;default&#8220; global_colors_info=&#8220;{}&#8220;][et_pb_text _builder_version=&#8220;4.27.6&#8243; _module_preset=&#8220;default&#8220; header_3_font=&#8220;EB Garamond|600|||||||&#8220; header_3_font_size=&#8220;20px&#8220; custom_margin=&#8220;||10px||false|false&#8220; locked=&#8220;off&#8220; global_colors_info=&#8220;{}&#8220;]<h1>Impfung<\/h1>[\/et_pb_text][et_pb_divider color=&#8220;#9F7C5A&#8220; _builder_version=&#8220;4.27.4&#8243; _module_preset=&#8220;default&#8220; width=&#8220;70%&#8220; locked=&#8220;off&#8220; global_colors_info=&#8220;{}&#8220;][\/et_pb_divider][et_pb_text _builder_version=&#8220;4.27.6&#8243; _module_preset=&#8220;default&#8220; header_2_font=&#8220;||||||||&#8220; header_2_font_size=&#8220;48px&#8220; header_2_line_height=&#8220;1.3em&#8220; header_2_font_size_tablet=&#8220;34px&#8220; header_2_font_size_phone=&#8220;22px&#8220; header_2_font_size_last_edited=&#8220;on|phone&#8220; locked=&#8220;off&#8220; global_colors_info=&#8220;{}&#8220; header_2_2_font_size_tablet=&#8220;34px&#8220; header_3_2_font_size_tablet=&#8220;34px&#8220; header_4_2_font_size_tablet=&#8220;34px&#8220; header_5_2_font_size_tablet=&#8220;34px&#8220; header_6_2_font_size_tablet=&#8220;34px&#8220; header_2_2_font_size_phone=&#8220;22px&#8220; header_3_2_font_size_phone=&#8220;22px&#8220; header_4_2_font_size_phone=&#8220;22px&#8220; header_5_2_font_size_phone=&#8220;22px&#8220; header_6_2_font_size_phone=&#8220;22px&#8220; header_2_2_font_size_last_edited=&#8220;on|phone&#8220; header_3_2_font_size_last_edited=&#8220;on|phone&#8220; header_4_2_font_size_last_edited=&#8220;on|phone&#8220; header_5_2_font_size_last_edited=&#8220;on|phone&#8220; header_6_2_font_size_last_edited=&#8220;on|phone&#8220;]<h2>Gelbfieberimpfung in unserer zertifizierten Gelbfieberimpfstelle<\/h2>[\/et_pb_text][et_pb_text _builder_version=&#8220;4.27.4&#8243; _module_preset=&#8220;default&#8220; text_font=&#8220;ABeeZee||||||||&#8220; text_line_height=&#8220;2em&#8220; locked=&#8220;off&#8220; global_colors_info=&#8220;{}&#8220;]<p>Wir sind eine vom Regierungspr\u00e4sidium Darmstadt <strong>zertifizierte Gelbfieberimpfstelle nach den WHO Grunds\u00e4tzen.<\/strong><\/p>\n<p>Bei Reisen in betroffene Gebiete wird dringend eine Gelbfieberimpfung empfohlen bzw. ist vorgeschrieben. Insbesondere Touristen sind von schweren Verlaufsformen betroffen. Relativ h\u00e4ufig (etwa 20 % aller F\u00e4lle) f\u00fchrt die Impfung zu milden, grippe\u00e4hnlichen Symptomen.<\/p>[\/et_pb_text][\/et_pb_column][et_pb_column type=&#8220;1_2&#8243; _builder_version=&#8220;4.16&#8243; _module_preset=&#8220;default&#8220; global_colors_info=&#8220;{}&#8220;][et_pb_image src=&#8220;https:\/\/www.frauengesundheit-frankfurt.de\/wp-content\/uploads\/2025\/05\/AdobeStock_25822810-scaled.jpeg&#8220; title_text=&#8220;Impfschutz in fernen L\u00e4ndern&#8220; _builder_version=&#8220;4.27.4&#8243; _module_preset=&#8220;default&#8220; custom_margin=&#8220;70px||||false|false&#8220; global_colors_info=&#8220;{}&#8220;][\/et_pb_image][\/et_pb_column][\/et_pb_row][et_pb_row _builder_version=&#8220;4.27.4&#8243; _module_preset=&#8220;default&#8220; global_colors_info=&#8220;{}&#8220;][et_pb_column type=&#8220;4_4&#8243; _builder_version=&#8220;4.27.4&#8243; _module_preset=&#8220;default&#8220; global_colors_info=&#8220;{}&#8220;][et_pb_text _builder_version=&#8220;4.27.4&#8243; _module_preset=&#8220;default&#8220; global_colors_info=&#8220;{}&#8220;]<p>Die Impfung wird mittels Siegel in Ihrem internationalen Impfpass dokumentiert und darf ausschlie\u00dflich von zertifizierten Gelbfieberimpfstellen durchgef\u00fchrt werden. Dem Impfpass m\u00fcssen Sie zwingend bei Einreise in ein Land, das die Gelbfieberimpfung verlangt vorlegen k\u00f6nnen. F\u00fcr weitergehende Informationen stehen wir Ihnen gerne im Rahmen eines individuellen Beratungsgespr\u00e4ches zur Verf\u00fcgung. Leider gibt es bei Reisen in L\u00e4nder die eine Gelbfieberimpfung verlangen noch andere Gesundheitsrisken!<\/p>[\/et_pb_text][\/et_pb_column][\/et_pb_row][et_pb_row _builder_version=&#8220;4.27.4&#8243; _module_preset=&#8220;default&#8220; custom_padding=&#8220;27px|||||&#8220; global_colors_info=&#8220;{}&#8220;][et_pb_column type=&#8220;4_4&#8243; _builder_version=&#8220;4.27.4&#8243; _module_preset=&#8220;default&#8220; global_colors_info=&#8220;{}&#8220;][et_pb_tabs _builder_version=&#8220;4.27.4&#8243; _module_preset=&#8220;default&#8220; global_colors_info=&#8220;{}&#8220;][et_pb_tab title=&#8220;Vorkommen&#8220; _builder_version=&#8220;4.27.4&#8243; _module_preset=&#8220;default&#8220; global_colors_info=&#8220;{}&#8220;]<p class=\"para\">Das Gelbfiebervirus ist in einigen Gebieten Afrikas und Zentral- und S\u00fcdamerikas endemisch.<\/p>\n<p>L\u00e4nder mit einem Risiko f\u00fcr die \u00dcbertragung des Gelbfieber-Virus:<\/p>\n<p><strong>Afrika: <\/strong>Angola, \u00c4quatorialguinea, \u00c4thiopien, Benin, Burkina Faso, Burundi, Elfenbeink\u00fcste, Gabun, Gambia, Ghana, Guinea, Guinea-Bissau, Kamerun, Republik Kongo, Demokratische Republik Kongo, Kenia, Liberia, Mali, Mauretanien, Niger, Nigeria, Senegal, Sierra Leone, Sudan, Togo, Tschad, Uganda und Zentralafrikanische Republik,\u00a0Eritrea, Ruanda, Sao Tom\u00e9 &amp; Principe, Somalia, Tansania, Sambia<\/p>\n<p><strong>Zentral- und S\u00fcdamerika:<\/strong>\u00a0Argentinien, Bolivien, Brasilien, Ecuador, Franz\u00f6sisch Guayana, Guyana, Kolumbien, Panama, Paraguay, Peru, Surinam, Venezuela, Trinidad und Tobago<\/p>\n<div class=\"WaaZC\">\n<div class=\"RJPOee EIJn2\">\n<div class=\"WaaZC\">\n<div class=\"RJPOee EIJn2\">\n<ul jscontroller=\"M2ABbc\" jsaction=\"jZtoLb:SaHfyb\" data-hveid=\"CDAQAQ\" data-ved=\"2ahUKEwi8guGPiZyNAxUW_7sIHXGDJz0Qm_YKegQIMBAB\"><\/ul>\n<\/div>\n<\/div>\n<\/div>\n<\/div>[\/et_pb_tab][et_pb_tab title=&#8220;Infektion&#8220; _builder_version=&#8220;4.27.4&#8243; _module_preset=&#8220;default&#8220; global_colors_info=&#8220;{}&#8220;]<p>Stechm\u00fcckenweibchen \u00fcbertragen das Gelbfiebervirus durch Stiche von Affen auf Menschen (Dschungel-Gelbfieber) oder von Mensch zu Mensch (Stadt-Gelbfieber), haupts\u00e4chlich <strong>tags\u00fcber<\/strong> bis in H\u00f6hen von 2.500 Metern.<\/p>\n<p>Im Dschungel sind Affen das Hauptreservoir, wobei das Virus \u00fcber M\u00fcckenstiche zwischen Affen und gelegentlich auf Menschen \u00fcbertragen wird, was zu sporadischen F\u00e4llen f\u00fchrt. In st\u00e4dtischen Gebieten erfolgt die \u00dcbertragung allein durch M\u00fcckenstiche zwischen Menschen und kann gr\u00f6\u00dfere Ausbr\u00fcche verursachen. In feuchten Savannen Afrikas treten beide \u00dcbertragungswege auf, was zu lokalen Ausbr\u00fcchen f\u00fchren kann.<\/p>\n<p>Inkubationszeit:\u00a0Die Zeit zwischen der Ansteckung mit Gelbfieber und dem Auftreten der ersten Symptome liegt meist zwischen 3 und 6 Tagen.<\/p>[\/et_pb_tab][et_pb_tab title=&#8220;Schutz- und Impfung&#8220; _builder_version=&#8220;4.27.4&#8243; _module_preset=&#8220;default&#8220; global_colors_info=&#8220;{}&#8220;]<p>Es ist wichtig, Moskitostiche zu vermeiden. Die Expositionsprophylaxe (Schutz vor Insektenstichen \/ -bisse) mit Moskitonetzen und einem Repellent sollte in Endemiegebieten angewendet werden und wird auch als passiver Schutz bezeichnet.<\/p>\n<p>Geimpft wird mit abgeschw\u00e4chten Viren aus angebr\u00fcteten H\u00fchnereiern. Spuren von H\u00fchnereiwei\u00df k\u00f6nnen enthalten sein. Der Impfstoff wird in den Muskel oder unter die Haut gespritzt. Er ist sehr effektiv (fast 100 Prozent Schutz), w\u00e4hrend die Krankheit f\u00fcr nicht immunisierte Erwachsene t\u00f6dlich sein kann.<br \/>Die Impfung wird Reisenden empfohlen, die L\u00e4nder mit Gelbfieberrisiko besuchen. Auch bei Inlandsreisen in Gelbfieberzonen Afrikas und S\u00fcdamerikas wird sie empfohlen, selbst wenn keine F\u00e4lle gemeldet sind.<\/p>\n<p>Die Impfung sollte mindestens 10 Tage vor der Einreise erfolgen. Der Impfschutz gilt gem. WHO lebenslang, au\u00dfer f\u00fcr Kinder unter 2 Jahren, Schwangere und Immunsupprimierte. Hingegen empfiehlt die STIKO seit 2022 bei Exposition eine einmalige Auffrischungsimpfung im Erwachsenenalter. Die Impfung muss in Deutschland durch speziell ausgebildete und autorisierte \u00c4rzte erfolgen. Wir betreiben seit vielen Jahren eine entsprechend zugelassene Gelbfieberimpfstelle in der Frankfurter Innenstadt.<\/p>[\/et_pb_tab][et_pb_tab title=&#8220;Nebenwirkungen&#8220; _builder_version=&#8220;4.27.4&#8243; _module_preset=&#8220;default&#8220; global_colors_info=&#8220;{}&#8220;]<p>Die Impfung ist grunds\u00e4tzlich gut vertr\u00e4glich. Gelegentlich k\u00f6nnen Hautr\u00f6tungen, Schwellungen oder grippe\u00e4hnliche Symptome auftreten. Selten gibt es neurologische Reaktionen wie eine Gehirnhautentz\u00fcndung.<br \/>\u00dcber 60-J\u00e4hrige sollten nur nach ausf\u00fchrlicher Nutzen-\/Risikoabw\u00e4gung geimpft werden, da in dieser Altersgruppe Nebenwirkungen h\u00e4ufiger und teils schwerer beschrieben werden. F\u00fcr Schwangere, H\u00fchnereiwei\u00dfallergiker und Patienten mit Immundefekten gelten besondere Empfehlungen, die individuell besprochen werden m\u00fcssen.<\/p>[\/et_pb_tab][et_pb_tab title=&#8220;Anmerkungen&#8220; _builder_version=&#8220;4.27.4&#8243; _module_preset=&#8220;default&#8220; global_colors_info=&#8220;{}&#8220;]<p>Wer ohne Gelbfieberimpfung aus einem Risikogebiet einreist, kann in andere L\u00e4nder nicht einreisen. Eine medizinische Impfbefreiung ist m\u00f6glich, muss aber von staatlichen Stellen beglaubigt sein und wird nicht \u00fcberall anerkannt. Die Botschaft sollte im Voraus kontaktiert werden.<br \/>Eine medizinische Impfbefreiung (Exemption Certificate) kann von einer Gelbfieberimpfstelle ausgestellt werden, jedoch gibt es keine Garantie auf Anerkennung. Wir empfehlen die Bescheinigung direkt beim \u00f6rtlichen Gesundheitsamt ausstellen zu lassen.\u00a0<\/p>[\/et_pb_tab][\/et_pb_tabs][\/et_pb_column][\/et_pb_row][et_pb_row column_structure=&#8220;1_2,1_2&#8243; _builder_version=&#8220;4.27.6&#8243; _module_preset=&#8220;default&#8220; global_colors_info=&#8220;{}&#8220;][et_pb_column type=&#8220;1_2&#8243; _builder_version=&#8220;4.27.6&#8243; _module_preset=&#8220;default&#8220; global_colors_info=&#8220;{}&#8220;][et_pb_heading title=&#8220;Informationen zur Gelbfieberimpfung %91deutsch%93&#8243; _builder_version=&#8220;4.27.6&#8243; _module_preset=&#8220;default&#8220; title_level=&#8220;h3&#8243; global_colors_info=&#8220;{}&#8220;][\/et_pb_heading][et_pb_video src=&#8220;https:\/\/www.frauengesundheit-frankfurt.de\/wp-content\/uploads\/2026\/03\/Gelbfieberimpfung.mp4&#8243; _builder_version=&#8220;4.27.6&#8243; _module_preset=&#8220;default&#8220; hover_enabled=&#8220;0&#8243; global_colors_info=&#8220;{}&#8220; title_text=&#8220;YellowFeverVideo&#8220; image_src=&#8220;https:\/\/www.frauengesundheit-frankfurt.de\/wp-content\/uploads\/2026\/04\/YellowFeverVideo.png&#8220; sticky_enabled=&#8220;0&#8243;][\/et_pb_video][\/et_pb_column][et_pb_column type=&#8220;1_2&#8243; _builder_version=&#8220;4.27.6&#8243; _module_preset=&#8220;default&#8220; global_colors_info=&#8220;{}&#8220;][et_pb_heading title=&#8220;Informationen zur Gelbfieberimpfung %91englisch%93&#8243; _builder_version=&#8220;4.27.6&#8243; _module_preset=&#8220;default&#8220; title_level=&#8220;h3&#8243; global_colors_info=&#8220;{}&#8220;][\/et_pb_heading][et_pb_video src=&#8220;https:\/\/www.frauengesundheit-frankfurt.de\/wp-content\/uploads\/2026\/03\/EN_Gelbfieberimpfung.mp4&#8243; _builder_version=&#8220;4.27.6&#8243; _module_preset=&#8220;default&#8220; global_colors_info=&#8220;{}&#8220;][\/et_pb_video][\/et_pb_column][\/et_pb_row][et_pb_row column_structure=&#8220;1_2,1_2&#8243; _builder_version=&#8220;4.27.4&#8243; _module_preset=&#8220;default&#8220; global_colors_info=&#8220;{}&#8220;][et_pb_column type=&#8220;1_2&#8243; _builder_version=&#8220;4.27.4&#8243; _module_preset=&#8220;default&#8220; global_colors_info=&#8220;{}&#8220;][et_pb_button button_url=&#8220;\/reisemedizin&#8220; button_text=&#8220;Zur\u00fcck zur \u00dcbersichtsseite&#8220; button_alignment=&#8220;center&#8220; _builder_version=&#8220;4.27.4&#8243; _module_preset=&#8220;default&#8220; custom_button=&#8220;on&#8220; button_text_color=&#8220;gcid-ff1cd8ff-d53b-4acb-a6a2-d8058e5df3bb&#8220; button_icon=&#8220;&#x4a;||divi||400&#8243; button_icon_placement=&#8220;left&#8220; button_on_hover=&#8220;off&#8220; global_colors_info=&#8220;{%22gcid-ff1cd8ff-d53b-4acb-a6a2-d8058e5df3bb%22:%91%22button_text_color%22%93}&#8220;][\/et_pb_button][\/et_pb_column][et_pb_column type=&#8220;1_2&#8243; _builder_version=&#8220;4.27.4&#8243; _module_preset=&#8220;default&#8220; global_colors_info=&#8220;{}&#8220;][et_pb_button button_url=&#8220;\/termin&#8220; button_text=&#8220;Termin buchen&#8220; button_alignment=&#8220;center&#8220; _builder_version=&#8220;4.27.4&#8243; _module_preset=&#8220;default&#8220; custom_button=&#8220;on&#8220; button_text_color=&#8220;gcid-ff1cd8ff-d53b-4acb-a6a2-d8058e5df3bb&#8220; button_icon=&#8220;&#xf073;||fa||900&#8243; button_icon_placement=&#8220;left&#8220; button_on_hover=&#8220;off&#8220; global_colors_info=&#8220;{%22gcid-ff1cd8ff-d53b-4acb-a6a2-d8058e5df3bb%22:%91%22button_text_color%22%93}&#8220;][\/et_pb_button][\/et_pb_column][\/et_pb_row][\/et_pb_section]\n","protected":false},"excerpt":{"rendered":"<p>ImpfungGelbfieberimpfung in unserer zertifizierten GelbfieberimpfstelleWir sind eine vom Regierungspr\u00e4sidium Darmstadt zertifizierte Gelbfieberimpfstelle nach den WHO Grunds\u00e4tzen. Bei Reisen in betroffene Gebiete wird dringend eine Gelbfieberimpfung empfohlen bzw. ist vorgeschrieben. Insbesondere Touristen sind von schweren Verlaufsformen betroffen. Relativ h\u00e4ufig (etwa 20 % aller F\u00e4lle) f\u00fchrt die Impfung zu milden, grippe\u00e4hnlichen Symptomen.Die Impfung wird mittels Siegel in [&hellip;]<\/p>\n","protected":false},"author":1,"featured_media":1376340,"parent":56,"menu_order":50,"comment_status":"closed","ping_status":"closed","template":"","meta":{"_et_pb_use_builder":"on","_et_pb_old_content":"","_et_gb_content_width":"","footnotes":""},"class_list":["post-1376835","page","type-page","status-publish","has-post-thumbnail","hentry"],"_links":{"self":[{"href":"https:\/\/www.frauengesundheit-frankfurt.de\/en\/wp-json\/wp\/v2\/pages\/1376835","targetHints":{"allow":["GET"]}}],"collection":[{"href":"https:\/\/www.frauengesundheit-frankfurt.de\/en\/wp-json\/wp\/v2\/pages"}],"about":[{"href":"https:\/\/www.frauengesundheit-frankfurt.de\/en\/wp-json\/wp\/v2\/types\/page"}],"author":[{"embeddable":true,"href":"https:\/\/www.frauengesundheit-frankfurt.de\/en\/wp-json\/wp\/v2\/users\/1"}],"replies":[{"embeddable":true,"href":"https:\/\/www.frauengesundheit-frankfurt.de\/en\/wp-json\/wp\/v2\/comments?post=1376835"}],"version-history":[{"count":2,"href":"https:\/\/www.frauengesundheit-frankfurt.de\/en\/wp-json\/wp\/v2\/pages\/1376835\/revisions"}],"predecessor-version":[{"id":1378743,"href":"https:\/\/www.frauengesundheit-frankfurt.de\/en\/wp-json\/wp\/v2\/pages\/1376835\/revisions\/1378743"}],"up":[{"embeddable":true,"href":"https:\/\/www.frauengesundheit-frankfurt.de\/en\/wp-json\/wp\/v2\/pages\/56"}],"wp:featuredmedia":[{"embeddable":true,"href":"https:\/\/www.frauengesundheit-frankfurt.de\/en\/wp-json\/wp\/v2\/media\/1376340"}],"wp:attachment":[{"href":"https:\/\/www.frauengesundheit-frankfurt.de\/en\/wp-json\/wp\/v2\/media?parent=1376835"}],"curies":[{"name":"wp","href":"https:\/\/api.w.org\/{rel}","templated":true}]}}