{"id":1376819,"date":"2025-06-08T14:58:06","date_gmt":"2025-06-08T12:58:06","guid":{"rendered":"https:\/\/fragyn.appentwicklung-frankfurt.de\/?page_id=1376819"},"modified":"2026-04-26T17:51:52","modified_gmt":"2026-04-26T15:51:52","slug":"uro-genitale-schmerzsyndrome","status":"publish","type":"page","link":"https:\/\/www.frauengesundheit-frankfurt.de\/en\/schmerztherapie\/uro-genitale-schmerzsyndrome\/","title":{"rendered":"Uro-\/genital pain syndromes"},"content":{"rendered":"\n[et_pb_section fb_built=&#8220;1&#8243; admin_label=&#8220;About&#8220; _builder_version=&#8220;4.16&#8243; _module_preset=&#8220;default&#8220; overflow-x=&#8220;hidden&#8220; overflow-y=&#8220;hidden&#8220; locked=&#8220;off&#8220; global_colors_info=&#8220;{}&#8220;][et_pb_row column_structure=&#8220;1_2,1_2&#8243; _builder_version=&#8220;4.16&#8243; _module_preset=&#8220;default&#8220; global_colors_info=&#8220;{}&#8220;][et_pb_column type=&#8220;1_2&#8243; _builder_version=&#8220;4.16&#8243; _module_preset=&#8220;default&#8220; global_colors_info=&#8220;{}&#8220;][et_pb_text _builder_version=&#8220;4.27.6&#8243; _module_preset=&#8220;default&#8220; header_3_font=&#8220;EB Garamond|600|||||||&#8220; header_3_font_size=&#8220;20px&#8220; custom_margin=&#8220;||10px||false|false&#8220; locked=&#8220;off&#8220; global_colors_info=&#8220;{}&#8220;]<h1>Urogenitale Schmerzen der Frau<\/h1>[\/et_pb_text][et_pb_divider color=&#8220;#9F7C5A&#8220; _builder_version=&#8220;4.27.4&#8243; _module_preset=&#8220;default&#8220; width=&#8220;70%&#8220; locked=&#8220;off&#8220; global_colors_info=&#8220;{}&#8220;][\/et_pb_divider][et_pb_text _builder_version=&#8220;4.27.6&#8243; _module_preset=&#8220;default&#8220; header_2_font=&#8220;EB Garamond||||||||&#8220; header_2_font_size=&#8220;48px&#8220; header_2_line_height=&#8220;1.3em&#8220; header_2_font_size_tablet=&#8220;34px&#8220; header_2_font_size_phone=&#8220;22px&#8220; header_2_font_size_last_edited=&#8220;on|phone&#8220; locked=&#8220;off&#8220; global_colors_info=&#8220;{}&#8220; header_2_2_font_size_tablet=&#8220;34px&#8220; header_3_2_font_size_tablet=&#8220;34px&#8220; header_4_2_font_size_tablet=&#8220;34px&#8220; header_5_2_font_size_tablet=&#8220;34px&#8220; header_6_2_font_size_tablet=&#8220;34px&#8220; header_2_2_font_size_phone=&#8220;22px&#8220; header_3_2_font_size_phone=&#8220;22px&#8220; header_4_2_font_size_phone=&#8220;22px&#8220; header_5_2_font_size_phone=&#8220;22px&#8220; header_6_2_font_size_phone=&#8220;22px&#8220; header_2_2_font_size_last_edited=&#8220;on|phone&#8220; header_3_2_font_size_last_edited=&#8220;on|phone&#8220; header_4_2_font_size_last_edited=&#8220;on|phone&#8220; header_5_2_font_size_last_edited=&#8220;on|phone&#8220; header_6_2_font_size_last_edited=&#8220;on|phone&#8220;]<h2><span>Uro-\/ Genitale Schmerzsyndrome &#8211; Chronic Pelvic Pain Syndrome<\/span><\/h2>[\/et_pb_text][et_pb_text _builder_version=&#8220;4.27.6&#8243; _module_preset=&#8220;default&#8220; text_font=&#8220;ABeeZee||||||||&#8220; text_line_height=&#8220;2em&#8220; locked=&#8220;off&#8220; global_colors_info=&#8220;{}&#8220;]<p>Viele Frauen leiden unter Beschwerden im Unterleib, f\u00fcr die es auf den ersten Blick keine einfache Erkl\u00e4rung gibt. Oft beginnt es mit einem Ziehen, einem Brennen oder einem Druckgef\u00fchl, das einfach nicht verschwinden will. Wenn Schmerzen in der Beckenregion \u00fcber einen Zeitraum von mehr als sechs Monaten bestehen, sprechen wir Mediziner von chronischen Schmerzen. Besonders wichtig zu wissen: Uro-\/ Genitale Schmerzsyndrome sind h\u00e4ufiger als gedacht. Sie sind kein Tabuthema, und Sie sind mit diesen Beschwerden nicht allein.<\/p>[\/et_pb_text][\/et_pb_column][et_pb_column type=&#8220;1_2&#8243; _builder_version=&#8220;4.16&#8243; _module_preset=&#8220;default&#8220; global_colors_info=&#8220;{}&#8220;][et_pb_image src=&#8220;https:\/\/www.frauengesundheit-frankfurt.de\/wp-content\/uploads\/2025\/05\/AdobeStock_594738866-scaled.jpeg&#8220; alt=&#8220;Uro-\/ Genitale Schmerzsyndrome, chronische Beckenschmerzen&#8220; title_text=&#8220;Uro-\/ Genitale Schmerzsyndrome, chronische Beckenschmerzen&#8220; _builder_version=&#8220;4.27.6&#8243; _module_preset=&#8220;default&#8220; custom_margin=&#8220;70px||||false|false&#8220; global_colors_info=&#8220;{}&#8220;][\/et_pb_image][\/et_pb_column][\/et_pb_row][et_pb_row _builder_version=&#8220;4.27.6&#8243; _module_preset=&#8220;default&#8220; global_colors_info=&#8220;{}&#8220;][et_pb_column type=&#8220;4_4&#8243; _builder_version=&#8220;4.27.6&#8243; _module_preset=&#8220;default&#8220; global_colors_info=&#8220;{}&#8220;][et_pb_text _builder_version=&#8220;4.27.6&#8243; _module_preset=&#8220;default&#8220; global_colors_info=&#8220;{}&#8220;]<p>In unserer Frauenarztpraxis haben wir uns darauf spezialisiert, Frauen mit komplexen Schmerzzust\u00e4nden im Beckenbereich zur Seite zu stehen. Wir begreifen uro-\/ genitale Schmerzsyndrome nicht nur als Symptom, sondern als ein eigenst\u00e4ndiges Krankheitsbild, das eine ebenso individuelle wie ganzheitliche Betrachtung erfordert.<\/p>\n<p><strong>Was ist das chronische Beckenschmerzsyndrom (CPPS)?<\/strong><br \/>Das chronische Beckenschmerzsyndrom (oft als CPPS f\u00fcr Chronic Pelvic Pain Syndrome bezeichnet) stellt sowohl Patientinnen als auch \u00c4rzte oft vor eine Herausforderung. Das Charakteristische an diesem Syndrom ist, dass sich durch herk\u00f6mmliche diagnostische Standardverfahren \u2013 wie zum Beispiel den Ausschluss einer akuten Scheideninfektion oder einer Blasenentz\u00fcndung \u2013 keine eindeutige, organische \u201eklassische\u201c Ursache finden l\u00e4sst.<br \/>Dennoch ist der Schmerz real. Er kann ziehend, stechend oder dumpf sein und strahlt oft in den unteren R\u00fccken, die Leisten oder die Oberschenkel aus. Da das Becken ein komplexes Geflecht aus Nerven, Muskeln, Bindegewebe und Organen ist, k\u00f6nnen die Ausl\u00f6ser vielf\u00e4ltig sein. Chronische urogenitale Schmerzen stellen ein eigenes Krankheitsbild dar, bei dem das Schmerzged\u00e4chtnis des K\u00f6rpers oft eine zentrale Rolle spielt.<br \/>Unser Ansatz: Die spezialisierte Schmerzanamnese<br \/>Der Weg zur Besserung beginnt bei uns mit dem Zuh\u00f6ren. Im Rahmen eines ausf\u00fchrlichen Anamnesegespr\u00e4chs nehmen wir uns die Zeit, Ihre Geschichte zu verstehen. Neben der allgemeinen medizinischen Vorgeschichte liegt unser Augenmerk auf der sogenannten Schmerzanamnese. Hierbei gehen wir gemeinsam ins Detail:<\/p>\n<ul>\n<li>Wo genau tritt der Schmerz auf? Ist er punktuell oder fl\u00e4chig?<\/li>\n<li>Seit wann bestehen die Beschwerden? Gab es ein ausl\u00f6sendes Ereignis (z. B. eine Operation, eine Geburt oder eine stressige Lebensphase)?<\/li>\n<li>Wie f\u00fchlt sich der Schmerz an? Ist er brennend, krampfartig oder dr\u00fcckend?<\/li>\n<li>Gibt es spezifische schmerzausl\u00f6sende Faktoren (wie langes Sitzen, Geschlechtsverkehr oder der Menstruationszyklus) und welche erleichternden Faktoren (W\u00e4rme, Bewegung, Entspannung) haben Sie bereits f\u00fcr sich entdeckt?<\/li>\n<\/ul>\n<p>Diese Informationen sind f\u00fcr uns wertvoller als jeder Laborwert, da sie uns Hinweise auf die zugrunde liegenden Mechanismen geben.<\/p>\n<p><strong>Gr\u00fcndliche Diagnostik und Ausschlussverfahren<\/strong><br \/>Nach dem Gespr\u00e4ch folgt eine behutsame und gr\u00fcndliche k\u00f6rperliche Untersuchung. Unser Ziel ist hierbei die sogenannte Ausschlussdiagnostik. Wir untersuchen die Beckenorgane, die Beckenbodenmuskulatur und die angrenzenden Strukturen, um sicherzustellen, dass keine akuten Entz\u00fcndungen, Endometriose-Herde oder strukturellen Ver\u00e4nderungen vorliegen, die einer anderen spezifischen Behandlung bed\u00fcrfen.<br \/>Wir untersuchen dabei nicht nur \u201eorganzentriert\u201c, sondern achten auch auf muskul\u00e4re Verspannungen und myofasziale Triggerpunkte im Beckenbereich, die oft ma\u00dfgeblich an der Schmerzentstehung beteiligt sind.<br \/>Interdisziplin\u00e4re Therapieplanung: Gemeinsam zum Ziel<br \/>Uro-\/ Genitale Schemrzesyndrome betreffen oft viele Lebensbereiche, entsprechend behandeln wir in unserer Praxis interdisziplin\u00e4r. Das bedeutet, dass wir \u00fcber den gyn\u00e4kologischen Tellerrand hinausblicken. Die Beurteilung und Therapieplanung entwickeln wir zusammen mit Ihnen, denn Sie sind die Expertin f\u00fcr Ihren eigenen K\u00f6rper.<br \/>Ein moderner Therapieplan bei chronischen Beckenschmerzen kann verschiedene Bausteine enthalten:<\/p>\n<ul>\n<li>Spezialisierte Physiotherapie: Gezieltes Beckenbodentraining zur Entspannung (statt nur zur Kr\u00e4ftigung) und Osteopathie k\u00f6nnen Blockaden l\u00f6sen.<\/li>\n<li>Schmerztherapie: Gegebenenfalls medikament\u00f6se Unterst\u00fctzung, um das \u00fcberaktive Schmerzsystem zu beruhigen.<\/li>\n<li>Psychosomatische Begleitung: Stressbew\u00e4ltigung und Entspannungsverfahren (wie Progressive Muskelentspannung), um die psychische Belastung durch den Dauerschmerz zu reduzieren.<\/li>\n<li>Ern\u00e4hrungsberatung: Da Darm und Becken eng zusammenh\u00e4ngen, kann eine antientz\u00fcndliche Ern\u00e4hrung oft Linderung verschaffen.<\/li>\n<\/ul>\n<p><strong>Warum Sie den ersten Schritt gehen sollten<\/strong><br \/>Uro-\/ genitale Schmerzsyndrome f\u00fchren oft in einen Teufelskreis aus Angst, Anspannung und verst\u00e4rktem Schmerzempfinden. Unser Ziel ist es, diesen Kreislauf gemeinsam mit Ihnen zu durchbrechen. Wir m\u00f6chten Ihnen nicht nur eine medizinische Diagnose geben, sondern Ihnen Strategien an die Hand geben, mit denen Sie Ihre Lebensqualit\u00e4t zur\u00fcckgewinnen.<\/p>\n<p>Haben Sie keine Scheu, Ihre Beschwerden offen anzusprechen. Wir bieten Ihnen einen gesch\u00fctzten Raum, fachliche Kompetenz und ein offenes Ohr f\u00fcr Ihre Anliegen rund um urogenitale Schmerzen und das Wohlbefinden Ihres Beckens.<\/p>[\/et_pb_text][\/et_pb_column][\/et_pb_row][et_pb_row column_structure=&#8220;1_2,1_2&#8243; _builder_version=&#8220;4.27.4&#8243; _module_preset=&#8220;default&#8220; global_colors_info=&#8220;{}&#8220;][et_pb_column type=&#8220;1_2&#8243; _builder_version=&#8220;4.27.4&#8243; _module_preset=&#8220;default&#8220; global_colors_info=&#8220;{}&#8220;][et_pb_text _builder_version=&#8220;4.27.6&#8243; _module_preset=&#8220;default&#8220; global_colors_info=&#8220;{}&#8220;]<div id=\"cc-m-12445901397\" class=\"j-module n j-header \">\n<h2 class=\"\" id=\"cc-m-header-12445901397\">\u00a0 \u00a0Therapieoptionen<\/h2>\n<\/div>\n<div id=\"cc-m-12445901497\" class=\"j-module n j-text \">\n<ul>\n<li style=\"list-style-type: none;\">\n<ul>\n<li style=\"list-style-type: none;\">\n<ul>\n<li>\u00c4rztliche Beratung (Bedeutung von Schmerzen)<\/li>\n<li>Manuelle Therapie, z.B. Physiotherapie<\/li>\n<li>Systemische medikament\u00f6se Behandlung<\/li>\n<li>Lokaltherapien, z.B. Neuraltherapie oder therapeutische Lokalan\u00e4sthesie<\/li>\n<li>Instillationen<\/li>\n<li>Neuromodulation<\/li>\n<li>Akupunktur<\/li>\n<li>Operative Eingriffe, z.B. Hymenalplastik<\/li>\n<\/ul>\n<\/li>\n<\/ul>\n<\/li>\n<\/ul>\n<\/div>[\/et_pb_text][\/et_pb_column][et_pb_column type=&#8220;1_2&#8243; _builder_version=&#8220;4.27.4&#8243; _module_preset=&#8220;default&#8220; global_colors_info=&#8220;{}&#8220;][et_pb_text _builder_version=&#8220;4.27.6&#8243; _module_preset=&#8220;default&#8220; global_colors_info=&#8220;{}&#8220;]<div id=\"cc-m-12445902297\" class=\"j-module n j-header \">\n<h2 class=\"\" id=\"cc-m-header-12445902297\">\u00a0 \u00a0Physiotherapie<\/h2>\n<\/div>\n<div id=\"cc-m-12445901797\" class=\"j-module n j-text \">\n<ul>\n<li style=\"list-style-type: none;\">\n<ul>\n<li style=\"list-style-type: none;\">\n<ul>\n<li>Physiotherapie durch in der Beckenbodenphysiotherapie speziell ausgebildete Therapeuten<\/li>\n<li>Psychologische Unterst\u00fctzung und Motivation der Patienten<\/li>\n<li>Regelm\u00e4\u00dfige Therapieevaluation und Anpassung<\/li>\n<li>Moderne Feedbacksysteme<\/li>\n<li>Verhaltensver\u00e4nderungen<\/li>\n<\/ul>\n<\/li>\n<\/ul>\n<\/li>\n<\/ul>\n<\/div>[\/et_pb_text][\/et_pb_column][\/et_pb_row][et_pb_row column_structure=&#8220;1_2,1_2&#8243; _builder_version=&#8220;4.27.6&#8243; _module_preset=&#8220;default&#8220; global_colors_info=&#8220;{}&#8220;][et_pb_column type=&#8220;1_2&#8243; _builder_version=&#8220;4.27.6&#8243; _module_preset=&#8220;default&#8220; global_colors_info=&#8220;{}&#8220;][et_pb_image src=&#8220;https:\/\/www.frauengesundheit-frankfurt.de\/wp-content\/uploads\/2026\/04\/Netzwerk-Vulvodynie.jpg&#8220; _builder_version=&#8220;4.27.6&#8243; _module_preset=&#8220;default&#8220; alt=&#8220;Uro-\/ Genitle Schmerzsyndrome, chronische Beckenschmerzen&#8220; title_text=&#8220;Netzwerk Vulvodynie&#8220; align=&#8220;center&#8220; url=&#8220;https:\/\/www.vulvodynie.ch\/de\/home&#8220; url_new_window=&#8220;on&#8220; hover_enabled=&#8220;0&#8243; sticky_enabled=&#8220;0&#8243;][\/et_pb_image][et_pb_text _builder_version=&#8220;4.27.6&#8243; _module_preset=&#8220;default&#8220; global_colors_info=&#8220;{}&#8220;]<p>Unterst\u00fctzung zu Uro-\/ Genitalen Schmerzsyndromen, Vulvodynie, Vestibulodynie, chronische Beckenschmerzen, CPPS (Chronic Pelvic Pain Syndrom), Pudendusneuralgie finden Sie bei <a href=\"https:\/\/www.vulvodynie.ch\/de\/home\" target=\"_blank\" rel=\"noopener\">Netzwerk Vulvodynie<\/a>.<\/p>[\/et_pb_text][\/et_pb_column][et_pb_column type=&#8220;1_2&#8243; _builder_version=&#8220;4.27.6&#8243; _module_preset=&#8220;default&#8220; global_colors_info=&#8220;{}&#8220;][et_pb_image src=&#8220;https:\/\/www.frauengesundheit-frankfurt.de\/wp-content\/uploads\/2026\/04\/Schmerzgesellschaft.jpg&#8220; _builder_version=&#8220;4.27.6&#8243; _module_preset=&#8220;default&#8220; alt=&#8220;Uro-\/ Genitales Schmerzsyndrom, chronsiche Beckenschmerzen&#8220; title_text=&#8220;Deutsche Schmerzgesellschaft e.V.&#8220; align=&#8220;center&#8220; url=&#8220;https:\/\/www.schmerzgesellschaft.de\/qualitaetssicherung\/frageboegen-viszerale-und-urogenitaler-schmerz&#8220; url_new_window=&#8220;on&#8220; hover_enabled=&#8220;0&#8243; sticky_enabled=&#8220;0&#8243;][\/et_pb_image][et_pb_text _builder_version=&#8220;4.27.6&#8243; _module_preset=&#8220;default&#8220; global_colors_info=&#8220;{}&#8220;]<p>Zus\u00e4tzlich finden Sie auch hilfreiche Informationen bei der <br \/><a href=\"https:\/\/www.schmerzgesellschaft.de\/qualitaetssicherung\/frageboegen-viszerale-und-urogenitaler-schmerz\" target=\"_blank\" rel=\"noopener\">Deutsche Schmerzgesellschaft e.V.<\/a><\/p>[\/et_pb_text][\/et_pb_column][\/et_pb_row][et_pb_row column_structure=&#8220;1_2,1_2&#8243; _builder_version=&#8220;4.27.4&#8243; _module_preset=&#8220;default&#8220; global_colors_info=&#8220;{}&#8220;][et_pb_column type=&#8220;1_2&#8243; _builder_version=&#8220;4.27.4&#8243; _module_preset=&#8220;default&#8220; global_colors_info=&#8220;{}&#8220;][et_pb_button button_url=&#8220;\/schmerztherapie&#8220; button_text=&#8220;Zur\u00fcck zur \u00dcbersichtsseite&#8220; button_alignment=&#8220;center&#8220; _builder_version=&#8220;4.27.4&#8243; _module_preset=&#8220;default&#8220; custom_button=&#8220;on&#8220; button_text_color=&#8220;gcid-ff1cd8ff-d53b-4acb-a6a2-d8058e5df3bb&#8220; button_icon=&#8220;&#x4a;||divi||400&#8243; button_icon_placement=&#8220;left&#8220; button_on_hover=&#8220;off&#8220; global_colors_info=&#8220;{%22gcid-ff1cd8ff-d53b-4acb-a6a2-d8058e5df3bb%22:%91%22button_text_color%22%93}&#8220;][\/et_pb_button][\/et_pb_column][et_pb_column type=&#8220;1_2&#8243; _builder_version=&#8220;4.27.4&#8243; _module_preset=&#8220;default&#8220; global_colors_info=&#8220;{}&#8220;][et_pb_button button_url=&#8220;\/termin&#8220; button_text=&#8220;Termin buchen&#8220; button_alignment=&#8220;center&#8220; _builder_version=&#8220;4.27.4&#8243; _module_preset=&#8220;default&#8220; custom_button=&#8220;on&#8220; button_text_color=&#8220;gcid-ff1cd8ff-d53b-4acb-a6a2-d8058e5df3bb&#8220; button_icon=&#8220;&#xf073;||fa||900&#8243; button_icon_placement=&#8220;left&#8220; button_on_hover=&#8220;off&#8220; global_colors_info=&#8220;{%22gcid-ff1cd8ff-d53b-4acb-a6a2-d8058e5df3bb%22:%91%22button_text_color%22%93}&#8220;][\/et_pb_button][\/et_pb_column][\/et_pb_row][\/et_pb_section]\n","protected":false},"excerpt":{"rendered":"<p>Urogenitale Schmerzen der FrauUro-\/ Genitale Schmerzsyndrome &#8211; Chronic Pelvic Pain SyndromeViele Frauen leiden unter Beschwerden im Unterleib, f\u00fcr die es auf den ersten Blick keine einfache Erkl\u00e4rung gibt. Oft beginnt es mit einem Ziehen, einem Brennen oder einem Druckgef\u00fchl, das einfach nicht verschwinden will. Wenn Schmerzen in der Beckenregion \u00fcber einen Zeitraum von mehr als [&hellip;]<\/p>\n","protected":false},"author":1,"featured_media":1376353,"parent":58,"menu_order":60,"comment_status":"closed","ping_status":"closed","template":"","meta":{"_et_pb_use_builder":"on","_et_pb_old_content":"<!-- wp:divi\/placeholder \/-->","_et_gb_content_width":"","footnotes":""},"class_list":["post-1376819","page","type-page","status-publish","has-post-thumbnail","hentry"],"_links":{"self":[{"href":"https:\/\/www.frauengesundheit-frankfurt.de\/en\/wp-json\/wp\/v2\/pages\/1376819","targetHints":{"allow":["GET"]}}],"collection":[{"href":"https:\/\/www.frauengesundheit-frankfurt.de\/en\/wp-json\/wp\/v2\/pages"}],"about":[{"href":"https:\/\/www.frauengesundheit-frankfurt.de\/en\/wp-json\/wp\/v2\/types\/page"}],"author":[{"embeddable":true,"href":"https:\/\/www.frauengesundheit-frankfurt.de\/en\/wp-json\/wp\/v2\/users\/1"}],"replies":[{"embeddable":true,"href":"https:\/\/www.frauengesundheit-frankfurt.de\/en\/wp-json\/wp\/v2\/comments?post=1376819"}],"version-history":[{"count":3,"href":"https:\/\/www.frauengesundheit-frankfurt.de\/en\/wp-json\/wp\/v2\/pages\/1376819\/revisions"}],"predecessor-version":[{"id":1378729,"href":"https:\/\/www.frauengesundheit-frankfurt.de\/en\/wp-json\/wp\/v2\/pages\/1376819\/revisions\/1378729"}],"up":[{"embeddable":true,"href":"https:\/\/www.frauengesundheit-frankfurt.de\/en\/wp-json\/wp\/v2\/pages\/58"}],"wp:featuredmedia":[{"embeddable":true,"href":"https:\/\/www.frauengesundheit-frankfurt.de\/en\/wp-json\/wp\/v2\/media\/1376353"}],"wp:attachment":[{"href":"https:\/\/www.frauengesundheit-frankfurt.de\/en\/wp-json\/wp\/v2\/media?parent=1376819"}],"curies":[{"name":"wp","href":"https:\/\/api.w.org\/{rel}","templated":true}]}}