{"id":1376813,"date":"2025-06-08T14:57:11","date_gmt":"2025-06-08T12:57:11","guid":{"rendered":"https:\/\/fragyn.appentwicklung-frankfurt.de\/?page_id=1376813"},"modified":"2026-04-11T18:10:39","modified_gmt":"2026-04-11T16:10:39","slug":"regelschmerzen","status":"publish","type":"page","link":"https:\/\/www.frauengesundheit-frankfurt.de\/en\/schmerztherapie\/regelschmerzen\/","title":{"rendered":"period pain"},"content":{"rendered":"<p>[et_pb_section fb_built=&#8220;1&#8243; admin_label=&#8220;About&#8220; _builder_version=&#8220;4.27.4&#8243; _module_preset=&#8220;default&#8220; overflow-x=&#8220;hidden&#8220; overflow-y=&#8220;hidden&#8220; locked=&#8220;off&#8220; global_colors_info=&#8220;{}&#8220;][et_pb_row column_structure=&#8220;1_2,1_2&#8243; _builder_version=&#8220;4.16&#8243; _module_preset=&#8220;default&#8220; global_colors_info=&#8220;{}&#8220;][et_pb_column type=&#8220;1_2&#8243; _builder_version=&#8220;4.16&#8243; _module_preset=&#8220;default&#8220; global_colors_info=&#8220;{}&#8220;][et_pb_text _builder_version=&#8220;4.27.6&#8243; _module_preset=&#8220;default&#8220; header_3_font=&#8220;EB Garamond|600|||||||&#8220; header_3_font_size=&#8220;20px&#8220; custom_margin=&#8220;||10px||false|false&#8220; locked=&#8220;off&#8220; global_colors_info=&#8220;{}&#8220;]<\/p>\n<h1>Regelschmerzen<\/h1>\n<p>[\/et_pb_text][et_pb_divider color=&#8220;#9F7C5A&#8220; _builder_version=&#8220;4.27.4&#8243; _module_preset=&#8220;default&#8220; width=&#8220;70%&#8220; locked=&#8220;off&#8220; global_colors_info=&#8220;{}&#8220;][\/et_pb_divider][et_pb_text _builder_version=&#8220;4.27.6&#8243; _module_preset=&#8220;default&#8220; header_2_font=&#8220;EB Garamond||||||||&#8220; header_2_font_size=&#8220;48px&#8220; header_2_line_height=&#8220;1.3em&#8220; header_2_font_size_tablet=&#8220;34px&#8220; header_2_font_size_phone=&#8220;22px&#8220; header_2_font_size_last_edited=&#8220;on|phone&#8220; locked=&#8220;off&#8220; global_colors_info=&#8220;{}&#8220; header_2_2_font_size_tablet=&#8220;34px&#8220; header_3_2_font_size_tablet=&#8220;34px&#8220; header_4_2_font_size_tablet=&#8220;34px&#8220; header_5_2_font_size_tablet=&#8220;34px&#8220; header_6_2_font_size_tablet=&#8220;34px&#8220; header_2_2_font_size_phone=&#8220;22px&#8220; header_3_2_font_size_phone=&#8220;22px&#8220; header_4_2_font_size_phone=&#8220;22px&#8220; header_5_2_font_size_phone=&#8220;22px&#8220; header_6_2_font_size_phone=&#8220;22px&#8220; header_2_2_font_size_last_edited=&#8220;on|phone&#8220; header_3_2_font_size_last_edited=&#8220;on|phone&#8220; header_4_2_font_size_last_edited=&#8220;on|phone&#8220; header_5_2_font_size_last_edited=&#8220;on|phone&#8220; header_6_2_font_size_last_edited=&#8220;on|phone&#8220;]<\/p>\n<h2>Schmerztherapie bei Dysmenorrhoe<\/h2>\n<p>[\/et_pb_text][et_pb_text _builder_version=&#8220;4.27.6&#8243; _module_preset=&#8220;default&#8220; text_font=&#8220;||||||||&#8220; text_text_color=&#8220;#000000&#8243; text_line_height=&#8220;2em&#8220; locked=&#8220;off&#8220; global_colors_info=&#8220;{}&#8220;]<\/p>\n<div id=\"cc-m-12445375297\" class=\"j-module n j-text \">\n<div class=\"otQkpb\" aria-level=\"3\" role=\"heading\" data-animation-nesting=\"\" data-sfc-cp=\"\" jsaction=\"\" jscontroller=\"a7qCn\" data-sfc-root=\"c\" jsuid=\"yifR9c_k\" data-sfc-cb=\"\" data-complete=\"true\" data-processed=\"true\" data-sae=\"\"><strong>Regelschmerzen (Dysmenorrhoe): Wege zu einer schmerzfreien Menstruation<\/strong><\/div>\n<div class=\"Y3BBE\" data-sfc-cp=\"\" jsaction=\"rcuQ6b:&amp;yifR9c_l|npT2md\" jscontroller=\"zcfIf\" data-sfc-root=\"c\" jsuid=\"yifR9c_l\" data-sfc-cb=\"\" data-hveid=\"CAEIAxAA\" data-complete=\"true\" data-processed=\"true\">F\u00fcr viele Frauen geh\u00f6rt ein gewisses Ziehen im Unterleib w\u00e4hrend der Periode zum Alltag. Doch wenn die Schmerzen so stark werden, dass sie den Lebensalltag einschr\u00e4nken, die Leistungsf\u00e4higkeit mindern oder soziale Kontakte unm\u00f6glich machen, sprechen wir von einer Dysmenorrhoe. In unserer Praxis haben wir uns auf die Schnittstelle zwischen moderner Gyn\u00e4kologie und spezialisierter Schmerztherapie fokussiert, um Ihnen eine Hilfe anzubieten, die \u00fcber die Verschreibung von Standard-Schmerzmitteln hinausgeht.<\/div>\n<div class=\"Y3BBE\" data-sfc-cp=\"\" jsaction=\"rcuQ6b:&amp;yifR9c_l|npT2md\" jscontroller=\"zcfIf\" data-sfc-root=\"c\" jsuid=\"yifR9c_l\" data-sfc-cb=\"\" data-hveid=\"CAEIAxAA\" data-complete=\"true\" data-processed=\"true\"><\/div>\n<\/div>\n<p>[\/et_pb_text][\/et_pb_column][et_pb_column type=&#8220;1_2&#8243; _builder_version=&#8220;4.16&#8243; _module_preset=&#8220;default&#8220; global_colors_info=&#8220;{}&#8220;][et_pb_image src=&#8220;https:\/\/www.frauengesundheit-frankfurt.de\/wp-content\/uploads\/2025\/06\/AdobeStock_201847138-scaled.jpeg&#8220; alt=&#8220;Regelschmerzen &#8211; spezielle Schmerztherapie bei Dysmenorrhoe&#8220; title_text=&#8220;Regelschmerzen &#8211; spezielle Schmerztherapie&#8220; _builder_version=&#8220;4.27.6&#8243; _module_preset=&#8220;default&#8220; custom_margin=&#8220;70px||||false|false&#8220; global_colors_info=&#8220;{}&#8220;][\/et_pb_image][\/et_pb_column][\/et_pb_row][et_pb_row _builder_version=&#8220;4.27.6&#8243; _module_preset=&#8220;default&#8220; global_colors_info=&#8220;{}&#8220;][et_pb_column type=&#8220;4_4&#8243; _builder_version=&#8220;4.27.6&#8243; _module_preset=&#8220;default&#8220; global_colors_info=&#8220;{}&#8220;][et_pb_heading title=&#8220;Unser Ziel ist es, dass Sie sich nicht mehr \u201eum Ihre Tage herum\u201c organisieren m\u00fcssen. Eine erfolgreiche Behandlung bedeutet f\u00fcr uns, dass Sie Ihre Termine planen k\u00f6nnen, Sport treiben und Ihren Alltag genie\u00dfen k\u00f6nnen \u2013 unabh\u00e4ngig vom Kalender.&#8220; _builder_version=&#8220;4.27.6&#8243; _module_preset=&#8220;default&#8220; title_level=&#8220;h3&#8243; global_colors_info=&#8220;{}&#8220;][\/et_pb_heading][\/et_pb_column][\/et_pb_row][et_pb_row _builder_version=&#8220;4.27.6&#8243; _module_preset=&#8220;default&#8220; global_colors_info=&#8220;{}&#8220;][et_pb_column type=&#8220;4_4&#8243; _builder_version=&#8220;4.27.6&#8243; _module_preset=&#8220;default&#8220; global_colors_info=&#8220;{}&#8220;][et_pb_text _builder_version=&#8220;4.27.6&#8243; _module_preset=&#8220;default&#8220; text_text_color=&#8220;#000000&#8243; global_colors_info=&#8220;{}&#8220;]<\/p>\n<div class=\"otQkpb\" aria-level=\"3\" role=\"heading\" data-animation-nesting=\"\" data-sfc-cp=\"\" jsaction=\"\" jscontroller=\"a7qCn\" data-sfc-root=\"c\" jsuid=\"yifR9c_q\" data-sfc-cb=\"\" data-complete=\"true\" data-processed=\"true\" data-sae=\"\"><\/div>\n<div class=\"otQkpb\" aria-level=\"3\" role=\"heading\" data-animation-nesting=\"\" data-sfc-cp=\"\" jsaction=\"\" jscontroller=\"a7qCn\" data-sfc-root=\"c\" jsuid=\"yifR9c_q\" data-sfc-cb=\"\" data-complete=\"true\" data-processed=\"true\" data-sae=\"\">Warum leiden so viele Frauen unter Regelschmerzen?<\/div>\n<div class=\"Y3BBE\" data-sfc-cp=\"\" jsaction=\"rcuQ6b:&amp;yifR9c_r|npT2md\" jscontroller=\"zcfIf\" data-sfc-root=\"c\" jsuid=\"yifR9c_r\" data-sfc-cb=\"\" data-hveid=\"CAEIBBAA\" data-complete=\"true\" data-processed=\"true\">Regelschmerzen sind kein Schicksal, mit dem man sich abfinden muss. Medizinisch unterscheiden wir zwei Hauptformen:<\/div>\n<ul>\n<li><span class=\"T286Pc\" data-sfc-cp=\"\" jsaction=\"\" jscontroller=\"fly6D\" data-sfc-root=\"c\" jsuid=\"yifR9c_u\" data-sfc-cb=\"\" data-complete=\"true\">Prim\u00e4re Dysmenorrhoe: Diese tritt meist kurz nach der ersten Regelblutung (Menarche) auf. Ursache ist oft eine \u00dcberproduktion von Prostaglandinen \u2013 Botenstoffen, die dazu f\u00fchren, dass sich die Geb\u00e4rmuttermuskulatur zusammenzieht, um die Schleimhaut abzusto\u00dfen. Dieses Zusammenziehen drosselt kurzzeitig die Durchblutung, was den typischen krampfartigen Schmerz ausl\u00f6st.<br \/><\/span><span class=\"T286Pc\" data-sfc-cp=\"\" jsaction=\"\" jscontroller=\"fly6D\" data-sfc-root=\"c\" jsuid=\"yifR9c_x\" data-sfc-cb=\"\" data-complete=\"true\"><\/span><\/li>\n<li><span class=\"T286Pc\" data-sfc-cp=\"\" jsaction=\"\" jscontroller=\"fly6D\" data-sfc-root=\"c\" jsuid=\"yifR9c_x\" data-sfc-cb=\"\" data-complete=\"true\">Sekund\u00e4re Dysmenorrhoe: Hier liegen organische Ursachen zugrunde, die meist erst im sp\u00e4teren Lebensalter auftreten. Die h\u00e4ufigste Ursache ist die Endometriose, bei der sich geb\u00e4rmutterschleimhaut\u00e4hnliches Gewebe au\u00dferhalb der Geb\u00e4rmutter ansiedelt. Auch Myome (gutartige Geschwulste) oder Entz\u00fcndungen k\u00f6nnen Ausl\u00f6ser sein.<\/span><\/li>\n<\/ul>\n<ol class=\"IaGLZe VimKh\" jsaction=\"\" jscontroller=\"xE4zce\" data-sfc-root=\"c\" jsuid=\"yifR9c_s\" data-sfc-cb=\"\" data-complete=\"true\" data-processed=\"true\"><\/ol>\n<div class=\"Fsg96\" data-sfc-cp=\"\" jsaction=\"rcuQ6b:&amp;yifR9c_10|npT2md\" jscontroller=\"KHhJQ\" data-sfc-root=\"c\" jsuid=\"yifR9c_10\" data-sfc-cb=\"\" data-complete=\"true\" data-processed=\"true\"><\/div>\n<div class=\"otQkpb\" aria-level=\"3\" role=\"heading\" data-animation-nesting=\"\" data-sfc-cp=\"\" jsaction=\"\" jscontroller=\"a7qCn\" data-sfc-root=\"c\" jsuid=\"yifR9c_11\" data-sfc-cb=\"\" data-complete=\"true\" data-processed=\"true\" data-sae=\"\"><strong>Unser Diagnose-Ansatz: Pr\u00e4zision trifft Empathie<\/strong><\/div>\n<div class=\"Y3BBE\" data-sfc-cp=\"\" jsaction=\"rcuQ6b:&amp;yifR9c_12|npT2md\" jscontroller=\"zcfIf\" data-sfc-root=\"c\" jsuid=\"yifR9c_12\" data-sfc-cb=\"\" data-hveid=\"CAEIBhAA\" data-complete=\"true\" data-processed=\"true\">\n<p>Um Ihnen nachhaltig helfen zu k\u00f6nnen, steht am Anfang eine pr\u00e4zise Ursachenforschung. Wir nehmen uns Zeit f\u00fcr Ihre Geschichte. In einer spezialisierten Schmerzanamnese besprechen wir nicht nur die Intensit\u00e4t, sondern auch die Qualit\u00e4t und den Rhythmus Ihrer Beschwerden.<\/p>\n<\/div>\n<div class=\"Y3BBE\" data-sfc-cp=\"\" jsaction=\"rcuQ6b:&amp;yifR9c_13|npT2md\" jscontroller=\"zcfIf\" data-sfc-root=\"c\" jsuid=\"yifR9c_13\" data-sfc-cb=\"\" data-hveid=\"CAEIBxAA\" data-complete=\"true\" data-processed=\"true\"><strong class=\"Yjhzub\" jsaction=\"\" jscontroller=\"zYmgkd\" data-sfc-root=\"c\" jsuid=\"yifR9c_14\" data-sfc-cb=\"\" data-complete=\"true\" data-processed=\"true\">Modernste Technik f\u00fcr klare Ergebnisse:<\/strong><br jsaction=\"\" jscontroller=\"Gy8rfb\" data-sfc-root=\"c\" jsuid=\"yifR9c_15\" data-sfc-pl=\"|[]\" data-sfc-cb=\"\" data-complete=\"true\" data-processed=\"true\" \/>In unserer Praxis setzen wir auf hochaufl\u00f6senden Ultraschall (High-End-Sonographie). Mit dieser Technologie k\u00f6nnen wir kleinste Ver\u00e4nderungen an der Geb\u00e4rmutterwand oder den Eierst\u00f6cken sichtbar machen, die bei Standarduntersuchungen oft unentdeckt bleiben. Dies ist besonders wichtig f\u00fcr den Ausschluss oder die Best\u00e4tigung einer Adenomyose (Endometriose in der Geb\u00e4rmutterwand).<\/div>\n<div class=\"Fsg96\" data-sfc-cp=\"\" jsaction=\"rcuQ6b:&amp;yifR9c_17|npT2md\" jscontroller=\"KHhJQ\" data-sfc-root=\"c\" jsuid=\"yifR9c_17\" data-sfc-cb=\"\" data-complete=\"true\" data-processed=\"true\"><\/div>\n<div class=\"otQkpb\" aria-level=\"3\" role=\"heading\" data-animation-nesting=\"\" data-sfc-cp=\"\" jsaction=\"\" jscontroller=\"a7qCn\" data-sfc-root=\"c\" jsuid=\"yifR9c_18\" data-sfc-cb=\"\" data-complete=\"true\" data-processed=\"true\" data-sae=\"\">Ganzheitliche Schmerztherapie: Mehr als nur Symptombehandlung<\/div>\n<div class=\"Y3BBE\" data-sfc-cp=\"\" jsaction=\"rcuQ6b:&amp;yifR9c_19|npT2md\" jscontroller=\"zcfIf\" data-sfc-root=\"c\" jsuid=\"yifR9c_19\" data-sfc-cb=\"\" data-hveid=\"CAEICBAA\" data-complete=\"true\" data-processed=\"true\">\n<p>Schmerz ist ein komplexes Geschehen. Lange anhaltende Regelschmerzen k\u00f6nnen zu einer Sensibilisierung des Nervensystems f\u00fchren \u2013 das sogenannte \u201eSchmerzged\u00e4chtnis\u201c entsteht. Deshalb kombinieren wir in unserem interdisziplin\u00e4ren Konzept klassische Gyn\u00e4kologie mit modernen Ans\u00e4tzen der speziellen Schmerztherapie.<\/p>\n<\/div>\n<div class=\"Fsg96\" data-sfc-cp=\"\" jsaction=\"rcuQ6b:&amp;yifR9c_1a|npT2md\" jscontroller=\"KHhJQ\" data-sfc-root=\"c\" jsuid=\"yifR9c_1a\" data-sfc-cb=\"\" data-complete=\"true\" data-processed=\"true\"><\/div>\n<ul>\n<li class=\"AdPoic\" aria-level=\"3\" role=\"heading\" jscontroller=\"SF2W9b\" data-sfc-root=\"c\" jsuid=\"yifR9c_1b\" data-complete=\"true\" data-processed=\"true\">Individuelle medikament\u00f6se Strategien<br \/>Nicht jede Schmerztablette wirkt bei jeder Frau gleich. Wir entwickeln f\u00fcr Sie ein Schema, das exakt auf Ihren Zyklus abgestimmt ist. Dabei blicken wir auch auf hormonelle Therapieoptionen, falls diese f\u00fcr Ihre Lebensplanung und Ihren K\u00f6rper sinnvoll sind.<\/li>\n<\/ul>\n<div class=\"Fsg96\" data-sfc-cp=\"\" jsaction=\"rcuQ6b:&amp;yifR9c_1d|npT2md\" jscontroller=\"KHhJQ\" data-sfc-root=\"c\" jsuid=\"yifR9c_1d\" data-sfc-cb=\"\" data-complete=\"true\" data-processed=\"true\"><\/div>\n<ul>\n<li class=\"AdPoic\" aria-level=\"3\" role=\"heading\" jscontroller=\"SF2W9b\" data-sfc-root=\"c\" jsuid=\"yifR9c_1e\" data-complete=\"true\" data-processed=\"true\">Ber\u00fccksichtigung psychosomatischer Faktoren<br \/>K\u00f6rper und Psyche sind untrennbar verbunden. Stress im Job oder im Privatleben kann die Schmerzwahrnehmung massiv verst\u00e4rken. Wir betrachten Ihre Lebensumst\u00e4nde wertfrei und unterst\u00fctzen Sie dabei, Stressoren zu identifizieren und Bew\u00e4ltigungsstrategien zu entwickeln.<\/li>\n<\/ul>\n<div class=\"Fsg96\" data-sfc-cp=\"\" jsaction=\"rcuQ6b:&amp;yifR9c_1g|npT2md\" jscontroller=\"KHhJQ\" data-sfc-root=\"c\" jsuid=\"yifR9c_1g\" data-sfc-cb=\"\" data-complete=\"true\" data-processed=\"true\"><\/div>\n<ul>\n<li class=\"AdPoic\" aria-level=\"3\" role=\"heading\" jscontroller=\"SF2W9b\" data-sfc-root=\"c\" jsuid=\"yifR9c_1h\" data-complete=\"true\" data-processed=\"true\">Physiotherapie und Osteopathie<br \/>H\u00e4ufig f\u00fchren chronische Regelschmerzen zu Verspannungen im gesamten Beckenboden und der unteren Wirbels\u00e4ule. Wir arbeiten eng mit spezialisierten Physiotherapeuten zusammen, um diese Blockaden zu l\u00f6sen und die Durchblutung im Beckenraum zu f\u00f6rdern.<\/li>\n<\/ul>\n<div class=\"Fsg96\" data-sfc-cp=\"\" jsaction=\"rcuQ6b:&amp;yifR9c_1j|npT2md\" jscontroller=\"KHhJQ\" data-sfc-root=\"c\" jsuid=\"yifR9c_1j\" data-sfc-cb=\"\" data-complete=\"true\" data-processed=\"true\"><\/div>\n<ul>\n<li class=\"AdPoic\" aria-level=\"3\" role=\"heading\" jscontroller=\"SF2W9b\" data-sfc-root=\"c\" jsuid=\"yifR9c_1k\" data-complete=\"true\" data-processed=\"true\">Ern\u00e4hrungsmedizinische Beratung<br \/>Wussten Sie, dass bestimmte Nahrungsmittel Entz\u00fcndungsprozesse im K\u00f6rper f\u00f6rdern oder hemmen k\u00f6nnen? Eine gezielte Umstellung der Ern\u00e4hrung \u2013 etwa die Reduktion von Arachidons\u00e4ure und die Zufuhr von Magnesium und Omega-3-Fetts\u00e4uren oder Gr\u00fcnteeextrakt \u2013 kann die Prostaglandin-Produktion positiv beeinflussen.<\/li>\n<\/ul>\n<div class=\"Fsg96\" data-sfc-cp=\"\" jsaction=\"rcuQ6b:&amp;yifR9c_1m|npT2md\" jscontroller=\"KHhJQ\" data-sfc-root=\"c\" jsuid=\"yifR9c_1m\" data-sfc-cb=\"\" data-complete=\"true\" data-processed=\"true\"><\/div>\n<div class=\"otQkpb\" aria-level=\"3\" role=\"heading\" data-animation-nesting=\"\" data-sfc-cp=\"\" jsaction=\"\" jscontroller=\"a7qCn\" data-sfc-root=\"c\" jsuid=\"yifR9c_1n\" data-sfc-cb=\"\" data-complete=\"true\" data-processed=\"true\" data-sae=\"\"><\/div>\n<div class=\"Y3BBE\" data-sfc-cp=\"\" jsaction=\"rcuQ6b:&amp;yifR9c_1o|npT2md\" jscontroller=\"zcfIf\" data-sfc-root=\"c\" jsuid=\"yifR9c_1o\" data-sfc-cb=\"\" data-hveid=\"CAEIDRAA\" data-complete=\"true\" data-processed=\"true\"><\/div>\n<div class=\"Y3BBE\" data-sfc-cp=\"\" jsaction=\"rcuQ6b:&amp;yifR9c_1p|npT2md\" jscontroller=\"zcfIf\" data-sfc-root=\"c\" jsuid=\"yifR9c_1p\" data-sfc-cb=\"\" data-hveid=\"CAEIDhAA\" data-complete=\"true\" data-processed=\"true\"><strong class=\"Yjhzub\" jsaction=\"\" jscontroller=\"zYmgkd\" data-sfc-root=\"c\" jsuid=\"yifR9c_1q\" data-sfc-cb=\"\" data-complete=\"true\" data-processed=\"true\">Was Sie bei uns erwartet:<\/strong><\/div>\n<ul class=\"KsbFXc U6u95\" jsaction=\"\" jscontroller=\"mPWODf\" data-sfc-root=\"c\" jsuid=\"yifR9c_1r\" data-sfc-cb=\"\" data-complete=\"true\" data-processed=\"true\">\n<li class=\"dF3vjf\" jsaction=\"\" jscontroller=\"vsuOFb\" data-sfc-root=\"c\" jsuid=\"yifR9c_1s\" data-sfc-cb=\"\" data-hveid=\"CAEIDxAA\" data-complete=\"true\" data-sae=\"\"><span class=\"T286Pc\" data-sfc-cp=\"\" jsaction=\"\" jscontroller=\"fly6D\" data-sfc-root=\"c\" jsuid=\"yifR9c_1t\" data-sfc-cb=\"\" data-complete=\"true\"><strong class=\"Yjhzub\" jsaction=\"\" jscontroller=\"zYmgkd\" data-sfc-root=\"c\" jsuid=\"yifR9c_1u\" data-sfc-cb=\"\" data-complete=\"true\">Zeit:<\/strong> Wir h\u00f6ren Ihnen zu und nehmen Ihre Schmerzen ernst.<\/span><\/li>\n<li class=\"dF3vjf\" jsaction=\"\" jscontroller=\"vsuOFb\" data-sfc-root=\"c\" jsuid=\"yifR9c_1v\" data-sfc-cb=\"\" data-hveid=\"CAEIDxAB\" data-complete=\"true\" data-sae=\"\"><span class=\"T286Pc\" data-sfc-cp=\"\" jsaction=\"\" jscontroller=\"fly6D\" data-sfc-root=\"c\" jsuid=\"yifR9c_1w\" data-sfc-cb=\"\" data-complete=\"true\"><strong class=\"Yjhzub\" jsaction=\"\" jscontroller=\"zYmgkd\" data-sfc-root=\"c\" jsuid=\"yifR9c_1x\" data-sfc-cb=\"\" data-complete=\"true\">Expertise:<\/strong> Durch die doppelte Qualifikation in Gyn\u00e4kologie und Schmerztherapie bieten wir L\u00f6sungen, die \u00fcber den Tellerrand hinausblicken.<\/span><\/li>\n<li class=\"dF3vjf\" jsaction=\"\" jscontroller=\"vsuOFb\" data-sfc-root=\"c\" jsuid=\"yifR9c_1y\" data-sfc-cb=\"\" data-hveid=\"CAEIDxAC\" data-complete=\"true\" data-sae=\"\"><span class=\"T286Pc\" data-sfc-cp=\"\" jsaction=\"\" jscontroller=\"fly6D\" data-sfc-root=\"c\" jsuid=\"yifR9c_1z\" data-sfc-cb=\"\" data-complete=\"true\"><strong class=\"Yjhzub\" jsaction=\"\" jscontroller=\"zYmgkd\" data-sfc-root=\"c\" jsuid=\"yifR9c_20\" data-sfc-cb=\"\" data-complete=\"true\">Interdisziplinarit\u00e4t:<\/strong> Wir vernetzen Sie bei Bedarf mit Experten aus der Osteopathie, Psychologie oder spezialisierten OP-Zentren.<\/span><\/li>\n<\/ul>\n<div class=\"Fsg96\" data-sfc-cp=\"\" jsaction=\"rcuQ6b:&amp;yifR9c_21|npT2md\" jscontroller=\"KHhJQ\" data-sfc-root=\"c\" jsuid=\"yifR9c_21\" data-sfc-cb=\"\" data-complete=\"true\" data-processed=\"true\"><\/div>\n<div class=\"otQkpb\" aria-level=\"3\" role=\"heading\" data-animation-nesting=\"\" data-sfc-cp=\"\" jsaction=\"\" jscontroller=\"a7qCn\" data-sfc-root=\"c\" jsuid=\"yifR9c_22\" data-sfc-cb=\"\" data-complete=\"true\" data-processed=\"true\" data-sae=\"\">Vereinbaren Sie ein Beratungsgespr\u00e4ch<\/div>\n<div class=\"Y3BBE\" data-sfc-cp=\"\" jsaction=\"rcuQ6b:&amp;yifR9c_23|npT2md\" jscontroller=\"zcfIf\" data-sfc-root=\"c\" jsuid=\"yifR9c_23\" data-sfc-cb=\"\" data-hveid=\"CAEIEBAA\" data-complete=\"true\" data-processed=\"true\">Leiden Sie unter starken Schmerzen, \u00dcbelkeit oder Ohnmachtsanf\u00e4llen w\u00e4hrend Ihrer Periode? Haben Sie das Gef\u00fchl, dass bisherige Behandlungen nicht ausgereicht haben?<\/div>\n<div class=\"Y3BBE\" data-sfc-cp=\"\" jsaction=\"rcuQ6b:&amp;yifR9c_24|npT2md\" jscontroller=\"zcfIf\" data-sfc-root=\"c\" jsuid=\"yifR9c_24\" data-sfc-cb=\"\" data-hveid=\"CAEIERAA\" data-complete=\"true\" data-processed=\"true\">Z\u00f6gern Sie nicht. Regelschmerz ist behandelbar. Kontaktieren Sie uns f\u00fcr ein vertrauliches Erstgespr\u00e4ch. Gemeinsam finden wir die Ursache und entwickeln Ihren pers\u00f6nlichen Therapieplan f\u00fcr eine bessere Lebensqualit\u00e4t.<\/div>\n<div class=\"Y3BBE\" data-sfc-cp=\"\" jsaction=\"rcuQ6b:&amp;yifR9c_25|npT2md\" jscontroller=\"zcfIf\" data-sfc-root=\"c\" jsuid=\"yifR9c_25\" data-sfc-cb=\"\" data-hveid=\"CAEIEhAA\" data-complete=\"true\" data-processed=\"true\"><strong class=\"Yjhzub\" jsaction=\"\" jscontroller=\"zYmgkd\" data-sfc-root=\"c\" jsuid=\"yifR9c_26\" data-sfc-cb=\"\" data-complete=\"true\" data-processed=\"true\" aria-owns=\"action-menu-parent-container\">Ihre Gesundheit und Ihr Wohlbefinden stehen bei uns an erster Stelle.<\/strong><\/div>\n<p>[\/et_pb_text][\/et_pb_column][\/et_pb_row][et_pb_row _builder_version=&#8220;4.27.6&#8243; _module_preset=&#8220;default&#8220; column_structure=&#8220;1_2,1_2&#8243;][et_pb_column _builder_version=&#8220;4.27.6&#8243; _module_preset=&#8220;default&#8220; type=&#8220;1_2&#8243;][et_pb_image src=&#8220;https:\/\/www.frauengesundheit-frankfurt.de\/wp-content\/uploads\/2026\/04\/Screenshot-2026-04-06-203717.png&#8220; _builder_version=&#8220;4.27.6&#8243; _module_preset=&#8220;default&#8220; alt=&#8220;Frauengesundheitsportal<br \/>\nInformationen f\u00fcr Frauuen mit Regelschmerzen&#8220; title_text=&#8220;Frauengesundheitsportal&#8220; url=&#8220;https:\/\/www.frauengesundheitsportal.de\/&#8220; url_new_window=&#8220;on&#8220; width=&#8220;88%&#8220; max_width=&#8220;89%&#8220; align=&#8220;center&#8220; hover_enabled=&#8220;0&#8243; sticky_enabled=&#8220;0&#8243;][\/et_pb_image][\/et_pb_column][et_pb_column _builder_version=&#8220;4.27.6&#8243; _module_preset=&#8220;default&#8220; type=&#8220;1_2&#8243;][et_pb_image src=&#8220;https:\/\/www.frauengesundheit-frankfurt.de\/wp-content\/uploads\/2026\/04\/csm_Test_Bild_STAND_cc9868d741.png&#8220; _builder_version=&#8220;4.27.6&#8243; _module_preset=&#8220;default&#8220; alt=&#8220;Deutsche Gesellschaft f\u00fcr Schmerzmedizin&#8220; title_text=&#8220;DGS &#8211; Deutsche Gesellschaft f\u00fcr Schmerzmedizin&#8220; url=&#8220;https:\/\/www.dgschmerzmedizin.de\/&#8220; url_new_window=&#8220;on&#8220; align=&#8220;center&#8220; width=&#8220;83%&#8220; max_width=&#8220;83%&#8220; hover_enabled=&#8220;0&#8243; sticky_enabled=&#8220;0&#8243;][\/et_pb_image][\/et_pb_column][\/et_pb_row][et_pb_row column_structure=&#8220;1_2,1_2&#8243; _builder_version=&#8220;4.27.4&#8243; _module_preset=&#8220;default&#8220; global_colors_info=&#8220;{}&#8220;][et_pb_column type=&#8220;1_2&#8243; _builder_version=&#8220;4.27.4&#8243; _module_preset=&#8220;default&#8220; global_colors_info=&#8220;{}&#8220;][et_pb_button button_url=&#8220;\/schmerztherapie&#8220; button_text=&#8220;Zur\u00fcck zur \u00dcbersichtsseite&#8220; button_alignment=&#8220;center&#8220; _builder_version=&#8220;4.27.4&#8243; _module_preset=&#8220;default&#8220; custom_button=&#8220;on&#8220; button_text_color=&#8220;gcid-ff1cd8ff-d53b-4acb-a6a2-d8058e5df3bb&#8220; button_icon=&#8220;&#x4a;||divi||400&#8243; button_icon_placement=&#8220;left&#8220; button_on_hover=&#8220;off&#8220; global_colors_info=&#8220;{%22gcid-ff1cd8ff-d53b-4acb-a6a2-d8058e5df3bb%22:%91%22button_text_color%22%93}&#8220;][\/et_pb_button][\/et_pb_column][et_pb_column type=&#8220;1_2&#8243; _builder_version=&#8220;4.27.4&#8243; _module_preset=&#8220;default&#8220; global_colors_info=&#8220;{}&#8220;][et_pb_button button_url=&#8220;\/termin&#8220; button_text=&#8220;Termin buchen&#8220; button_alignment=&#8220;center&#8220; _builder_version=&#8220;4.27.4&#8243; _module_preset=&#8220;default&#8220; custom_button=&#8220;on&#8220; button_text_color=&#8220;gcid-ff1cd8ff-d53b-4acb-a6a2-d8058e5df3bb&#8220; button_icon=&#8220;&#xf073;||fa||900&#8243; button_icon_placement=&#8220;left&#8220; button_on_hover=&#8220;off&#8220; global_colors_info=&#8220;{%22gcid-ff1cd8ff-d53b-4acb-a6a2-d8058e5df3bb%22:%91%22button_text_color%22%93}&#8220;][\/et_pb_button][\/et_pb_column][\/et_pb_row][\/et_pb_section]<\/p>\n","protected":false},"excerpt":{"rendered":"<p>RegelschmerzenSchmerztherapie bei Dysmenorrhoe Regelschmerzen (Dysmenorrhoe): Wege zu einer schmerzfreien Menstruation F\u00fcr viele Frauen geh\u00f6rt ein gewisses Ziehen im Unterleib w\u00e4hrend der Periode zum Alltag. Doch wenn die Schmerzen so stark werden, dass sie den Lebensalltag einschr\u00e4nken, die Leistungsf\u00e4higkeit mindern oder soziale Kontakte unm\u00f6glich machen, sprechen wir von einer Dysmenorrhoe. In unserer Praxis haben wir uns [&hellip;]<\/p>\n","protected":false},"author":1,"featured_media":1376320,"parent":58,"menu_order":60,"comment_status":"closed","ping_status":"closed","template":"","meta":{"_et_pb_use_builder":"on","_et_pb_old_content":"<!-- wp:divi\/placeholder \/-->","_et_gb_content_width":"","footnotes":""},"class_list":["post-1376813","page","type-page","status-publish","has-post-thumbnail","hentry"],"_links":{"self":[{"href":"https:\/\/www.frauengesundheit-frankfurt.de\/en\/wp-json\/wp\/v2\/pages\/1376813","targetHints":{"allow":["GET"]}}],"collection":[{"href":"https:\/\/www.frauengesundheit-frankfurt.de\/en\/wp-json\/wp\/v2\/pages"}],"about":[{"href":"https:\/\/www.frauengesundheit-frankfurt.de\/en\/wp-json\/wp\/v2\/types\/page"}],"author":[{"embeddable":true,"href":"https:\/\/www.frauengesundheit-frankfurt.de\/en\/wp-json\/wp\/v2\/users\/1"}],"replies":[{"embeddable":true,"href":"https:\/\/www.frauengesundheit-frankfurt.de\/en\/wp-json\/wp\/v2\/comments?post=1376813"}],"version-history":[{"count":2,"href":"https:\/\/www.frauengesundheit-frankfurt.de\/en\/wp-json\/wp\/v2\/pages\/1376813\/revisions"}],"predecessor-version":[{"id":1378479,"href":"https:\/\/www.frauengesundheit-frankfurt.de\/en\/wp-json\/wp\/v2\/pages\/1376813\/revisions\/1378479"}],"up":[{"embeddable":true,"href":"https:\/\/www.frauengesundheit-frankfurt.de\/en\/wp-json\/wp\/v2\/pages\/58"}],"wp:featuredmedia":[{"embeddable":true,"href":"https:\/\/www.frauengesundheit-frankfurt.de\/en\/wp-json\/wp\/v2\/media\/1376320"}],"wp:attachment":[{"href":"https:\/\/www.frauengesundheit-frankfurt.de\/en\/wp-json\/wp\/v2\/media?parent=1376813"}],"curies":[{"name":"wp","href":"https:\/\/api.w.org\/{rel}","templated":true}]}}