{"id":1376805,"date":"2025-06-08T14:55:47","date_gmt":"2025-06-08T12:55:47","guid":{"rendered":"https:\/\/fragyn.appentwicklung-frankfurt.de\/?page_id=1376805"},"modified":"2026-04-14T11:50:07","modified_gmt":"2026-04-14T09:50:07","slug":"rueckenschmerz","status":"publish","type":"page","link":"https:\/\/www.frauengesundheit-frankfurt.de\/en\/schmerztherapie\/rueckenschmerz\/","title":{"rendered":"back pain"},"content":{"rendered":"<p>[et_pb_section fb_built=&#8220;1&#8243; admin_label=&#8220;About&#8220; _builder_version=&#8220;4.16&#8243; _module_preset=&#8220;default&#8220; overflow-x=&#8220;hidden&#8220; overflow-y=&#8220;hidden&#8220; locked=&#8220;off&#8220; global_colors_info=&#8220;{}&#8220;][et_pb_row column_structure=&#8220;1_2,1_2&#8243; _builder_version=&#8220;4.16&#8243; _module_preset=&#8220;default&#8220; global_colors_info=&#8220;{}&#8220;][et_pb_column type=&#8220;1_2&#8243; _builder_version=&#8220;4.16&#8243; _module_preset=&#8220;default&#8220; global_colors_info=&#8220;{}&#8220;][et_pb_text _builder_version=&#8220;4.27.6&#8243; _module_preset=&#8220;default&#8220; header_3_font=&#8220;EB Garamond|600|||||||&#8220; header_3_font_size=&#8220;20px&#8220; custom_margin=&#8220;||10px||false|false&#8220; locked=&#8220;off&#8220; global_colors_info=&#8220;{}&#8220;]<\/p>\n<h1>R\u00fcckenschmerzen<\/h1>\n<p>[\/et_pb_text][et_pb_divider color=&#8220;#9F7C5A&#8220; _builder_version=&#8220;4.27.4&#8243; _module_preset=&#8220;default&#8220; width=&#8220;70%&#8220; locked=&#8220;off&#8220; global_colors_info=&#8220;{}&#8220;][\/et_pb_divider][et_pb_text _builder_version=&#8220;4.27.6&#8243; _module_preset=&#8220;default&#8220; header_2_font=&#8220;EB Garamond||||||||&#8220; header_2_font_size=&#8220;48px&#8220; header_2_line_height=&#8220;1.3em&#8220; header_2_font_size_tablet=&#8220;34px&#8220; header_2_font_size_phone=&#8220;22px&#8220; header_2_font_size_last_edited=&#8220;on|phone&#8220; locked=&#8220;off&#8220; global_colors_info=&#8220;{}&#8220; header_2_2_font_size_tablet=&#8220;34px&#8220; header_3_2_font_size_tablet=&#8220;34px&#8220; header_4_2_font_size_tablet=&#8220;34px&#8220; header_5_2_font_size_tablet=&#8220;34px&#8220; header_6_2_font_size_tablet=&#8220;34px&#8220; header_2_2_font_size_phone=&#8220;22px&#8220; header_3_2_font_size_phone=&#8220;22px&#8220; header_4_2_font_size_phone=&#8220;22px&#8220; header_5_2_font_size_phone=&#8220;22px&#8220; header_6_2_font_size_phone=&#8220;22px&#8220; header_2_2_font_size_last_edited=&#8220;on|phone&#8220; header_3_2_font_size_last_edited=&#8220;on|phone&#8220; header_4_2_font_size_last_edited=&#8220;on|phone&#8220; header_5_2_font_size_last_edited=&#8220;on|phone&#8220; header_6_2_font_size_last_edited=&#8220;on|phone&#8220;]<\/p>\n<h2>Ortho Status<\/h2>\n<p>[\/et_pb_text][et_pb_text _builder_version=&#8220;4.27.4&#8243; _module_preset=&#8220;default&#8220; text_font=&#8220;||||||||&#8220; text_line_height=&#8220;2em&#8220; locked=&#8220;off&#8220; global_colors_info=&#8220;{}&#8220;]<\/p>\n<p>R\u00fcckenschmerzen sind eines der h\u00e4ufigsten Schmerzsyndrome unserer Zeit. Die Ursachen hierf\u00fcr sind vielf\u00e4ltig. Zunehmend betrifft dies auch j\u00fcngere Patienten, deren Schmerzen bei fehlenden schulmedizinischen Korrelaten nicht ernst genommen werden. Hier bieten wir erweiterte Diagnostik und Therapie, ggf. unter Einbeziehung weiterer Fach\u00e4rzte an. Chronische R\u00fcckenschmerzen belasten in vielf\u00e4ltiger Weise. Wir unterst\u00fctzen Sie wirksam im Rahmen der speziellen Schmerztherapie.<\/p>\n<p>[\/et_pb_text][\/et_pb_column][et_pb_column type=&#8220;1_2&#8243; _builder_version=&#8220;4.16&#8243; _module_preset=&#8220;default&#8220; global_colors_info=&#8220;{}&#8220;][et_pb_image src=&#8220;https:\/\/www.frauengesundheit-frankfurt.de\/wp-content\/uploads\/2025\/05\/AdobeStock_297404141-scaled.jpeg&#8220; title_text=&#8220;R\u00fcckenschmerzen &#8220; _builder_version=&#8220;4.27.6&#8243; _module_preset=&#8220;default&#8220; custom_margin=&#8220;70px||||false|false&#8220; hover_enabled=&#8220;0&#8243; global_colors_info=&#8220;{}&#8220; alt=&#8220;Akute und chronische R\u00fcckenschmerzen &#8211; ein Problem von jung und \u00e4lteren Patienten&#8220; sticky_enabled=&#8220;0&#8243;][\/et_pb_image][\/et_pb_column][\/et_pb_row][et_pb_row _builder_version=&#8220;4.27.4&#8243; _module_preset=&#8220;default&#8220; global_colors_info=&#8220;{}&#8220;][et_pb_column type=&#8220;4_4&#8243; _builder_version=&#8220;4.27.4&#8243; _module_preset=&#8220;default&#8220; global_colors_info=&#8220;{}&#8220;][et_pb_heading title=&#8220;Diagnostik bei R\u00fcckenschmerzen&#8220; _builder_version=&#8220;4.27.6&#8243; _module_preset=&#8220;default&#8220; title_level=&#8220;h3&#8243; hover_enabled=&#8220;0&#8243; sticky_enabled=&#8220;0&#8243;][\/et_pb_heading][et_pb_text _builder_version=&#8220;4.27.4&#8243; _module_preset=&#8220;default&#8220; global_colors_info=&#8220;{}&#8220;]<\/p>\n<p>Der Ortho-Status ist eine umfassende und standardisierte Untersuchung des gesamten Bewegungsapparates. Ziel dieser Untersuchung ist es, den Zustand von Knochen, Gelenken, Muskeln und B\u00e4ndern systematisch zu erfassen und m\u00f6gliche St\u00f6rungen oder Fehlstellungen fr\u00fchzeitig zu erkennen. Der Ortho-Status kommt insbesondere bei Patientinnen und Patienten mit chronischen R\u00fccken-, Brust- oder urogenitalen Schmerzen zum Einsatz und bildet eine wichtige Grundlage f\u00fcr die weitere Diagnostik und Therapieplanung.<\/p>\n<p>Im Rahmen der Untersuchung werden verschiedene Aspekte des Bewegungsapparates \u00fcberpr\u00fcft, zum Beispiel Haltung, Beweglichkeit, Muskelkraft, Koordination und eventuelle Fehlstellungen wie Beckenschiefstand oder Skoliose. Dabei werden sowohl statische als auch dynamische Tests durchgef\u00fchrt, um ein m\u00f6glichst vollst\u00e4ndiges Bild des k\u00f6rperlichen Ausgangszustandes zu erhalten. Auf diese Weise lassen sich nicht nur akute Beschwerden, sondern auch chronische und komplexe Schmerzsyndrome gezielt erfassen.<\/p>\n<p>Besonders wichtig ist die Anwendung des Ortho-Status bei bestimmten Krankheitsbildern wie Beckenschiefstand, Skoliose oder dem chronischen Beckenschmerzsyndrom. Letzteres \u00e4u\u00dfert sich oft durch anhaltende Schmerzen im Beckenbereich, die auch beim Geschlechtsverkehr oder bei allt\u00e4glichen Bewegungen auftreten k\u00f6nnen. Mithilfe der Untersuchung lassen sich die Ursachen dieser Beschwerden besser eingrenzen und gezielt behandeln.<\/p>\n<p>[\/et_pb_text][\/et_pb_column][\/et_pb_row][et_pb_row _builder_version=&#8220;4.27.6&#8243; _module_preset=&#8220;default&#8220;][et_pb_column _builder_version=&#8220;4.27.6&#8243; _module_preset=&#8220;default&#8220; type=&#8220;4_4&#8243;][\/et_pb_column][\/et_pb_row][et_pb_row _builder_version=&#8220;4.27.4&#8243; _module_preset=&#8220;default&#8220; global_colors_info=&#8220;{}&#8220;][et_pb_column type=&#8220;4_4&#8243; _builder_version=&#8220;4.27.4&#8243; _module_preset=&#8220;default&#8220; global_colors_info=&#8220;{}&#8220;][et_pb_tabs _builder_version=&#8220;4.27.4&#8243; _module_preset=&#8220;default&#8220; global_colors_info=&#8220;{}&#8220;][et_pb_tab title=&#8220;Chronische R\u00fcckenschmerzen&#8220; _builder_version=&#8220;4.27.4&#8243; _module_preset=&#8220;default&#8220; global_colors_info=&#8220;{}&#8220;]<\/p>\n<p>Als chronisch gelten R\u00fcckenschmerzen, die seit mehr als zw\u00f6lf Wochen bestehen. Studien zufolge sind\u00a0rund sieben Prozent der Bev\u00f6lkerung betroffen und werden wegen langwieriger, schmerzhafter Ver\u00e4nderungen am R\u00fccken behandelt. Degenerative Ver\u00e4nderungen (Abnutzung), meist an der\u00a0Wirbels\u00e4ule oder\u00a0den Bandscheiben gelten als Hauptursache\u00a0f\u00fcr chronische R\u00fcckschmerzen. Weitere Ursachen sind die Halte- und Bewegungselemente des R\u00fcckens, d.h.\u00a0Muskeln, Sehnen und\u00a0 B\u00e4nder.<\/p>\n<p>Ursachen sind h\u00e4ufig Bewegungsmangel, Haltungsfehler und\u00a0\u00dcberlastung. Hier setzen viele Therapiekonzepte an: Gezielten \u00dcbungen, eine Physiotherapie mit R\u00fccken- und Haltungsschule stellen etablierte konservative Therapiem\u00f6glichkeiten dar. Auch eine Gewichtsreduktion bei \u00dcbergewicht, r\u00fcckenfreundliches Schuhwerk und geeignete Matratzen tragen zu einer Linderung der Beschwerden bei. Daneben sollten aber auch Differentialdiagnose nicht vergessen werden. Gelegentlich macht gar nicht der R\u00fccken Probleme, sondern andere benachbarte Organe t\u00e4uschen R\u00fcckenschmerzen vor. Bekannte Beispiele sind\u00a0hierbei die Nieren (Koliken), der Unterbauch\u00a0(etwa bei einer Eileiter- und Eierstockentz\u00fcndung), die\u00a0Bauchspeicheldr\u00fcse (Entz\u00fcndung) oder Gallenblase (Entz\u00fcndung, Koliken).<\/p>\n<p>[\/et_pb_tab][et_pb_tab title=&#8220;Intercostale Schmerzen&#8220; _builder_version=&#8220;4.27.4&#8243; _module_preset=&#8220;default&#8220; global_colors_info=&#8220;{}&#8220;]<\/p>\n<p>Intercostalneuralgie ist eine schmerzhafte Erkrankung, bei der die Nerven, die zwischen den Rippen verlaufen \u2013 die sogenannten Interkostalnerven \u2013 gereizt, eingeklemmt oder verletzt werden. H\u00e4ufig \u00e4u\u00dfert sich dies durch starke, stechende oder brennende Schmerzen im Bereich des Brustkorbs, die entlang der Rippen verlaufen und teilweise bis in den R\u00fccken ausstrahlen k\u00f6nnen. Viele Betroffene nehmen die Beschwerden zun\u00e4chst als Verspannungen oder Verkrampfungen der Zwischenrippenmuskulatur wahr. Allerdings k\u00f6nnen die Schmerzen auch in Ruhephasen oder bei bestimmten Bewegungen, wie tiefem Ein- und Ausatmen, Lachen oder Husten, deutlich zunehmen und die Lebensqualit\u00e4t erheblich beeintr\u00e4chtigen.<\/p>\n<p>Unsere Praxis ist auf die sorgf\u00e4ltige Diagnostik und individuelle Behandlung der Intercostalneuralgie spezialisiert. Im Rahmen eines ausf\u00fchrlichen Gespr\u00e4chs und einer gr\u00fcndlichen Untersuchung ermitteln wir gemeinsam mit Ihnen die Ursachen Ihrer Beschwerden. Dank modernster diagnostischer Verfahren k\u00f6nnen wir die betroffenen Nerven pr\u00e4zise lokalisieren und einen ma\u00dfgeschneiderten Therapieplan f\u00fcr Sie erstellen.<\/p>\n<p>Die Behandlung in unserer Praxis umfasst ein breites Spektrum an Ma\u00dfnahmen. Zu Beginn stehen meist medikament\u00f6se Therapien im Vordergrund, die auf eine schnelle Schmerzlinderung abzielen. Erg\u00e4nzend dazu setzen wir auf physiotherapeutische Anwendungen, die helfen, muskul\u00e4re Verspannungen zu l\u00f6sen und die Beweglichkeit des Brustkorbs wiederherzustellen. In besonders hartn\u00e4ckigen F\u00e4llen k\u00f6nnen gezielte Injektionen oder minimalinvasive Verfahren zum Einsatz kommen, um die gereizten Nerven gezielt zu entlasten und die Schmerzen nachhaltig zu reduzieren.<\/p>\n<p>Unser oberstes Ziel ist es, Ihre Beschwerden zu lindern und Ihre Lebensqualit\u00e4t sp\u00fcrbar zu verbessern. Wir m\u00f6chten, dass Sie Ihren Alltag wieder unbeschwert und schmerzfrei genie\u00dfen k\u00f6nnen. Vertrauen Sie auf unser erfahrenes und engagiertes Team, das Ihnen mit umfassender Expertise, modernster Technik und viel Einf\u00fchlungsverm\u00f6gen zur Seite steht. Wir begleiten Sie auf Ihrem Weg zur Genesung \u2013 kompetent, individuell und ganzheitlich.<\/p>\n<p>[\/et_pb_tab][et_pb_tab title=&#8220;ISG Blockade&#8220; _builder_version=&#8220;4.27.4&#8243; _module_preset=&#8220;default&#8220; global_colors_info=&#8220;{}&#8220;]<\/p>\n<p><span>Unsere interdisziplin\u00e4r ausgerichtete Arztpraxis ist spezialisiert auf die Diagnostik und Behandlung von ISG-Blockaden. Diese Funktionsst\u00f6rung im Kreuzbein-Darmbein-Gelenk, welches die Wirbels\u00e4ule mit dem Becken verbindet, kann zu Kreuzschmerzen und Einschr\u00e4nkungen im unteren R\u00fccken f\u00fchren. Dar\u00fcber hinaus k\u00f6nnen ISG-Blockaden auch gyn\u00e4kologische Beschwerden wie Schmerzen beim Geschlechtsverkehr (Dyspareunie) verursachen. Wir legen gro\u00dfen Wert darauf, Ihre Beschwerden durch eine pr\u00e4zise Diagnostik zu erkennen und Ihnen daraufhin die bestm\u00f6gliche Behandlung zukommen zu lassen. Unser erfahrenes Team arbeitet eng zusammen, um Ihnen eine optimale Versorgung zu gew\u00e4hrleisten.<\/span><\/p>\n<p>[\/et_pb_tab][et_pb_tab title=&#8220;Symphysenlockerung&#8220; _builder_version=&#8220;4.27.4&#8243; _module_preset=&#8220;default&#8220; global_colors_info=&#8220;{}&#8220;]<\/p>\n<p style=\"font-weight: 400;\">Als erfahrenes Team aus Frauen\u00e4rztin und Schmerztherapeut bieten wir Ihnen eine fachgerechte Behandlung von Beschwerden, die durch Symphysenlockerung und Beckenringinstabilit\u00e4t verursacht oder verschlimmert werden, an. Dies umfasst insbesondere Beckenschmerzen w\u00e4hrend und nach der Schwangerschaft. Erg\u00e4nzend dazu bieten wir im Rahmen der speziellen Schmerztherapie individuell abgestimmte medikament\u00f6se und minimalinvasive Verfahren an, um Ihre Schmerzen effektiv zu lindern und Ihre Lebensqualit\u00e4t zu verbessern.<\/p>\n<p style=\"font-weight: 400;\">Damit k\u00f6nnen Sie den Alltag wieder schmerzfrei genie\u00dfen.<\/p>\n<p>[\/et_pb_tab][\/et_pb_tabs][\/et_pb_column][\/et_pb_row][et_pb_row _builder_version=&#8220;4.27.6&#8243; _module_preset=&#8220;default&#8220; column_structure=&#8220;1_2,1_2&#8243;][et_pb_column _builder_version=&#8220;4.27.6&#8243; _module_preset=&#8220;default&#8220; type=&#8220;1_2&#8243;][et_pb_image src=&#8220;https:\/\/www.frauengesundheit-frankfurt.de\/wp-content\/uploads\/2026\/04\/Schmerzgesellschaft.png&#8220; _builder_version=&#8220;4.27.6&#8243; _module_preset=&#8220;default&#8220; alt=&#8220;Deutsche Schmerzgesellschaft&#8220; title_text=&#8220;Deutsche Schmerzgesellschaft&#8220; align=&#8220;center&#8220; width=&#8220;93%&#8220; max_width=&#8220;93%&#8220; hover_enabled=&#8220;0&#8243; sticky_enabled=&#8220;0&#8243; url=&#8220;https:\/\/www.schmerzgesellschaft.de\/patienteninformationen&#8220; url_new_window=&#8220;on&#8220;][\/et_pb_image][et_pb_text _builder_version=&#8220;4.27.6&#8243; _module_preset=&#8220;default&#8220; hover_enabled=&#8220;0&#8243; sticky_enabled=&#8220;0&#8243;]<\/p>\n<p>Weitergehende Informationen und <a href=\"https:\/\/www.schmerzgesellschaft.de\/patienteninformationen\" target=\"_blank\" rel=\"noopener\">Patienteninformationen zu Selbsthilfe finden Sie hier<\/a>.<\/p>\n<p>[\/et_pb_text][\/et_pb_column][et_pb_column _builder_version=&#8220;4.27.6&#8243; _module_preset=&#8220;default&#8220; type=&#8220;1_2&#8243;][et_pb_image src=&#8220;https:\/\/www.frauengesundheit-frankfurt.de\/wp-content\/uploads\/2026\/04\/Iqwig.png&#8220; _builder_version=&#8220;4.27.6&#8243; _module_preset=&#8220;default&#8220; alt=&#8220;Allgemeinverst\u00e4ndliche Gesundheitsinformationen f\u00fcr alle B\u00fcrgerinnen und B\u00fcrger.&#8220; title_text=&#8220;IQWIG&#8220; url=&#8220;https:\/\/www.gesundheitsinformation.de\/multimodale-schmerztherapie-und-kognitive-verhaltenstherapie-bei-chronischen-rueckenschmerzen.html&#8220; url_new_window=&#8220;on&#8220; hover_enabled=&#8220;0&#8243; sticky_enabled=&#8220;0&#8243; align=&#8220;center&#8220; custom_margin=&#8220;|-2px||||&#8220; width=&#8220;94%&#8220; max_width=&#8220;94%&#8220;][\/et_pb_image][et_pb_text _builder_version=&#8220;4.27.6&#8243; _module_preset=&#8220;default&#8220; hover_enabled=&#8220;0&#8243; sticky_enabled=&#8220;0&#8243;]<\/p>\n<p>Multimodale Schmerztherapie und kognitive Verhaltenstherapie bei chronischen R\u00fcckenschmerzen. <a href=\"https:\/\/www.gesundheitsinformation.de\/multimodale-schmerztherapie-und-kognitive-verhaltenstherapie-bei-chronischen-rueckenschmerzen.html\" target=\"_blank\" rel=\"noopener\">Weitergehende Informationen finden Sie hier<\/a>.<\/p>\n<p>[\/et_pb_text][\/et_pb_column][\/et_pb_row][et_pb_row column_structure=&#8220;1_2,1_2&#8243; _builder_version=&#8220;4.27.4&#8243; _module_preset=&#8220;default&#8220; global_colors_info=&#8220;{}&#8220;][et_pb_column type=&#8220;1_2&#8243; _builder_version=&#8220;4.27.4&#8243; _module_preset=&#8220;default&#8220; global_colors_info=&#8220;{}&#8220;][et_pb_button button_url=&#8220;\/schmerztherapie&#8220; button_text=&#8220;Zur\u00fcck zur \u00dcbersichtsseite&#8220; button_alignment=&#8220;center&#8220; _builder_version=&#8220;4.27.4&#8243; _module_preset=&#8220;default&#8220; custom_button=&#8220;on&#8220; button_text_color=&#8220;gcid-ff1cd8ff-d53b-4acb-a6a2-d8058e5df3bb&#8220; button_icon=&#8220;&#x4a;||divi||400&#8243; button_icon_placement=&#8220;left&#8220; button_on_hover=&#8220;off&#8220; global_colors_info=&#8220;{%22gcid-ff1cd8ff-d53b-4acb-a6a2-d8058e5df3bb%22:%91%22button_text_color%22%93}&#8220;][\/et_pb_button][\/et_pb_column][et_pb_column type=&#8220;1_2&#8243; _builder_version=&#8220;4.27.4&#8243; _module_preset=&#8220;default&#8220; global_colors_info=&#8220;{}&#8220;][et_pb_button button_url=&#8220;\/termin&#8220; button_text=&#8220;Termin buchen&#8220; button_alignment=&#8220;center&#8220; _builder_version=&#8220;4.27.4&#8243; _module_preset=&#8220;default&#8220; custom_button=&#8220;on&#8220; button_text_color=&#8220;gcid-ff1cd8ff-d53b-4acb-a6a2-d8058e5df3bb&#8220; button_icon=&#8220;&#xf073;||fa||900&#8243; button_icon_placement=&#8220;left&#8220; button_on_hover=&#8220;off&#8220; global_colors_info=&#8220;{%22gcid-ff1cd8ff-d53b-4acb-a6a2-d8058e5df3bb%22:%91%22button_text_color%22%93}&#8220;][\/et_pb_button][\/et_pb_column][\/et_pb_row][\/et_pb_section]<\/p>\n","protected":false},"excerpt":{"rendered":"<p>R\u00fcckenschmerzenOrtho StatusR\u00fcckenschmerzen sind eines der h\u00e4ufigsten Schmerzsyndrome unserer Zeit. Die Ursachen hierf\u00fcr sind vielf\u00e4ltig. Zunehmend betrifft dies auch j\u00fcngere Patienten, deren Schmerzen bei fehlenden schulmedizinischen Korrelaten nicht ernst genommen werden. Hier bieten wir erweiterte Diagnostik und Therapie, ggf. unter Einbeziehung weiterer Fach\u00e4rzte an. Chronische R\u00fcckenschmerzen belasten in vielf\u00e4ltiger Weise. Wir unterst\u00fctzen Sie wirksam im Rahmen [&hellip;]<\/p>\n","protected":false},"author":1,"featured_media":0,"parent":58,"menu_order":60,"comment_status":"closed","ping_status":"closed","template":"","meta":{"_et_pb_use_builder":"on","_et_pb_old_content":"<!-- wp:divi\/placeholder \/-->","_et_gb_content_width":"","footnotes":""},"class_list":["post-1376805","page","type-page","status-publish","hentry"],"_links":{"self":[{"href":"https:\/\/www.frauengesundheit-frankfurt.de\/en\/wp-json\/wp\/v2\/pages\/1376805","targetHints":{"allow":["GET"]}}],"collection":[{"href":"https:\/\/www.frauengesundheit-frankfurt.de\/en\/wp-json\/wp\/v2\/pages"}],"about":[{"href":"https:\/\/www.frauengesundheit-frankfurt.de\/en\/wp-json\/wp\/v2\/types\/page"}],"author":[{"embeddable":true,"href":"https:\/\/www.frauengesundheit-frankfurt.de\/en\/wp-json\/wp\/v2\/users\/1"}],"replies":[{"embeddable":true,"href":"https:\/\/www.frauengesundheit-frankfurt.de\/en\/wp-json\/wp\/v2\/comments?post=1376805"}],"version-history":[{"count":2,"href":"https:\/\/www.frauengesundheit-frankfurt.de\/en\/wp-json\/wp\/v2\/pages\/1376805\/revisions"}],"predecessor-version":[{"id":1378493,"href":"https:\/\/www.frauengesundheit-frankfurt.de\/en\/wp-json\/wp\/v2\/pages\/1376805\/revisions\/1378493"}],"up":[{"embeddable":true,"href":"https:\/\/www.frauengesundheit-frankfurt.de\/en\/wp-json\/wp\/v2\/pages\/58"}],"wp:attachment":[{"href":"https:\/\/www.frauengesundheit-frankfurt.de\/en\/wp-json\/wp\/v2\/media?parent=1376805"}],"curies":[{"name":"wp","href":"https:\/\/api.w.org\/{rel}","templated":true}]}}