{"id":1376788,"date":"2025-06-08T14:50:46","date_gmt":"2025-06-08T12:50:46","guid":{"rendered":"https:\/\/fragyn.appentwicklung-frankfurt.de\/?page_id=1376788"},"modified":"2026-04-07T06:11:22","modified_gmt":"2026-04-07T04:11:22","slug":"infusionstherapie","status":"publish","type":"page","link":"https:\/\/www.frauengesundheit-frankfurt.de\/en\/allgemeinmedizin\/infusionstherapie\/","title":{"rendered":"Infusion therapy"},"content":{"rendered":"<p>[et_pb_section fb_built=&#8220;1&#8243; admin_label=&#8220;About&#8220; _builder_version=&#8220;4.16&#8243; _module_preset=&#8220;default&#8220; overflow-x=&#8220;hidden&#8220; overflow-y=&#8220;hidden&#8220; locked=&#8220;off&#8220; global_colors_info=&#8220;{}&#8220;][et_pb_row column_structure=&#8220;1_2,1_2&#8243; _builder_version=&#8220;4.16&#8243; _module_preset=&#8220;default&#8220; global_colors_info=&#8220;{}&#8220;][et_pb_column type=&#8220;1_2&#8243; _builder_version=&#8220;4.16&#8243; _module_preset=&#8220;default&#8220; global_colors_info=&#8220;{}&#8220;][et_pb_text _builder_version=&#8220;4.27.6&#8243; _module_preset=&#8220;default&#8220; header_3_font=&#8220;EB Garamond|600|||||||&#8220; header_3_font_size=&#8220;20px&#8220; custom_margin=&#8220;||10px||false|false&#8220; locked=&#8220;off&#8220; global_colors_info=&#8220;{}&#8220;]<\/p>\n<h1>Infusionstherapie<\/h1>\n<p>[\/et_pb_text][et_pb_divider color=&#8220;#9F7C5A&#8220; _builder_version=&#8220;4.27.4&#8243; _module_preset=&#8220;default&#8220; width=&#8220;70%&#8220; locked=&#8220;off&#8220; global_colors_info=&#8220;{}&#8220;][\/et_pb_divider][et_pb_text _builder_version=&#8220;4.27.6&#8243; _module_preset=&#8220;default&#8220; header_2_font=&#8220;EB Garamond||||||||&#8220; header_2_font_size=&#8220;48px&#8220; header_2_line_height=&#8220;1.3em&#8220; hover_enabled=&#8220;0&#8243; header_2_font_size_tablet=&#8220;34px&#8220; header_2_font_size_phone=&#8220;22px&#8220; header_2_font_size_last_edited=&#8220;on|phone&#8220; locked=&#8220;off&#8220; global_colors_info=&#8220;{}&#8220; header_2_2_font_size_tablet=&#8220;34px&#8220; header_3_2_font_size_tablet=&#8220;34px&#8220; header_4_2_font_size_tablet=&#8220;34px&#8220; header_5_2_font_size_tablet=&#8220;34px&#8220; header_6_2_font_size_tablet=&#8220;34px&#8220; header_2_2_font_size_phone=&#8220;22px&#8220; header_3_2_font_size_phone=&#8220;22px&#8220; header_4_2_font_size_phone=&#8220;22px&#8220; header_5_2_font_size_phone=&#8220;22px&#8220; header_6_2_font_size_phone=&#8220;22px&#8220; header_2_2_font_size_last_edited=&#8220;on|phone&#8220; header_3_2_font_size_last_edited=&#8220;on|phone&#8220; header_4_2_font_size_last_edited=&#8220;on|phone&#8220; header_5_2_font_size_last_edited=&#8220;on|phone&#8220; header_6_2_font_size_last_edited=&#8220;on|phone&#8220; sticky_enabled=&#8220;0&#8243;]<\/p>\n<h2>Medikament\u00f6se Therapie bei Eisenmangel, zur Revitalisierung oder in der Menopause<\/h2>\n<p>[\/et_pb_text][et_pb_text _builder_version=&#8220;4.27.4&#8243; _module_preset=&#8220;default&#8220; text_font=&#8220;ABeeZee||||||||&#8220; text_line_height=&#8220;2em&#8220; locked=&#8220;off&#8220; global_colors_info=&#8220;{}&#8220;]<\/p>\n<div id=\"cc-m-12445397497\" class=\"j-module n j-textWithImage \">\n<div>\n<div id=\"cc-m-textwithimage-12445397497\" data-name=\"text\" data-action=\"text\" class=\"cc-m-textwithimage-inline-rte\">\n<p><span>W\u00e4hrend einer Infusionstherapie werden, je nach Beschwerden, schmerzhemmende, entspannende, revitalisierende, stoffwechsel- und durchblutungsf\u00f6rdernde Substanzen in den K\u00f6rper eingebracht. <\/span><span style=\"font-size: 14px;\">Die Infusionstherapie ist heute fester Bestandteil in der klinischen und ambulanten Versorgung. H\u00e4ufig sind mehrere Sitzungen n\u00f6tig. Eine Infusionstherapie sollte immer eingebettet in einem ganzheitlichen Therapiekonzept angewendet werden.<\/span><\/p>\n<p>&nbsp;<\/p>\n<\/div>\n<\/div>\n<div class=\"cc-clear\"><\/div>\n<\/div>\n<div id=\"cc-m-12446062697\" class=\"j-module n j-header \">\n<h2 class=\"\" id=\"cc-m-header-12446062697\"><strong><span style=\"font-size: medium;\">Indikationen f\u00fcr Infusionen<\/span><\/strong><\/h2>\n<\/div>\n<div id=\"cc-m-12445397697\" class=\"j-module n j-text \">\n<ul>\n<li>M\u00fcdigkeit und Abgeschlagenheit<\/li>\n<li>Konzentrationsschw\u00e4che, Vergesslichkeit<\/li>\n<li>Nachlassende Leistungsf\u00e4higkeit, Reaktionsgeschwindigkeit, Denkverm\u00f6gen<\/li>\n<li>Erh\u00f6hte Infektanf\u00e4lligkeit<\/li>\n<li>Chronische Schmerzsyndrome aller Art, wie Wirbels\u00e4ulenerkrankungen, Arthrose, Rheuma und Nervenschmerz<\/li>\n<li>Therapie von Krebserkrankungen und\/oder Nebenwirkungen<\/li>\n<li>Behandlung von \u00dcbelkeit und Erbrechen in der Schwangerschaft<\/li>\n<li>Behandlung von Blutarmut (Eiseninfusionen)<\/li>\n<li>Behandlung der Borreliose (Antibiotikainfusionen)<\/li>\n<li>Behandlung von Vitaminmangel (Vitamininjektionen \/ Vitamininfusionen)<\/li>\n<\/ul>\n<\/div>\n<p>[\/et_pb_text][\/et_pb_column][et_pb_column type=&#8220;1_2&#8243; _builder_version=&#8220;4.16&#8243; _module_preset=&#8220;default&#8220; global_colors_info=&#8220;{}&#8220;][et_pb_image src=&#8220;https:\/\/www.frauengesundheit-frankfurt.de\/wp-content\/uploads\/2025\/05\/AdobeStock_1240876277-scaled.jpeg&#8220; title_text=&#8220;Infusionstherapie mit Infusionsbeutel und Vitaminen&#8220; _builder_version=&#8220;4.27.6&#8243; _module_preset=&#8220;default&#8220; custom_margin=&#8220;70px||||false|false&#8220; hover_enabled=&#8220;0&#8243; global_colors_info=&#8220;{}&#8220; alt=&#8220;Infusionsbeutel der mit Obst gef\u00fcllt ist. Symbolisch f\u00fcr eine Infusionstherapie, z.B. als Vitamininfusion zur St\u00e4rkung der eigenen Abwehrkr\u00e4fte. &#8220; sticky_enabled=&#8220;0&#8243;][\/et_pb_image][\/et_pb_column][\/et_pb_row][et_pb_row _builder_version=&#8220;4.27.4&#8243; _module_preset=&#8220;default&#8220; global_colors_info=&#8220;{}&#8220;][et_pb_column type=&#8220;4_4&#8243; _builder_version=&#8220;4.27.4&#8243; _module_preset=&#8220;default&#8220; global_colors_info=&#8220;{}&#8220;][et_pb_tabs _builder_version=&#8220;4.27.6&#8243; _module_preset=&#8220;default&#8220; global_colors_info=&#8220;{}&#8220;][et_pb_tab title=&#8220;Eiseninfusion&#8220; _builder_version=&#8220;4.27.4&#8243; _module_preset=&#8220;default&#8220; global_colors_info=&#8220;{}&#8220;]<\/p>\n<p><span>Eiseninfusionen sind eine etablierte Therapie bei Eisenmangel und entsprechenden Folgeerkrankungen. Insbesondere wenn Eisentabletten nicht zum gew\u00fcnschten Erfolg f\u00fchren bzw. individuell nicht vertragen werden. Eiseninfusionen und Eisentabletten haben Nebenwirkungen. Bei der oralen Anwendung stehen \u00dcbelkeit, Verstopfung und \u00e4hnliches im Vordergrund. Bei der parenteralen Gabe mittels Infusion kann es zu schweren allergischen Reaktionen kommen. Daher ist eine besondere Vorsicht und Sorgfalt unabdinbar. Auch muss die Indikation stimmen. Wir bestehen daher immer auf einem Erstgespr\u00e4ch und einer Voruntersuchung und die entsprechende Sorgfalt zu garantieren. Wir sind \u00fcberzeugt davon, dass diese Therapieform in die H\u00e4nde von erfahrenen \u00c4rzten geh\u00f6rt, die im Zweifelsfall auch eine Komplikation beherrschen k\u00f6nnen.\u00a0<\/span><\/p>\n<p>Wir bieten Eiseninfusionen als Selbstzahlerleistung an. Bitte buchen Sie einen Beratungstermin f\u00fcr ein individuelles Erstgespr\u00e4ch. Bringen Sie hierzu bitte Ihnen vorliegende Laborbefunde mit. Meist empfehlen wir vor Therapiebeginn eine erneute Kontrolle in unseren Praxislabor &#8211; auch um den Therapierverlauf besser zu begleiten. Rechnen Sie mit Kosten zwischen 120\u20ac und 250\u20ac pro Sitzung.<\/p>\n<p><span><\/span><\/p>\n<p><span><\/span><\/p>\n<p>[\/et_pb_tab][et_pb_tab title=&#8220;Borreliosebehandlung&#8220; _builder_version=&#8220;4.27.4&#8243; _module_preset=&#8220;default&#8220; global_colors_info=&#8220;{}&#8220;]<\/p>\n<p><span>Borreliose, speziell die Lyme-Borreliose, ist eine Infektionskrankheit, welche fast ausschlie\u00dflich\u00a0von infizierten Zecken (in wenigen F\u00e4llen auch von Bremsen) durch ihren Biss auf den Menschen \u00fcbertragen wird. Eine Borreliose Behandlung ist in den ersten vier bis sechs Wochen nach der Infektion durch Gabe von\u00a0Antibiotika erfolgreich. Leider werden h\u00e4ufig die ersten Anzeichen einer Borreliose Erkrankung \u00fcbersehen. In der Folge wird die wirksame\u00a0Behandlung der Borreliose oft\u00a0wesentlich schwieriger und aufwendiger. Die Borreliose entwickelt sich in verschiedenen Phasen, der Hautinfektion, der Ausbreitung im Organismus, bis hin zum chronischen Stadium. Leider gibt es f\u00fcr die Borreliose Behandlung keine speziellen Medikamente. Eine wirksame medikament\u00f6se Therapie h\u00e4ngt von\u00a0der allgemeinen Verfassung des Patienten, dem Lebensalter und vielen anderen individuellen Faktoren ab. Der Erfolg der\u00a0Borreliose Behandlung h\u00e4ngt im wesentlichen von der\u00a0Dosierung und den Aplikationswegen der eingesetzten\u00a0Medikamente ab. Dar\u00fcber hinaus sollte eine derartige Behandlung ausreichend lange durchgef\u00fchrt werden und Rezidive zu verhindern. Die St\u00e4rkung der eigenen Abwehrkr\u00e4fte des K\u00f6rpers ist ein wichtiger Faktor, ebenso wie gegebenenfalls die Umstellung der Ern\u00e4hrung.<\/span><\/p>\n<p>[\/et_pb_tab][et_pb_tab title=&#8220;Vitamin Infusionen&#8220; _builder_version=&#8220;4.27.4&#8243; _module_preset=&#8220;default&#8220; global_colors_info=&#8220;{}&#8220;]<\/p>\n<div id=\"cc-m-12445398897\" class=\"j-module n j-text \">\n<p>Vitamin-Infusionen sind aktuell ein nicht unumstrittener Trend. Wir bieten dieses seit vielen Jahren mit gro\u00dfem Erfolg unter schulmedizinischen Gesichtspunkten an. Vitamin-Infusionen sind in speziellen Indikationen und f\u00fcr gesundheitsbewusste, moderne Menschen geeignet. Wir passen nach ausf\u00fchrlicher Beratung und Voruntersuchung unsere Konzepte an Ihre individuellen Bed\u00fcrfnisse an.<\/p>\n<p>Vitamine und Mineralstoffe | Glutathion-Infusion | Immun-Booster-Infusion | Alpha-Lipons\u00e4ure-Infusion<\/p>\n<\/div>\n<p>[\/et_pb_tab][\/et_pb_tabs][et_pb_button button_url=&#8220;https:\/\/www.terminland.de\/fragyn\/online\/Infusionstherapie&#8220; button_text=&#8220;Termine Infusionstherapie&#8220; _builder_version=&#8220;4.27.6&#8243; _module_preset=&#8220;default&#8220; custom_button=&#8220;on&#8220; button_text_color=&#8220;#FFFFFF&#8220; button_bg_color=&#8220;#c3736c&#8220; global_colors_info=&#8220;{}&#8220;][\/et_pb_button][et_pb_tabs _builder_version=&#8220;4.27.4&#8243; _module_preset=&#8220;default&#8220; global_colors_info=&#8220;{}&#8220;][et_pb_tab title=&#8220;Glutathion Infusionen&#8220; _builder_version=&#8220;4.27.4&#8243; _module_preset=&#8220;default&#8220; global_colors_info=&#8220;{}&#8220;]<\/p>\n<p>Glutathion ist ein k\u00f6rpereigenes Molek\u00fcl, das als eines der wichtigsten Antioxidantien im menschlichen Organismus wirkt. Es besteht aus den drei Aminos\u00e4uren Glutamins\u00e4ure, Cystein und Glycin. Als zentrales Antioxidans tr\u00e4gt Glutathion dazu bei, Zellen vor oxidativem Stress und den damit verbundenen Sch\u00e4den durch freie Radikale zu sch\u00fctzen. Dar\u00fcber hinaus spielt es eine Schl\u00fcsselrolle bei der Entgiftung von Stoffwechselprodukten und Umweltgiften, unterst\u00fctzt das Immunsystem und tr\u00e4gt zur Regeneration anderer Antioxidantien wie Vitamin C und E bei.<\/p>\n<p>Bei einer Glutathion-Infusion wird das Antioxidans direkt \u00fcber die Vene (intraven\u00f6s) verabreicht. Diese Form der Anwendung erm\u00f6glicht eine deutlich h\u00f6here Bioverf\u00fcgbarkeit, als sie durch die orale Einnahme von Glutathion-Pr\u00e4paraten erreicht werden kann, da der Wirkstoff nicht durch den Verdauungstrakt abgebaut wird. Die Infusion wird in der Regel langsam \u00fcber einen Zeitraum von 30 bis 40 Minuten verabreicht.<\/p>\n<p><strong>Anwendungsgebiete<\/strong><\/p>\n<p>Glutathion-Infusionen werden insbesondere in folgenden Bereichen eingesetzt:<\/p>\n<ul>\n<li>Unterst\u00fctzung bei chronischen Erkrankungen: Bei chronischen Entz\u00fcndungen, Autoimmunerkrankungen, chronischem M\u00fcdigkeitssyndrom oder Fibromyalgie kann eine Glutathion-Infusion helfen, oxidativen Stress zu reduzieren.<\/li>\n<li>Neurologische Erkrankungen: Es gibt Hinweise darauf, dass Glutathion-Infusionen bei neurodegenerativen Erkrankungen wie Parkinson oder Multipler Sklerose unterst\u00fctzend wirken k\u00f6nnen.<\/li>\n<li>Leberentgiftung: Da die Leber besonders stark auf Glutathion angewiesen ist, kommen Infusionen auch zur Unterst\u00fctzung der Leberfunktion \u2013 beispielsweise nach toxischen Belastungen oder im Rahmen einer Entgiftung \u2013 zum Einsatz.<\/li>\n<li>Anti-Aging und Pr\u00e4vention: Aufgrund seiner zellsch\u00fctzenden Wirkung wird Glutathion in der Pr\u00e4ventionsmedizin sowie im Bereich Anti-Aging als wirkungsvolle Ma\u00dfnahme betrachtet.<\/li>\n<\/ul>\n<p>[\/et_pb_tab][et_pb_tab title=&#8220;Alpha Lipons\u00e4ure Infusionen&#8220; _builder_version=&#8220;4.27.4&#8243; _module_preset=&#8220;default&#8220; global_colors_info=&#8220;{}&#8220;]<\/p>\n<div id=\"cc-m-12445398897\" class=\"j-module n j-text \">\n<p>Alpha-Lipons\u00e4ure ist eine schwefelhaltige Verbindung, die in geringen Mengen in nahezu allen Zellen des K\u00f6rpers vorkommt. Sie spielt eine zentrale Rolle im Energiestoffwechsel, insbesondere bei der Umwandlung von N\u00e4hrstoffen in Energie innerhalb der Mitochondrien. Was Alpha-Lipons\u00e4ure jedoch besonders auszeichnet, ist ihre Funktion als universelles Antioxidans: Sie kann sowohl freie Radikale in wasserl\u00f6slichen als auch in fettl\u00f6slichen Zellbereichen neutralisieren, was sie einzigartig macht.<br \/>Dar\u00fcber hinaus besitzt Alpha-Lipons\u00e4ure die F\u00e4higkeit, andere Antioxidantien wie Vitamin C, Vitamin E und Glutathion zu regenerieren und ihre Wirkung im K\u00f6rper zu verl\u00e4ngern. Sie tr\u00e4gt somit wesentlich dazu bei, das k\u00f6rpereigene antioxidative Netzwerk zu st\u00e4rken und die Zellen vor oxidativem Stress zu sch\u00fctzen.<\/p>\n<p><strong>Anwendungsgebiete<\/strong><br \/>Alpha-Lipons\u00e4ure-Infusionen werden in verschiedenen medizinischen und therapeutischen Zusammenh\u00e4ngen eingesetzt. Zu den wichtigsten Anwendungsgebieten z\u00e4hlen:<\/p>\n<ul>\n<li>Polyneuropathie: Besonders bei der diabetischen Polyneuropathie ist Alpha-Lipons\u00e4ure ein bew\u00e4hrtes Mittel. Sie kann die durch Diabetes verursachten Nervensch\u00e4digungen lindern, Schmerzen reduzieren sowie Sensibilit\u00e4tsst\u00f6rungen verbessern.<\/li>\n<li>Chronische M\u00fcdigkeit und Ersch\u00f6pfung: Bei chronischem Fatigue-Syndrom oder allgemeiner Ersch\u00f6pfung kann eine Infusionstherapie mit Alpha-Lipons\u00e4ure dazu beitragen, die Zellenergie zu verbessern und das Wohlbefinden zu steigern.<\/li>\n<li>Lebererkrankungen und Entgiftung: Alpha-Lipons\u00e4ure unterst\u00fctzt die Leberfunktion, f\u00f6rdert die Entgiftung und wird zur Begleitung von Lebererkrankungen wie Fettleber oder Hepatitis eingesetzt.<\/li>\n<li>Neurologische Erkrankungen: Aufgrund ihrer neuroprotektiven Eigenschaften findet sie Anwendung bei Erkrankungen wie Multipler Sklerose, Parkinson oder als unterst\u00fctzende Ma\u00dfnahme nach Schlaganf\u00e4llen.<\/li>\n<li>Anti-Aging und Zellschutz: Ihre antioxidative Kraft macht Alpha-Lipons\u00e4ure interessant f\u00fcr die Pr\u00e4ventionsmedizin und den Bereich Anti-Aging, da sie den Zellschutz f\u00f6rdert und Alterungsprozessen entgegenwirken kann.<\/li>\n<li>Unterst\u00fctzung bei Schwermetallbelastung: Alpha-Lipons\u00e4ure kann helfen, Schwermetalle zu binden und aus dem K\u00f6rper auszuleiten, weshalb sie teilweise in Entgiftungsprotokollen eingesetzt wird.<\/li>\n<\/ul>\n<\/div>\n<p>[\/et_pb_tab][et_pb_tab title=&#8220;Immun-Booster Infusionen&#8220; _builder_version=&#8220;4.27.4&#8243; _module_preset=&#8220;default&#8220; global_colors_info=&#8220;{}&#8220;]<\/p>\n<p>In einer Zeit, in der das Bewusstsein f\u00fcr Gesundheit und Pr\u00e4vention stetig w\u00e4chst, suchen viele Menschen nach M\u00f6glichkeiten, das Immunsystem gezielt zu st\u00e4rken und die k\u00f6rpereigenen Abwehrkr\u00e4fte zu unterst\u00fctzen. Immun-Booster Infusionen haben sich in den letzten Jahren als beliebte und innovative Methode etabliert, um den K\u00f6rper mit wichtigen Mikron\u00e4hrstoffen, Vitaminen und Antioxidantien zu versorgen. Sie finden sowohl in der Pr\u00e4ventionsmedizin als auch im Rahmen von Genesungsprozessen nach Erkrankungen Anwendung.\u00a0<\/p>\n<p>Die Wirkung von Immun-Booster Infusionen beruht auf der gezielten Zufuhr von Mikron\u00e4hrstoffen, die f\u00fcr die Funktion des Immunsystems unerl\u00e4sslich sind. Vitamin C beispielsweise unterst\u00fctzt die Produktion und Funktion von Immunzellen, wirkt entz\u00fcndungshemmend und antioxidativ. Zink ist an zahlreichen Stoffwechselprozessen beteiligt und spielt eine entscheidende Rolle in der Bek\u00e4mpfung von Viren und Bakterien. Selen sch\u00fctzt die Zellen vor freien Radikalen und tr\u00e4gt zur normalen Funktion des Immunsystems bei.<\/p>\n<p>Durch die Kombination verschiedener Vitalstoffe lassen sich die Abwehrkr\u00e4fte st\u00e4rken, Infekte abwehren und Genesungsprozesse beschleunigen. Besonders in Zeiten erh\u00f6hter Belastung \u2013 etwa bei Stress, intensiver k\u00f6rperlicher oder geistiger Beanspruchung, nach Operationen oder in den Wintermonaten \u2013 kann eine Immun-Booster Infusion den K\u00f6rper gezielt unterst\u00fctzen.<\/p>\n<ul>\n<li>St\u00e4rkung der Abwehrkr\u00e4fte: Die Infusion liefert essentielle Vitamine und Mineralstoffe, die direkt dem Immunsystem zugutekommen.<\/li>\n<li>Antioxidativer Schutz: Hochdosiertes Vitamin C und andere Antioxidantien neutralisieren freie Radikale und sch\u00fctzen die Zellen.<\/li>\n<li>Schnelle Wirkung: Durch die Umgehung des Verdauungstraktes erfolgt die Aufnahme der N\u00e4hrstoffe unmittelbar und effizient.<\/li>\n<li>Individuell anpassbar an die spezifischen Bed\u00fcrfnisse und Lebensumst\u00e4nde<\/li>\n<\/ul>\n<p>[\/et_pb_tab][\/et_pb_tabs][\/et_pb_column][\/et_pb_row][et_pb_row _builder_version=&#8220;4.27.6&#8243; _module_preset=&#8220;default&#8220; global_colors_info=&#8220;{}&#8220;][et_pb_column type=&#8220;4_4&#8243; _builder_version=&#8220;4.27.6&#8243; _module_preset=&#8220;default&#8220; global_colors_info=&#8220;{}&#8220;][et_pb_heading title=&#8220;H\u00e4ufig gestellte Fragen (FAQ) zur Infusionstherapie&#8220; _builder_version=&#8220;4.27.6&#8243; _module_preset=&#8220;default&#8220; title_level=&#8220;h3&#8243; global_colors_info=&#8220;{}&#8220;][\/et_pb_heading][\/et_pb_column][\/et_pb_row][et_pb_row column_structure=&#8220;1_2,1_2&#8243; _builder_version=&#8220;4.27.6&#8243; _module_preset=&#8220;default&#8220; global_colors_info=&#8220;{}&#8220;][et_pb_column type=&#8220;1_2&#8243; _builder_version=&#8220;4.27.6&#8243; _module_preset=&#8220;default&#8220; global_colors_info=&#8220;{}&#8220;][et_pb_accordion icon_color=&#8220;#ed5237&#8243; _builder_version=&#8220;4.27.6&#8243; _module_preset=&#8220;default&#8220; global_colors_info=&#8220;{}&#8220;][et_pb_accordion_item title=&#8220;Wie l\u00e4uft eine Infusionstherapie ab?&#8220; open=&#8220;on&#8220; _builder_version=&#8220;4.27.6&#8243; _module_preset=&#8220;default&#8220; global_colors_info=&#8220;{}&#8220;]<\/p>\n<p>Vor jeder Infusion erfolgt ein \u00e4rztliches Gespr\u00e4ch, in dem Beschwerden, Vorerkrankungen und eventuell vorliegende Laborwerte besprochen werden. Anschlie\u00dfend wird in ruhiger Atmosph\u00e4re ein ven\u00f6ser Zugang gelegt und die individuell abgestimmte Infusionsl\u00f6sung \u00fcber einen bestimmten Zeitraum verabreicht \u2013 meist zwischen 30 und 60 Minuten. W\u00e4hrenddessen k\u00f6nnen Sie entspannt sitzen oder liegen und werden medizinisch \u00fcberwacht. Nach der Infusion ist in der Regel keine Ausfallzeit n\u00f6tig.<\/p>\n<p>[\/et_pb_accordion_item][et_pb_accordion_item title=&#8220;Was ist eine Eiseninfusion und wann wird sie angewendet?&#8220; _builder_version=&#8220;4.27.6&#8243; _module_preset=&#8220;default&#8220; global_colors_info=&#8220;{}&#8220; open=&#8220;off&#8220;]<\/p>\n<p>Eine Eiseninfusion ist eine Form der Behandlung eines nachgewiesenen Eisenmangels, bei der Eisen direkt \u00fcber die Vene verabreicht wird. Sie kommt vor allem dann zum Einsatz, wenn Eisentabletten nicht ausreichend helfen, nicht vertragen werden oder der Eisenmangel bereits ausgepr\u00e4gt ist \u2013 zum Beispiel bei starken Monatsblutungen, in Schwangerschaften oder bei Resorptionsst\u00f6rungen. Die Entscheidung erfolgt stets auf Grundlage einer medizinischen Diagnostik.<\/p>\n<p>[\/et_pb_accordion_item][et_pb_accordion_item title=&#8220;Was passiert bei Vitalstoffinfusionen?&#8220; _builder_version=&#8220;4.27.6&#8243; _module_preset=&#8220;default&#8220; global_colors_info=&#8220;{}&#8220; open=&#8220;off&#8220;]<\/p>\n<p>Bei Vitalstoffinfusionen werden ausgew\u00e4hlte Vitamine, Mineralstoffe und Spurenelemente direkt in den Blutkreislauf gegeben. Dadurch stehen sie dem K\u00f6rper sofort zur Verf\u00fcgung, ohne den Umweg \u00fcber den Magen\u2011Darm\u2011Trakt. Diese Infusionen k\u00f6nnen sinnvoll sein bei nachgewiesenen Mangelzust\u00e4nden, erh\u00f6hter Belastung oder eingeschr\u00e4nter Aufnahme \u00fcber die Ern\u00e4hrung. Art und Zusammensetzung werden individuell \u00e4rztlich festgelegt.<\/p>\n<p>[\/et_pb_accordion_item][\/et_pb_accordion][\/et_pb_column][et_pb_column type=&#8220;1_2&#8243; _builder_version=&#8220;4.27.6&#8243; _module_preset=&#8220;default&#8220; global_colors_info=&#8220;{}&#8220;][et_pb_accordion icon_color=&#8220;#ed5237&#8243; _builder_version=&#8220;4.27.6&#8243; _module_preset=&#8220;default&#8220; global_colors_info=&#8220;{}&#8220;][et_pb_accordion_item title=&#8220;Warum sollten Infusionen unter \u00e4rztlicher Aufsicht erfolgen?&#8220; open=&#8220;on&#8220; _builder_version=&#8220;4.27.6&#8243; _module_preset=&#8220;default&#8220; global_colors_info=&#8220;{}&#8220;]<\/p>\n<div style=\"font-family: 'Segoe UI'; font-size: 14px; font-style: normal; font-weight: 400; line-height: 20px;\">\n<p>Infusionen greifen direkt in den K\u00f6rper ein und m\u00fcssen daher fachkundig geplant und \u00fcberwacht werden. \u00c4rztliche Aufsicht ist wichtig, um:<\/p>\n<ul>\n<li>eine korrekte Indikation sicherzustellen<\/li>\n<li>\u00dcber\u2011 oder Fehlversorgungen zu vermeiden<\/li>\n<li>m\u00f6gliche Nebenwirkungen fr\u00fchzeitig zu erkennen<\/li>\n<li>individuell auf Vorerkrankungen und Medikamente einzugehen<\/li>\n<\/ul>\n<p>So wird maximale Sicherheit und Wirksamkeit gew\u00e4hrleistet.<\/p>\n<\/div>\n<p>[\/et_pb_accordion_item][et_pb_accordion_item title=&#8220;Was mache ich bei einem Vitaminmangel?&#8220; _builder_version=&#8220;4.27.6&#8243; _module_preset=&#8220;default&#8220; global_colors_info=&#8220;{}&#8220; open=&#8220;off&#8220;]<\/p>\n<p>Bei Verdacht auf einen Vitaminmangel ist der erste Schritt eine \u00e4rztliche Abkl\u00e4rung, meist durch eine Blutuntersuchung. Je nach Ergebnis kann eine gezielte Ern\u00e4hrungsanpassung, die Einnahme von Nahrungserg\u00e4nzungsmitteln oder \u2013 in bestimmten F\u00e4llen \u2013 eine Infusionstherapie sinnvoll sein. Wichtig ist, Vitamine nicht \u201eauf Verdacht\u201c einzunehmen, sondern gezielt und medizinisch begleitet.<\/p>\n<p>[\/et_pb_accordion_item][\/et_pb_accordion][\/et_pb_column][\/et_pb_row][et_pb_row column_structure=&#8220;1_2,1_2&#8243; _builder_version=&#8220;4.27.4&#8243; _module_preset=&#8220;default&#8220; global_colors_info=&#8220;{}&#8220;][et_pb_column type=&#8220;1_2&#8243; _builder_version=&#8220;4.27.4&#8243; _module_preset=&#8220;default&#8220; global_colors_info=&#8220;{}&#8220;][et_pb_button button_url=&#8220;\/allgemeinmedizin&#8220; button_text=&#8220;Zur\u00fcck zur \u00dcbersichtsseite&#8220; button_alignment=&#8220;center&#8220; _builder_version=&#8220;4.27.4&#8243; _module_preset=&#8220;default&#8220; custom_button=&#8220;on&#8220; button_text_color=&#8220;gcid-ff1cd8ff-d53b-4acb-a6a2-d8058e5df3bb&#8220; button_icon=&#8220;&#x4a;||divi||400&#8243; button_icon_placement=&#8220;left&#8220; button_on_hover=&#8220;off&#8220; global_colors_info=&#8220;{%22gcid-ff1cd8ff-d53b-4acb-a6a2-d8058e5df3bb%22:%91%22button_text_color%22%93}&#8220;][\/et_pb_button][\/et_pb_column][et_pb_column type=&#8220;1_2&#8243; _builder_version=&#8220;4.27.4&#8243; _module_preset=&#8220;default&#8220; global_colors_info=&#8220;{}&#8220;][et_pb_button button_url=&#8220;\/termin&#8220; button_text=&#8220;Termin buchen&#8220; button_alignment=&#8220;center&#8220; _builder_version=&#8220;4.27.4&#8243; _module_preset=&#8220;default&#8220; custom_button=&#8220;on&#8220; button_text_color=&#8220;gcid-ff1cd8ff-d53b-4acb-a6a2-d8058e5df3bb&#8220; button_icon=&#8220;&#xf073;||fa||900&#8243; button_icon_placement=&#8220;left&#8220; button_on_hover=&#8220;off&#8220; global_colors_info=&#8220;{%22gcid-ff1cd8ff-d53b-4acb-a6a2-d8058e5df3bb%22:%91%22button_text_color%22%93}&#8220;][\/et_pb_button][\/et_pb_column][\/et_pb_row][\/et_pb_section]<\/p>\n","protected":false},"excerpt":{"rendered":"<p>InfusionstherapieMedikament\u00f6se Therapie bei Eisenmangel, zur Revitalisierung oder in der Menopause W\u00e4hrend einer Infusionstherapie werden, je nach Beschwerden, schmerzhemmende, entspannende, revitalisierende, stoffwechsel- und durchblutungsf\u00f6rdernde Substanzen in den K\u00f6rper eingebracht. Die Infusionstherapie ist heute fester Bestandteil in der klinischen und ambulanten Versorgung. H\u00e4ufig sind mehrere Sitzungen n\u00f6tig. Eine Infusionstherapie sollte immer eingebettet in einem ganzheitlichen Therapiekonzept angewendet [&hellip;]<\/p>\n","protected":false},"author":1,"featured_media":0,"parent":70,"menu_order":20,"comment_status":"closed","ping_status":"closed","template":"","meta":{"_et_pb_use_builder":"on","_et_pb_old_content":"<!-- wp:divi\/placeholder \/-->","_et_gb_content_width":"","footnotes":""},"class_list":["post-1376788","page","type-page","status-publish","hentry"],"_links":{"self":[{"href":"https:\/\/www.frauengesundheit-frankfurt.de\/en\/wp-json\/wp\/v2\/pages\/1376788","targetHints":{"allow":["GET"]}}],"collection":[{"href":"https:\/\/www.frauengesundheit-frankfurt.de\/en\/wp-json\/wp\/v2\/pages"}],"about":[{"href":"https:\/\/www.frauengesundheit-frankfurt.de\/en\/wp-json\/wp\/v2\/types\/page"}],"author":[{"embeddable":true,"href":"https:\/\/www.frauengesundheit-frankfurt.de\/en\/wp-json\/wp\/v2\/users\/1"}],"replies":[{"embeddable":true,"href":"https:\/\/www.frauengesundheit-frankfurt.de\/en\/wp-json\/wp\/v2\/comments?post=1376788"}],"version-history":[{"count":2,"href":"https:\/\/www.frauengesundheit-frankfurt.de\/en\/wp-json\/wp\/v2\/pages\/1376788\/revisions"}],"predecessor-version":[{"id":1378337,"href":"https:\/\/www.frauengesundheit-frankfurt.de\/en\/wp-json\/wp\/v2\/pages\/1376788\/revisions\/1378337"}],"up":[{"embeddable":true,"href":"https:\/\/www.frauengesundheit-frankfurt.de\/en\/wp-json\/wp\/v2\/pages\/70"}],"wp:attachment":[{"href":"https:\/\/www.frauengesundheit-frankfurt.de\/en\/wp-json\/wp\/v2\/media?parent=1376788"}],"curies":[{"name":"wp","href":"https:\/\/api.w.org\/{rel}","templated":true}]}}