{"id":1376784,"date":"2025-06-08T14:50:24","date_gmt":"2025-06-08T12:50:24","guid":{"rendered":"https:\/\/fragyn.appentwicklung-frankfurt.de\/?page_id=1376784"},"modified":"2026-04-28T13:26:43","modified_gmt":"2026-04-28T11:26:43","slug":"infektionen","status":"publish","type":"page","link":"https:\/\/www.frauengesundheit-frankfurt.de\/en\/allgemeinmedizin\/infektionen\/","title":{"rendered":"Infections"},"content":{"rendered":"<p>[et_pb_section fb_built=&#8220;1&#8243; admin_label=&#8220;About&#8220; _builder_version=&#8220;4.16&#8243; _module_preset=&#8220;default&#8220; overflow-x=&#8220;hidden&#8220; overflow-y=&#8220;hidden&#8220; locked=&#8220;off&#8220; global_colors_info=&#8220;{}&#8220;][et_pb_row column_structure=&#8220;1_2,1_2&#8243; _builder_version=&#8220;4.16&#8243; _module_preset=&#8220;default&#8220; global_colors_info=&#8220;{}&#8220;][et_pb_column type=&#8220;1_2&#8243; _builder_version=&#8220;4.16&#8243; _module_preset=&#8220;default&#8220; global_colors_info=&#8220;{}&#8220;][et_pb_text _builder_version=&#8220;4.27.6&#8243; _module_preset=&#8220;default&#8220; header_3_font=&#8220;EB Garamond|600|||||||&#8220; header_3_font_size=&#8220;20px&#8220; custom_margin=&#8220;||10px||false|false&#8220; locked=&#8220;off&#8220; global_colors_info=&#8220;{}&#8220;]<\/p>\n<h1>Infektionen<\/h1>\n<p>[\/et_pb_text][et_pb_divider color=&#8220;#9F7C5A&#8220; _builder_version=&#8220;4.27.4&#8243; _module_preset=&#8220;default&#8220; width=&#8220;70%&#8220; locked=&#8220;off&#8220; global_colors_info=&#8220;{}&#8220;][\/et_pb_divider][et_pb_text _builder_version=&#8220;4.27.6&#8243; _module_preset=&#8220;default&#8220; header_2_font=&#8220;EB Garamond||||||||&#8220; header_2_font_size=&#8220;48px&#8220; header_2_line_height=&#8220;1.3em&#8220; header_2_font_size_tablet=&#8220;34px&#8220; header_2_font_size_phone=&#8220;22px&#8220; header_2_font_size_last_edited=&#8220;on|phone&#8220; locked=&#8220;off&#8220; global_colors_info=&#8220;{}&#8220; header_2_2_font_size_tablet=&#8220;34px&#8220; header_3_2_font_size_tablet=&#8220;34px&#8220; header_4_2_font_size_tablet=&#8220;34px&#8220; header_5_2_font_size_tablet=&#8220;34px&#8220; header_6_2_font_size_tablet=&#8220;34px&#8220; header_2_2_font_size_phone=&#8220;22px&#8220; header_3_2_font_size_phone=&#8220;22px&#8220; header_4_2_font_size_phone=&#8220;22px&#8220; header_5_2_font_size_phone=&#8220;22px&#8220; header_6_2_font_size_phone=&#8220;22px&#8220; header_2_2_font_size_last_edited=&#8220;on|phone&#8220; header_3_2_font_size_last_edited=&#8220;on|phone&#8220; header_4_2_font_size_last_edited=&#8220;on|phone&#8220; header_5_2_font_size_last_edited=&#8220;on|phone&#8220; header_6_2_font_size_last_edited=&#8220;on|phone&#8220;]<\/p>\n<h2>Behandlung von Infektionen, z.B. Atemwegsinfekte, Scheideninfektionen<\/h2>\n<p>[\/et_pb_text][et_pb_text _builder_version=&#8220;4.27.6&#8243; _module_preset=&#8220;default&#8220; text_font=&#8220;ABeeZee||||||||&#8220; text_line_height=&#8220;2em&#8220; locked=&#8220;off&#8220; global_colors_info=&#8220;{}&#8220;]<\/p>\n<div id=\"cc-m-12445397497\" class=\"j-module n j-textWithImage \">\n<div id=\"cc-m-textwithimage-12445397497\" data-name=\"text\" data-action=\"text\" class=\"cc-m-textwithimage-inline-rte\">\n<div id=\"cc-m-12445386997\" class=\"j-module n j-text \">Unser Ansatz bei der Behandlung von Infektionen, wie beispielsweise einem hartn\u00e4ckigen Scheidenpilz oder einer schmerzhaften Blasenentz\u00fcndung, ist konsequent ganzheitlich und\u00a0 interdisziplin\u00e4r. Dabei verfolgen wir das Ziel, wo immer m\u00f6glich konservativ und schonend zu behandeln. Antibiotika oder Pilzmittel kommen erst dann gezielt zum Einsatz, wenn keine alternativen Therapiem\u00f6glichkeiten bestehen oder die Befundlage dies erfordert.<br \/>Unterst\u00fctzt werden wir durch eine moderne Point-of-Care-Diagnostik direkt in unserer eigenen Praxis sowie leistungsf\u00e4hige externe Laborpartner, sodass wir schnell und pr\u00e4zise die passende Therapie f\u00fcr Sie ausw\u00e4hlen k\u00f6nnen. Sie erreichen unsere Praxis im Regelfall t\u00e4glich zwischen 7 und 19 Uhr. In dringenden F\u00e4llen, insbesondere bei akuten Beschwerden einer Blasenentz\u00fcndung oder eines Scheidenpilzes, steht Ihnen ein Behandler meist kurzfristig zur Verf\u00fcgung.<\/div>\n<\/div>\n<\/div>\n<p>[\/et_pb_text][\/et_pb_column][et_pb_column type=&#8220;1_2&#8243; _builder_version=&#8220;4.16&#8243; _module_preset=&#8220;default&#8220; global_colors_info=&#8220;{}&#8220;][et_pb_image src=&#8220;https:\/\/www.frauengesundheit-frankfurt.de\/wp-content\/uploads\/2026\/03\/AdobeStock_1892885846-scaled.jpeg&#8220; alt=&#8220;Infektionen<br \/>\nFrau vor einer Toilette, die sich den Unterbauch schmerzbedingt festh\u00e4lt.&#8220; title_text=&#8220;Infektionen&#8220; _builder_version=&#8220;4.27.6&#8243; _module_preset=&#8220;default&#8220; custom_margin=&#8220;70px||||false|false&#8220; global_colors_info=&#8220;{}&#8220;][\/et_pb_image][\/et_pb_column][\/et_pb_row][et_pb_row column_structure=&#8220;1_3,1_3,1_3&#8243; _builder_version=&#8220;4.27.6&#8243; _module_preset=&#8220;default&#8220; global_colors_info=&#8220;{}&#8220;][et_pb_column type=&#8220;1_3&#8243; _builder_version=&#8220;4.27.6&#8243; _module_preset=&#8220;default&#8220; global_colors_info=&#8220;{}&#8220;][et_pb_heading title=&#8220;Atemwegsinfektion&#8220; _builder_version=&#8220;4.27.6&#8243; _module_preset=&#8220;default&#8220; title_level=&#8220;h3&#8243; global_colors_info=&#8220;{}&#8220;][\/et_pb_heading][et_pb_text _builder_version=&#8220;4.27.6&#8243; _module_preset=&#8220;default&#8220; global_colors_info=&#8220;{}&#8220;]<\/p>\n<ul>\n<li>Atemwegsinfekte wie Erk\u00e4ltungen oder Bronchitis erfordern eine fr\u00fchzeitige Einsch\u00e4tzung und gezielte Reaktion.<\/li>\n<li>Bei viralen Infekten stehen meist Symptome wie Halsschmerzen und eine verstopfte Nase im Vordergrund.<\/li>\n<li>Entwickelt sich daraus eine bakterielle Infektion, kann der Einsatz von Antibiotika medizinisch notwendig werden.<\/li>\n<li>Besondere Aufmerksamkeit gilt Alarmzeichen wie anhaltendem Fieber, starkem Husten oder Schmerzen im Brustbereich.<\/li>\n<li>Sollten Atembeschwerden auftreten, ist eine zeitnahe \u00e4rztliche Abkl\u00e4rung zwingend erforderlich.<\/li>\n<li>Ignorieren Sie eine Verschlimmerung der Symptome nicht und vereinbaren Sie bei Unsicherheit rechtzeitig einen Termin.<\/li>\n<\/ul>\n<p>[\/et_pb_text][\/et_pb_column][et_pb_column type=&#8220;1_3&#8243; _builder_version=&#8220;4.27.6&#8243; _module_preset=&#8220;default&#8220; global_colors_info=&#8220;{}&#8220;][et_pb_heading title=&#8220;Genitalinfekte&#8220; _builder_version=&#8220;4.27.6&#8243; _module_preset=&#8220;default&#8220; title_level=&#8220;h3&#8243; global_colors_info=&#8220;{}&#8220;][\/et_pb_heading][et_pb_text _builder_version=&#8220;4.27.6&#8243; _module_preset=&#8220;default&#8220; global_colors_info=&#8220;{}&#8220;]<\/p>\n<ul>\n<li>Scheideninfektionen durch Pilze oder Bakterien sind sehr h\u00e4ufig und betreffen fast jede Frau mindestens einmal im Leben.<\/li>\n<li>Typische Beschwerden wie Juckreiz, Schwellungen oder ver\u00e4nderter Ausfluss sollten immer zeitnah abgekl\u00e4rt werden.<\/li>\n<li>Die Ursachen sind vielf\u00e4ltig und reichen von hormonellen Ver\u00e4nderungen und Stress bis hin zu einem geschw\u00e4chten Immunsystem.<\/li>\n<li>Die Behandlung erfolgt gezielt mit Antimykotika gegen Pilze oder lokalen Antibiotika bei bakteriellen Infektionen.<\/li>\n<li>Zur Regeneration und Vorbeugung helfen Milchs\u00e4urekurse sowie spezielle Aromatherapien, um das nat\u00fcrliche Scheidenmilieu dauerhaft zu stabilisieren.<\/li>\n<li>Bei chronisch wiederkehrenden Entz\u00fcndungen bietet die Impfung mit Gynatren eine wirksame Option zur St\u00e4rkung der lokalen Immunabwehr.<\/li>\n<\/ul>\n<p>[\/et_pb_text][et_pb_text _builder_version=&#8220;4.27.6&#8243; _module_preset=&#8220;default&#8220; hover_enabled=&#8220;0&#8243; global_colors_info=&#8220;{}&#8220; sticky_enabled=&#8220;0&#8243;]<\/p>\n<p style=\"text-align: center;\"><a href=\"https:\/\/www.frauengesundheit-frankfurt.de\/gynaekologie\/infektionen\/\">Weitere Informationen finden Sie hier.<\/a><\/p>\n<p>[\/et_pb_text][\/et_pb_column][et_pb_column type=&#8220;1_3&#8243; _builder_version=&#8220;4.27.6&#8243; _module_preset=&#8220;default&#8220; global_colors_info=&#8220;{}&#8220;][et_pb_heading title=&#8220;Harnwegsinfektion (HWI)&#8220; _builder_version=&#8220;4.27.6&#8243; _module_preset=&#8220;default&#8220; title_level=&#8220;h3&#8243; global_colors_info=&#8220;{}&#8220;][\/et_pb_heading][et_pb_text _builder_version=&#8220;4.27.6&#8243; _module_preset=&#8220;default&#8220; global_colors_info=&#8220;{}&#8220;]<\/p>\n<ul>\n<li>Harnwegsinfektionen geh\u00f6ren zu den h\u00e4ufigsten Beschwerden und \u00e4u\u00dfern sich meist durch Schmerzen beim Wasserlassen sowie verst\u00e4rkten Harndrang.<\/li>\n<li>Besondere Aufmerksamkeit erfordern Warnsignale wie Blut im Urin, Fieber oder Flankenschmerzen, die auf eine Beteiligung des Nierenbeckens hindeuten k\u00f6nnen.<\/li>\n<li>Frauen sind aufgrund ihrer Anatomie sowie hormoneller Ver\u00e4nderungen (z. B. in den Wechseljahren) besonders anf\u00e4llig f\u00fcr bakterielle Infektionen.<\/li>\n<li>Von einer chronischen Blasenentz\u00fcndung spricht man bereits ab drei Infekten pro Jahr, was eine spezialisierte Diagnostik notwendig macht.<\/li>\n<li>Die Behandlung kombiniert meist Antibiotika oder pflanzliche Wirkstoffe mit schmerzlindernden Ma\u00dfnahmen wie W\u00e4rme und k\u00f6rperlicher Ruhe.<\/li>\n<li>Zur Pr\u00e4vention wiederkehrender Infekte bietet die Immuntherapie (z. B. mit StroVac) eine effektive M\u00f6glichkeit, das Immunsystem gezielt zu trainieren.<\/li>\n<\/ul>\n<p>[\/et_pb_text][et_pb_text _builder_version=&#8220;4.27.6&#8243; _module_preset=&#8220;default&#8220; hover_enabled=&#8220;0&#8243; global_colors_info=&#8220;{}&#8220; sticky_enabled=&#8220;0&#8243;]<\/p>\n<p style=\"text-align: center;\"><a href=\"https:\/\/www.frauengesundheit-frankfurt.de\/gynaekologie\/infektionen\/\">Weitere Informationen finden Sie hier.<\/a><\/p>\n<p>[\/et_pb_text][\/et_pb_column][\/et_pb_row][et_pb_row _builder_version=&#8220;4.27.6&#8243; _module_preset=&#8220;default&#8220; column_structure=&#8220;1_2,1_2&#8243;][et_pb_column _builder_version=&#8220;4.27.6&#8243; _module_preset=&#8220;default&#8220; type=&#8220;1_2&#8243;][et_pb_heading title=&#8220;Aroma\u00f6ltherapie statt Antibiotika bei Scheideninfektionen&#8220; _builder_version=&#8220;4.27.6&#8243; _module_preset=&#8220;default&#8220; title_level=&#8220;h4&#8243; hover_enabled=&#8220;0&#8243; sticky_enabled=&#8220;0&#8243;][\/et_pb_heading][et_pb_image src=&#8220;https:\/\/www.frauengesundheit-frankfurt.de\/wp-content\/uploads\/2026\/04\/herborn.jpg&#8220; _builder_version=&#8220;4.27.6&#8243; _module_preset=&#8220;default&#8220; alt=&#8220;Aromatherapie bei Vaginose&#8220; title_text=&#8220;Aromatherapie bei Vaginose&#8220; url=&#8220;https:\/\/www.ifm-herborn.de\/aromatogramm&#8220; url_new_window=&#8220;on&#8220; hover_enabled=&#8220;0&#8243; sticky_enabled=&#8220;0&#8243; align=&#8220;center&#8220; width=&#8220;37%&#8220; max_width=&#8220;37%&#8220;][\/et_pb_image][et_pb_text _builder_version=&#8220;4.27.6&#8243; _module_preset=&#8220;default&#8220; hover_enabled=&#8220;0&#8243; sticky_enabled=&#8220;0&#8243;]<\/p>\n<p>Bei hartn\u00e4ckigen oder wiederkehrenden Scheideninfektionen setzen wir in unserer Praxis auf die sanfte Kraft der Aroma\u00f6ltherapie, um das nat\u00fcrliche Scheidenmilieu nachhaltig zu stabilisieren, statt es durch wiederholte Antibiotikagaben zu belasten. Gezielte Therapie nach Aromatogramm. <a href=\"https:\/\/www.ifm-herborn.de\/aromatogramm\" target=\"_blank\" rel=\"noopener\">Details hier<\/a>.\u00a0<\/p>\n<p>[\/et_pb_text][\/et_pb_column][et_pb_column _builder_version=&#8220;4.27.6&#8243; _module_preset=&#8220;default&#8220; type=&#8220;1_2&#8243;][et_pb_heading title=&#8220;Mit Impfung gegen Blasenentz\u00fcndung&#8220; _builder_version=&#8220;4.27.6&#8243; _module_preset=&#8220;default&#8220; title_level=&#8220;h4&#8243; hover_enabled=&#8220;0&#8243; sticky_enabled=&#8220;0&#8243;][\/et_pb_heading][et_pb_image src=&#8220;https:\/\/www.frauengesundheit-frankfurt.de\/wp-content\/uploads\/2026\/04\/tagesschau.jpg&#8220; _builder_version=&#8220;4.27.6&#8243; _module_preset=&#8220;default&#8220; alt=&#8220;Informationen aus der Tagesschau Medizinredaktion&#8220; title_text=&#8220;tagesschau&#8220; align=&#8220;center&#8220; width=&#8220;82%&#8220; max_width=&#8220;82%&#8220; hover_enabled=&#8220;0&#8243; sticky_enabled=&#8220;0&#8243; url=&#8220;https:\/\/www.tagesschau.de\/wissen\/gesundheit\/impfung-gegen-blasenentzuendung-100.html&#8220; url_new_window=&#8220;on&#8220;][\/et_pb_image][et_pb_text _builder_version=&#8220;4.27.6&#8243; _module_preset=&#8220;default&#8220; hover_enabled=&#8220;0&#8243; sticky_enabled=&#8220;0&#8243;]<\/p>\n<p style=\"text-align: center;\"><a href=\"https:\/\/www.tagesschau.de\/wissen\/gesundheit\/impfung-gegen-blasenentzuendung-100.html\" target=\"_blank\" rel=\"noopener\">Immer wiederkehrende Blasenentz\u00fcndungen sind l\u00e4stig und schmerzhaft &#8211; Antibiotika helfen oft nicht dauerhaft. Doch es gibt Impfungen und Erfolg versprechende Forschungsans\u00e4tze.<\/a><\/p>\n<p>[\/et_pb_text][\/et_pb_column][\/et_pb_row][et_pb_row column_structure=&#8220;1_2,1_2&#8243; _builder_version=&#8220;4.27.4&#8243; _module_preset=&#8220;default&#8220; global_colors_info=&#8220;{}&#8220;][et_pb_column type=&#8220;1_2&#8243; _builder_version=&#8220;4.27.4&#8243; _module_preset=&#8220;default&#8220; global_colors_info=&#8220;{}&#8220;][et_pb_button button_url=&#8220;\/allgemeinmedizin&#8220; button_text=&#8220;Zur\u00fcck zur \u00dcbersichtsseite&#8220; button_alignment=&#8220;center&#8220; _builder_version=&#8220;4.27.4&#8243; _module_preset=&#8220;default&#8220; custom_button=&#8220;on&#8220; button_text_color=&#8220;gcid-ff1cd8ff-d53b-4acb-a6a2-d8058e5df3bb&#8220; button_icon=&#8220;&#x4a;||divi||400&#8243; button_icon_placement=&#8220;left&#8220; button_on_hover=&#8220;off&#8220; global_colors_info=&#8220;{%22gcid-ff1cd8ff-d53b-4acb-a6a2-d8058e5df3bb%22:%91%22button_text_color%22%93}&#8220;][\/et_pb_button][\/et_pb_column][et_pb_column type=&#8220;1_2&#8243; _builder_version=&#8220;4.27.4&#8243; _module_preset=&#8220;default&#8220; global_colors_info=&#8220;{}&#8220;][et_pb_button button_url=&#8220;\/termin&#8220; button_text=&#8220;Termin buchen&#8220; button_alignment=&#8220;center&#8220; _builder_version=&#8220;4.27.4&#8243; _module_preset=&#8220;default&#8220; custom_button=&#8220;on&#8220; button_text_color=&#8220;gcid-ff1cd8ff-d53b-4acb-a6a2-d8058e5df3bb&#8220; button_icon=&#8220;&#xf073;||fa||900&#8243; button_icon_placement=&#8220;left&#8220; button_on_hover=&#8220;off&#8220; global_colors_info=&#8220;{%22gcid-ff1cd8ff-d53b-4acb-a6a2-d8058e5df3bb%22:%91%22button_text_color%22%93}&#8220;][\/et_pb_button][\/et_pb_column][\/et_pb_row][\/et_pb_section]<\/p>\n","protected":false},"excerpt":{"rendered":"<p>InfektionenBehandlung von Infektionen, z.B. Atemwegsinfekte, Scheideninfektionen Unser Ansatz bei der Behandlung von Infektionen, wie beispielsweise einem hartn\u00e4ckigen Scheidenpilz oder einer schmerzhaften Blasenentz\u00fcndung, ist konsequent ganzheitlich und\u00a0 interdisziplin\u00e4r. Dabei verfolgen wir das Ziel, wo immer m\u00f6glich konservativ und schonend zu behandeln. Antibiotika oder Pilzmittel kommen erst dann gezielt zum Einsatz, wenn keine alternativen Therapiem\u00f6glichkeiten bestehen oder [&hellip;]<\/p>\n","protected":false},"author":1,"featured_media":0,"parent":70,"menu_order":20,"comment_status":"closed","ping_status":"closed","template":"","meta":{"_et_pb_use_builder":"on","_et_pb_old_content":"<!-- wp:divi\/placeholder \/-->","_et_gb_content_width":"","footnotes":""},"class_list":["post-1376784","page","type-page","status-publish","hentry"],"_links":{"self":[{"href":"https:\/\/www.frauengesundheit-frankfurt.de\/en\/wp-json\/wp\/v2\/pages\/1376784","targetHints":{"allow":["GET"]}}],"collection":[{"href":"https:\/\/www.frauengesundheit-frankfurt.de\/en\/wp-json\/wp\/v2\/pages"}],"about":[{"href":"https:\/\/www.frauengesundheit-frankfurt.de\/en\/wp-json\/wp\/v2\/types\/page"}],"author":[{"embeddable":true,"href":"https:\/\/www.frauengesundheit-frankfurt.de\/en\/wp-json\/wp\/v2\/users\/1"}],"replies":[{"embeddable":true,"href":"https:\/\/www.frauengesundheit-frankfurt.de\/en\/wp-json\/wp\/v2\/comments?post=1376784"}],"version-history":[{"count":2,"href":"https:\/\/www.frauengesundheit-frankfurt.de\/en\/wp-json\/wp\/v2\/pages\/1376784\/revisions"}],"predecessor-version":[{"id":1378822,"href":"https:\/\/www.frauengesundheit-frankfurt.de\/en\/wp-json\/wp\/v2\/pages\/1376784\/revisions\/1378822"}],"up":[{"embeddable":true,"href":"https:\/\/www.frauengesundheit-frankfurt.de\/en\/wp-json\/wp\/v2\/pages\/70"}],"wp:attachment":[{"href":"https:\/\/www.frauengesundheit-frankfurt.de\/en\/wp-json\/wp\/v2\/media?parent=1376784"}],"curies":[{"name":"wp","href":"https:\/\/api.w.org\/{rel}","templated":true}]}}