{"id":1376780,"date":"2025-06-08T14:50:01","date_gmt":"2025-06-08T12:50:01","guid":{"rendered":"https:\/\/fragyn.appentwicklung-frankfurt.de\/?page_id=1376780"},"modified":"2026-05-01T12:48:35","modified_gmt":"2026-05-01T10:48:35","slug":"diagnostik","status":"publish","type":"page","link":"https:\/\/www.frauengesundheit-frankfurt.de\/en\/allgemeinmedizin\/diagnostik\/","title":{"rendered":"Diagnostics"},"content":{"rendered":"<p>[et_pb_section fb_built=&#8220;1&#8243; admin_label=&#8220;About&#8220; _builder_version=&#8220;4.16&#8243; _module_preset=&#8220;default&#8220; overflow-x=&#8220;hidden&#8220; overflow-y=&#8220;hidden&#8220; locked=&#8220;off&#8220; global_colors_info=&#8220;{}&#8220;][et_pb_row column_structure=&#8220;1_2,1_2&#8243; _builder_version=&#8220;4.16&#8243; _module_preset=&#8220;default&#8220; global_colors_info=&#8220;{}&#8220;][et_pb_column type=&#8220;1_2&#8243; _builder_version=&#8220;4.16&#8243; _module_preset=&#8220;default&#8220; global_colors_info=&#8220;{}&#8220;][et_pb_text _builder_version=&#8220;4.27.6&#8243; _module_preset=&#8220;default&#8220; header_3_font=&#8220;EB Garamond|600|||||||&#8220; header_3_font_size=&#8220;20px&#8220; custom_margin=&#8220;||10px||false|false&#8220; hover_enabled=&#8220;0&#8243; locked=&#8220;off&#8220; global_colors_info=&#8220;{}&#8220; sticky_enabled=&#8220;0&#8243;]<\/p>\n<h1>Diagnostik<\/h1>\n<p>[\/et_pb_text][et_pb_divider color=&#8220;#9F7C5A&#8220; _builder_version=&#8220;4.27.4&#8243; _module_preset=&#8220;default&#8220; width=&#8220;70%&#8220; locked=&#8220;off&#8220; global_colors_info=&#8220;{}&#8220;][\/et_pb_divider][et_pb_text _builder_version=&#8220;4.27.6&#8243; _module_preset=&#8220;default&#8220; header_2_font=&#8220;EB Garamond||||||||&#8220; header_2_font_size=&#8220;48px&#8220; header_2_line_height=&#8220;1.3em&#8220; header_2_font_size_tablet=&#8220;34px&#8220; header_2_font_size_phone=&#8220;22px&#8220; header_2_font_size_last_edited=&#8220;on|phone&#8220; locked=&#8220;off&#8220; global_colors_info=&#8220;{}&#8220; header_2_2_font_size_tablet=&#8220;34px&#8220; header_3_2_font_size_tablet=&#8220;34px&#8220; header_4_2_font_size_tablet=&#8220;34px&#8220; header_5_2_font_size_tablet=&#8220;34px&#8220; header_6_2_font_size_tablet=&#8220;34px&#8220; header_2_2_font_size_phone=&#8220;22px&#8220; header_3_2_font_size_phone=&#8220;22px&#8220; header_4_2_font_size_phone=&#8220;22px&#8220; header_5_2_font_size_phone=&#8220;22px&#8220; header_6_2_font_size_phone=&#8220;22px&#8220; header_2_2_font_size_last_edited=&#8220;on|phone&#8220; header_3_2_font_size_last_edited=&#8220;on|phone&#8220; header_4_2_font_size_last_edited=&#8220;on|phone&#8220; header_5_2_font_size_last_edited=&#8220;on|phone&#8220; header_6_2_font_size_last_edited=&#8220;on|phone&#8220;]<\/p>\n<h2>Funktionsdiagnostik<\/h2>\n<p>[\/et_pb_text][et_pb_text _builder_version=&#8220;4.27.6&#8243; _module_preset=&#8220;default&#8220; text_font=&#8220;ABeeZee||||||||&#8220; text_line_height=&#8220;2em&#8220; locked=&#8220;off&#8220; global_colors_info=&#8220;{}&#8220;]<\/p>\n<p>Im Mittelpunkt unseres \u00e4rztlichen Handelns und damit auch fester Bestandteil unseres Praxiskonzepts ist eine Medizin, die nicht nur auf den Einsatz von Technik setzt. Bevor wir zu Apparaten greifen, h\u00f6ren wir zu, untersuchen Sie k\u00f6rperlich und nutzen erst dann moderne Technik.<\/p>\n<p>Nat\u00fcrlich legen wir hier gro\u00dfen Wert auf moderne Ger\u00e4te, z.B. hochaufl\u00f6sender Ultraschall.<\/p>\n<p>[\/et_pb_text][\/et_pb_column][et_pb_column type=&#8220;1_2&#8243; _builder_version=&#8220;4.16&#8243; _module_preset=&#8220;default&#8220; global_colors_info=&#8220;{}&#8220;][et_pb_image src=&#8220;https:\/\/www.frauengesundheit-frankfurt.de\/wp-content\/uploads\/2025\/05\/AdobeStock_552677288-scaled.jpeg&#8220; alt=&#8220;Herz aus Papier mit Puls im Inneren&#8220; title_text=&#8220;Herzerkrankungen und EKG als moderne Papierkunst&#8220; _builder_version=&#8220;4.27.6&#8243; _module_preset=&#8220;default&#8220; custom_margin=&#8220;70px||||false|false&#8220; hover_enabled=&#8220;0&#8243; global_colors_info=&#8220;{}&#8220; url=&#8220;https:\/\/www.frauengesundheit-frankfurt.de\/allgemeinmedizin\/&#8220; sticky_enabled=&#8220;0&#8243;][\/et_pb_image][\/et_pb_column][\/et_pb_row][et_pb_row _builder_version=&#8220;4.27.4&#8243; _module_preset=&#8220;default&#8220; global_colors_info=&#8220;{}&#8220;][et_pb_column type=&#8220;4_4&#8243; _builder_version=&#8220;4.27.4&#8243; _module_preset=&#8220;default&#8220; global_colors_info=&#8220;{}&#8220;][et_pb_tabs _builder_version=&#8220;4.27.6&#8243; _module_preset=&#8220;default&#8220; hover_enabled=&#8220;0&#8243; global_colors_info=&#8220;{}&#8220; sticky_enabled=&#8220;0&#8243;][et_pb_tab title=&#8220;EKG (Elektrokardiogramm)&#8220; _builder_version=&#8220;4.27.4&#8243; _module_preset=&#8220;default&#8220; global_colors_info=&#8220;{}&#8220;]<\/p>\n<p><span>Ein Elektrokardiogramm (EKG) kann im Rahmen eines Check-ups durchgef\u00fchrt werden, um das Herz zu untersuchen. Bei dieser Untersuchung werden zehn Elektroden an den Extremit\u00e4ten und an der Brustwand angeschlossen, um die elektrischen Aktivit\u00e4ten des Herzens zu messen. Die Untersuchung ist vollkommen schmerzfrei und dauert in der Regel nur wenige Minuten.<\/span><\/p>\n<p>[\/et_pb_tab][et_pb_tab title=&#8220;Lungenfunktion&#8220; _builder_version=&#8220;4.27.4&#8243; _module_preset=&#8220;default&#8220; global_colors_info=&#8220;{}&#8220;]<\/p>\n<p><span>Eine Lungenfunktionsuntersuchung (Spirometrie) erkennt und \u00fcberwacht Lungenerkrankungen. Sie wird auch in der Reisemedizin und Tauchdiagnostik eingesetzt. Die schmerzfreie Untersuchung dauert nur wenige Minuten. Bei der Spirometrie werden die Atemluftmenge und die Geschwindigkeit gemessen, mit der man ein- und ausatmet. Diese Diagnostik hilft Erkrankungen wie Asthma, chronisch obstruktive Lungenerkrankung (COPD) oder andere Atemwegserkrankungen zu diagnostizieren. Regelm\u00e4\u00dfige Tests k\u00f6nnen die \u00dcberwachung des Krankheitsverlaufs und die Bewertung der Wirksamkeit von Behandlungen unterst\u00fctzen.<\/span><\/p>\n<p>[\/et_pb_tab][et_pb_tab title=&#8220;Labor&#8220; _builder_version=&#8220;4.27.4&#8243; _module_preset=&#8220;default&#8220; global_colors_info=&#8220;{}&#8220;]<\/p>\n<p>Die Labormedizin befasst sich mit der Untersuchung von\u00a0K\u00f6rpermaterialien, wie Blut, Stuhl, Urin und\u00a0 Abstrichen aller Art\u00a0zum Ausschluss oder zur\u00a0Best\u00e4tigung einer Erkrankung. Hierdurch wird eine wirksame\u00a0Therapie\u00a0einer Erkrankung und die \u00dcberwachung dieser Behandlung oft erst m\u00f6glich. Labormedizin ist heute\u00a0fester Bestandteil nahezu aller medizinischen Disziplinen.<\/p>\n<p>Wir arbeiten mit mehreren Labor\u00e4rzten und Einsendelaboren zusammen. Damit gew\u00e4hrleisten wir eine bestm\u00f6gliche Qualit\u00e4t der durch uns veranlassten Labordiagnostik. Wir stehen in regelm\u00e4\u00dfigem Austausch mit den jeweiligen Labor\u00e4rzten und er\u00f6rtern auff\u00e4llige Befunde regelhaft gemeinsam in einer konsilliarischen Fallbesprechung.<\/p>\n<p>[\/et_pb_tab][et_pb_tab title=&#8220;Praxislabor (PoC)&#8220; _builder_version=&#8220;4.27.6&#8243; _module_preset=&#8220;default&#8220; hover_enabled=&#8220;0&#8243; sticky_enabled=&#8220;0&#8243;]<\/p>\n<p>In unserem modern ausgestatteten Praxislabor setzen wir u.a. auf das innovative AFIAS-System, um Ihnen eine schnelle und pr\u00e4zise Diagnostik direkt vor Ort zu erm\u00f6glichen. Dank dieser Point-of-Care-Tests (PoC) erhalten wir wichtige Laborergebnisse, wie zum Beispiel Entz\u00fcndungswerte oder Hormonanalysen, innerhalb k\u00fcrzester Zeit. F\u00fcr Sie bedeutet das den Wegfall langer Wartezeiten auf externe Laborbefunde und eine sofortige therapeutische Entscheidung noch am Behandlungstag, was vor allem bei Entz\u00fcndungen oder der Schwangerschaftsfeststellung eine Bedeutung hat.<\/p>\n<p>[\/et_pb_tab][\/et_pb_tabs][et_pb_heading title=&#8220;Unsere Laborpartner (Auszug)&#8220; _builder_version=&#8220;4.27.6&#8243; _module_preset=&#8220;default&#8220; title_level=&#8220;h3&#8243; hover_enabled=&#8220;0&#8243; sticky_enabled=&#8220;0&#8243;][\/et_pb_heading][\/et_pb_column][\/et_pb_row][et_pb_row _builder_version=&#8220;4.27.6&#8243; _module_preset=&#8220;default&#8220; column_structure=&#8220;1_2,1_2&#8243;][et_pb_column _builder_version=&#8220;4.27.6&#8243; _module_preset=&#8220;default&#8220; type=&#8220;1_2&#8243;][et_pb_image src=&#8220;https:\/\/www.frauengesundheit-frankfurt.de\/wp-content\/uploads\/2026\/04\/Riegel.jpg&#8220; _builder_version=&#8220;4.27.6&#8243; _module_preset=&#8220;default&#8220; alt=&#8220;Labor Riegel, unser verl\u00e4ssliches Einsendelabor in Wiesbaden&#8220; title_text=&#8220;Labor Riegel&#8220; url=&#8220;https:\/\/www.labor-riegel.de\/&#8220; url_new_window=&#8220;on&#8220; align=&#8220;center&#8220; hover_enabled=&#8220;0&#8243; sticky_enabled=&#8220;0&#8243;][\/et_pb_image][\/et_pb_column][et_pb_column _builder_version=&#8220;4.27.6&#8243; _module_preset=&#8220;default&#8220; type=&#8220;1_2&#8243;][et_pb_image src=&#8220;https:\/\/www.frauengesundheit-frankfurt.de\/wp-content\/uploads\/2026\/04\/Uni_Mainz2.jpg&#8220; _builder_version=&#8220;4.27.6&#8243; _module_preset=&#8220;default&#8220; alt=&#8220;Universit\u00e4tsmedizin Mainz&#8220; title_text=&#8220;Universit\u00e4tsmedizin Mainz&#8220; align=&#8220;center&#8220; url=&#8220;https:\/\/www.focus-gesundheit.de\/arzt\/dr-med-ekkehard-siegel-3760367&#8243; url_new_window=&#8220;on&#8220; hover_enabled=&#8220;0&#8243; sticky_enabled=&#8220;0&#8243;][\/et_pb_image][\/et_pb_column][\/et_pb_row][et_pb_row _builder_version=&#8220;4.27.6&#8243; _module_preset=&#8220;default&#8220;][et_pb_column _builder_version=&#8220;4.27.6&#8243; _module_preset=&#8220;default&#8220; type=&#8220;4_4&#8243;][et_pb_heading title=&#8220;Vorsorge, die mitw\u00e4chst: Ihre Check-up Untersuchungen&#8220; _builder_version=&#8220;4.27.6&#8243; _module_preset=&#8220;default&#8220; title_level=&#8220;h3&#8243; hover_enabled=&#8220;0&#8243; sticky_enabled=&#8220;0&#8243;][\/et_pb_heading][et_pb_text _builder_version=&#8220;4.27.6&#8243; _module_preset=&#8220;default&#8220; hover_enabled=&#8220;0&#8243; sticky_enabled=&#8220;0&#8243;]<\/p>\n<p>Eine regelm\u00e4\u00dfige Gesundheitsvorsorge ist in jedem Lebensalter ein entscheidender Baustein f\u00fcr Ihr langfristiges Wohlbefinden. Unsere <a href=\"https:\/\/www.frauengesundheit-frankfurt.de\/allgemeinmedizin\/check-up-vorsorge\/\">Check-up-Untersuchungen<\/a> sind so konzipiert, dass sie flexibel an Ihre jeweilige Lebensphase und Ihre individuellen Bed\u00fcrfnisse angepasst werden k\u00f6nnen \u2013 vom jungen Erwachsenenalter \u00fcber die Familienplanung bis hin zu den Wechseljahren und dar\u00fcber hinaus. Durch eine gezielte Labordiagnostik k\u00f6nnen wir potenzielle Risiken fr\u00fchzeitig erkennen und Ihre Gesundheit proaktiv unterst\u00fctzen, noch bevor Beschwerden entstehen.<\/p>\n<p>[\/et_pb_text][et_pb_heading title=&#8220;Sinnvolle Labordiagnostik in unserer Praxis&#8220; _builder_version=&#8220;4.27.6&#8243; _module_preset=&#8220;default&#8220; title_level=&#8220;h4&#8243; hover_enabled=&#8220;0&#8243; sticky_enabled=&#8220;0&#8243;][\/et_pb_heading][et_pb_text _builder_version=&#8220;4.27.6&#8243; _module_preset=&#8220;default&#8220; hover_enabled=&#8220;0&#8243; sticky_enabled=&#8220;0&#8243;]<\/p>\n<ul>\n<li style=\"list-style-type: none;\">\n<ul>\n<li>Gro\u00dfes Blutbild: Zur Bestimmung der allgemeinen Gesundheit, Erkennung von Entz\u00fcndungen und Ausschluss einer An\u00e4mie (Blutarmut).<\/li>\n<li>Eisenstatus (Ferritin): Besonders wichtig bei Frauen, um einen Eisenmangel fr\u00fchzeitig zu erkennen, bevor eine Blutarmut entsteht.<\/li>\n<li>Schilddr\u00fcsenwerte (TSH): Die Schilddr\u00fcse steuert viele hormonelle Prozesse; eine Fehlfunktion kann Zyklusst\u00f6rungen oder M\u00fcdigkeit verursachen.<\/li>\n<li>Hormonstatus (bei Bedarf): Bestimmung von \u00d6strogen, Progesteron oder AMH, falls Zyklusbeschwerden vorliegen oder die Familienplanung (Kinderwunsch) ein Thema ist.<\/li>\n<li>Vitamin D &amp; Vitamin B12: Wichtige Speicherwerte f\u00fcr das Immunsystem, die Knochengesundheit und das allgemeine Wohlbefinden.<\/li>\n<li>Blutzucker &amp; Blutfette (Cholesterin): Zur Einsch\u00e4tzung des Stoffwechsels und des kardiovaskul\u00e4ren Risikos (Herz-Kreislauf-Vorsorge).<\/li>\n<li>Urin-Untersuchung: Ein einfacher Schnelltest zur Fr\u00fcherkennung von unbemerkten Harnwegsinfekten oder Nierenerkrankungen.<\/li>\n<\/ul>\n<\/li>\n<\/ul>\n<p>[\/et_pb_text][\/et_pb_column][\/et_pb_row][et_pb_row column_structure=&#8220;1_2,1_2&#8243; _builder_version=&#8220;4.27.4&#8243; _module_preset=&#8220;default&#8220; global_colors_info=&#8220;{}&#8220;][et_pb_column type=&#8220;1_2&#8243; _builder_version=&#8220;4.27.4&#8243; _module_preset=&#8220;default&#8220; global_colors_info=&#8220;{}&#8220;][et_pb_button button_url=&#8220;\/allgemeinmedizin&#8220; button_text=&#8220;Zur\u00fcck zur \u00dcbersichtsseite&#8220; button_alignment=&#8220;center&#8220; _builder_version=&#8220;4.27.4&#8243; _module_preset=&#8220;default&#8220; custom_button=&#8220;on&#8220; button_text_color=&#8220;gcid-ff1cd8ff-d53b-4acb-a6a2-d8058e5df3bb&#8220; button_icon=&#8220;&#x4a;||divi||400&#8243; button_icon_placement=&#8220;left&#8220; button_on_hover=&#8220;off&#8220; global_colors_info=&#8220;{%22gcid-ff1cd8ff-d53b-4acb-a6a2-d8058e5df3bb%22:%91%22button_text_color%22%93}&#8220;][\/et_pb_button][\/et_pb_column][et_pb_column type=&#8220;1_2&#8243; _builder_version=&#8220;4.27.4&#8243; _module_preset=&#8220;default&#8220; global_colors_info=&#8220;{}&#8220;][et_pb_button button_url=&#8220;\/termin&#8220; button_text=&#8220;Termin buchen&#8220; button_alignment=&#8220;center&#8220; _builder_version=&#8220;4.27.4&#8243; _module_preset=&#8220;default&#8220; custom_button=&#8220;on&#8220; button_text_color=&#8220;gcid-ff1cd8ff-d53b-4acb-a6a2-d8058e5df3bb&#8220; button_icon=&#8220;&#xf073;||fa||900&#8243; button_icon_placement=&#8220;left&#8220; button_on_hover=&#8220;off&#8220; global_colors_info=&#8220;{%22gcid-ff1cd8ff-d53b-4acb-a6a2-d8058e5df3bb%22:%91%22button_text_color%22%93}&#8220;][\/et_pb_button][\/et_pb_column][\/et_pb_row][\/et_pb_section]<\/p>\n","protected":false},"excerpt":{"rendered":"<p>DiagnostikFunktionsdiagnostikIm Mittelpunkt unseres \u00e4rztlichen Handelns und damit auch fester Bestandteil unseres Praxiskonzepts ist eine Medizin, die nicht nur auf den Einsatz von Technik setzt. Bevor wir zu Apparaten greifen, h\u00f6ren wir zu, untersuchen Sie k\u00f6rperlich und nutzen erst dann moderne Technik. Nat\u00fcrlich legen wir hier gro\u00dfen Wert auf moderne Ger\u00e4te, z.B. hochaufl\u00f6sender Ultraschall.Ein Elektrokardiogramm (EKG) [&hellip;]<\/p>\n","protected":false},"author":1,"featured_media":1376310,"parent":70,"menu_order":20,"comment_status":"closed","ping_status":"closed","template":"","meta":{"_et_pb_use_builder":"on","_et_pb_old_content":"<!-- wp:divi\/placeholder \/-->","_et_gb_content_width":"","footnotes":""},"class_list":["post-1376780","page","type-page","status-publish","has-post-thumbnail","hentry"],"_links":{"self":[{"href":"https:\/\/www.frauengesundheit-frankfurt.de\/en\/wp-json\/wp\/v2\/pages\/1376780","targetHints":{"allow":["GET"]}}],"collection":[{"href":"https:\/\/www.frauengesundheit-frankfurt.de\/en\/wp-json\/wp\/v2\/pages"}],"about":[{"href":"https:\/\/www.frauengesundheit-frankfurt.de\/en\/wp-json\/wp\/v2\/types\/page"}],"author":[{"embeddable":true,"href":"https:\/\/www.frauengesundheit-frankfurt.de\/en\/wp-json\/wp\/v2\/users\/1"}],"replies":[{"embeddable":true,"href":"https:\/\/www.frauengesundheit-frankfurt.de\/en\/wp-json\/wp\/v2\/comments?post=1376780"}],"version-history":[{"count":2,"href":"https:\/\/www.frauengesundheit-frankfurt.de\/en\/wp-json\/wp\/v2\/pages\/1376780\/revisions"}],"predecessor-version":[{"id":1378854,"href":"https:\/\/www.frauengesundheit-frankfurt.de\/en\/wp-json\/wp\/v2\/pages\/1376780\/revisions\/1378854"}],"up":[{"embeddable":true,"href":"https:\/\/www.frauengesundheit-frankfurt.de\/en\/wp-json\/wp\/v2\/pages\/70"}],"wp:featuredmedia":[{"embeddable":true,"href":"https:\/\/www.frauengesundheit-frankfurt.de\/en\/wp-json\/wp\/v2\/media\/1376310"}],"wp:attachment":[{"href":"https:\/\/www.frauengesundheit-frankfurt.de\/en\/wp-json\/wp\/v2\/media?parent=1376780"}],"curies":[{"name":"wp","href":"https:\/\/api.w.org\/{rel}","templated":true}]}}