{"id":1376777,"date":"2025-06-08T14:49:17","date_gmt":"2025-06-08T12:49:17","guid":{"rendered":"https:\/\/fragyn.appentwicklung-frankfurt.de\/?page_id=1376777"},"modified":"2026-04-28T12:54:37","modified_gmt":"2026-04-28T10:54:37","slug":"check-up-vorsorge","status":"publish","type":"page","link":"https:\/\/www.frauengesundheit-frankfurt.de\/en\/allgemeinmedizin\/check-up-vorsorge\/","title":{"rendered":"Check-up (prevention)"},"content":{"rendered":"<p>[et_pb_section fb_built=&#8220;1&#8243; admin_label=&#8220;About&#8220; _builder_version=&#8220;4.16&#8243; _module_preset=&#8220;default&#8220; overflow-x=&#8220;hidden&#8220; overflow-y=&#8220;hidden&#8220; locked=&#8220;off&#8220; global_colors_info=&#8220;{}&#8220;][et_pb_row column_structure=&#8220;1_2,1_2&#8243; _builder_version=&#8220;4.16&#8243; _module_preset=&#8220;default&#8220; global_colors_info=&#8220;{}&#8220;][et_pb_column type=&#8220;1_2&#8243; _builder_version=&#8220;4.16&#8243; _module_preset=&#8220;default&#8220; global_colors_info=&#8220;{}&#8220;][et_pb_text _builder_version=&#8220;4.27.6&#8243; _module_preset=&#8220;default&#8220; header_3_font=&#8220;EB Garamond|600|||||||&#8220; header_3_font_size=&#8220;20px&#8220; custom_margin=&#8220;||10px||false|false&#8220; locked=&#8220;off&#8220; global_colors_info=&#8220;{}&#8220;]<\/p>\n<h1>Check-Up<\/h1>\n<p>[\/et_pb_text][et_pb_divider color=&#8220;#9F7C5A&#8220; _builder_version=&#8220;4.27.4&#8243; _module_preset=&#8220;default&#8220; width=&#8220;70%&#8220; locked=&#8220;off&#8220; global_colors_info=&#8220;{}&#8220;][\/et_pb_divider][et_pb_text _builder_version=&#8220;4.27.6&#8243; _module_preset=&#8220;default&#8220; header_2_font=&#8220;EB Garamond||||||||&#8220; header_2_font_size=&#8220;48px&#8220; header_2_line_height=&#8220;1.3em&#8220; header_2_font_size_tablet=&#8220;34px&#8220; header_2_font_size_phone=&#8220;22px&#8220; header_2_font_size_last_edited=&#8220;on|phone&#8220; locked=&#8220;off&#8220; global_colors_info=&#8220;{}&#8220; header_2_2_font_size_tablet=&#8220;34px&#8220; header_3_2_font_size_tablet=&#8220;34px&#8220; header_4_2_font_size_tablet=&#8220;34px&#8220; header_5_2_font_size_tablet=&#8220;34px&#8220; header_6_2_font_size_tablet=&#8220;34px&#8220; header_2_2_font_size_phone=&#8220;22px&#8220; header_3_2_font_size_phone=&#8220;22px&#8220; header_4_2_font_size_phone=&#8220;22px&#8220; header_5_2_font_size_phone=&#8220;22px&#8220; header_6_2_font_size_phone=&#8220;22px&#8220; header_2_2_font_size_last_edited=&#8220;on|phone&#8220; header_3_2_font_size_last_edited=&#8220;on|phone&#8220; header_4_2_font_size_last_edited=&#8220;on|phone&#8220; header_5_2_font_size_last_edited=&#8220;on|phone&#8220; header_6_2_font_size_last_edited=&#8220;on|phone&#8220;]<\/p>\n<h2>Ganzk\u00f6rperstatus<\/h2>\n<p>[\/et_pb_text][et_pb_text _builder_version=&#8220;4.27.6&#8243; _module_preset=&#8220;default&#8220; text_font=&#8220;ABeeZee||||||||&#8220; text_line_height=&#8220;2em&#8220; hover_enabled=&#8220;0&#8243; locked=&#8220;off&#8220; global_colors_info=&#8220;{}&#8220; sticky_enabled=&#8220;0&#8243;]<\/p>\n<p>Der Ganzk\u00f6rperstatus \u2013 Eine systematische Bestandsaufnahme Ihrer Gesundheit<br \/>Unter einem Ganzk\u00f6rperstatus verstehen wir in unserer Praxis eine systematische und l\u00fcckenlose k\u00f6rperliche Untersuchung von Kopf bis Fu\u00df. Ziel dieser umfassenden Bestandsaufnahme ist es, den aktuellen Gesundheitszustand ganzheitlich zu erfassen, klinische Zeichen fr\u00fchzeitig zu deuten und auch solche Ver\u00e4nderungen zu entdecken, die Ihnen selbst vielleicht noch gar nicht aufgefallen sind. Wir nehmen uns hierbei die n\u00f6tige Zeit, um alle Organsysteme \u2013 von Kopf und Hals \u00fcber den Brustkorb (Thorax) und den Bauch bis hin zur Wirbels\u00e4ule und den Extremit\u00e4ten \u2013 genau zu begutachten.<br \/>Im Rahmen dieses ausf\u00fchrlichen Check-ups f\u00fchren wir unter anderem folgende Untersuchungen durch:<\/p>\n<p>[\/et_pb_text][\/et_pb_column][et_pb_column type=&#8220;1_2&#8243; _builder_version=&#8220;4.16&#8243; _module_preset=&#8220;default&#8220; global_colors_info=&#8220;{}&#8220;][et_pb_image src=&#8220;https:\/\/www.frauengesundheit-frankfurt.de\/wp-content\/uploads\/2025\/06\/AdobeStock_305881638-scaled.jpeg&#8220; title_text=&#8220;Portrait of female doctor using her digital tablet on white background&#8220; _builder_version=&#8220;4.27.4&#8243; _module_preset=&#8220;default&#8220; custom_margin=&#8220;70px||||false|false&#8220; global_colors_info=&#8220;{}&#8220;][\/et_pb_image][\/et_pb_column][\/et_pb_row][et_pb_row _builder_version=&#8220;4.27.6&#8243; _module_preset=&#8220;default&#8220; column_structure=&#8220;1_2,1_2&#8243;][et_pb_column _builder_version=&#8220;4.27.6&#8243; _module_preset=&#8220;default&#8220; type=&#8220;1_2&#8243;][et_pb_text _builder_version=&#8220;4.27.6&#8243; _module_preset=&#8220;default&#8220; hover_enabled=&#8220;0&#8243; sticky_enabled=&#8220;0&#8243;]<\/p>\n<ul>\n<li>Kopf- und Sinnesorgane: Wir inspizieren die Augen, die Bindeh\u00e4ute sowie die Mund- und Nasenh\u00f6hle auf Anzeichen von Entz\u00fcndungen, Schleimhautver\u00e4nderungen oder Mangelerscheinungen.<\/li>\n<li>Hautcheck: Eine sorgf\u00e4ltige Betrachtung der gesamten Hautoberfl\u00e4che dient der Fr\u00fcherkennung von auff\u00e4lligen Muttermalen oder anderen Hautver\u00e4nderungen.<\/li>\n<li>Bewegungsapparat: Durch die Pr\u00fcfung der Beweglichkeit von Wirbels\u00e4ule und Gelenken beurteilen wir Ihre Haltung und die Funktion Ihres Halteapparates.<\/li>\n<li>Lymphsystem: Die Tastuntersuchung (Palpation) der wichtigsten Lymphknotenstationen gibt uns wichtige Hinweise auf die Aktivit\u00e4t Ihres Immunsystems.<\/li>\n<li>Bauchorgane (Abdomen): Durch das Abtasten des Bauches pr\u00fcfen wir die Lage und Beschaffenheit der inneren Organe sowie m\u00f6gliche Druckschmerzen.<\/li>\n<\/ul>\n<p>[\/et_pb_text][\/et_pb_column][et_pb_column _builder_version=&#8220;4.27.6&#8243; _module_preset=&#8220;default&#8220; type=&#8220;1_2&#8243;][et_pb_text _builder_version=&#8220;4.27.6&#8243; _module_preset=&#8220;default&#8220; hover_enabled=&#8220;0&#8243; sticky_enabled=&#8220;0&#8243;]<\/p>\n<ul class=\"KsbFXc U6u95\" jsaction=\"\" jscontroller=\"mPWODf\" data-sfc-root=\"c\" jsuid=\"CMaP0c_w\" data-sfc-cb=\"\" data-complete=\"true\" data-processed=\"true\">\n<li class=\"Z1qcYe\" data-sfc-cp=\"\" jsaction=\"\" jscontroller=\"oSLmPe\" data-sfc-root=\"c\" jsuid=\"CMaP0c_19\" data-sfc-cb=\"\" data-hveid=\"CAEIBRAE\" data-complete=\"true\" data-sae=\"\"><span class=\"T286Pc\" data-sfc-cp=\"\" jsaction=\"\" jscontroller=\"fly6D\" data-sfc-root=\"c\" jsuid=\"CMaP0c_1d\" data-sfc-cb=\"\" data-complete=\"true\"><strong class=\"Yjhzub\" jsaction=\"\" jscontroller=\"zYmgkd\" data-sfc-root=\"c\" jsuid=\"CMaP0c_1e\" data-sfc-cb=\"\" data-complete=\"true\">Herz und Lunge:<\/strong> Mittels Auskultation (Abh\u00f6ren) von Herz und Lunge beurteilen wir Ihre Herz-Kreislauf-Funktion und die Bel\u00fcftung der Atemwege.<\/span><\/li>\n<li class=\"Z1qcYe\" data-sfc-cp=\"\" jsaction=\"\" jscontroller=\"oSLmPe\" data-sfc-root=\"c\" jsuid=\"CMaP0c_1f\" data-sfc-cb=\"\" data-hveid=\"CAEIBRAG\" data-complete=\"true\" data-sae=\"\"><span class=\"T286Pc\" data-sfc-cp=\"\" jsaction=\"\" jscontroller=\"fly6D\" data-sfc-root=\"c\" jsuid=\"CMaP0c_1g\" data-sfc-cb=\"\" data-complete=\"true\"><strong class=\"Yjhzub\" jsaction=\"\" jscontroller=\"zYmgkd\" data-sfc-root=\"c\" jsuid=\"CMaP0c_1h\" data-sfc-cb=\"\" data-complete=\"true\">Gef\u00e4\u00df- und Nervensystem:<\/strong> Die Erhebung des Pulsstatus sowie eine \u00dcberpr\u00fcfung des Reflexstatus geben Aufschluss \u00fcber die Durchblutung und die neurologische Gesundheit.<\/span><\/li>\n<li class=\"Z1qcYe\" data-sfc-cp=\"\" jsaction=\"\" jscontroller=\"oSLmPe\" data-sfc-root=\"c\" jsuid=\"CMaP0c_1i\" data-sfc-cb=\"\" data-hveid=\"CAEIBRAH\" data-complete=\"true\" data-sae=\"\"><span class=\"T286Pc\" data-sfc-cp=\"\" jsaction=\"\" jscontroller=\"fly6D\" data-sfc-root=\"c\" jsuid=\"CMaP0c_1j\" data-sfc-cb=\"\" data-complete=\"true\"><strong class=\"Yjhzub\" jsaction=\"\" jscontroller=\"zYmgkd\" data-sfc-root=\"c\" jsuid=\"CMaP0c_1k\" data-sfc-cb=\"\" data-complete=\"true\">Ganzheitliche Inspektion:<\/strong> Auch die Untersuchung des Genitalbereichs und der Analregion geh\u00f6rt zum vollst\u00e4ndigen Status, um lokale Ver\u00e4nderungen rechtzeitig zu erkennen.<\/span><span jsuid=\"CMaP0c_1l\" class=\"txxDge notranslate\" jsaction=\"rcuQ6b:&amp;CMaP0c_1l|npT2md\" jscontroller=\"udAs2b\" data-sfc-root=\"c\" data-wiz-uids=\"CMaP0c_1m,CMaP0c_1n\" data-sfc-cb=\"\" data-complete=\"true\"><span class=\"vKEkVd\" data-animation-atomic=\"\" data-wiz-attrbind=\"class=CMaP0c_1l\/TKHnVd\" data-sae=\"\"><span aria-hidden=\"true\"><\/span><\/span><\/span><\/li>\n<\/ul>\n<div class=\"n6owBd awi2gc\" data-sfc-cp=\"\" jsaction=\"\" jscontroller=\"TDBkbc\" data-sfc-root=\"c\" jsuid=\"CMaP0c_1o\" data-sfc-cb=\"\" data-hveid=\"CAEIBhAA\" data-complete=\"true\" data-processed=\"true\">Diese gr\u00fcndliche Untersuchung bildet das Fundament f\u00fcr jede weiterf\u00fchrende Diagnostik und ist ein wesentlicher Bestandteil einer verantwortungsvollen gesundheitlichen Vorsorge.<span jsuid=\"CMaP0c_1p\" class=\"txxDge notranslate\" jsaction=\"rcuQ6b:&amp;CMaP0c_1p|npT2md\" jscontroller=\"udAs2b\" data-sfc-root=\"c\" data-wiz-uids=\"CMaP0c_1q,CMaP0c_1r\" data-sfc-cb=\"\" data-complete=\"true\" data-processed=\"true\"><span class=\"vKEkVd\" data-animation-atomic=\"\" data-wiz-attrbind=\"class=CMaP0c_1p\/TKHnVd\" data-sae=\"\"><span aria-hidden=\"true\" aria-owns=\"action-menu-parent-container\"><\/span><\/span><\/span><\/div>\n<p>[\/et_pb_text][\/et_pb_column][\/et_pb_row][et_pb_row column_structure=&#8220;1_2,1_2&#8243; _builder_version=&#8220;4.27.4&#8243; _module_preset=&#8220;default&#8220; global_colors_info=&#8220;{}&#8220;][et_pb_column type=&#8220;1_2&#8243; _builder_version=&#8220;4.27.4&#8243; _module_preset=&#8220;default&#8220; global_colors_info=&#8220;{}&#8220;][et_pb_heading title=&#8220;Warum der Check-up wichtig ist?&#8220; _builder_version=&#8220;4.27.6&#8243; _module_preset=&#8220;default&#8220; title_level=&#8220;h3&#8243; global_colors_info=&#8220;{}&#8220;][\/et_pb_heading][et_pb_text _builder_version=&#8220;4.27.4&#8243; _module_preset=&#8220;default&#8220; global_colors_info=&#8220;{}&#8220;]<\/p>\n<p>Sie f\u00fchlen sich fit und m\u00f6chten, dass das so bleibt? Dann sind Sie bei unseren an Sie und Ihre Lebensumst\u00e4nde angepassten Check-up-Untersuchungen richtig.<\/p>\n<p>Damit k\u00f6nnen wir Ver\u00e4nderungen und Krankheiten fr\u00fchzeitig <br \/>zu erkennen.<\/p>\n<p>[\/et_pb_text][\/et_pb_column][et_pb_column type=&#8220;1_2&#8243; _builder_version=&#8220;4.27.4&#8243; _module_preset=&#8220;default&#8220; global_colors_info=&#8220;{}&#8220;][et_pb_heading title=&#8220;Wie l\u00e4uft der Check-up ab?&#8220; _builder_version=&#8220;4.27.6&#8243; _module_preset=&#8220;default&#8220; title_level=&#8220;h3&#8243; global_colors_info=&#8220;{}&#8220;][\/et_pb_heading][et_pb_text _builder_version=&#8220;4.27.4&#8243; _module_preset=&#8220;default&#8220; global_colors_info=&#8220;{}&#8220;]<\/p>\n<p><strong>Erstgespr\u00e4ch \/ Anamnese<\/strong><\/p>\n<p>Der Check-up startet mit einem Gespr\u00e4ch \u2013 der sogenannten Anamnese. Wir befragen Sie zu Vorerkrankungen und Krankheiten von Familienmitgliedern sowie zu eventuellen Beschwerden.<\/p>\n<p><strong>Blutabnahme und apparative Diagnostik<\/strong><\/p>\n<p>Wir nehmen Blut ab und f\u00fchren erste apparative Untersuchungen durch.\u00a0<\/p>\n<p><strong>Beratung und Abschlussgespr\u00e4ch<\/strong><\/p>\n<p>Wir informieren Sie detailiert \u00fcber die Ergebnisse des Check-ups und Ihr individuelles Risikoprofil. Wir besprechen sinnvolle Ma\u00dfnahmen, Lebensstil\u00e4nderungen oder weitere Schritte.\u00a0<\/p>\n<p>Abwandlungen dieser Check-ups bieten wir zus\u00e4tzlich im Rahmen der Reise- und H\u00f6henmedizin an. Auch vor einem l\u00e4ngeren Auslands- oder Studienaufenthalt empfehlen wir ein Check-up.\u00a0<\/p>\n<p>[\/et_pb_text][\/et_pb_column][\/et_pb_row][et_pb_row _builder_version=&#8220;4.27.6&#8243; _module_preset=&#8220;default&#8220;][et_pb_column _builder_version=&#8220;4.27.6&#8243; _module_preset=&#8220;default&#8220; type=&#8220;4_4&#8243;][et_pb_heading title=&#8220;Sinnvolle Labordiagnostik&#8220; _builder_version=&#8220;4.27.6&#8243; _module_preset=&#8220;default&#8220; title_level=&#8220;h3&#8243; hover_enabled=&#8220;0&#8243; sticky_enabled=&#8220;0&#8243;][\/et_pb_heading][et_pb_text _builder_version=&#8220;4.27.6&#8243; _module_preset=&#8220;default&#8220; hover_enabled=&#8220;0&#8243; sticky_enabled=&#8220;0&#8243;]<\/p>\n<ul>\n<li>Gro\u00dfes Blutbild: Zur Bestimmung der allgemeinen Gesundheit, Erkennung von Entz\u00fcndungen und Ausschluss einer An\u00e4mie (Blutarmut).<\/li>\n<li>Eisenstatus (Ferritin): Besonders wichtig bei Frauen, um einen Eisenmangel fr\u00fchzeitig zu erkennen, bevor eine Blutarmut entsteht.<\/li>\n<li>Schilddr\u00fcsenwerte (TSH): Die Schilddr\u00fcse steuert viele hormonelle Prozesse; eine Fehlfunktion kann Zyklusst\u00f6rungen oder M\u00fcdigkeit verursachen.<\/li>\n<li>Hormonstatus (bei Bedarf): Bestimmung von \u00d6strogen, Progesteron oder AMH, falls Zyklusbeschwerden vorliegen oder die Familienplanung (Kinderwunsch) ein Thema ist.<\/li>\n<li>Vitamin D &amp; Vitamin B12: Wichtige Speicherwerte f\u00fcr das Immunsystem, die Knochengesundheit und das allgemeine Wohlbefinden.<\/li>\n<li>Blutzucker &amp; Blutfette (Cholesterin): Zur Einsch\u00e4tzung des Stoffwechsels und des kardiovaskul\u00e4ren Risikos (Herz-Kreislauf-Vorsorge).<\/li>\n<li>Urin-Untersuchung: Ein einfacher Schnelltest zur Fr\u00fcherkennung von unbemerkten Harnwegsinfekten oder Nierenerkrankungen.<\/li>\n<\/ul>\n<p>[\/et_pb_text][et_pb_heading title=&#8220;Sinnvolle apparative Diagnostik&#8220; _builder_version=&#8220;4.27.6&#8243; _module_preset=&#8220;default&#8220; title_level=&#8220;h3&#8243; hover_enabled=&#8220;0&#8243; sticky_enabled=&#8220;0&#8243;][\/et_pb_heading][et_pb_text _builder_version=&#8220;4.27.6&#8243; _module_preset=&#8220;default&#8220; hover_enabled=&#8220;0&#8243; sticky_enabled=&#8220;0&#8243;]<\/p>\n<ul>\n<li>\n<p>EKG (Elektrokardiogramm): Mit dem Ruhe-EKG beurteilen wir Ihre Herzfrequenz und Ihren Herzrhythmus, um Hinweise auf Durchblutungsst\u00f6rungen oder Rhythmusst\u00f6rungen fr\u00fchzeitig zu erhalten.<\/p>\n<\/li>\n<li>\n<p>Lungenfunktionspr\u00fcfung (Spirometrie): Diese Messung gibt Aufschluss \u00fcber das Volumen und die Leistungsf\u00e4higkeit Ihrer Lunge. Sie ist besonders wichtig zur Fr\u00fcherkennung von chronischen Atemwegserkrankungen wie Asthma oder COPD.<\/p>\n<\/li>\n<li>\n<p>Sauerstoffs\u00e4ttigung (Pulsoxymetrie): Eine schnelle, schmerzlose Messung, die zeigt, wie effektiv Ihr Blut mit Sauerstoff versorgt wird \u2013 ein wichtiger Basiswert f\u00fcr Ihre Vitalit\u00e4t.<\/p>\n<\/li>\n<li>\n<p>Ultraschall (Sonographie): Mittels Ultraschall untersuchen wir schmerzfrei Ihre inneren Organe (wie Schilddr\u00fcse oder Bauchorgane), um Ver\u00e4nderungen sichtbar zu machen.<\/p>\n<\/li>\n<\/ul>\n<p>Durch die Kombination dieser Verfahren erhalten wir ein pr\u00e4zises Bild Ihrer k\u00f6rperlichen Verfassung und k\u00f6nnen pr\u00e4ventiv handeln, bevor Beschwerden entstehen.<\/p>\n<p>[\/et_pb_text][\/et_pb_column][\/et_pb_row][et_pb_row _builder_version=&#8220;4.27.6&#8243; _module_preset=&#8220;default&#8220; column_structure=&#8220;1_2,1_2&#8243;][et_pb_column _builder_version=&#8220;4.27.6&#8243; _module_preset=&#8220;default&#8220; type=&#8220;1_2&#8243;][et_pb_image src=&#8220;https:\/\/www.frauengesundheit-frankfurt.de\/wp-content\/uploads\/2026\/04\/Uni_Mainz2.jpg&#8220; _builder_version=&#8220;4.27.6&#8243; _module_preset=&#8220;default&#8220; alt=&#8220;Universit\u00e4tsmedizin Mainz&#8220; title_text=&#8220;Universit\u00e4tsmedizin Mainz&#8220; url=&#8220;https:\/\/www.arzt-auskunft.de\/arzt\/mikrobiologie-und-infektionsepidemiologie-innere-medizin\/mainz\/dr-med-ekkehard-siegel-3760367&#8243; url_new_window=&#8220;on&#8220; hover_enabled=&#8220;0&#8243; sticky_enabled=&#8220;0&#8243; align=&#8220;center&#8220;][\/et_pb_image][et_pb_text _builder_version=&#8220;4.27.6&#8243; _module_preset=&#8220;default&#8220; hover_enabled=&#8220;0&#8243; sticky_enabled=&#8220;0&#8243;]<\/p>\n<p style=\"text-align: center;\"><a href=\"https:\/\/www.arzt-auskunft.de\/arzt\/mikrobiologie-und-infektionsepidemiologie-innere-medizin\/mainz\/dr-med-ekkehard-siegel-3760367\" target=\"_blank\" rel=\"noopener\">Spezialisierte Labordiagnostik<\/a><\/p>\n<p>[\/et_pb_text][\/et_pb_column][et_pb_column _builder_version=&#8220;4.27.6&#8243; _module_preset=&#8220;default&#8220; type=&#8220;1_2&#8243;][et_pb_image src=&#8220;https:\/\/www.frauengesundheit-frankfurt.de\/wp-content\/uploads\/2026\/04\/Riegel.jpg&#8220; _builder_version=&#8220;4.27.6&#8243; _module_preset=&#8220;default&#8220; alt=&#8220;Labor Riegel, Wiesbaden&#8220; title_text=&#8220;Riegel&#8220; hover_enabled=&#8220;0&#8243; sticky_enabled=&#8220;0&#8243; align=&#8220;center&#8220; width=&#8220;85%&#8220; max_width=&#8220;85%&#8220;][\/et_pb_image][et_pb_text _builder_version=&#8220;4.27.6&#8243; _module_preset=&#8220;default&#8220; hover_enabled=&#8220;0&#8243; sticky_enabled=&#8220;0&#8243;]<\/p>\n<p style=\"text-align: center;\"><a href=\"https:\/\/www.labor-riegel.de\/\" target=\"_blank\" rel=\"noopener\">Labor Riegel, Wiesbaden<\/a><\/p>\n<p>[\/et_pb_text][\/et_pb_column][\/et_pb_row][et_pb_row column_structure=&#8220;1_2,1_2&#8243; _builder_version=&#8220;4.27.4&#8243; _module_preset=&#8220;default&#8220; global_colors_info=&#8220;{}&#8220;][et_pb_column type=&#8220;1_2&#8243; _builder_version=&#8220;4.27.4&#8243; _module_preset=&#8220;default&#8220; global_colors_info=&#8220;{}&#8220;][et_pb_button button_url=&#8220;\/allgemeinmedizin&#8220; button_text=&#8220;Zur\u00fcck zur \u00dcbersichtsseite&#8220; button_alignment=&#8220;center&#8220; _builder_version=&#8220;4.27.4&#8243; _module_preset=&#8220;default&#8220; custom_button=&#8220;on&#8220; button_text_color=&#8220;gcid-ff1cd8ff-d53b-4acb-a6a2-d8058e5df3bb&#8220; button_icon=&#8220;&#x4a;||divi||400&#8243; button_icon_placement=&#8220;left&#8220; button_on_hover=&#8220;off&#8220; global_colors_info=&#8220;{%22gcid-ff1cd8ff-d53b-4acb-a6a2-d8058e5df3bb%22:%91%22button_text_color%22%93}&#8220;][\/et_pb_button][\/et_pb_column][et_pb_column type=&#8220;1_2&#8243; _builder_version=&#8220;4.27.4&#8243; _module_preset=&#8220;default&#8220; global_colors_info=&#8220;{}&#8220;][et_pb_button button_url=&#8220;\/termin&#8220; button_text=&#8220;Termin buchen&#8220; button_alignment=&#8220;center&#8220; _builder_version=&#8220;4.27.4&#8243; _module_preset=&#8220;default&#8220; custom_button=&#8220;on&#8220; button_text_color=&#8220;gcid-ff1cd8ff-d53b-4acb-a6a2-d8058e5df3bb&#8220; button_icon=&#8220;&#xf073;||fa||900&#8243; button_icon_placement=&#8220;left&#8220; button_on_hover=&#8220;off&#8220; global_colors_info=&#8220;{%22gcid-ff1cd8ff-d53b-4acb-a6a2-d8058e5df3bb%22:%91%22button_text_color%22%93}&#8220;][\/et_pb_button][\/et_pb_column][\/et_pb_row][\/et_pb_section]<\/p>\n","protected":false},"excerpt":{"rendered":"<p>Check-UpGanzk\u00f6rperstatusDer Ganzk\u00f6rperstatus \u2013 Eine systematische Bestandsaufnahme Ihrer GesundheitUnter einem Ganzk\u00f6rperstatus verstehen wir in unserer Praxis eine systematische und l\u00fcckenlose k\u00f6rperliche Untersuchung von Kopf bis Fu\u00df. Ziel dieser umfassenden Bestandsaufnahme ist es, den aktuellen Gesundheitszustand ganzheitlich zu erfassen, klinische Zeichen fr\u00fchzeitig zu deuten und auch solche Ver\u00e4nderungen zu entdecken, die Ihnen selbst vielleicht noch gar nicht [&hellip;]<\/p>\n","protected":false},"author":1,"featured_media":1376913,"parent":70,"menu_order":20,"comment_status":"closed","ping_status":"closed","template":"","meta":{"_et_pb_use_builder":"on","_et_pb_old_content":"<!-- wp:divi\/placeholder \/-->","_et_gb_content_width":"","footnotes":""},"class_list":["post-1376777","page","type-page","status-publish","has-post-thumbnail","hentry"],"_links":{"self":[{"href":"https:\/\/www.frauengesundheit-frankfurt.de\/en\/wp-json\/wp\/v2\/pages\/1376777","targetHints":{"allow":["GET"]}}],"collection":[{"href":"https:\/\/www.frauengesundheit-frankfurt.de\/en\/wp-json\/wp\/v2\/pages"}],"about":[{"href":"https:\/\/www.frauengesundheit-frankfurt.de\/en\/wp-json\/wp\/v2\/types\/page"}],"author":[{"embeddable":true,"href":"https:\/\/www.frauengesundheit-frankfurt.de\/en\/wp-json\/wp\/v2\/users\/1"}],"replies":[{"embeddable":true,"href":"https:\/\/www.frauengesundheit-frankfurt.de\/en\/wp-json\/wp\/v2\/comments?post=1376777"}],"version-history":[{"count":2,"href":"https:\/\/www.frauengesundheit-frankfurt.de\/en\/wp-json\/wp\/v2\/pages\/1376777\/revisions"}],"predecessor-version":[{"id":1378814,"href":"https:\/\/www.frauengesundheit-frankfurt.de\/en\/wp-json\/wp\/v2\/pages\/1376777\/revisions\/1378814"}],"up":[{"embeddable":true,"href":"https:\/\/www.frauengesundheit-frankfurt.de\/en\/wp-json\/wp\/v2\/pages\/70"}],"wp:featuredmedia":[{"embeddable":true,"href":"https:\/\/www.frauengesundheit-frankfurt.de\/en\/wp-json\/wp\/v2\/media\/1376913"}],"wp:attachment":[{"href":"https:\/\/www.frauengesundheit-frankfurt.de\/en\/wp-json\/wp\/v2\/media?parent=1376777"}],"curies":[{"name":"wp","href":"https:\/\/api.w.org\/{rel}","templated":true}]}}