{"id":1376762,"date":"2025-06-08T14:44:14","date_gmt":"2025-06-08T12:44:14","guid":{"rendered":"https:\/\/fragyn.appentwicklung-frankfurt.de\/?page_id=1376762"},"modified":"2026-05-02T16:43:26","modified_gmt":"2026-05-02T14:43:26","slug":"akute-beschwerden-notfaelle","status":"publish","type":"page","link":"https:\/\/www.frauengesundheit-frankfurt.de\/en\/schwangerschaft\/akute-beschwerden-notfaelle\/","title":{"rendered":"Acute complaints (emergencies)"},"content":{"rendered":"<p>[et_pb_section fb_built=&#8220;1&#8243; admin_label=&#8220;About&#8220; _builder_version=&#8220;4.16&#8243; _module_preset=&#8220;default&#8220; overflow-x=&#8220;hidden&#8220; overflow-y=&#8220;hidden&#8220; locked=&#8220;off&#8220; global_colors_info=&#8220;{}&#8220;][et_pb_row _builder_version=&#8220;4.27.4&#8243; _module_preset=&#8220;default&#8220; global_colors_info=&#8220;{}&#8220;][et_pb_column type=&#8220;4_4&#8243; _builder_version=&#8220;4.27.4&#8243; _module_preset=&#8220;default&#8220; global_colors_info=&#8220;{}&#8220;][et_pb_heading title=&#8220;Akute Beschwerden und Notf\u00e4lle&#8220; _builder_version=&#8220;4.27.6&#8243; _module_preset=&#8220;default&#8220; hover_enabled=&#8220;0&#8243; global_colors_info=&#8220;{}&#8220; sticky_enabled=&#8220;0&#8243;][\/et_pb_heading][et_pb_divider color=&#8220;#9F7C5A&#8220; _builder_version=&#8220;4.27.4&#8243; _module_preset=&#8220;default&#8220; width=&#8220;70%&#8220; custom_margin=&#8220;-29px|||||&#8220; locked=&#8220;off&#8220; global_colors_info=&#8220;{}&#8220;][\/et_pb_divider][et_pb_heading title=&#8220;W\u00e4hrend der Schwangerschaft m\u00fcssen Frauen sowohl auf ihre eigene Gesundheit als auch auf die ihres Babys achten.&#8220; _builder_version=&#8220;4.27.6&#8243; _module_preset=&#8220;default&#8220; title_level=&#8220;h2&#8243; global_colors_info=&#8220;{}&#8220;][\/et_pb_heading][\/et_pb_column][\/et_pb_row][et_pb_row column_structure=&#8220;1_2,1_2&#8243; _builder_version=&#8220;4.16&#8243; _module_preset=&#8220;default&#8220; global_colors_info=&#8220;{}&#8220;][et_pb_column type=&#8220;1_2&#8243; _builder_version=&#8220;4.16&#8243; _module_preset=&#8220;default&#8220; global_colors_info=&#8220;{}&#8220;][et_pb_text _builder_version=&#8220;4.27.6&#8243; _module_preset=&#8220;default&#8220; header_3_font=&#8220;|600|||||||&#8220; header_3_font_size=&#8220;20px&#8220; custom_margin=&#8220;||10px||false|false&#8220; hover_enabled=&#8220;0&#8243; locked=&#8220;off&#8220; global_colors_info=&#8220;{}&#8220; sticky_enabled=&#8220;0&#8243;]<\/p>\n<h2>Akute Beschwerden und Notf\u00e4lle in der Schwangerschaft<\/h2>\n<p>[\/et_pb_text][et_pb_divider color=&#8220;#9F7C5A&#8220; _builder_version=&#8220;4.27.4&#8243; _module_preset=&#8220;default&#8220; width=&#8220;70%&#8220; locked=&#8220;off&#8220; global_colors_info=&#8220;{}&#8220;][\/et_pb_divider][et_pb_text _builder_version=&#8220;4.27.6&#8243; _module_preset=&#8220;default&#8220; text_font=&#8220;ABeeZee||||||||&#8220; text_line_height=&#8220;2em&#8220; hover_enabled=&#8220;0&#8243; locked=&#8220;off&#8220; global_colors_info=&#8220;{}&#8220; sticky_enabled=&#8220;0&#8243;]<\/p>\n<div id=\"cc-m-12445474797\" class=\"j-module n j-textWithImage \">\n<div id=\"cc-m-textwithimage-12445474797\" data-name=\"text\" data-action=\"text\" class=\"cc-m-textwithimage-inline-rte\">\n<p>Regelm\u00e4\u00dfige Untersuchungen und unsere Betreuung \u00fcberwachen die Entwicklung Ihres Kindes und Ihre Gesundheit w\u00e4hrend der Schwangerschaft. Trotzdem k\u00f6nnen akute Beschwerden und Notf\u00e4lle in der Schwangerschaft, z.B. vaginale Blutungen, Blasensprung oder vorzeitige Wehen auftreten, die schnelles Handeln erfordern<\/p>\n<\/div>\n<\/div>\n<div id=\"cc-m-12445462497\" class=\"j-module n j-textWithImage \">\n<div id=\"cc-m-textwithimage-12445462497\" data-name=\"text\" data-action=\"text\" class=\"cc-m-textwithimage-inline-rte\"><\/div>\n<\/div>\n<p>[\/et_pb_text][et_pb_text _builder_version=&#8220;4.27.6&#8243; _module_preset=&#8220;default&#8220; header_3_font=&#8220;|600|||||||&#8220; header_3_font_size=&#8220;20px&#8220; custom_margin=&#8220;||10px||false|false&#8220; locked=&#8220;off&#8220; global_colors_info=&#8220;{}&#8220;]<\/p>\n<h2>Allgemeine Erkrankungen\u00a0<\/h2>\n<p>[\/et_pb_text][et_pb_divider color=&#8220;#9F7C5A&#8220; _builder_version=&#8220;4.27.4&#8243; _module_preset=&#8220;default&#8220; width=&#8220;70%&#8220; locked=&#8220;off&#8220; global_colors_info=&#8220;{}&#8220;][\/et_pb_divider][et_pb_text _builder_version=&#8220;4.27.4&#8243; _module_preset=&#8220;default&#8220; global_colors_info=&#8220;{}&#8220;]<\/p>\n<p>Ein leichter Schnupfen ist w\u00e4hrend der Schwangerschaft meist unbedenklich. Dennoch stehen wir Ihnen auch in allgemeinmedizinischen Fragestellungen &#8211; vorallem w\u00e4hrend Ihrer Schwangerschaft &#8211; gerne beratend zur Seite.<\/p>\n<p>[\/et_pb_text][\/et_pb_column][et_pb_column type=&#8220;1_2&#8243; _builder_version=&#8220;4.27.6&#8243; _module_preset=&#8220;default&#8220; global_colors_info=&#8220;{}&#8220;][et_pb_image src=&#8220;https:\/\/www.frauengesundheit-frankfurt.de\/wp-content\/uploads\/2025\/05\/AdobeStock_439973348-scaled.jpeg&#8220; alt=&#8220;Akute Beschwerden (Notf\u00e4lle) in der Schwangerschaft<br \/>\nDas Bild zeigt eine hochschwangere Frau zusammen mit einem CTG-Streifen.&#8220; title_text=&#8220;Schwangere Frau mit CTG&#8220; _builder_version=&#8220;4.27.6&#8243; _module_preset=&#8220;default&#8220; global_colors_info=&#8220;{}&#8220;][\/et_pb_image][\/et_pb_column][\/et_pb_row][et_pb_row column_structure=&#8220;1_2,1_2&#8243; _builder_version=&#8220;4.16&#8243; _module_preset=&#8220;default&#8220; global_colors_info=&#8220;{}&#8220;][et_pb_column type=&#8220;1_2&#8243; _builder_version=&#8220;4.16&#8243; _module_preset=&#8220;default&#8220; global_colors_info=&#8220;{}&#8220;][et_pb_text _builder_version=&#8220;4.27.6&#8243; _module_preset=&#8220;default&#8220; header_3_font=&#8220;|600|||||||&#8220; header_3_font_size=&#8220;20px&#8220; custom_margin=&#8220;||10px||false|false&#8220; locked=&#8220;off&#8220; global_colors_info=&#8220;{}&#8220;]<\/p>\n<h2>Blutungen<\/h2>\n<p>[\/et_pb_text][et_pb_divider color=&#8220;#9F7C5A&#8220; _builder_version=&#8220;4.27.4&#8243; _module_preset=&#8220;default&#8220; width=&#8220;70%&#8220; locked=&#8220;off&#8220; global_colors_info=&#8220;{}&#8220;][\/et_pb_divider][et_pb_text _builder_version=&#8220;4.27.4&#8243; _module_preset=&#8220;default&#8220; text_font=&#8220;ABeeZee||||||||&#8220; text_line_height=&#8220;2em&#8220; locked=&#8220;off&#8220; global_colors_info=&#8220;{}&#8220;]<\/p>\n<div id=\"cc-m-12445474797\" class=\"j-module n j-textWithImage \">\n<div id=\"cc-m-textwithimage-12445474797\" data-name=\"text\" data-action=\"text\" class=\"cc-m-textwithimage-inline-rte\">\n<div id=\"cc-m-12445385397\" class=\"j-module n j-header \">\n<p>Blutungen sind f\u00fcr viele Schwangere be\u00e4ngstigend. Etwa 20% erleben sie einmal w\u00e4hrend der Schwangerschaft. Ursachen k\u00f6nnen von harmlosen Hormonschwankungen bis zu ernsten Problemen reichen. Jede Blutung sollte als Notfall betrachtet werden und schnellstm\u00f6glich \u00e4rztlich abgekl\u00e4rt werden. Bei starken Blutungen oder Schmerzen ist sofortige medizinische Hilfe erforderlich.<\/p>\n<\/div>\n<\/div>\n<\/div>\n<p>[\/et_pb_text][\/et_pb_column][et_pb_column type=&#8220;1_2&#8243; _builder_version=&#8220;4.16&#8243; _module_preset=&#8220;default&#8220; global_colors_info=&#8220;{}&#8220;][et_pb_text _builder_version=&#8220;4.27.6&#8243; _module_preset=&#8220;default&#8220; header_3_font=&#8220;|600|||||||&#8220; header_3_font_size=&#8220;20px&#8220; custom_margin=&#8220;||10px||false|false&#8220; locked=&#8220;off&#8220; global_colors_info=&#8220;{}&#8220;]<\/p>\n<h2>Bauchschmerzen<\/h2>\n<p>[\/et_pb_text][et_pb_divider color=&#8220;#9F7C5A&#8220; _builder_version=&#8220;4.27.4&#8243; _module_preset=&#8220;default&#8220; width=&#8220;70%&#8220; locked=&#8220;off&#8220; global_colors_info=&#8220;{}&#8220;][\/et_pb_divider][et_pb_text _builder_version=&#8220;4.27.4&#8243; _module_preset=&#8220;default&#8220; text_font=&#8220;ABeeZee||||||||&#8220; text_line_height=&#8220;2em&#8220; locked=&#8220;off&#8220; global_colors_info=&#8220;{}&#8220;]<\/p>\n<p>Bei starken Beschwerden wie \u00dcbelkeit, Fieber oder Bauchschmerzen sollten Sie jedoch wachsam sein. Insbesondere starke Bauchschmerzen erfordern eine schnelle Untersuchung. Melden Sie sich telefonisch bzw. \u00fcber die Notfallkontakte. Je nach Symptomst\u00e4rke rufen Sie ggf. den Rettungsdienst. Oft sind die Symptome harmlos, aber werdende M\u00fctter erschrecken leicht. Versuchen Sie ruhig zu bleiben.<\/p>\n<p>[\/et_pb_text][\/et_pb_column][\/et_pb_row][et_pb_row column_structure=&#8220;1_2,1_2&#8243; _builder_version=&#8220;4.16&#8243; _module_preset=&#8220;default&#8220; global_colors_info=&#8220;{}&#8220;][et_pb_column type=&#8220;1_2&#8243; _builder_version=&#8220;4.16&#8243; _module_preset=&#8220;default&#8220; global_colors_info=&#8220;{}&#8220;][et_pb_text _builder_version=&#8220;4.27.6&#8243; _module_preset=&#8220;default&#8220; header_3_font=&#8220;|600|||||||&#8220; header_3_font_size=&#8220;20px&#8220; custom_margin=&#8220;||10px||false|false&#8220; locked=&#8220;off&#8220; global_colors_info=&#8220;{}&#8220;]<\/p>\n<h2>Blasensprung<\/h2>\n<p>[\/et_pb_text][et_pb_divider color=&#8220;#9F7C5A&#8220; _builder_version=&#8220;4.27.4&#8243; _module_preset=&#8220;default&#8220; width=&#8220;70%&#8220; locked=&#8220;off&#8220; global_colors_info=&#8220;{}&#8220;][\/et_pb_divider][et_pb_text _builder_version=&#8220;4.27.4&#8243; _module_preset=&#8220;default&#8220; text_font=&#8220;ABeeZee||||||||&#8220; text_line_height=&#8220;2em&#8220; locked=&#8220;off&#8220; global_colors_info=&#8220;{}&#8220;]<\/p>\n<p><span style=\"font-size: 14px;\">Fruchtwasser geh\u00f6rt in die Geb\u00e4rmutter. Kurz vor der Geburt ist ein Verlust normal und zeigt, dass die Geburt bevorsteht. Tritt der Verlust jedoch zu fr\u00fch auf, sollten Kontrollen und Ursachenabkl\u00e4rung erfolgen. Es muss nicht gef\u00e4hrlich sein, aber eine Untersuchung ist wichtig. Bei starkem Fruchtwasserverlust sollten Sie Ruhe bewahren, sich hinlegen und den Rettungsdienst alarmieren, um einen schonenden Transport zu gew\u00e4hrleisten.<\/span><\/p>\n<p>[\/et_pb_text][\/et_pb_column][et_pb_column type=&#8220;1_2&#8243; _builder_version=&#8220;4.16&#8243; _module_preset=&#8220;default&#8220; global_colors_info=&#8220;{}&#8220;][et_pb_text _builder_version=&#8220;4.27.6&#8243; _module_preset=&#8220;default&#8220; header_3_font=&#8220;|600|||||||&#8220; header_3_font_size=&#8220;20px&#8220; custom_margin=&#8220;||10px||false|false&#8220; custom_padding=&#8220;6px|||||&#8220; locked=&#8220;off&#8220; global_colors_info=&#8220;{}&#8220;]<\/p>\n<h2 id=\"cc-m-header-12445472997\">Kind bewegt sich nicht mehr<\/h2>\n<p>[\/et_pb_text][et_pb_divider color=&#8220;#9F7C5A&#8220; _builder_version=&#8220;4.27.4&#8243; _module_preset=&#8220;default&#8220; width=&#8220;70%&#8220; locked=&#8220;off&#8220; global_colors_info=&#8220;{}&#8220;][\/et_pb_divider][et_pb_text _builder_version=&#8220;4.27.4&#8243; _module_preset=&#8220;default&#8220; text_font=&#8220;ABeeZee||||||||&#8220; text_line_height=&#8220;2em&#8220; locked=&#8220;off&#8220; global_colors_info=&#8220;{}&#8220;]<\/p>\n<p>Es ist normal, dass sich ein Baby im Bauch regelm\u00e4\u00dfig bewegt. Ruhephasen kommen vor und sind f\u00fcr die werdende Mutter erholsam. H\u00e4lt die Bewegungspause jedoch ungew\u00f6hnlich lange an, sollte eine Kontrolle erfolgen. Ein schwerer Notfall ist eher selten, aber m\u00f6gliche Probleme sollten schnellstm\u00f6glich ausgeschlossen werden.<\/p>\n<p>[\/et_pb_text][\/et_pb_column][\/et_pb_row][et_pb_row column_structure=&#8220;1_2,1_2&#8243; _builder_version=&#8220;4.16&#8243; _module_preset=&#8220;default&#8220; global_colors_info=&#8220;{}&#8220;][et_pb_column type=&#8220;1_2&#8243; _builder_version=&#8220;4.16&#8243; _module_preset=&#8220;default&#8220; global_colors_info=&#8220;{}&#8220;][et_pb_text _builder_version=&#8220;4.27.6&#8243; _module_preset=&#8220;default&#8220; header_3_font=&#8220;|600|||||||&#8220; header_3_font_size=&#8220;20px&#8220; custom_margin=&#8220;||10px||false|false&#8220; locked=&#8220;off&#8220; global_colors_info=&#8220;{}&#8220;]<\/p>\n<h2>Notfall?<br \/>Wir sind f\u00fcr Sie da!<\/h2>\n<p>[\/et_pb_text][et_pb_divider color=&#8220;#9F7C5A&#8220; _builder_version=&#8220;4.27.4&#8243; _module_preset=&#8220;default&#8220; width=&#8220;70%&#8220; locked=&#8220;off&#8220; global_colors_info=&#8220;{}&#8220;][\/et_pb_divider][et_pb_text _builder_version=&#8220;4.27.4&#8243; _module_preset=&#8220;default&#8220; text_font=&#8220;ABeeZee||||||||&#8220; text_line_height=&#8220;2em&#8220; locked=&#8220;off&#8220; global_colors_info=&#8220;{}&#8220;]Haben Sie w\u00e4hrend Ihrer Schwangerschaft ein Problem oder ungew\u00f6hnliche Symptome? Kontaktieren Sie uns! Wir begleiten Sie durch Ihre Schwangerschaft und achten auf Sie und Ihr Baby. In unserer Privatpraxis f\u00fcr Frauengesundheit und Schmerztherapie sprechen wir ausf\u00fchrlich \u00fcber alles, was Sie w\u00e4hrend Ihrer Schwangerschaft erwartet. Buchen Sie online einen Termin. <span style=\"font-size: 14px;\">Sie erreichen unsere Praxis im Regelfall t\u00e4glich zwischen 7 und 19 Uhr. In dringenden F\u00e4llen steht Ihnen ein Behandler meist kurzfristig zur Verf\u00fcgung. Sie erreichen uns auch per<\/span><span style=\"font-size: 14px;\">\u00a0<\/span><a href=\"https:\/\/wa.me\/496917326760\" target=\"_blank\" rel=\"noopener\">WhatsApp unter: +49 69 17326760<\/a><span style=\"font-size: 14px;\">.<\/span>[\/et_pb_text][\/et_pb_column][et_pb_column type=&#8220;1_2&#8243; _builder_version=&#8220;4.27.4&#8243; _module_preset=&#8220;default&#8220; global_colors_info=&#8220;{}&#8220;][et_pb_text _builder_version=&#8220;4.27.6&#8243; _module_preset=&#8220;default&#8220; header_3_font=&#8220;EB Garamond|600|||||||&#8220; header_3_font_size=&#8220;20px&#8220; custom_margin=&#8220;||10px||false|false&#8220; locked=&#8220;off&#8220; global_colors_info=&#8220;{}&#8220;]<\/p>\n<h2 class=\"\" id=\"cc-m-header-12445472997\"><span data-subtree=\"aimfl\">Wenn der Bauch zu fr\u00fch hart wird: Ruhe und Sicherheit bei vorzeitigen Wehen<\/span><span jsuid=\"lcSeAd_h\" class=\"txxDge notranslate\" jsaction=\"rcuQ6b:&amp;lcSeAd_h|npT2md\" jscontroller=\"udAs2b\" data-sfc-root=\"c\" data-wiz-uids=\"lcSeAd_i,lcSeAd_j\" data-sfc-cb=\"\" data-complete=\"true\"><span class=\"vKEkVd\" data-animation-atomic=\"\" data-wiz-attrbind=\"class=lcSeAd_h\/TKHnVd\" data-sae=\"\"><span aria-hidden=\"true\" aria-owns=\"action-menu-parent-container\"><\/span><\/span><\/span><\/h2>\n<p>[\/et_pb_text][et_pb_divider color=&#8220;#9F7C5A&#8220; _builder_version=&#8220;4.27.4&#8243; _module_preset=&#8220;default&#8220; width=&#8220;70%&#8220; locked=&#8220;off&#8220; global_colors_info=&#8220;{}&#8220;][\/et_pb_divider][et_pb_text _builder_version=&#8220;4.27.6&#8243; _module_preset=&#8220;default&#8220; text_font=&#8220;ABeeZee||||||||&#8220; text_line_height=&#8220;2em&#8220; locked=&#8220;off&#8220; global_colors_info=&#8220;{}&#8220;]<\/p>\n<p>In der Schwangerschaft sind gelegentliche \u00dcbungswehen ganz normal, doch bei vorzeitigen Wehen oder regelm\u00e4\u00dfigen Kontraktionen vor der 37. Schwangerschaftswoche ist besondere Aufmerksamkeit geboten. Sollten Sie bemerken, dass Ihr Bauch in kurzen Abst\u00e4nden hart wird oder Druckgef\u00fchle auftreten, ist es wichtig, fr\u00fchzeitig Ruhe einkehren zu lassen und die Belastung im Alltag sofort zu reduzieren. In unserer Praxis untersuchen wir in solchen F\u00e4llen zeitnah, ob die Kontraktionen bereits Auswirkungen auf den Geb\u00e4rmutterhals haben, um eine drohende Fr\u00fchgeburt zu verhindern.<\/p>\n<p>[\/et_pb_text][\/et_pb_column][\/et_pb_row][et_pb_row _builder_version=&#8220;4.27.6&#8243; _module_preset=&#8220;default&#8220; global_colors_info=&#8220;{}&#8220;][et_pb_column type=&#8220;4_4&#8243; _builder_version=&#8220;4.27.6&#8243; _module_preset=&#8220;default&#8220; global_colors_info=&#8220;{}&#8220;][et_pb_text _builder_version=&#8220;4.27.6&#8243; _module_preset=&#8220;default&#8220; global_colors_info=&#8220;{}&#8220;]<\/p>\n<p>Bei Notf\u00e4llen in der Schwangerschaft vor der abgeschlossenen 37. Schwangerschaftswoche stellen Sie sich bitte ausserhalb der Praxis\u00f6ffnungszeiten in einer der nachfolgenden Kliniken vor. Ab der 38. Schwangerschaftswoche stellen Sie sich in ihrem gew\u00e4hlten Krankenhaus vor.<\/p>\n<p>&nbsp;<\/p>\n<p>[\/et_pb_text][\/et_pb_column][\/et_pb_row][et_pb_row column_structure=&#8220;1_3,1_3,1_3&#8243; _builder_version=&#8220;4.27.6&#8243; _module_preset=&#8220;default&#8220; global_colors_info=&#8220;{}&#8220;][et_pb_column type=&#8220;1_3&#8243; _builder_version=&#8220;4.27.6&#8243; _module_preset=&#8220;default&#8220; global_colors_info=&#8220;{}&#8220;][et_pb_image src=&#8220;https:\/\/www.frauengesundheit-frankfurt.de\/wp-content\/uploads\/2026\/04\/UniFFM.png&#8220; alt=&#8220;Uniklinik Frankfurt&#8220; title_text=&#8220;Uniklinik Frankfurt&#8220; url=&#8220;https:\/\/www.unimedizin-ffm.de\/einrichtungen\/kliniken\/klinik-fuer-frauenheilkunde-und-geburtshilfe&#8220; url_new_window=&#8220;on&#8220; align=&#8220;center&#8220; _builder_version=&#8220;4.27.6&#8243; _module_preset=&#8220;default&#8220; width=&#8220;90%&#8220; max_width=&#8220;90%&#8220; global_colors_info=&#8220;{}&#8220;][\/et_pb_image][\/et_pb_column][et_pb_column type=&#8220;1_3&#8243; _builder_version=&#8220;4.27.6&#8243; _module_preset=&#8220;default&#8220; global_colors_info=&#8220;{}&#8220;][et_pb_image src=&#8220;https:\/\/www.frauengesundheit-frankfurt.de\/wp-content\/uploads\/2026\/05\/varisamo.jpg&#8220; alt=&#8220;Klinikum Frankfurt H\u00f6chst&#8220; title_text=&#8220;varisamo&#8220; url=&#8220;https:\/\/www.varisano.de\/klinikum-frankfurt-hoechst\/geburtshilfe&#8220; url_new_window=&#8220;on&#8220; align=&#8220;center&#8220; _builder_version=&#8220;4.27.6&#8243; _module_preset=&#8220;default&#8220; width=&#8220;80%&#8220; max_width=&#8220;80%&#8220; global_colors_info=&#8220;{}&#8220;][\/et_pb_image][\/et_pb_column][et_pb_column type=&#8220;1_3&#8243; _builder_version=&#8220;4.27.6&#8243; _module_preset=&#8220;default&#8220; global_colors_info=&#8220;{}&#8220;][et_pb_text _builder_version=&#8220;4.27.6&#8243; _module_preset=&#8220;default&#8220; global_colors_info=&#8220;{}&#8220;]<\/p>\n<p><a href=\"https:\/\/www.buergerhospital-ffm.de\/medizinische-fachbereiche\/frauen-geburtshilfe-und-kinder\/geburtshilfe-und-frauenheilkunde\/\" target=\"_blank\" rel=\"noopener\">B\u00fcrgerhospital Frankfurt<\/a><\/p>\n<p>[\/et_pb_text][\/et_pb_column][\/et_pb_row][\/et_pb_section][et_pb_section fb_built=&#8220;1&#8243; admin_label=&#8220;About&#8220; _builder_version=&#8220;4.16&#8243; _module_preset=&#8220;default&#8220; overflow-x=&#8220;hidden&#8220; overflow-y=&#8220;hidden&#8220; locked=&#8220;off&#8220; global_colors_info=&#8220;{}&#8220;][et_pb_row column_structure=&#8220;1_2,1_2&#8243; _builder_version=&#8220;4.27.4&#8243; _module_preset=&#8220;default&#8220; global_colors_info=&#8220;{}&#8220;][et_pb_column type=&#8220;1_2&#8243; _builder_version=&#8220;4.27.4&#8243; _module_preset=&#8220;default&#8220; global_colors_info=&#8220;{}&#8220;][et_pb_button button_url=&#8220;\/schwangerschaft&#8220; button_text=&#8220;Zur\u00fcck zur \u00dcbersichtsseite&#8220; button_alignment=&#8220;center&#8220; _builder_version=&#8220;4.27.4&#8243; _module_preset=&#8220;default&#8220; custom_button=&#8220;on&#8220; button_text_color=&#8220;gcid-ff1cd8ff-d53b-4acb-a6a2-d8058e5df3bb&#8220; button_icon=&#8220;&#x4a;||divi||400&#8243; button_icon_placement=&#8220;left&#8220; button_on_hover=&#8220;off&#8220; global_colors_info=&#8220;{%22gcid-ff1cd8ff-d53b-4acb-a6a2-d8058e5df3bb%22:%91%22button_text_color%22%93}&#8220;][\/et_pb_button][\/et_pb_column][et_pb_column type=&#8220;1_2&#8243; _builder_version=&#8220;4.27.4&#8243; _module_preset=&#8220;default&#8220; global_colors_info=&#8220;{}&#8220;][et_pb_button button_url=&#8220;\/termin&#8220; button_text=&#8220;Termin buchen&#8220; button_alignment=&#8220;center&#8220; _builder_version=&#8220;4.27.4&#8243; _module_preset=&#8220;default&#8220; custom_button=&#8220;on&#8220; button_text_color=&#8220;gcid-ff1cd8ff-d53b-4acb-a6a2-d8058e5df3bb&#8220; button_icon=&#8220;&#xf073;||fa||900&#8243; button_icon_placement=&#8220;left&#8220; button_on_hover=&#8220;off&#8220; global_colors_info=&#8220;{%22gcid-ff1cd8ff-d53b-4acb-a6a2-d8058e5df3bb%22:%91%22button_text_color%22%93}&#8220;][\/et_pb_button][\/et_pb_column][\/et_pb_row][\/et_pb_section]<\/p>\n","protected":false},"excerpt":{"rendered":"<p>Akute Beschwerden und Notf\u00e4lle in der Schwangerschaft Regelm\u00e4\u00dfige Untersuchungen und unsere Betreuung \u00fcberwachen die Entwicklung Ihres Kindes und Ihre Gesundheit w\u00e4hrend der Schwangerschaft. Trotzdem k\u00f6nnen akute Beschwerden und Notf\u00e4lle in der Schwangerschaft, z.B. vaginale Blutungen, Blasensprung oder vorzeitige Wehen auftreten, die schnelles Handeln erfordern Allgemeine Erkrankungen\u00a0Ein leichter Schnupfen ist w\u00e4hrend der Schwangerschaft meist unbedenklich. Dennoch [&hellip;]<\/p>\n","protected":false},"author":1,"featured_media":1377028,"parent":68,"menu_order":40,"comment_status":"closed","ping_status":"closed","template":"","meta":{"_et_pb_use_builder":"on","_et_pb_old_content":"<!-- wp:divi\/placeholder \/-->","_et_gb_content_width":"","footnotes":""},"class_list":["post-1376762","page","type-page","status-publish","has-post-thumbnail","hentry"],"_links":{"self":[{"href":"https:\/\/www.frauengesundheit-frankfurt.de\/en\/wp-json\/wp\/v2\/pages\/1376762","targetHints":{"allow":["GET"]}}],"collection":[{"href":"https:\/\/www.frauengesundheit-frankfurt.de\/en\/wp-json\/wp\/v2\/pages"}],"about":[{"href":"https:\/\/www.frauengesundheit-frankfurt.de\/en\/wp-json\/wp\/v2\/types\/page"}],"author":[{"embeddable":true,"href":"https:\/\/www.frauengesundheit-frankfurt.de\/en\/wp-json\/wp\/v2\/users\/1"}],"replies":[{"embeddable":true,"href":"https:\/\/www.frauengesundheit-frankfurt.de\/en\/wp-json\/wp\/v2\/comments?post=1376762"}],"version-history":[{"count":3,"href":"https:\/\/www.frauengesundheit-frankfurt.de\/en\/wp-json\/wp\/v2\/pages\/1376762\/revisions"}],"predecessor-version":[{"id":1378877,"href":"https:\/\/www.frauengesundheit-frankfurt.de\/en\/wp-json\/wp\/v2\/pages\/1376762\/revisions\/1378877"}],"up":[{"embeddable":true,"href":"https:\/\/www.frauengesundheit-frankfurt.de\/en\/wp-json\/wp\/v2\/pages\/68"}],"wp:featuredmedia":[{"embeddable":true,"href":"https:\/\/www.frauengesundheit-frankfurt.de\/en\/wp-json\/wp\/v2\/media\/1377028"}],"wp:attachment":[{"href":"https:\/\/www.frauengesundheit-frankfurt.de\/en\/wp-json\/wp\/v2\/media?parent=1376762"}],"curies":[{"name":"wp","href":"https:\/\/api.w.org\/{rel}","templated":true}]}}