{"id":1376738,"date":"2025-06-08T14:34:07","date_gmt":"2025-06-08T12:34:07","guid":{"rendered":"https:\/\/fragyn.appentwicklung-frankfurt.de\/?page_id=1376738"},"modified":"2026-04-28T12:27:41","modified_gmt":"2026-04-28T10:27:41","slug":"praenataldiagnostik","status":"publish","type":"page","link":"https:\/\/www.frauengesundheit-frankfurt.de\/en\/schwangerschaft\/praenataldiagnostik\/","title":{"rendered":"Prenatal diagnosis with NIPT + AC"},"content":{"rendered":"<p>[et_pb_section fb_built=&#8220;1&#8243; admin_label=&#8220;About&#8220; _builder_version=&#8220;4.16&#8243; _module_preset=&#8220;default&#8220; overflow-x=&#8220;hidden&#8220; overflow-y=&#8220;hidden&#8220; locked=&#8220;off&#8220; global_colors_info=&#8220;{}&#8220;][et_pb_row column_structure=&#8220;1_2,1_2&#8243; _builder_version=&#8220;4.16&#8243; _module_preset=&#8220;default&#8220; global_colors_info=&#8220;{}&#8220;][et_pb_column type=&#8220;1_2&#8243; _builder_version=&#8220;4.16&#8243; _module_preset=&#8220;default&#8220; global_colors_info=&#8220;{}&#8220;][et_pb_text _builder_version=&#8220;4.27.6&#8243; _module_preset=&#8220;default&#8220; header_3_font=&#8220;EB Garamond|600|||||||&#8220; header_3_font_size=&#8220;20px&#8220; custom_margin=&#8220;||10px||false|false&#8220; locked=&#8220;off&#8220; global_colors_info=&#8220;{}&#8220;]<\/p>\n<h1>Pr\u00e4nataldiagnostik<\/h1>\n<p>[\/et_pb_text][et_pb_divider color=&#8220;#9F7C5A&#8220; _builder_version=&#8220;4.27.4&#8243; _module_preset=&#8220;default&#8220; width=&#8220;70%&#8220; locked=&#8220;off&#8220; global_colors_info=&#8220;{}&#8220;][\/et_pb_divider][et_pb_text _builder_version=&#8220;4.27.6&#8243; _module_preset=&#8220;default&#8220; header_2_font=&#8220;EB Garamond||||||||&#8220; header_2_font_size=&#8220;48px&#8220; header_2_line_height=&#8220;1.3em&#8220; hover_enabled=&#8220;0&#8243; header_2_font_size_tablet=&#8220;34px&#8220; header_2_font_size_phone=&#8220;22px&#8220; header_2_font_size_last_edited=&#8220;on|phone&#8220; locked=&#8220;off&#8220; global_colors_info=&#8220;{}&#8220; header_2_2_font_size_tablet=&#8220;34px&#8220; header_3_2_font_size_tablet=&#8220;34px&#8220; header_4_2_font_size_tablet=&#8220;34px&#8220; header_5_2_font_size_tablet=&#8220;34px&#8220; header_6_2_font_size_tablet=&#8220;34px&#8220; header_2_2_font_size_phone=&#8220;22px&#8220; header_3_2_font_size_phone=&#8220;22px&#8220; header_4_2_font_size_phone=&#8220;22px&#8220; header_5_2_font_size_phone=&#8220;22px&#8220; header_6_2_font_size_phone=&#8220;22px&#8220; header_2_2_font_size_last_edited=&#8220;on|phone&#8220; header_3_2_font_size_last_edited=&#8220;on|phone&#8220; header_4_2_font_size_last_edited=&#8220;on|phone&#8220; header_5_2_font_size_last_edited=&#8220;on|phone&#8220; header_6_2_font_size_last_edited=&#8220;on|phone&#8220; sticky_enabled=&#8220;0&#8243;]<\/p>\n<h2>Die Zeit der Erwartung \u2013 Sicherheit und Klarheit durch moderne Pr\u00e4nataldiagnostik, u.a. NIPT + AC<\/h2>\n<p>[\/et_pb_text][et_pb_text _builder_version=&#8220;4.27.6&#8243; _module_preset=&#8220;default&#8220; text_font=&#8220;ABeeZee||||||||&#8220; text_line_height=&#8220;2em&#8220; hover_enabled=&#8220;0&#8243; locked=&#8220;off&#8220; global_colors_info=&#8220;{}&#8220; sticky_enabled=&#8220;0&#8243;]<\/p>\n<p>Die Schwangerschaft ist eine ganz besondere Phase in Ihrem Leben \u2013 gepr\u00e4gt von Vorfreude, aber oft auch von leisen Sorgen und vielen Fragen. Als Ihre Frauen\u00e4rztin ist es mir ein Herzensanliegen, Sie und Ihr ungeborenes Kind in dieser Zeit medizinisch fundiert und einf\u00fchlsam zu begleiten. Wir vereinen in unserer Praxis die Fachbereiche Gyn\u00e4kologie, Pr\u00e4natalmedizin und Genetik, um Ihnen eine Betreuung auf h\u00f6chstem Niveau zu bieten.<\/p>\n<p>[\/et_pb_text][\/et_pb_column][et_pb_column type=&#8220;1_2&#8243; _builder_version=&#8220;4.16&#8243; _module_preset=&#8220;default&#8220; global_colors_info=&#8220;{}&#8220;][et_pb_image src=&#8220;https:\/\/www.frauengesundheit-frankfurt.de\/wp-content\/uploads\/2025\/05\/AdobeStock_632179066-1-scaled.jpeg&#8220; alt=&#8220;Nichtinvasive pr\u00e4natale Tests (NIPT) im Rahmen der Schwangerschaftsvorsorge. Hier ein Reagenzglas mit Blutprobe zur weiteren Diagnostik im Labor mit Nahaufnahme und Abbildung einer DNA-Struktur&#8220; title_text=&#8220;Nichtinvasive pr\u00e4natale Tests (NIPT) im Rahmen der Schwangerschaftsvorsorge&#8220; _builder_version=&#8220;4.27.4&#8243; _module_preset=&#8220;default&#8220; custom_margin=&#8220;70px||||false|false&#8220; global_colors_info=&#8220;{}&#8220;][\/et_pb_image][\/et_pb_column][\/et_pb_row][et_pb_row _builder_version=&#8220;4.27.6&#8243; _module_preset=&#8220;default&#8220;][et_pb_column _builder_version=&#8220;4.27.6&#8243; _module_preset=&#8220;default&#8220; type=&#8220;4_4&#8243;][et_pb_text _builder_version=&#8220;4.27.6&#8243; _module_preset=&#8220;default&#8220; hover_enabled=&#8220;0&#8243; sticky_enabled=&#8220;0&#8243;]<\/p>\n<p>Die moderne Pr\u00e4nataldiagnostik bietet uns heute vielf\u00e4ltige M\u00f6glichkeiten, die Entwicklung Ihres Babys fr\u00fchzeitig zu beurteilen und m\u00f6gliche gesundheitliche Risiken fundiert abzukl\u00e4ren. Oft ist es der erste Herzschlag, der alles ver\u00e4ndert und das abstrakte Gl\u00fcck einer Schwangerschaft f\u00fcr Sie pl\u00f6tzlich greifbar und real macht. Damit Sie diese besondere Zeit der Erwartung mit einem rundum guten Gef\u00fchl genie\u00dfen k\u00f6nnen, setzen wir in unserer Praxis vorrangig auf schonende, nichtinvasive Untersuchungen, die nach aktuellem Stand der Medizin keinerlei Risiko f\u00fcr Ihr ungeborenes Kind darstellen.<\/p>\n<p>Dabei geht es uns ausdr\u00fccklich nicht nur um die blo\u00dfe Vermittlung medizinischer Fakten. Unser Anliegen ist es vielmehr, Ihnen durch volle Transparenz, Zeit f\u00fcr Ihre Fragen und eine individuelle, pers\u00f6nliche Beratung die n\u00f6tige Sicherheit und Orientierung f\u00fcr Ihren weiteren Weg zu geben. Wir m\u00f6chten, dass Sie jede Entscheidung informiert und mit Zuversicht treffen k\u00f6nnen.<\/p>\n<p>Im Folgenden m\u00f6chte ich Ihnen zwei wesentliche Verfahren vorstellen, die unterschiedliche Fragestellungen beantworten und verschiedene Schwerpunkte setzen k\u00f6nnen: den modernen nicht-invasiven Pr\u00e4natalscreening-Test (NIPT) sowie die bew\u00e4hrte Fruchtwasseruntersuchung (Amniozentese).<\/p>\n<p>[\/et_pb_text][\/et_pb_column][\/et_pb_row][et_pb_row column_structure=&#8220;1_2,1_2&#8243; _builder_version=&#8220;4.16&#8243; _module_preset=&#8220;default&#8220; global_colors_info=&#8220;{}&#8220;][et_pb_column type=&#8220;1_2&#8243; _builder_version=&#8220;4.16&#8243; _module_preset=&#8220;default&#8220; global_colors_info=&#8220;{}&#8220;][et_pb_text _builder_version=&#8220;4.27.6&#8243; _module_preset=&#8220;default&#8220; header_3_font=&#8220;EB Garamond|600|||||||&#8220; header_3_font_size=&#8220;20px&#8220; custom_margin=&#8220;||10px||false|false&#8220; hover_enabled=&#8220;0&#8243; locked=&#8220;off&#8220; global_colors_info=&#8220;{}&#8220; sticky_enabled=&#8220;0&#8243;]<\/p>\n<h3><span>Amniozentese<\/span><\/h3>\n<p>[\/et_pb_text][et_pb_divider color=&#8220;#9F7C5A&#8220; _builder_version=&#8220;4.27.4&#8243; _module_preset=&#8220;default&#8220; width=&#8220;70%&#8220; locked=&#8220;off&#8220; global_colors_info=&#8220;{}&#8220;][\/et_pb_divider][et_pb_text _builder_version=&#8220;4.27.4&#8243; _module_preset=&#8220;default&#8220; header_2_font=&#8220;EB Garamond||||||||&#8220; header_2_font_size=&#8220;48px&#8220; header_2_line_height=&#8220;1.3em&#8220; header_2_font_size_tablet=&#8220;34px&#8220; header_2_font_size_phone=&#8220;22px&#8220; header_2_font_size_last_edited=&#8220;on|phone&#8220; locked=&#8220;off&#8220; global_colors_info=&#8220;{}&#8220; header_2_2_font_size_tablet=&#8220;34px&#8220; header_3_2_font_size_tablet=&#8220;34px&#8220; header_4_2_font_size_tablet=&#8220;34px&#8220; header_5_2_font_size_tablet=&#8220;34px&#8220; header_6_2_font_size_tablet=&#8220;34px&#8220; header_2_2_font_size_phone=&#8220;22px&#8220; header_3_2_font_size_phone=&#8220;22px&#8220; header_4_2_font_size_phone=&#8220;22px&#8220; header_5_2_font_size_phone=&#8220;22px&#8220; header_6_2_font_size_phone=&#8220;22px&#8220; header_2_2_font_size_last_edited=&#8220;on|phone&#8220; header_3_2_font_size_last_edited=&#8220;on|phone&#8220; header_4_2_font_size_last_edited=&#8220;on|phone&#8220; header_5_2_font_size_last_edited=&#8220;on|phone&#8220; header_6_2_font_size_last_edited=&#8220;on|phone&#8220;]<\/p>\n<h3>Eine Fruchtwasserpunktion kann bei auff\u00e4lligem Ersttrimesterscreening indiziert sein, um das Risiko von genetischen Erkrankungen zu beurteilen.<\/h3>\n<p>[\/et_pb_text][et_pb_text _builder_version=&#8220;4.27.6&#8243; _module_preset=&#8220;default&#8220; text_font=&#8220;ABeeZee||||||||&#8220; text_line_height=&#8220;2em&#8220; hover_enabled=&#8220;0&#8243; locked=&#8220;off&#8220; global_colors_info=&#8220;{}&#8220; sticky_enabled=&#8220;0&#8243;]<\/p>\n<p>Die Amniozentese, auch Fruchtwasseruntersuchung genannt, ist eine etablierte diagnostische Methode, die bei spezifischen Indikationen eingesetzt wird, um genetische Ver\u00e4nderungen oder chromosonale Auff\u00e4lligkeiten mit h\u00f6chster Sicherheit zu erkennen. Das Verfahren kann in der Regel ab der 15. Schwangerschaftswoche durchgef\u00fchrt werden und liefert uns durch die Analyse kindlicher Zellen wertvolle Informationen zur individuellen Gesundheit Ihres Babys. Da es sich hierbei um ein invasives Verfahren handelt, legen wir im Rahmen unserer Betreuung gr\u00f6\u00dften Wert auf eine ausf\u00fchrliche Beratung und eine sorgsame, individuelle Risikoabw\u00e4gung. Unser Ziel ist es, Sie kompetent und einf\u00fchlsam zu begleiten, um Ihnen bei dieser wichtigen Entscheidung die n\u00f6tige Sicherheit und Unterst\u00fctzung zur Seite zu stellen.<\/p>\n<p>[\/et_pb_text][et_pb_image src=&#8220;https:\/\/www.frauengesundheit-frankfurt.de\/wp-content\/uploads\/2026\/04\/doccheck.jpg&#8220; _builder_version=&#8220;4.27.6&#8243; _module_preset=&#8220;default&#8220; hover_enabled=&#8220;0&#8243; sticky_enabled=&#8220;0&#8243; alt=&#8220;doccheck &#8211; Lexikom&#8220; title_text=&#8220;doccheck&#8220; align=&#8220;center&#8220; width=&#8220;60%&#8220; max_width=&#8220;60%&#8220; url=&#8220;https:\/\/flexikon.doccheck.com\/de\/Amniozentese&#8220; url_new_window=&#8220;on&#8220;][\/et_pb_image][et_pb_text _builder_version=&#8220;4.27.6&#8243; _module_preset=&#8220;default&#8220; hover_enabled=&#8220;0&#8243; sticky_enabled=&#8220;0&#8243;]<\/p>\n<p style=\"text-align: center;\"><a href=\"https:\/\/flexikon.doccheck.com\/de\/Amniozentese\" target=\"_blank\" rel=\"noopener\">Weitergehende Informationen zur Amniozentese finden Sie hier-<\/a><\/p>\n<p>[\/et_pb_text][\/et_pb_column][et_pb_column type=&#8220;1_2&#8243; _builder_version=&#8220;4.16&#8243; _module_preset=&#8220;default&#8220; global_colors_info=&#8220;{}&#8220;][et_pb_text _builder_version=&#8220;4.27.6&#8243; _module_preset=&#8220;default&#8220; header_3_font=&#8220;EB Garamond|600|||||||&#8220; header_3_font_size=&#8220;20px&#8220; custom_margin=&#8220;||10px||false|false&#8220; locked=&#8220;off&#8220; global_colors_info=&#8220;{}&#8220;]<\/p>\n<h3>NIPT &#8211; nicht-invasiver Pr\u00e4nataltest<\/h3>\n<p>[\/et_pb_text][et_pb_divider color=&#8220;#9F7C5A&#8220; _builder_version=&#8220;4.27.4&#8243; _module_preset=&#8220;default&#8220; width=&#8220;70%&#8220; locked=&#8220;off&#8220; global_colors_info=&#8220;{}&#8220;][\/et_pb_divider][et_pb_text _builder_version=&#8220;4.27.6&#8243; _module_preset=&#8220;default&#8220; header_2_font=&#8220;EB Garamond||||||||&#8220; header_2_font_size=&#8220;48px&#8220; header_2_line_height=&#8220;1.3em&#8220; header_2_font_size_tablet=&#8220;34px&#8220; header_2_font_size_phone=&#8220;22px&#8220; header_2_font_size_last_edited=&#8220;on|phone&#8220; locked=&#8220;off&#8220; global_colors_info=&#8220;{}&#8220; header_2_2_font_size_tablet=&#8220;34px&#8220; header_3_2_font_size_tablet=&#8220;34px&#8220; header_4_2_font_size_tablet=&#8220;34px&#8220; header_5_2_font_size_tablet=&#8220;34px&#8220; header_6_2_font_size_tablet=&#8220;34px&#8220; header_2_2_font_size_phone=&#8220;22px&#8220; header_3_2_font_size_phone=&#8220;22px&#8220; header_4_2_font_size_phone=&#8220;22px&#8220; header_5_2_font_size_phone=&#8220;22px&#8220; header_6_2_font_size_phone=&#8220;22px&#8220; header_2_2_font_size_last_edited=&#8220;on|phone&#8220; header_3_2_font_size_last_edited=&#8220;on|phone&#8220; header_4_2_font_size_last_edited=&#8220;on|phone&#8220; header_5_2_font_size_last_edited=&#8220;on|phone&#8220; header_6_2_font_size_last_edited=&#8220;on|phone&#8220;]<\/p>\n<h3>Sicherheit f\u00fcr Mutter und Kind, die fetale DNA Diagnostik aus einer m\u00fctterlichen Blutprobe.<\/h3>\n<p>[\/et_pb_text][et_pb_text _builder_version=&#8220;4.27.6&#8243; _module_preset=&#8220;default&#8220; text_font=&#8220;ABeeZee||||||||&#8220; text_line_height=&#8220;2em&#8220; hover_enabled=&#8220;0&#8243; locked=&#8220;off&#8220; global_colors_info=&#8220;{}&#8220; sticky_enabled=&#8220;0&#8243;]<\/p>\n<p>Die moderne Pr\u00e4nataldiagnostik erm\u00f6glicht es, bereits fr\u00fchzeitig fundierte Informationen \u00fcber die individuelle Entwicklung Ihres Babys zu gewinnen und m\u00f6gliche gesundheitliche Risiken fr\u00fch zu erkennen. Mit hochmodernen Verfahren wie detaillierten Ultraschalluntersuchungen und spezialisierten genetischen Tests k\u00f6nnen wir Ihnen in unserer Praxis eine besonders pr\u00e4zise und zuverl\u00e4ssige Diagnostik bieten. Unser wichtigstes Ziel ist es dabei, Sicherheit sowie medizinische Klarheit zu schaffen, um Sie und Ihr Kind optimal und beruhigt durch die gesamte Schwangerschaft zu begleiten.<br \/>Nicht-invasive pr\u00e4natale Tests (NIPT) erm\u00f6glichen es zudem, \u00fcber die zellfreie fetale DNA aus einer einfachen Blutprobe der Schwangeren wichtige genetische Informationen \u00fcber den F\u00f6tus \u2013 wie das Vorliegen der Trisomien 13, 18 und 21 \u2013 zu gewinnen. Diese innovativen Tests sind im Vergleich zu invasiven Methoden wie der Amniozentese oder Chorionzottenbiopsie vollkommen ohne Risiko f\u00fcr eine Fehlgeburt und bieten werdenden Eltern eine schmerzarfreie M\u00f6glichkeit der Fr\u00fcherkennung.<\/p>\n<p>[\/et_pb_text][\/et_pb_column][\/et_pb_row][et_pb_row _builder_version=&#8220;4.27.6&#8243; _module_preset=&#8220;default&#8220;][et_pb_column _builder_version=&#8220;4.27.6&#8243; _module_preset=&#8220;default&#8220; type=&#8220;4_4&#8243;][et_pb_heading title=&#8220;FAQ &#8211; %22Frequently Asked Questions%22&#8243; _builder_version=&#8220;4.27.6&#8243; _module_preset=&#8220;default&#8220; title_level=&#8220;h3&#8243; hover_enabled=&#8220;0&#8243; sticky_enabled=&#8220;0&#8243;][\/et_pb_heading][\/et_pb_column][\/et_pb_row][et_pb_row _builder_version=&#8220;4.27.6&#8243; _module_preset=&#8220;default&#8220; column_structure=&#8220;1_2,1_2&#8243;][et_pb_column _builder_version=&#8220;4.27.6&#8243; _module_preset=&#8220;default&#8220; type=&#8220;1_2&#8243;][et_pb_heading title=&#8220;Was wird alles bei der Pr\u00e4nataldiagnostik gemacht?&#8220; _builder_version=&#8220;4.27.6&#8243; _module_preset=&#8220;default&#8220; title_level=&#8220;h4&#8243; hover_enabled=&#8220;0&#8243; sticky_enabled=&#8220;0&#8243;][\/et_pb_heading][et_pb_text _builder_version=&#8220;4.27.6&#8243; _module_preset=&#8220;default&#8220; hover_enabled=&#8220;0&#8243; sticky_enabled=&#8220;0&#8243;]<\/p>\n<ul>\n<li style=\"list-style-type: none;\">\n<ul>\n<li>Ersttrimester-Screening: Kombination aus Ultraschall (Nackentransparenzmessung) und Blutwerten.<\/li>\n<li>Feindiagnostik \/ Organscreening: Detaillierte Ultraschall-Beurteilung der kindlichen Organe und des Herzens.<\/li>\n<li>Nicht-invasive Pr\u00e4nataltests (NIPT): Bestimmung genetischer Risiken \u00fcber eine einfache Blutprobe der Mutter.<\/li>\n<\/ul>\n<\/li>\n<\/ul>\n<p>[\/et_pb_text][\/et_pb_column][et_pb_column _builder_version=&#8220;4.27.6&#8243; _module_preset=&#8220;default&#8220; type=&#8220;1_2&#8243;][et_pb_heading title=&#8220;Wann ist Pr\u00e4nataldiagnostik sinnvoll?&#8220; _builder_version=&#8220;4.27.6&#8243; _module_preset=&#8220;default&#8220; title_level=&#8220;h4&#8243; hover_enabled=&#8220;0&#8243; sticky_enabled=&#8220;0&#8243;][\/et_pb_heading][et_pb_text _builder_version=&#8220;4.27.6&#8243; _module_preset=&#8220;default&#8220; hover_enabled=&#8220;0&#8243; sticky_enabled=&#8220;0&#8243;]<\/p>\n<ul>\n<li>Wunsch nach zus\u00e4tzlicher Sicherheit<\/li>\n<li>H\u00f6heres m\u00fctterliches Alter: Da mit steigendem Alter die Wahrscheinlichkeit f\u00fcr chromosonale Ver\u00e4nderungen leicht zunimmt.<\/li>\n<li>Famili\u00e4re Vorbelastung \/\u00a0Auff\u00e4lligkeiten im Basis-Ultraschall<\/li>\n<li>Vorangegangene komplizierte Schwangerschaften: Zur Beruhigung und engmaschigen \u00dcberwachung nach fr\u00fcheren Fehlgeburten oder Schwangerschaften mit gesundheitlichen Herausforderungen.<\/li>\n<\/ul>\n<p>[\/et_pb_text][\/et_pb_column][\/et_pb_row][et_pb_row column_structure=&#8220;1_2,1_2&#8243; _builder_version=&#8220;4.27.4&#8243; _module_preset=&#8220;default&#8220; global_colors_info=&#8220;{}&#8220;][et_pb_column type=&#8220;1_2&#8243; _builder_version=&#8220;4.27.4&#8243; _module_preset=&#8220;default&#8220; global_colors_info=&#8220;{}&#8220;][et_pb_button button_url=&#8220;\/schwangerschaft&#8220; button_text=&#8220;Zur\u00fcck zur \u00dcbersichtsseite&#8220; button_alignment=&#8220;center&#8220; _builder_version=&#8220;4.27.4&#8243; _module_preset=&#8220;default&#8220; custom_button=&#8220;on&#8220; button_text_color=&#8220;gcid-ff1cd8ff-d53b-4acb-a6a2-d8058e5df3bb&#8220; button_icon=&#8220;&#x4a;||divi||400&#8243; button_icon_placement=&#8220;left&#8220; button_on_hover=&#8220;off&#8220; global_colors_info=&#8220;{%22gcid-ff1cd8ff-d53b-4acb-a6a2-d8058e5df3bb%22:%91%22button_text_color%22%93}&#8220;][\/et_pb_button][\/et_pb_column][et_pb_column type=&#8220;1_2&#8243; _builder_version=&#8220;4.27.4&#8243; _module_preset=&#8220;default&#8220; global_colors_info=&#8220;{}&#8220;][et_pb_button button_url=&#8220;\/termin&#8220; button_text=&#8220;Termin buchen&#8220; button_alignment=&#8220;center&#8220; _builder_version=&#8220;4.27.4&#8243; _module_preset=&#8220;default&#8220; custom_button=&#8220;on&#8220; button_text_color=&#8220;gcid-ff1cd8ff-d53b-4acb-a6a2-d8058e5df3bb&#8220; button_icon=&#8220;&#xf073;||fa||900&#8243; button_icon_placement=&#8220;left&#8220; button_on_hover=&#8220;off&#8220; global_colors_info=&#8220;{%22gcid-ff1cd8ff-d53b-4acb-a6a2-d8058e5df3bb%22:%91%22button_text_color%22%93}&#8220;][\/et_pb_button][\/et_pb_column][\/et_pb_row][\/et_pb_section]<\/p>\n","protected":false},"excerpt":{"rendered":"<p>Pr\u00e4nataldiagnostikDie Zeit der Erwartung \u2013 Sicherheit und Klarheit durch moderne Pr\u00e4nataldiagnostik, u.a. NIPT + ACDie Schwangerschaft ist eine ganz besondere Phase in Ihrem Leben \u2013 gepr\u00e4gt von Vorfreude, aber oft auch von leisen Sorgen und vielen Fragen. Als Ihre Frauen\u00e4rztin ist es mir ein Herzensanliegen, Sie und Ihr ungeborenes Kind in dieser Zeit medizinisch fundiert [&hellip;]<\/p>\n","protected":false},"author":1,"featured_media":1376567,"parent":68,"menu_order":40,"comment_status":"closed","ping_status":"closed","template":"","meta":{"_et_pb_use_builder":"on","_et_pb_old_content":"<!-- wp:divi\/placeholder \/-->","_et_gb_content_width":"","footnotes":""},"class_list":["post-1376738","page","type-page","status-publish","has-post-thumbnail","hentry"],"_links":{"self":[{"href":"https:\/\/www.frauengesundheit-frankfurt.de\/en\/wp-json\/wp\/v2\/pages\/1376738","targetHints":{"allow":["GET"]}}],"collection":[{"href":"https:\/\/www.frauengesundheit-frankfurt.de\/en\/wp-json\/wp\/v2\/pages"}],"about":[{"href":"https:\/\/www.frauengesundheit-frankfurt.de\/en\/wp-json\/wp\/v2\/types\/page"}],"author":[{"embeddable":true,"href":"https:\/\/www.frauengesundheit-frankfurt.de\/en\/wp-json\/wp\/v2\/users\/1"}],"replies":[{"embeddable":true,"href":"https:\/\/www.frauengesundheit-frankfurt.de\/en\/wp-json\/wp\/v2\/comments?post=1376738"}],"version-history":[{"count":2,"href":"https:\/\/www.frauengesundheit-frankfurt.de\/en\/wp-json\/wp\/v2\/pages\/1376738\/revisions"}],"predecessor-version":[{"id":1378811,"href":"https:\/\/www.frauengesundheit-frankfurt.de\/en\/wp-json\/wp\/v2\/pages\/1376738\/revisions\/1378811"}],"up":[{"embeddable":true,"href":"https:\/\/www.frauengesundheit-frankfurt.de\/en\/wp-json\/wp\/v2\/pages\/68"}],"wp:featuredmedia":[{"embeddable":true,"href":"https:\/\/www.frauengesundheit-frankfurt.de\/en\/wp-json\/wp\/v2\/media\/1376567"}],"wp:attachment":[{"href":"https:\/\/www.frauengesundheit-frankfurt.de\/en\/wp-json\/wp\/v2\/media?parent=1376738"}],"curies":[{"name":"wp","href":"https:\/\/api.w.org\/{rel}","templated":true}]}}