{"id":1376734,"date":"2025-06-08T12:27:33","date_gmt":"2025-06-08T10:27:33","guid":{"rendered":"https:\/\/fragyn.appentwicklung-frankfurt.de\/?page_id=1376734"},"modified":"2026-04-19T20:43:37","modified_gmt":"2026-04-19T18:43:37","slug":"schwangerschaftsvorsorge","status":"publish","type":"page","link":"https:\/\/www.frauengesundheit-frankfurt.de\/en\/schwangerschaft\/schwangerschaftsvorsorge\/","title":{"rendered":"Prenatal care"},"content":{"rendered":"<p>[et_pb_section fb_built=&#8220;1&#8243; admin_label=&#8220;About&#8220; _builder_version=&#8220;4.16&#8243; _module_preset=&#8220;default&#8220; overflow-x=&#8220;hidden&#8220; overflow-y=&#8220;hidden&#8220; locked=&#8220;off&#8220; global_colors_info=&#8220;{}&#8220;][et_pb_row column_structure=&#8220;1_2,1_2&#8243; _builder_version=&#8220;4.16&#8243; _module_preset=&#8220;default&#8220; global_colors_info=&#8220;{}&#8220;][et_pb_column type=&#8220;1_2&#8243; _builder_version=&#8220;4.16&#8243; _module_preset=&#8220;default&#8220; global_colors_info=&#8220;{}&#8220;][et_pb_text _builder_version=&#8220;4.27.6&#8243; _module_preset=&#8220;default&#8220; header_3_font=&#8220;EB Garamond|600|||||||&#8220; header_3_font_size=&#8220;20px&#8220; custom_margin=&#8220;||10px||false|false&#8220; locked=&#8220;off&#8220; global_colors_info=&#8220;{}&#8220;]<\/p>\n<h1>Schwangerschaftsvorsorge<\/h1>\n<p>[\/et_pb_text][et_pb_divider color=&#8220;#9F7C5A&#8220; _builder_version=&#8220;4.27.6&#8243; _module_preset=&#8220;default&#8220; width=&#8220;70%&#8220; locked=&#8220;off&#8220; global_colors_info=&#8220;{}&#8220;][\/et_pb_divider][et_pb_text _builder_version=&#8220;4.27.6&#8243; _module_preset=&#8220;default&#8220; header_2_font=&#8220;EB Garamond||||||||&#8220; header_2_font_size=&#8220;48px&#8220; header_2_line_height=&#8220;1.3em&#8220; header_2_font_size_tablet=&#8220;34px&#8220; header_2_font_size_phone=&#8220;22px&#8220; header_2_font_size_last_edited=&#8220;on|phone&#8220; locked=&#8220;off&#8220; global_colors_info=&#8220;{}&#8220; header_2_2_font_size_tablet=&#8220;34px&#8220; header_3_2_font_size_tablet=&#8220;34px&#8220; header_4_2_font_size_tablet=&#8220;34px&#8220; header_5_2_font_size_tablet=&#8220;34px&#8220; header_6_2_font_size_tablet=&#8220;34px&#8220; header_2_2_font_size_phone=&#8220;22px&#8220; header_3_2_font_size_phone=&#8220;22px&#8220; header_4_2_font_size_phone=&#8220;22px&#8220; header_5_2_font_size_phone=&#8220;22px&#8220; header_6_2_font_size_phone=&#8220;22px&#8220; header_2_2_font_size_last_edited=&#8220;on|phone&#8220; header_3_2_font_size_last_edited=&#8220;on|phone&#8220; header_4_2_font_size_last_edited=&#8220;on|phone&#8220; header_5_2_font_size_last_edited=&#8220;on|phone&#8220; header_6_2_font_size_last_edited=&#8220;on|phone&#8220;]<\/p>\n<h2>Sicherheit und Vertrauen von Anfang an &#8211; Schwangerschaftsvorsorge durch ehrfahrenes \u00c4rzteteam<\/h2>\n<p>[\/et_pb_text][et_pb_text _builder_version=&#8220;4.27.6&#8243; _module_preset=&#8220;default&#8220; text_font=&#8220;||||||||&#8220; text_text_color=&#8220;#000000&#8243; text_line_height=&#8220;2em&#8220; locked=&#8220;off&#8220; global_colors_info=&#8220;{}&#8220;]<\/p>\n<p>Die Zeit der Erwartung ist eine ganz besondere Phase in Ihrem Leben. Unser oberstes Ziel ist es, Sie und Ihr ungeborenes Kind in dieser Zeit optimal zu begleiten. Die regelm\u00e4\u00dfige Schwangerschaftsvorsorge bildet dabei das Fundament f\u00fcr einen sicheren Verlauf: Sie dient der fr\u00fchzeitigen Identifizierung von Risikoschwangerschaften und der Pr\u00e4vention von Komplikationen w\u00e4hrend der Geburtsphase. Durch eine engmaschige \u00dcberwachung k\u00f6nnen wir m\u00f6gliche Gesundheitsst\u00f6rungen oder Gefahren f\u00fcr Mutter und Kind rechtzeitig erkennen und gezielt abwenden \u2013 f\u00fcr ein sicheres Gef\u00fchl bis zur Entbindung und dar\u00fcber hinaus.<\/p>\n<p><strong>Ein Team f\u00fcr Ihre Gesundheit<\/strong><br \/>W\u00e4hrend der gesamten Schwangerschaft finden die Untersuchungen in festen Intervallen statt. Diese werden entweder direkt in unserer Praxis oder in enger Zusammenarbeit mit Ihrer Hebamme durchgef\u00fchrt. Wir verstehen die Schwangerschaftsvorsorge als ganzheitliche Betreuung, bei der wir nicht nur die medizinischen Werte, sondern auch Ihr pers\u00f6nliches Wohlbefinden im Blick haben.<\/p>\n<p><strong>Umfassende Diagnostik und Laboruntersuchungen<\/strong><br \/>Zu den festen Bestandteilen jeder Vorsorgeeinheit geh\u00f6ren Routinekontrollen wie die Messung des Blutdrucks, Gewichtskontrollen sowie die Analyse der Urinwerte. Moderne Ultraschalluntersuchungen erm\u00f6glichen uns zudem, die Entwicklung Ihres Kindes genau mitzuverfolgen.<\/p>\n<p>[\/et_pb_text][\/et_pb_column][et_pb_column type=&#8220;1_2&#8243; _builder_version=&#8220;4.16&#8243; _module_preset=&#8220;default&#8220; global_colors_info=&#8220;{}&#8220;][et_pb_slider arrows_custom_color=&#8220;#000000&#8243; dot_nav_custom_color=&#8220;#000000&#8243; _builder_version=&#8220;4.27.4&#8243; _module_preset=&#8220;default&#8220; header_text_color=&#8220;#000000&#8243; custom_margin=&#8220;70px||||false|false&#8220; global_colors_info=&#8220;{}&#8220;][et_pb_slide heading=&#8220;Schwangerschaftsvorsorge&#8220; image=&#8220;https:\/\/www.frauengesundheit-frankfurt.de\/wp-content\/uploads\/2025\/05\/AdobeStock_282021121-scaled.jpeg&#8220; _builder_version=&#8220;4.27.4&#8243; _module_preset=&#8220;default&#8220; background_color=&#8220;rgba(229,195,223,0.51)&#8220; background_enable_color=&#8220;on&#8220; global_colors_info=&#8220;{}&#8220; sticky_transition=&#8220;on&#8220;][\/et_pb_slide][et_pb_slide heading=&#8220;Die ersten Kindbewegungen&#8220; image=&#8220;https:\/\/www.frauengesundheit-frankfurt.de\/wp-content\/uploads\/2025\/05\/AdobeStock_110733432-scaled.jpeg&#8220; _builder_version=&#8220;4.27.4&#8243; _module_preset=&#8220;default&#8220; background_color=&#8220;rgba(229,195,223,0.51)&#8220; background_enable_color=&#8220;on&#8220; global_colors_info=&#8220;{}&#8220; sticky_transition=&#8220;on&#8220;][\/et_pb_slide][et_pb_slide heading=&#8220;Ultraschall in der Schwangerschaft&#8220; image=&#8220;https:\/\/www.frauengesundheit-frankfurt.de\/wp-content\/uploads\/2025\/05\/AdobeStock_353374346-scaled.jpeg&#8220; _builder_version=&#8220;4.27.4&#8243; _module_preset=&#8220;default&#8220; background_color=&#8220;rgba(229,195,223,0.51)&#8220; background_enable_color=&#8220;on&#8220; global_colors_info=&#8220;{}&#8220; sticky_transition=&#8220;on&#8220;][\/et_pb_slide][et_pb_slide heading=&#8220;Mutterpass&#8220; image=&#8220;https:\/\/www.frauengesundheit-frankfurt.de\/wp-content\/uploads\/2025\/05\/Fotolia_44624458_XS.jpg&#8220; _builder_version=&#8220;4.27.4&#8243; _module_preset=&#8220;default&#8220; background_color=&#8220;rgba(229,195,223,0.51)&#8220; background_enable_color=&#8220;on&#8220; global_colors_info=&#8220;{}&#8220; sticky_transition=&#8220;on&#8220;][\/et_pb_slide][et_pb_slide heading=&#8220;CTG im 3. Trimenon&#8220; image=&#8220;https:\/\/www.frauengesundheit-frankfurt.de\/wp-content\/uploads\/2025\/05\/AdobeStock_439973348-scaled.jpeg&#8220; _builder_version=&#8220;4.27.4&#8243; _module_preset=&#8220;default&#8220; background_color=&#8220;rgba(229,195,223,0.51)&#8220; background_enable_color=&#8220;on&#8220; global_colors_info=&#8220;{}&#8220; sticky_transition=&#8220;on&#8220;][\/et_pb_slide][\/et_pb_slider][\/et_pb_column][\/et_pb_row][et_pb_row column_structure=&#8220;1_3,1_3,1_3&#8243; _builder_version=&#8220;4.27.4&#8243; _module_preset=&#8220;default&#8220; global_colors_info=&#8220;{}&#8220;][et_pb_column type=&#8220;1_3&#8243; _builder_version=&#8220;4.27.4&#8243; _module_preset=&#8220;default&#8220; global_colors_info=&#8220;{}&#8220;][et_pb_heading title=&#8220;1. Trimenon&#8220; _builder_version=&#8220;4.27.6&#8243; _module_preset=&#8220;default&#8220; title_level=&#8220;h3&#8243; global_colors_info=&#8220;{}&#8220;][\/et_pb_heading][et_pb_text _builder_version=&#8220;4.27.4&#8243; _module_preset=&#8220;default&#8220; global_colors_info=&#8220;{}&#8220;]<\/p>\n<p>Nach Feststellung der Schwangerschaft und Erhalt der wichtigen Laborergebnisse stellen wir einen Mutterpass aus.<\/p>\n<p>Der Mutterpass dokumentiert wichtige Untersuchungen und Ergebnisse, z.B. die Blutgruppe mit Rhesusfaktor sowie relevante Vorerkrankungen. Der Mutterpass geh\u00f6rt als st\u00e4ndiger Begleiter in der Schwangerschaft in die Handtasche.<\/p>\n<p>[\/et_pb_text][\/et_pb_column][et_pb_column type=&#8220;1_3&#8243; _builder_version=&#8220;4.27.4&#8243; _module_preset=&#8220;default&#8220; global_colors_info=&#8220;{}&#8220;][et_pb_heading title=&#8220;2. Trimenon&#8220; _builder_version=&#8220;4.27.6&#8243; _module_preset=&#8220;default&#8220; title_level=&#8220;h3&#8243; global_colors_info=&#8220;{}&#8220;][\/et_pb_heading][et_pb_text _builder_version=&#8220;4.27.4&#8243; _module_preset=&#8220;default&#8220; global_colors_info=&#8220;{}&#8220;]<\/p>\n<div id=\"cc-m-12445474797\" class=\"j-module n j-textWithImage \">\n<div id=\"cc-m-textwithimage-12445474797\" data-name=\"text\" data-action=\"text\" class=\"cc-m-textwithimage-inline-rte\">\n<p>Ab der 14. Schwangerschaftswoche beginnt f\u00fcr die meisten Frauen die angenehmste Phase der Schwangerschaft. Die 2. Schwangerschaftsphase ist eine Zeit des Aufatmens, des Wohlbefindens und der Vorbereitung. Die k\u00f6rperlichen und emotionalen Vorteile dieser Phase schaffen eine wertvolle Grundlage, um die Herausforderungen des dritten Trimenons gelassen und gest\u00e4rkt anzugehen.<\/p>\n<\/div>\n<\/div>\n<p>[\/et_pb_text][\/et_pb_column][et_pb_column type=&#8220;1_3&#8243; _builder_version=&#8220;4.27.4&#8243; _module_preset=&#8220;default&#8220; global_colors_info=&#8220;{}&#8220;][et_pb_heading title=&#8220;3. Trimenon&#8220; _builder_version=&#8220;4.27.6&#8243; _module_preset=&#8220;default&#8220; title_level=&#8220;h3&#8243; global_colors_info=&#8220;{}&#8220;][\/et_pb_heading][et_pb_text _builder_version=&#8220;4.27.4&#8243; _module_preset=&#8220;default&#8220; global_colors_info=&#8220;{}&#8220;]<\/p>\n<p>Diese Schwangerschaftsphase ist gepr\u00e4gt von intensiven Ver\u00e4nderungen und Vorbereitungen f\u00fcr die Geburt. Der wachsende Bauch und das erh\u00f6hte Gewicht k\u00f6nnen k\u00f6rperliche Beschwerden verursachen. Die Vorsorgeuntersuchungen mit zus\u00e4tzlicher Kardiotokographie \/ CTG sollen sicherstellen, dass Mutter und Kind optimal versorgt werden.<\/p>\n<p>[\/et_pb_text][\/et_pb_column][\/et_pb_row][et_pb_row _builder_version=&#8220;4.27.4&#8243; _module_preset=&#8220;default&#8220; global_colors_info=&#8220;{}&#8220;][et_pb_column type=&#8220;4_4&#8243; _builder_version=&#8220;4.27.4&#8243; _module_preset=&#8220;default&#8220; global_colors_info=&#8220;{}&#8220;][et_pb_heading title=&#8220;Individuelle Betreuung w\u00e4hrend der Schwangerschaft&#8220; _builder_version=&#8220;4.27.6&#8243; _module_preset=&#8220;default&#8220; title_level=&#8220;h3&#8243; custom_margin=&#8220;||12px|||&#8220; global_colors_info=&#8220;{}&#8220;][\/et_pb_heading][et_pb_text _builder_version=&#8220;4.27.4&#8243; _module_preset=&#8220;default&#8220; global_colors_info=&#8220;{}&#8220;]<\/p>\n<p>Wir begleiten Sie kompetent und einf\u00fchlsam durch die Schwangerschaft, um Ihre Gesundheit und die Ihres Kindes optimal zu sch\u00fctzen. Entsprechender der deutschen Mutterschaftsrichtlinien f\u00fchren wir alle vorgesehenen Vorsorgeuntersuchungen durch, wie zum Beispiel Blut- und Urinanalysen, regelm\u00e4\u00dfige Gewichtskontrollen, Blutdruckmessungen sowie Ultraschalluntersuchungen zu den empfohlenen Zeitpunkten. Mithilfe moderner Pr\u00e4nataldiagnostik \u2013 dazu z\u00e4hlen Ultraschall und genetische Untersuchungen \u2013 erkennen wir fr\u00fchzeitig m\u00f6gliche Risiken. Gestationsdiabetes diagnostizieren wir mit dem oralen Glukosetoleranztest und betreuen Sie zusammen mit einem Diabetologen durch individuelle Ern\u00e4hrungsberatung und gezielte Therapien. Pr\u00e4eklampsie und Bluthochdruck \u00fcberwachen wir engmaschig und setzen bei Bedarf eine medikament\u00f6se Behandlung ein.<\/p>\n<p>[\/et_pb_text][\/et_pb_column][\/et_pb_row][et_pb_row _builder_version=&#8220;4.27.4&#8243; _module_preset=&#8220;default&#8220; global_colors_info=&#8220;{}&#8220;][et_pb_column type=&#8220;4_4&#8243; _builder_version=&#8220;4.27.4&#8243; _module_preset=&#8220;default&#8220; global_colors_info=&#8220;{}&#8220;][et_pb_heading title=&#8220;Reisen in der Schwangerschaft&#8220; _builder_version=&#8220;4.27.6&#8243; _module_preset=&#8220;default&#8220; title_level=&#8220;h2&#8243; custom_margin=&#8220;||17px|||&#8220; global_colors_info=&#8220;{}&#8220;][\/et_pb_heading][et_pb_divider color=&#8220;#9F7C5A&#8220; _builder_version=&#8220;4.27.6&#8243; _module_preset=&#8220;default&#8220; width=&#8220;70%&#8220; min_height=&#8220;22.8px&#8220; custom_margin=&#8220;-11px|||||&#8220; locked=&#8220;off&#8220; global_colors_info=&#8220;{}&#8220;][\/et_pb_divider][et_pb_text _builder_version=&#8220;4.27.6&#8243; _module_preset=&#8220;default&#8220; min_height=&#8220;106.2px&#8220; custom_margin=&#8220;-21px|||||&#8220; global_colors_info=&#8220;{}&#8220;]<\/p>\n<p>Viele Fluggesellschaften fordern von werdenden M\u00fcttern ab einer bestimmten Schwangerschaftswoche \u2013 meist ab Beginn des zweiten oder dritten Trimenons \u2013 einen offiziellen Nachweis \u00fcber einen unauff\u00e4lligen Schwangerschaftsverlauf sowie die Best\u00e4tigung der Flugtauglichkeit. Damit Sie am Check-in keine unangenehmen \u00dcberraschungen erleben, empfehlen wir Ihnen, sich fr\u00fchzeitig \u00fcber die individuellen Bestimmungen Ihrer Airline zu informieren.<br \/>Wir unterst\u00fctzen Sie dabei gerne und erstellen Ihnen \u2013 auch kurzfristig \u2013 die erforderlichen \u00e4rztlichen Bescheinigungen und Formalit\u00e4ten.<br \/>\u00dcber die formalen Anforderungen der Airlines hinaus ist es jedoch in Ihrem eigenen Interesse wichtig, jede Reise vorab medizinisch abzukl\u00e4ren. In einem pers\u00f6nlichen Beratungsgespr\u00e4ch gehen wir auf Ihre individuellen Bed\u00fcrfnisse ein, besprechen sinnvolle Vorsichtsma\u00dfnahmen w\u00e4hrend des Fluges (wie etwa Thromboseprophylaxe) und pr\u00fcfen die medizinische Versorgung an Ihrem Zielort.<br \/>Nehmen Sie sich diese Zeit f\u00fcr Ihre Sicherheit: Eine fr\u00fchzeitige und individuelle Beratung sch\u00fctzt Sie selbst und die gesunde Entwicklung Ihres ungeborenen Kindes \u2013 damit Sie Ihre Reise unbeschwert genie\u00dfen k\u00f6nnen.<\/p>\n<p>[\/et_pb_text][et_pb_heading title=&#8220;Sicher reisen: Reisemedizinische Vorsorge f\u00fcr Schwangere und bei Kinderwunsch&#8220; _builder_version=&#8220;4.27.6&#8243; _module_preset=&#8220;default&#8220; title_level=&#8220;h3&#8243; global_colors_info=&#8220;{}&#8220;][\/et_pb_heading][\/et_pb_column][\/et_pb_row][et_pb_row column_structure=&#8220;1_2,1_2&#8243; _builder_version=&#8220;4.27.6&#8243; _module_preset=&#8220;default&#8220; global_colors_info=&#8220;{}&#8220;][et_pb_column type=&#8220;1_2&#8243; _builder_version=&#8220;4.27.6&#8243; _module_preset=&#8220;default&#8220; global_colors_info=&#8220;{}&#8220;][et_pb_image src=&#8220;https:\/\/www.frauengesundheit-frankfurt.de\/wp-content\/uploads\/2025\/06\/love-your-body.png&#8220; alt=&#8220;Reisemedizinische Vorsorge f\u00fcr Schwangere und Frauen mit Kinderwunsch&#8220; title_text=&#8220;love-your-body&#8220; url=&#8220;https:\/\/www.reisemedizin-frankfurt-main.de&#8220; url_new_window=&#8220;on&#8220; align=&#8220;center&#8220; _builder_version=&#8220;4.27.6&#8243; _module_preset=&#8220;default&#8220; width=&#8220;45%&#8220; max_width=&#8220;45%&#8220; global_colors_info=&#8220;{}&#8220;][\/et_pb_image][\/et_pb_column][et_pb_column type=&#8220;1_2&#8243; _builder_version=&#8220;4.27.6&#8243; _module_preset=&#8220;default&#8220; global_colors_info=&#8220;{}&#8220;][et_pb_image src=&#8220;https:\/\/www.frauengesundheit-frankfurt.de\/wp-content\/uploads\/2025\/05\/AdobeStock_115933138-scaled.jpeg&#8220; alt=&#8220;Reisen in der Schwangerschaft: Gezeigt wird eine schwangere Frau als Silhouette an einem leeren Strandabschnitt w\u00e4hrend des Sonnenuntergangs.&#8220; title_text=&#8220;Pregnant Woman on the Beach&#8220; url=&#8220;https:\/\/www.frauengesundheit-frankfurt.de\/reisemedizin\/reisemedizinische-gesundheitsberatung\/&#8220; align=&#8220;center&#8220; _builder_version=&#8220;4.27.6&#8243; _module_preset=&#8220;default&#8220; width=&#8220;70%&#8220; max_width=&#8220;70%&#8220; global_colors_info=&#8220;{}&#8220;][\/et_pb_image][\/et_pb_column][\/et_pb_row][et_pb_row column_structure=&#8220;1_2,1_2&#8243; _builder_version=&#8220;4.27.6&#8243; _module_preset=&#8220;default&#8220; global_colors_info=&#8220;{}&#8220;][et_pb_column type=&#8220;1_2&#8243; _builder_version=&#8220;4.27.6&#8243; _module_preset=&#8220;default&#8220; global_colors_info=&#8220;{}&#8220;][et_pb_text _builder_version=&#8220;4.27.6&#8243; _module_preset=&#8220;default&#8220; link_option_url=&#8220;https:\/\/www.reisemedizin-frankfurt-main.de\/&#8220; link_option_url_new_window=&#8220;on&#8220; hover_enabled=&#8220;0&#8243; global_colors_info=&#8220;{}&#8220; sticky_enabled=&#8220;0&#8243;]<\/p>\n<p>Ob die letzte \u201eBabymoon\u201c-Reise vor der Geburt oder ein lang geplanter Urlaub bei bestehendem Kinderwunsch: <a href=\"https:\/\/www.reisemedizin-frankfurt-main.de\/\" target=\"_blank\" rel=\"noopener\">Reisen in der Schwangerschaft<\/a> sind meist problemlos m\u00f6glich, erfordern jedoch eine sorgf\u00e4ltige Planung. Unser Ziel ist es, dass Sie Ihre Reise unbeschwert genie\u00dfen k\u00f6nnen, w\u00e4hrend die Sicherheit f\u00fcr Sie und Ihr Kind an oberster Stelle steht.<\/p>\n<p>[\/et_pb_text][\/et_pb_column][et_pb_column type=&#8220;1_2&#8243; _builder_version=&#8220;4.27.6&#8243; _module_preset=&#8220;default&#8220; global_colors_info=&#8220;{}&#8220;][et_pb_text _builder_version=&#8220;4.27.6&#8243; _module_preset=&#8220;default&#8220; link_option_url=&#8220;https:\/\/www.frauengesundheit-frankfurt.de\/reisemedizin\/reisemedizinische-gesundheitsberatung\/&#8220; link_option_url_new_window=&#8220;on&#8220; global_colors_info=&#8220;{}&#8220;]<\/p>\n<p>Ob Fernreise, Gesch\u00e4ftsaufenthalt oder Abenteuerurlaub: Jede Reise bringt neue Erlebnisse, aber auch besondere gesundheitliche Herausforderungen mit sich. Unsere reisemedizinische Gesundheitsberatung unterst\u00fctzt Sie dabei, bestens vorbereitet in Ihr n\u00e4chstes Abenteuer zu starten. Details finden Sie <a href=\"https:\/\/www.frauengesundheit-frankfurt.de\/reisemedizin\/reisemedizinische-gesundheitsberatung\/\" target=\"_blank\" rel=\"noopener\">hier<\/a>.<\/p>\n<p>[\/et_pb_text][\/et_pb_column][\/et_pb_row][et_pb_row column_structure=&#8220;1_2,1_2&#8243; _builder_version=&#8220;4.27.4&#8243; _module_preset=&#8220;default&#8220; global_colors_info=&#8220;{}&#8220;][et_pb_column type=&#8220;1_2&#8243; _builder_version=&#8220;4.27.4&#8243; _module_preset=&#8220;default&#8220; global_colors_info=&#8220;{}&#8220;][et_pb_button button_url=&#8220;\/schwangerschaft&#8220; button_text=&#8220;Zur\u00fcck zur \u00dcbersichtsseite&#8220; button_alignment=&#8220;center&#8220; _builder_version=&#8220;4.27.4&#8243; _module_preset=&#8220;default&#8220; custom_button=&#8220;on&#8220; button_text_color=&#8220;gcid-ff1cd8ff-d53b-4acb-a6a2-d8058e5df3bb&#8220; button_icon=&#8220;&#x4a;||divi||400&#8243; button_icon_placement=&#8220;left&#8220; button_on_hover=&#8220;off&#8220; global_colors_info=&#8220;{%22gcid-ff1cd8ff-d53b-4acb-a6a2-d8058e5df3bb%22:%91%22button_text_color%22%93}&#8220;][\/et_pb_button][\/et_pb_column][et_pb_column type=&#8220;1_2&#8243; _builder_version=&#8220;4.27.4&#8243; _module_preset=&#8220;default&#8220; global_colors_info=&#8220;{}&#8220;][et_pb_button button_url=&#8220;\/termin&#8220; button_text=&#8220;Termin buchen&#8220; button_alignment=&#8220;center&#8220; _builder_version=&#8220;4.27.4&#8243; _module_preset=&#8220;default&#8220; custom_button=&#8220;on&#8220; button_text_color=&#8220;gcid-ff1cd8ff-d53b-4acb-a6a2-d8058e5df3bb&#8220; button_icon=&#8220;&#xf073;||fa||900&#8243; button_icon_placement=&#8220;left&#8220; button_on_hover=&#8220;off&#8220; global_colors_info=&#8220;{%22gcid-ff1cd8ff-d53b-4acb-a6a2-d8058e5df3bb%22:%91%22button_text_color%22%93}&#8220;][\/et_pb_button][\/et_pb_column][\/et_pb_row][\/et_pb_section]<\/p>\n","protected":false},"excerpt":{"rendered":"<p>SchwangerschaftsvorsorgeSicherheit und Vertrauen von Anfang an &#8211; Schwangerschaftsvorsorge durch ehrfahrenes \u00c4rzteteamDie Zeit der Erwartung ist eine ganz besondere Phase in Ihrem Leben. Unser oberstes Ziel ist es, Sie und Ihr ungeborenes Kind in dieser Zeit optimal zu begleiten. Die regelm\u00e4\u00dfige Schwangerschaftsvorsorge bildet dabei das Fundament f\u00fcr einen sicheren Verlauf: Sie dient der fr\u00fchzeitigen Identifizierung von [&hellip;]<\/p>\n","protected":false},"author":1,"featured_media":1376357,"parent":68,"menu_order":40,"comment_status":"closed","ping_status":"closed","template":"","meta":{"_et_pb_use_builder":"on","_et_pb_old_content":"<!-- wp:divi\/placeholder \/-->","_et_gb_content_width":"","footnotes":""},"class_list":["post-1376734","page","type-page","status-publish","has-post-thumbnail","hentry"],"_links":{"self":[{"href":"https:\/\/www.frauengesundheit-frankfurt.de\/en\/wp-json\/wp\/v2\/pages\/1376734","targetHints":{"allow":["GET"]}}],"collection":[{"href":"https:\/\/www.frauengesundheit-frankfurt.de\/en\/wp-json\/wp\/v2\/pages"}],"about":[{"href":"https:\/\/www.frauengesundheit-frankfurt.de\/en\/wp-json\/wp\/v2\/types\/page"}],"author":[{"embeddable":true,"href":"https:\/\/www.frauengesundheit-frankfurt.de\/en\/wp-json\/wp\/v2\/users\/1"}],"replies":[{"embeddable":true,"href":"https:\/\/www.frauengesundheit-frankfurt.de\/en\/wp-json\/wp\/v2\/comments?post=1376734"}],"version-history":[{"count":3,"href":"https:\/\/www.frauengesundheit-frankfurt.de\/en\/wp-json\/wp\/v2\/pages\/1376734\/revisions"}],"predecessor-version":[{"id":1378636,"href":"https:\/\/www.frauengesundheit-frankfurt.de\/en\/wp-json\/wp\/v2\/pages\/1376734\/revisions\/1378636"}],"up":[{"embeddable":true,"href":"https:\/\/www.frauengesundheit-frankfurt.de\/en\/wp-json\/wp\/v2\/pages\/68"}],"wp:featuredmedia":[{"embeddable":true,"href":"https:\/\/www.frauengesundheit-frankfurt.de\/en\/wp-json\/wp\/v2\/media\/1376357"}],"wp:attachment":[{"href":"https:\/\/www.frauengesundheit-frankfurt.de\/en\/wp-json\/wp\/v2\/media?parent=1376734"}],"curies":[{"name":"wp","href":"https:\/\/api.w.org\/{rel}","templated":true}]}}