{"id":1376683,"date":"2025-06-08T10:44:48","date_gmt":"2025-06-08T08:44:48","guid":{"rendered":"https:\/\/fragyn.appentwicklung-frankfurt.de\/?page_id=1376683"},"modified":"2026-04-19T20:59:57","modified_gmt":"2026-04-19T18:59:57","slug":"regelschmerzen-und-endometriose","status":"publish","type":"page","link":"https:\/\/www.frauengesundheit-frankfurt.de\/en\/gynaekologie\/regelschmerzen-und-endometriose\/","title":{"rendered":"Period pain and endometriosis"},"content":{"rendered":"<p>[et_pb_section fb_built=&#8220;1&#8243; admin_label=&#8220;About&#8220; _builder_version=&#8220;4.16&#8243; _module_preset=&#8220;default&#8220; overflow-x=&#8220;hidden&#8220; overflow-y=&#8220;hidden&#8220; locked=&#8220;off&#8220; global_colors_info=&#8220;{}&#8220;][et_pb_row column_structure=&#8220;1_2,1_2&#8243; _builder_version=&#8220;4.16&#8243; _module_preset=&#8220;default&#8220; global_colors_info=&#8220;{}&#8220;][et_pb_column type=&#8220;1_2&#8243; _builder_version=&#8220;4.16&#8243; _module_preset=&#8220;default&#8220; global_colors_info=&#8220;{}&#8220;][et_pb_text _builder_version=&#8220;4.27.6&#8243; _module_preset=&#8220;default&#8220; header_3_font=&#8220;EB Garamond|600|||||||&#8220; header_3_font_size=&#8220;20px&#8220; custom_margin=&#8220;||10px||false|false&#8220; custom_padding=&#8220;|42px||||&#8220; hover_enabled=&#8220;0&#8243; locked=&#8220;off&#8220; global_colors_info=&#8220;{}&#8220; sticky_enabled=&#8220;0&#8243;]<\/p>\n<h1>Regelschmerzen und Endometriose<\/h1>\n<p>[\/et_pb_text][et_pb_divider color=&#8220;#9F7C5A&#8220; _builder_version=&#8220;4.27.4&#8243; _module_preset=&#8220;default&#8220; width=&#8220;70%&#8220; locked=&#8220;off&#8220; global_colors_info=&#8220;{}&#8220;][\/et_pb_divider][et_pb_text _builder_version=&#8220;4.27.6&#8243; _module_preset=&#8220;default&#8220; header_2_font=&#8220;EB Garamond||||||||&#8220; header_2_font_size=&#8220;48px&#8220; header_2_line_height=&#8220;1.3em&#8220; header_2_font_size_tablet=&#8220;34px&#8220; header_2_font_size_phone=&#8220;22px&#8220; header_2_font_size_last_edited=&#8220;on|phone&#8220; locked=&#8220;off&#8220; global_colors_info=&#8220;{}&#8220; header_2_2_font_size_tablet=&#8220;34px&#8220; header_3_2_font_size_tablet=&#8220;34px&#8220; header_4_2_font_size_tablet=&#8220;34px&#8220; header_5_2_font_size_tablet=&#8220;34px&#8220; header_6_2_font_size_tablet=&#8220;34px&#8220; header_2_2_font_size_phone=&#8220;22px&#8220; header_3_2_font_size_phone=&#8220;22px&#8220; header_4_2_font_size_phone=&#8220;22px&#8220; header_5_2_font_size_phone=&#8220;22px&#8220; header_6_2_font_size_phone=&#8220;22px&#8220; header_2_2_font_size_last_edited=&#8220;on|phone&#8220; header_3_2_font_size_last_edited=&#8220;on|phone&#8220; header_4_2_font_size_last_edited=&#8220;on|phone&#8220; header_5_2_font_size_last_edited=&#8220;on|phone&#8220; header_6_2_font_size_last_edited=&#8220;on|phone&#8220;]<\/p>\n<h2>Regelschmerzen und Endometriose effektiv behandeln: Expertise in Gyn\u00e4kologie und spezieller Schmerztherapie<\/h2>\n<p>[\/et_pb_text][et_pb_text _builder_version=&#8220;4.27.6&#8243; _module_preset=&#8220;default&#8220; text_font=&#8220;||||||||&#8220; locked=&#8220;off&#8220; global_colors_info=&#8220;{}&#8220;]<\/p>\n<p>F\u00fcr viele Frauen geh\u00f6ren Schmerzen w\u00e4hrend der Periode zum Alltag, doch wenn diese Beschwerden die Lebensqualit\u00e4t massiv einschr\u00e4nken, ist fachmedizinische Hilfe entscheidend. Durch unsere Spezialisierung im Bereich der Gyn\u00e4kologie sowie der speziellen Schmerztherapie bieten wir Ihnen umfassende Unterst\u00fctzung bei der Diagnostik und Behandlung von Regelschmerzen (Dysmenorrhoe). Wir betrachten Schmerz nicht als unvermeidbares Schicksal, sondern als ein komplexes Geschehen, das eine pr\u00e4zise Analyse und eine individuelle Strategie erfordert. Schmerzhafte Regelblutungen k\u00f6nnen viele Ursachen haben \u2013 von hormonellen Ungleichgewichten bis hin zu organischen Erkrankungen wie Endometriose, Adenomyose oder Myomen. Unser interdisziplin\u00e4r erfahrenes Team steht Ihnen zur Seite, um die notwendigen diagnostischen Ma\u00dfnahmen zu ergreifen und eine gezielte Therapie zu entwickeln.<\/p>\n<p>[\/et_pb_text][\/et_pb_column][et_pb_column type=&#8220;1_2&#8243; _builder_version=&#8220;4.16&#8243; _module_preset=&#8220;default&#8220; global_colors_info=&#8220;{}&#8220;][et_pb_slider arrows_custom_color=&#8220;#000000&#8243; dot_nav_custom_color=&#8220;#000000&#8243; _builder_version=&#8220;4.27.6&#8243; _module_preset=&#8220;default&#8220; header_text_color=&#8220;#000000&#8243; custom_margin=&#8220;70px||||false|false&#8220; global_colors_info=&#8220;{}&#8220;][et_pb_slide heading=&#8220;Regelschmerzen&#8220; image=&#8220;https:\/\/www.frauengesundheit-frankfurt.de\/wp-content\/uploads\/2025\/05\/AdobeStock_1175746024-scaled.jpeg&#8220; _builder_version=&#8220;4.27.6&#8243; _module_preset=&#8220;default&#8220; background_color=&#8220;rgba(223,185,140,0.5)&#8220; background_enable_color=&#8220;on&#8220; global_colors_info=&#8220;{}&#8220; sticky_transition=&#8220;on&#8220;][\/et_pb_slide][et_pb_slide heading=&#8220;Endometriose&#8220; image=&#8220;https:\/\/www.frauengesundheit-frankfurt.de\/wp-content\/uploads\/2025\/05\/AdobeStock_350875357-scaled.jpeg&#8220; _builder_version=&#8220;4.27.6&#8243; _module_preset=&#8220;default&#8220; background_color=&#8220;rgba(223,185,140,0.5)&#8220; background_enable_color=&#8220;on&#8220; global_colors_info=&#8220;{}&#8220; sticky_transition=&#8220;on&#8220;][\/et_pb_slide][et_pb_slide heading=&#8220;Dysmenorrhoe&#8220; image=&#8220;https:\/\/www.frauengesundheit-frankfurt.de\/wp-content\/uploads\/2026\/03\/AdobeStock_1696470137-scaled.jpeg&#8220; _builder_version=&#8220;4.27.6&#8243; _module_preset=&#8220;default&#8220; background_color=&#8220;rgba(223,185,140,0.5)&#8220; background_enable_color=&#8220;on&#8220; global_colors_info=&#8220;{}&#8220; sticky_transition=&#8220;on&#8220;][\/et_pb_slide][\/et_pb_slider][\/et_pb_column][\/et_pb_row][et_pb_row _builder_version=&#8220;4.27.6&#8243; _module_preset=&#8220;default&#8220; global_colors_info=&#8220;{}&#8220;][et_pb_column type=&#8220;4_4&#8243; _builder_version=&#8220;4.27.6&#8243; _module_preset=&#8220;default&#8220; global_colors_info=&#8220;{}&#8220;][et_pb_text _builder_version=&#8220;4.27.6&#8243; _module_preset=&#8220;default&#8220; global_colors_info=&#8220;{}&#8220;]<\/p>\n<p>Um der Ursache Ihrer Beschwerden auf den Grund zu gehen, setzen wir modernste diagnostische Verfahren ein. Hierzu geh\u00f6rt unter anderem der hochaufl\u00f6sende Ultraschall, mit dem wir feine Ver\u00e4nderungen im Bereich der Geb\u00e4rmutter und der Eierst\u00f6cke schmerzfrei und detailliert sichtbar machen k\u00f6nnen. Diese technologische Expertise erm\u00f6glicht es uns, die genaue Ursache Ihrer Beschwerden zu identifizieren und einen fundierten Behandlungsplan zu erstellen.<br \/>Unser ganzheitlicher Blick ist auf Ihr Wohlbefinden gerichtet.<br \/>In unserer Praxis gehen wir weit \u00fcber die rein organische Betrachtung hinaus. Wir wissen, dass Schmerzempfinden individuell ist. Dabei ber\u00fccksichtigen wir sowohl k\u00f6rperliche als auch psychische Faktoren, die zu den Schmerzen beitragen oder diese verst\u00e4rken k\u00f6nnen. Stress, Anspannung und das pers\u00f6nliche Schmerzged\u00e4chtnis spielen oft eine wesentliche Rolle bei chronischen Beschwerden.<br \/>Unsere ganzheitliche Herangehensweise zielt darauf ab, nicht nur die Symptome kurzfristig zu lindern, sondern auch die zugrunde liegenden Probleme nachhaltig zu behandeln. Wir m\u00f6chten verstehen, wie der Schmerz Ihren Alltag beeinflusst, um Ihnen eine Therapie anzubieten, die wirklich zu Ihrem Leben passt.<\/p>\n<p>Jede Patientin ben\u00f6tigt eine andere Unterst\u00fctzung. Daher ist unser Therapiespektrum breit gef\u00e4chert f\u00fcr individuelle Wege zu mehr Lebensqualit\u00e4t.<\/p>\n<ul>\n<li>Medikament\u00f6se Behandlungen: Gezielter Einsatz von modernen Schmerzmitteln oder hormoneller Regulation.<\/li>\n<li>Physiotherapeutische Ma\u00dfnahmen: Unterst\u00fctzung bei der Entspannung der Beckenbodenmuskulatur und zur Verbesserung der K\u00f6rperwahrnehmung.<\/li>\n<li>Individuelle Beratungen: Wir sprechen \u00fcber Ern\u00e4hrung, Stressmanagement und komplement\u00e4rmedizinische Ans\u00e4tze, die Ihren Zyklus harmonisieren k\u00f6nnen.<\/li>\n<\/ul>\n<p>Wir begleiten Sie auf dem Weg zu einer besseren Lebensqualit\u00e4t. Unser Ziel ist es, dass Sie sich an jedem Tag Ihres Zyklus frei und unbeschwert f\u00fchlen k\u00f6nnen. Vertrauen Sie auf unsere spezialisierte Erfahrung und vereinbaren Sie ein Beratungsgespr\u00e4ch in unserer Praxis.<\/p>\n<p>[\/et_pb_text][\/et_pb_column][\/et_pb_row][et_pb_row column_structure=&#8220;1_2,1_2&#8243; _builder_version=&#8220;4.16&#8243; _module_preset=&#8220;default&#8220; global_colors_info=&#8220;{}&#8220;][et_pb_column type=&#8220;1_2&#8243; _builder_version=&#8220;4.16&#8243; _module_preset=&#8220;default&#8220; global_colors_info=&#8220;{}&#8220;][et_pb_text _builder_version=&#8220;4.27.6&#8243; _module_preset=&#8220;default&#8220; header_3_font=&#8220;EB Garamond|600|||||||&#8220; header_3_font_size=&#8220;20px&#8220; custom_margin=&#8220;||10px||false|false&#8220; locked=&#8220;off&#8220; global_colors_info=&#8220;{}&#8220;]<\/p>\n<h2>Endometriose<\/h2>\n<p>[\/et_pb_text][\/et_pb_column][et_pb_column type=&#8220;1_2&#8243; _builder_version=&#8220;4.16&#8243; _module_preset=&#8220;default&#8220; global_colors_info=&#8220;{}&#8220;][\/et_pb_column][\/et_pb_row][et_pb_row _builder_version=&#8220;4.27.4&#8243; _module_preset=&#8220;default&#8220; custom_padding=&#8220;27px||3px|||&#8220; global_colors_info=&#8220;{}&#8220;][et_pb_column type=&#8220;4_4&#8243; _builder_version=&#8220;4.27.4&#8243; _module_preset=&#8220;default&#8220; global_colors_info=&#8220;{}&#8220;][et_pb_text _builder_version=&#8220;4.27.6&#8243; _module_preset=&#8220;default&#8220; header_2_font=&#8220;EB Garamond||||||||&#8220; header_2_font_size=&#8220;48px&#8220; header_2_line_height=&#8220;1.3em&#8220; header_2_font_size_tablet=&#8220;34px&#8220; header_2_font_size_phone=&#8220;22px&#8220; header_2_font_size_last_edited=&#8220;on|phone&#8220; locked=&#8220;off&#8220; global_colors_info=&#8220;{}&#8220; header_2_2_font_size_tablet=&#8220;34px&#8220; header_3_2_font_size_tablet=&#8220;34px&#8220; header_4_2_font_size_tablet=&#8220;34px&#8220; header_5_2_font_size_tablet=&#8220;34px&#8220; header_6_2_font_size_tablet=&#8220;34px&#8220; header_2_2_font_size_phone=&#8220;22px&#8220; header_3_2_font_size_phone=&#8220;22px&#8220; header_4_2_font_size_phone=&#8220;22px&#8220; header_5_2_font_size_phone=&#8220;22px&#8220; header_6_2_font_size_phone=&#8220;22px&#8220; header_2_2_font_size_last_edited=&#8220;on|phone&#8220; header_3_2_font_size_last_edited=&#8220;on|phone&#8220; header_4_2_font_size_last_edited=&#8220;on|phone&#8220; header_5_2_font_size_last_edited=&#8220;on|phone&#8220; header_6_2_font_size_last_edited=&#8220;on|phone&#8220;]<\/p>\n<h3>Endometriose: Wege zu einer pr\u00e4zisen Diagnose und wirksamen Schmerztherapie<span jsuid=\"yU0blf_n\" class=\"txxDge notranslate\" jsaction=\"rcuQ6b:&amp;yU0blf_n|npT2md\" jscontroller=\"udAs2b\" data-sfc-root=\"c\" data-wiz-uids=\"yU0blf_o,yU0blf_p\" data-sfc-cb=\"\" data-complete=\"true\"><span class=\"vKEkVd\" data-animation-atomic=\"\" data-wiz-attrbind=\"class=yU0blf_n\/TKHnVd\" data-sae=\"\"><span aria-hidden=\"true\" aria-owns=\"action-menu-parent-container\"><\/span><\/span><\/span><\/h3>\n<p>[\/et_pb_text][et_pb_text _builder_version=&#8220;4.27.6&#8243; _module_preset=&#8220;default&#8220; hover_enabled=&#8220;0&#8243; global_colors_info=&#8220;{}&#8220; sticky_enabled=&#8220;0&#8243;]<\/p>\n<p>Endometriose ist eine der am h\u00e4ufigsten untersch\u00e4tzten Erkrankungen in der Frauenheilkunde. Etwa 7 bis 10 Prozent der Frauen im geb\u00e4rf\u00e4higen Alter sind betroffen, wobei die Erkrankung besonders h\u00e4ufig im Alter zwischen 25 und 35 Jahren auftritt und oft famili\u00e4r geh\u00e4uft vorkommt. Dennoch vergehen oft viele Jahre bis zur richtigen Diagnose. In unserer Praxis haben wir es uns zur Aufgabe gemacht, dieses \u201evermeidbare Leid\u201c durch Fr\u00fcherkennung und spezialisierte Therapiekonzepte zu mildern.<\/p>\n<p><strong>Was ist Endometriose?<\/strong><br \/>Bei einer Endometriose kommt geb\u00e4rmutterschleimhaut\u00e4hnliches Gewebe au\u00dferhalb der Geb\u00e4rmutter vor. Diese sogenannten Endometrioseherde reagieren auf den monatlichen Zyklus, l\u00f6sen jedoch Entz\u00fcndungen, starke Schmerzen und Vernarbungen aus, da das Blut nicht nat\u00fcrlich abflie\u00dfen kann. Diese Herde k\u00f6nnen sich im gesamten Bauchraum \u2013 etwa an den Eierst\u00f6cken, am Darm oder der Harnblase \u2013 und in seltenen F\u00e4llen sogar au\u00dferhalb davon, wie in der Lunge, ansiedeln.<\/p>\n<p><strong>Typische Symptome erkennen<\/strong><br \/>Das Leitsymptom sind starke Schmerzen w\u00e4hrend der Regelblutung, die den normalen Alltag oft massiv beeintr\u00e4chtigen. Doch die Anzeichen sind vielf\u00e4ltig:<\/p>\n<ul>\n<li>Zyklusunabh\u00e4ngige Schmerzen: Unterleibsschmerzen auch au\u00dferhalb der Periode.<\/li>\n<li>Schmerzen bei allt\u00e4glichen Funktionen: Beschwerden beim Geschlechtsverkehr, beim Stuhlgang oder beim Wasserlassen.<\/li>\n<li>Unerf\u00fcllter Kinderwunsch: Endometriose ist eine h\u00e4ufige Ursache f\u00fcr Unfruchtbarkeit oder Sterilit\u00e4t.<\/li>\n<li>Begleitsymptome: Chronische M\u00fcdigkeit, Verdauungsprobleme wie Durchfall oder Verstopfung sowie anhaltende Blasenschmerzen.<\/li>\n<\/ul>\n<p><strong>Unsere spezialisierte Diagnostik und Therapie<\/strong><br \/>Allein die Diagnose sollte fr\u00fchzeitig gestellt werden, um Langzeitfolgen zu minimieren. Wir bieten Ihnen hierf\u00fcr eine hochspezialisierte Betreuung auf dem neuesten Stand der Medizin:<br \/>Nicht-invasive Diagnose durch Expertinnenhand:<br \/>Entsprechend der Empfehlungen der Deutschen Gesellschaft f\u00fcr Ultraschall in der Medizin (DEGUM) verf\u00fcgt Frauen\u00e4rztin Manuela Franke \u00fcber eine spezielle Weiterbildung in der transvaginalen Sonographie der Endometriose. Dies erm\u00f6glicht uns eine pr\u00e4zise, nicht-invasive Diagnose und eine erste Einsch\u00e4tzung der Ausbreitung der Herde, ohne dass sofort ein operativer Eingriff n\u00f6tig ist.<\/p>\n<p>Da chronische Schmerzen das Leben dominieren k\u00f6nnen, unterst\u00fctzt Sie Dr. Michael Sroka als spezialisierter Schmerztherapeut. Im Rahmen einer multimodalen Schmerztherapie verfolgen wir das Ziel einer bestm\u00f6glichen Schmerzkontrolle. Dabei kombinieren wir verschiedene Ans\u00e4tze wie Schmerzmittel, Hormontherapien und \u2013 falls erforderlich \u2013 die Planung operativer Ma\u00dfnahmen<\/p>\n<p>[\/et_pb_text][\/et_pb_column][\/et_pb_row][et_pb_row column_structure=&#8220;1_2,1_2&#8243; _builder_version=&#8220;4.27.6&#8243; _module_preset=&#8220;default&#8220; global_colors_info=&#8220;{}&#8220;][et_pb_column type=&#8220;1_2&#8243; _builder_version=&#8220;4.27.6&#8243; _module_preset=&#8220;default&#8220; global_colors_info=&#8220;{}&#8220;][et_pb_image src=&#8220;https:\/\/www.frauengesundheit-frankfurt.de\/wp-content\/uploads\/2026\/04\/Endometriose-Vereinigung-e.V.png&#8220; alt=&#8220;Endometriose-Vereinigung Deutschland e.V. &#8220; title_text=&#8220;Endometriose-Vereinigung e.V.&#8220; url=&#8220;https:\/\/www.endometriose-vereinigung.de\/&#8220; url_new_window=&#8220;on&#8220; align=&#8220;center&#8220; _builder_version=&#8220;4.27.6&#8243; _module_preset=&#8220;default&#8220; hover_enabled=&#8220;0&#8243; global_colors_info=&#8220;{}&#8220; sticky_enabled=&#8220;0&#8243;][\/et_pb_image][et_pb_text _builder_version=&#8220;4.27.6&#8243; _module_preset=&#8220;default&#8220; hover_enabled=&#8220;0&#8243; global_colors_info=&#8220;{}&#8220; sticky_enabled=&#8220;0&#8243;]<\/p>\n<p>In der <a href=\"https:\/\/www.endometriose-vereinigung.de\/\" target=\"_blank\" rel=\"noopener\">Endometriose-Vereinigung Deutschland e.V.<\/a> &#8211; Hilfe von Betroffenen f\u00fcr Betroffene.<\/p>\n<p>[\/et_pb_text][\/et_pb_column][et_pb_column type=&#8220;1_2&#8243; _builder_version=&#8220;4.27.6&#8243; _module_preset=&#8220;default&#8220; global_colors_info=&#8220;{}&#8220;][et_pb_image src=&#8220;https:\/\/www.frauengesundheit-frankfurt.de\/wp-content\/uploads\/2026\/04\/Endo-App_Website.webp&#8220; alt=&#8220;Endo-App f\u00fcr eine Online Selbsthilfegruppe&#8220; title_text=&#8220;Endo-App&#8220; url=&#8220;https:\/\/endometriose.app\/impulse\/online-selbsthilfegruppen-fuer-endometriose-betroffene\/&#8220; url_new_window=&#8220;on&#8220; align=&#8220;center&#8220; _builder_version=&#8220;4.27.6&#8243; _module_preset=&#8220;default&#8220; width=&#8220;70%&#8220; max_width=&#8220;70%&#8220; custom_margin=&#8220;-10px||-10px||false|false&#8220; custom_padding=&#8220;5px||0px||false|false&#8220; hover_enabled=&#8220;0&#8243; global_colors_info=&#8220;{}&#8220; sticky_enabled=&#8220;0&#8243;][\/et_pb_image][et_pb_text _builder_version=&#8220;4.27.6&#8243; _module_preset=&#8220;default&#8220; hover_enabled=&#8220;0&#8243; global_colors_info=&#8220;{}&#8220; sticky_enabled=&#8220;0&#8243;]<\/p>\n<p>Endometriose belastet erheblich das Leben\u00a0 \u2013 in einer <a href=\"https:\/\/endometriose.app\/impulse\/online-selbsthilfegruppen-fuer-endometriose-betroffene\/\" target=\"_blank\" rel=\"noopener\">Online-Selbsthilfegruppe<\/a> bist du nicht allein.<\/p>\n<p>[\/et_pb_text][\/et_pb_column][\/et_pb_row][et_pb_row column_structure=&#8220;1_2,1_2&#8243; _builder_version=&#8220;4.27.4&#8243; _module_preset=&#8220;default&#8220; global_colors_info=&#8220;{}&#8220;][et_pb_column type=&#8220;1_2&#8243; _builder_version=&#8220;4.27.4&#8243; _module_preset=&#8220;default&#8220; global_colors_info=&#8220;{}&#8220;][et_pb_button button_url=&#8220;\/gynaekologie&#8220; button_text=&#8220;Zur\u00fcck zur \u00dcbersichtsseite&#8220; button_alignment=&#8220;center&#8220; _builder_version=&#8220;4.27.4&#8243; _module_preset=&#8220;default&#8220; custom_button=&#8220;on&#8220; button_text_color=&#8220;gcid-ff1cd8ff-d53b-4acb-a6a2-d8058e5df3bb&#8220; button_icon=&#8220;&#x4a;||divi||400&#8243; button_icon_placement=&#8220;left&#8220; button_on_hover=&#8220;off&#8220; global_colors_info=&#8220;{%22gcid-ff1cd8ff-d53b-4acb-a6a2-d8058e5df3bb%22:%91%22button_text_color%22%93}&#8220;][\/et_pb_button][\/et_pb_column][et_pb_column type=&#8220;1_2&#8243; _builder_version=&#8220;4.27.4&#8243; _module_preset=&#8220;default&#8220; global_colors_info=&#8220;{}&#8220;][et_pb_button button_url=&#8220;\/termin&#8220; button_text=&#8220;Termin buchen&#8220; button_alignment=&#8220;center&#8220; _builder_version=&#8220;4.27.4&#8243; _module_preset=&#8220;default&#8220; custom_button=&#8220;on&#8220; button_text_color=&#8220;gcid-ff1cd8ff-d53b-4acb-a6a2-d8058e5df3bb&#8220; button_icon=&#8220;&#xf073;||fa||900&#8243; button_icon_placement=&#8220;left&#8220; button_on_hover=&#8220;off&#8220; global_colors_info=&#8220;{%22gcid-ff1cd8ff-d53b-4acb-a6a2-d8058e5df3bb%22:%91%22button_text_color%22%93}&#8220;][\/et_pb_button][\/et_pb_column][\/et_pb_row][\/et_pb_section]<\/p>\n","protected":false},"excerpt":{"rendered":"<p>Regelschmerzen und EndometrioseRegelschmerzen und Endometriose effektiv behandeln: Expertise in Gyn\u00e4kologie und spezieller SchmerztherapieF\u00fcr viele Frauen geh\u00f6ren Schmerzen w\u00e4hrend der Periode zum Alltag, doch wenn diese Beschwerden die Lebensqualit\u00e4t massiv einschr\u00e4nken, ist fachmedizinische Hilfe entscheidend. Durch unsere Spezialisierung im Bereich der Gyn\u00e4kologie sowie der speziellen Schmerztherapie bieten wir Ihnen umfassende Unterst\u00fctzung bei der Diagnostik und Behandlung [&hellip;]<\/p>\n","protected":false},"author":1,"featured_media":1377944,"parent":54,"menu_order":30,"comment_status":"closed","ping_status":"closed","template":"","meta":{"_et_pb_use_builder":"on","_et_pb_old_content":"<!-- wp:divi\/placeholder \/-->","_et_gb_content_width":"","footnotes":""},"class_list":["post-1376683","page","type-page","status-publish","has-post-thumbnail","hentry"],"_links":{"self":[{"href":"https:\/\/www.frauengesundheit-frankfurt.de\/en\/wp-json\/wp\/v2\/pages\/1376683","targetHints":{"allow":["GET"]}}],"collection":[{"href":"https:\/\/www.frauengesundheit-frankfurt.de\/en\/wp-json\/wp\/v2\/pages"}],"about":[{"href":"https:\/\/www.frauengesundheit-frankfurt.de\/en\/wp-json\/wp\/v2\/types\/page"}],"author":[{"embeddable":true,"href":"https:\/\/www.frauengesundheit-frankfurt.de\/en\/wp-json\/wp\/v2\/users\/1"}],"replies":[{"embeddable":true,"href":"https:\/\/www.frauengesundheit-frankfurt.de\/en\/wp-json\/wp\/v2\/comments?post=1376683"}],"version-history":[{"count":2,"href":"https:\/\/www.frauengesundheit-frankfurt.de\/en\/wp-json\/wp\/v2\/pages\/1376683\/revisions"}],"predecessor-version":[{"id":1378642,"href":"https:\/\/www.frauengesundheit-frankfurt.de\/en\/wp-json\/wp\/v2\/pages\/1376683\/revisions\/1378642"}],"up":[{"embeddable":true,"href":"https:\/\/www.frauengesundheit-frankfurt.de\/en\/wp-json\/wp\/v2\/pages\/54"}],"wp:featuredmedia":[{"embeddable":true,"href":"https:\/\/www.frauengesundheit-frankfurt.de\/en\/wp-json\/wp\/v2\/media\/1377944"}],"wp:attachment":[{"href":"https:\/\/www.frauengesundheit-frankfurt.de\/en\/wp-json\/wp\/v2\/media?parent=1376683"}],"curies":[{"name":"wp","href":"https:\/\/api.w.org\/{rel}","templated":true}]}}