{"id":1376676,"date":"2025-06-08T10:41:47","date_gmt":"2025-06-08T08:41:47","guid":{"rendered":"https:\/\/fragyn.appentwicklung-frankfurt.de\/?page_id=1376676"},"modified":"2026-04-14T15:08:26","modified_gmt":"2026-04-14T13:08:26","slug":"ultraschall","status":"publish","type":"page","link":"https:\/\/www.frauengesundheit-frankfurt.de\/en\/gynaekologie\/ultraschall\/","title":{"rendered":"Ultrasonic"},"content":{"rendered":"<p>[et_pb_section fb_built=&#8220;1&#8243; admin_label=&#8220;About&#8220; _builder_version=&#8220;4.16&#8243; _module_preset=&#8220;default&#8220; overflow-x=&#8220;hidden&#8220; overflow-y=&#8220;hidden&#8220; custom_padding=&#8220;||54px|||&#8220; locked=&#8220;off&#8220; global_colors_info=&#8220;{}&#8220;][et_pb_row column_structure=&#8220;1_2,1_2&#8243; _builder_version=&#8220;4.27.6&#8243; _module_preset=&#8220;default&#8220; global_colors_info=&#8220;{}&#8220;][et_pb_column type=&#8220;1_2&#8243; _builder_version=&#8220;4.16&#8243; _module_preset=&#8220;default&#8220; global_colors_info=&#8220;{}&#8220;][et_pb_text _builder_version=&#8220;4.27.6&#8243; _module_preset=&#8220;default&#8220; header_3_font=&#8220;EB Garamond|600|||||||&#8220; header_3_font_size=&#8220;20px&#8220; custom_margin=&#8220;||10px||false|false&#8220; locked=&#8220;off&#8220; global_colors_info=&#8220;{}&#8220;]<\/p>\n<h1>Ultraschall<\/h1>\n<p>[\/et_pb_text][et_pb_divider color=&#8220;#9F7C5A&#8220; _builder_version=&#8220;4.27.4&#8243; _module_preset=&#8220;default&#8220; width=&#8220;70%&#8220; locked=&#8220;off&#8220; global_colors_info=&#8220;{}&#8220;][\/et_pb_divider][et_pb_text _builder_version=&#8220;4.27.6&#8243; _module_preset=&#8220;default&#8220; header_2_font=&#8220;EB Garamond||||||||&#8220; header_2_font_size=&#8220;48px&#8220; header_2_line_height=&#8220;1.3em&#8220; header_2_font_size_tablet=&#8220;34px&#8220; header_2_font_size_phone=&#8220;22px&#8220; header_2_font_size_last_edited=&#8220;on|phone&#8220; locked=&#8220;off&#8220; global_colors_info=&#8220;{}&#8220; header_2_2_font_size_tablet=&#8220;34px&#8220; header_3_2_font_size_tablet=&#8220;34px&#8220; header_4_2_font_size_tablet=&#8220;34px&#8220; header_5_2_font_size_tablet=&#8220;34px&#8220; header_6_2_font_size_tablet=&#8220;34px&#8220; header_2_2_font_size_phone=&#8220;22px&#8220; header_3_2_font_size_phone=&#8220;22px&#8220; header_4_2_font_size_phone=&#8220;22px&#8220; header_5_2_font_size_phone=&#8220;22px&#8220; header_6_2_font_size_phone=&#8220;22px&#8220; header_2_2_font_size_last_edited=&#8220;on|phone&#8220; header_3_2_font_size_last_edited=&#8220;on|phone&#8220; header_4_2_font_size_last_edited=&#8220;on|phone&#8220; header_5_2_font_size_last_edited=&#8220;on|phone&#8220; header_6_2_font_size_last_edited=&#8220;on|phone&#8220;]<\/p>\n<h2>Moderne Ultraschallger\u00e4te erlauben es, Ihre inneren Organe schmerzfrei und differenziert zu untersuchen.<\/h2>\n<p>[\/et_pb_text][et_pb_text _builder_version=&#8220;4.27.4&#8243; _module_preset=&#8220;default&#8220; text_font=&#8220;ABeeZee||||||||&#8220; text_line_height=&#8220;2em&#8220; locked=&#8220;off&#8220; global_colors_info=&#8220;{}&#8220;]<\/p>\n<h4>Typische Indikationen zur Ultraschalluntersuchung<\/h4>\n<ul>\n<li>Untersuchung der Brust<\/li>\n<li>Untersuchung der inneren Genitalorgane<\/li>\n<li>Untersuchung der kindlichen Entwicklung in der Schwangerschaft<\/li>\n<li>Ausschluss kindlicher Fehlbildungen<\/li>\n<li>Untersuchung der Schilddr\u00fcsenlappen<\/li>\n<li>Untersuchung der Bauchorgane wie Leber, Nieren<\/li>\n<\/ul>\n<p>Durch diese bildliche Darstellung sind wir in der Lage, schnell eine Diagnose zu stellen und ggf. eine Therapie einzuleiten. Dar\u00fcber hinaus kommt der Ultraschall bei vielen Allgemeinmedizinischen Fragestellungen und zur gezielten Blockade bestimmter Nerven im Rahmen der Schmerztherapie zum Einsatz.<\/p>\n<p>&nbsp;<\/p>\n<p>[\/et_pb_text][\/et_pb_column][et_pb_column type=&#8220;1_2&#8243; _builder_version=&#8220;4.16&#8243; _module_preset=&#8220;default&#8220; global_colors_info=&#8220;{}&#8220;][et_pb_slider arrows_custom_color=&#8220;#000000&#8243; dot_nav_custom_color=&#8220;#000000&#8243; _builder_version=&#8220;4.27.6&#8243; _module_preset=&#8220;default&#8220; header_text_color=&#8220;#000000&#8243; custom_margin=&#8220;70px||||false|false&#8220; global_colors_info=&#8220;{}&#8220;][et_pb_slide heading=&#8220;Vaginalsonographie&#8220; image=&#8220;https:\/\/www.frauengesundheit-frankfurt.de\/wp-content\/uploads\/2025\/05\/AdobeStock_134139194-scaled.jpeg&#8220; _builder_version=&#8220;4.27.6&#8243; _module_preset=&#8220;default&#8220; background_color=&#8220;rgba(223,185,140,0.5)&#8220; background_enable_color=&#8220;on&#8220; global_colors_info=&#8220;{}&#8220; sticky_transition=&#8220;on&#8220;][\/et_pb_slide][et_pb_slide heading=&#8220;Ultraschall der Schilddr\u00fcse&#8220; image=&#8220;https:\/\/www.frauengesundheit-frankfurt.de\/wp-content\/uploads\/2025\/06\/AdobeStock_950255187-scaled.jpeg&#8220; _builder_version=&#8220;4.27.6&#8243; _module_preset=&#8220;default&#8220; background_color=&#8220;rgba(223,185,140,0.5)&#8220; background_enable_color=&#8220;on&#8220; global_colors_info=&#8220;{}&#8220; sticky_transition=&#8220;on&#8220;][\/et_pb_slide][et_pb_slide heading=&#8220;Elastographie&#8220; image=&#8220;https:\/\/www.frauengesundheit-frankfurt.de\/wp-content\/uploads\/2025\/05\/AdobeStock_234509427-scaled.jpeg&#8220; _builder_version=&#8220;4.27.6&#8243; _module_preset=&#8220;default&#8220; background_color=&#8220;rgba(223,185,140,0.5)&#8220; background_enable_color=&#8220;on&#8220; global_colors_info=&#8220;{}&#8220; sticky_transition=&#8220;on&#8220;][\/et_pb_slide][et_pb_slide heading=&#8220;Mammasonographie&#8220; image=&#8220;https:\/\/www.frauengesundheit-frankfurt.de\/wp-content\/uploads\/2025\/05\/AdobeStock_562834804-2-scaled.jpeg&#8220; _builder_version=&#8220;4.27.6&#8243; _module_preset=&#8220;default&#8220; background_color=&#8220;rgba(223,185,140,0.5)&#8220; background_enable_color=&#8220;on&#8220; global_colors_info=&#8220;{}&#8220; sticky_transition=&#8220;on&#8220;][\/et_pb_slide][\/et_pb_slider][\/et_pb_column][\/et_pb_row][et_pb_row _builder_version=&#8220;4.27.4&#8243; _module_preset=&#8220;default&#8220; global_colors_info=&#8220;{}&#8220;][et_pb_column type=&#8220;4_4&#8243; _builder_version=&#8220;4.27.4&#8243; _module_preset=&#8220;default&#8220; global_colors_info=&#8220;{}&#8220;][et_pb_tabs _builder_version=&#8220;4.27.6&#8243; _module_preset=&#8220;default&#8220; global_colors_info=&#8220;{}&#8220;][et_pb_tab title=&#8220;Vaginal-Sonographie&#8220; _builder_version=&#8220;4.27.6&#8243; _module_preset=&#8220;default&#8220; global_colors_info=&#8220;{}&#8220;]<\/p>\n<p>Die Vaginalsonographie ist eine besonders aussagekr\u00e4ftige Ultraschalluntersuchung der inneren weiblichen Genitalorgane. Sie erm\u00f6glicht eine sehr genaue Darstellung der Geb\u00e4rmutter, der Geb\u00e4rmutterschleimhaut sowie der Eierst\u00f6cke und ihrer Strukturen. Durch die hohe Aufl\u00f6sung k\u00f6nnen bereits kleine Ver\u00e4nderungen und fr\u00fche Auff\u00e4lligkeiten erkannt werden, die bei anderen Untersuchungsmethoden noch unauff\u00e4llig erscheinen.<br \/>Diese Ultraschallmethode spielt eine wichtige Rolle in der gyn\u00e4kologischen Vorsorge und Diagnostik. Sie hilft dabei, gutartige Ver\u00e4nderungen wie Zysten, Myome oder Schleimhautver\u00e4nderungen zuverl\u00e4ssig zu beurteilen und gleichzeitig b\u00f6sartige Erkrankungen der weiblichen Geschlechtsorgane m\u00f6glichst fr\u00fchzeitig zu erkennen. Regelm\u00e4\u00dfige Untersuchungen tragen dazu bei, Erkrankungen bereits im Fr\u00fchstadium zu unterscheiden und gezielt weiter abzukl\u00e4ren.<br \/>Besonders empfehlenswert ist die Vaginalsonographie f\u00fcr Frauen mit:<\/p>\n<ul>\n<li>famili\u00e4rer Vorbelastung f\u00fcr gyn\u00e4kologische Krebserkrankungen<\/li>\n<li>hormonellen Beschwerden oder Zyklusst\u00f6rungen<\/li>\n<li>unklaren Unterbauchschmerzen<\/li>\n<li>Kinderwunsch oder im Rahmen der Fertilit\u00e4tsdiagnostik<\/li>\n<li>weiteren individuellen Risikofaktoren<\/li>\n<\/ul>\n<p>In diesen F\u00e4llen kann eine routinem\u00e4\u00dfige Durchf\u00fchrung der Vaginalsonographie einen wichtigen Beitrag zur verbesserten Fr\u00fcherkennung leisten und die Grundlage f\u00fcr eine rechtzeitige und wirkungsvolle Behandlung schaffen.<br \/>Unser erfahrenes Praxisteam begleitet Sie mit moderner Diagnostik, fachlicher Kompetenz und pers\u00f6nlicher Zuwendung. Gemeinsam besprechen wir die Untersuchungsergebnisse und entwickeln \u2013 falls erforderlich \u2013 ein individuell auf Sie abgestimmtes Therapiekonzept, bei dem Ihre pers\u00f6nliche Situation und Ihre Bed\u00fcrfnisse im Mittelpunkt stehen.<\/p>\n<p>[\/et_pb_tab][et_pb_tab title=&#8220;Mamma-Sonographie&#8220; _builder_version=&#8220;4.27.4&#8243; _module_preset=&#8220;default&#8220; global_colors_info=&#8220;{}&#8220;]<\/p>\n<p>Brustkrebs ist nach wie vor die h\u00e4ufigste Krebserkrankung bei Frauen, wobei auch M\u00e4nner \u2013 wenn auch deutlich seltener \u2013 betroffen sein k\u00f6nnen. Eine fr\u00fchzeitige Erkennung spielt eine entscheidende Rolle f\u00fcr die erfolgreiche Behandlung und die Heilungschancen.<br \/>Erg\u00e4nzend zur regelm\u00e4\u00dfigen Brustselbstuntersuchung hat die Mammasonographie (Brustultraschall) in den letzten Jahren einen immer wichtigeren Stellenwert in der Brustkrebsfr\u00fcherkennung und Diagnostik eingenommen. Sie ist eine schonende, schmerzfreie und strahlenfreie Untersuchungsmethode, die besonders bei dichtem Brustdr\u00fcsengewebe sehr aussagekr\u00e4ftig ist.<br \/>Die Mammasonographie eignet sich sowohl zur Abkl\u00e4rung tastbarer Knoten oder Ver\u00e4nderungen der Brust als auch im Rahmen der routinem\u00e4\u00dfigen Vorsorgeuntersuchung. Sie erm\u00f6glicht es, gutartige Ver\u00e4nderungen wie Zysten oder Fibroadenome von m\u00f6glicherweise behandlungsbed\u00fcrftigen Befunden besser zu unterscheiden und gezielt weitere diagnostische Schritte zu planen.<br \/>Je nach individuellem Befund, Alter und Risikoprofil kann es sinnvoll sein, die Ultraschalluntersuchung durch eine Mammographie zu erg\u00e4nzen. Beide Verfahren erg\u00e4nzen sich und tragen gemeinsam zu einer m\u00f6glichst sicheren und umfassenden Beurteilung des Brustgewebes bei.<br \/>Die Mammasonographie ist somit ein wichtiger Bestandteil der modernen Brustdiagnostik und unterst\u00fctzt eine fr\u00fchzeitige, verl\u00e4ssliche und individuell angepasste Vorsorge \u2013 mit dem Ziel, Ver\u00e4nderungen rechtzeitig zu erkennen und aufmerksam zu beobachten oder zu behandeln.<\/p>\n<p>[\/et_pb_tab][et_pb_tab title=&#8220;Elastographie&#8220; _builder_version=&#8220;4.27.4&#8243; _module_preset=&#8220;default&#8220; global_colors_info=&#8220;{}&#8220;]<\/p>\n<p><span>Die Elastographie der Brust ist eine spezielle Ultraschalluntersuchung, die Verh\u00e4rtungen im Gewebe aufsp\u00fcrt und die Dichte der Ver\u00e4nderung messen kann. Sie ist eine optimale und nicht-invasive Erg\u00e4nzung zur Abkl\u00e4rung von zun\u00e4chst auff\u00e4lligen Tastbefunden. Diese Untersuchung kann die Brustkrebsfr\u00fcherkennung weiter unterst\u00fctzen.<\/span><\/p>\n<p><strong>Wie funktioniert&#8217;s?<\/strong><br \/>Druck mit der Ultraschallsonde verformt das Dr\u00fcsengewebe der Brust unterschiedlich. Damit werden Unterschiede in der Elastizit\u00e4t visualisiert und quantitativ messbar.<\/p>\n<p><strong>Was wird gemessen?<\/strong><br \/>Die Steifheit bzw. Elastizit\u00e4t des Gewebes kann auf Tumoren oder andere pathologische Ver\u00e4nderungen hinweisen.<\/p>\n<p><strong>Indikation<\/strong><br \/>Die Elastographie erg\u00e4nzt bei unklarer Befundlage, z.B. bei dichtem Dr\u00fcsengewebe oder volumin\u00f6ser Brust die klassische Brustultraschalluntersuchung (Mamma-Sono).<\/p>\n<p><strong>Warum?<\/strong><br \/>Die Untersuchung erm\u00f6glicht es in der Praxis und ohne weitere Belastung, z.B. durch R\u00f6ntgenstrahlung weitere Informationen zur Unterschidung zwischen gutartigen und m\u00f6glicherweise b\u00f6sartigen Ver\u00e4nderungen zu treffen.<span><\/span><\/p>\n<p>[\/et_pb_tab][et_pb_tab title=&#8220;Farbdoppler-Sonographie&#8220; _builder_version=&#8220;4.27.4&#8243; _module_preset=&#8220;default&#8220; global_colors_info=&#8220;{}&#8220;]<\/p>\n<p>Die Farbdopplersonographie ist eine moderne, schonende Ultraschalluntersuchung, mit der Blutgef\u00e4\u00dfe sichtbar gemacht und die Blutstr\u00f6mung pr\u00e4zise beurteilt werden k\u00f6nnen. Durch die farbliche Darstellung des Blutflusses lassen sich Durchblutungsverh\u00e4ltnisse anschaulich darstellen und wichtige medizinische Informationen gewinnen \u2013 ganz ohne Strahlenbelastung oder Schmerzen.<\/p>\n<p>In der Schwangerschaft wird die Farbdopplersonographie eingesetzt, um die Durchblutung der Geb\u00e4rmutter, der Plazenta sowie der kindlichen Gef\u00e4\u00dfe zu untersuchen. Auf diese Weise kann beurteilt werden, ob das ungeborene Kind ausreichend mit Sauerstoff und N\u00e4hrstoffen versorgt wird. Besonders bei Risikoschwangerschaften erm\u00f6glicht die Untersuchung eine sorgf\u00e4ltige Verlaufskontrolle, etwa bei Wachstumsauff\u00e4lligkeiten des Kindes, Bluthochdruck der Mutter oder anderen Schwangerschaftskomplikationen.<\/p>\n<p>Auch au\u00dferhalb der Schwangerschaft ist die Farbdopplersonographie ein wertvolles diagnostisches Verfahren in der Gyn\u00e4kologie. Sie hilft unter anderem bei der Abkl\u00e4rung von:<\/p>\n<ul>\n<li>Ver\u00e4nderungen der Eierst\u00f6cke, z.\u202fB. Zysten oder Tumoren<\/li>\n<li>Myomen der Geb\u00e4rmutter, insbesondere zur Beurteilung ihrer Durchblutung<\/li>\n<li>unklaren Unterbauchschmerzen<\/li>\n<li>Zyklusst\u00f6rungen und hormonellen Fragestellungen<\/li>\n<li>Fertilit\u00e4tsdiagnostik, z.\u202fB. zur Einsch\u00e4tzung der Durchblutung von Geb\u00e4rmutter und Eierst\u00f6cken<\/li>\n<li>Verdachtsf\u00e4llen auf entz\u00fcndliche oder vaskul\u00e4re Ver\u00e4nderungen<\/li>\n<\/ul>\n<p>Durch die zus\u00e4tzliche Information \u00fcber die Durchblutung k\u00f6nnen gutartige und behandlungsbed\u00fcrftige Ver\u00e4nderungen oft besser eingesch\u00e4tzt und weitere diagnostische oder therapeutische Schritte gezielt geplant werden.<br \/>Die Farbdopplersonographie stellt somit eine wertvolle Erg\u00e4nzung zur herk\u00f6mmlichen Ultraschalluntersuchung dar und erm\u00f6glicht eine pr\u00e4zise, individuelle und sichere medizinische Betreuung \u2013 sowohl in der Schwangerschaft als auch in der gyn\u00e4kologischen Vorsorge und Diagnostik.<\/p>\n<p>[\/et_pb_tab][\/et_pb_tabs][\/et_pb_column][\/et_pb_row][et_pb_row _builder_version=&#8220;4.27.6&#8243; _module_preset=&#8220;default&#8220; column_structure=&#8220;1_2,1_2&#8243;][et_pb_column _builder_version=&#8220;4.27.6&#8243; _module_preset=&#8220;default&#8220; type=&#8220;1_2&#8243;][et_pb_image src=&#8220;https:\/\/www.frauengesundheit-frankfurt.de\/wp-content\/uploads\/2026\/04\/DEGUM.png&#8220; _builder_version=&#8220;4.27.6&#8243; _module_preset=&#8220;default&#8220; alt=&#8220;DEGUM<br \/>\nDeutsche Gesellschaft f\u00fcr Ultraschall in der Medizin&#8220; title_text=&#8220;DEGUM &#8211; Ultraschall in der Medizin&#8220; width=&#8220;66%&#8220; max_width=&#8220;66%&#8220; align=&#8220;center&#8220; hover_enabled=&#8220;0&#8243; sticky_enabled=&#8220;0&#8243;][\/et_pb_image][et_pb_text _builder_version=&#8220;4.27.6&#8243; _module_preset=&#8220;default&#8220; hover_enabled=&#8220;0&#8243; sticky_enabled=&#8220;0&#8243;]<\/p>\n<p style=\"text-align: center;\"><a href=\"https:\/\/www.degum.de\/\" target=\"_blank\" rel=\"noopener\">Deutsche Gesellschaft f\u00fcr Ultraschall in der Medizin<\/a><\/p>\n<p>[\/et_pb_text][\/et_pb_column][et_pb_column _builder_version=&#8220;4.27.6&#8243; _module_preset=&#8220;default&#8220; type=&#8220;1_2&#8243;][et_pb_image src=&#8220;https:\/\/www.frauengesundheit-frankfurt.de\/wp-content\/uploads\/2026\/04\/GE_Healtcare.png&#8220; _builder_version=&#8220;4.27.6&#8243; _module_preset=&#8220;default&#8220; alt=&#8220;Ultraschall<br \/>\nModerne Diagnostik&#8220; title_text=&#8220;Ultraschall &#8211; GE_Healtcare&#8220; url=&#8220;https:\/\/www.gehealthcare.de\/&#8220; url_new_window=&#8220;on&#8220; hover_enabled=&#8220;0&#8243; sticky_enabled=&#8220;0&#8243; align=&#8220;center&#8220;][\/et_pb_image][\/et_pb_column][\/et_pb_row][et_pb_row column_structure=&#8220;1_2,1_2&#8243; _builder_version=&#8220;4.27.4&#8243; _module_preset=&#8220;default&#8220; global_colors_info=&#8220;{}&#8220;][et_pb_column type=&#8220;1_2&#8243; _builder_version=&#8220;4.27.4&#8243; _module_preset=&#8220;default&#8220; global_colors_info=&#8220;{}&#8220;][et_pb_button button_url=&#8220;\/gynaekologie&#8220; button_text=&#8220;Zur\u00fcck zur \u00dcbersichtsseite&#8220; button_alignment=&#8220;center&#8220; _builder_version=&#8220;4.27.4&#8243; _module_preset=&#8220;default&#8220; custom_button=&#8220;on&#8220; button_text_color=&#8220;gcid-ff1cd8ff-d53b-4acb-a6a2-d8058e5df3bb&#8220; button_icon=&#8220;&#x4a;||divi||400&#8243; button_icon_placement=&#8220;left&#8220; button_on_hover=&#8220;off&#8220; global_colors_info=&#8220;{%22gcid-ff1cd8ff-d53b-4acb-a6a2-d8058e5df3bb%22:%91%22button_text_color%22%93}&#8220;][\/et_pb_button][\/et_pb_column][et_pb_column type=&#8220;1_2&#8243; _builder_version=&#8220;4.27.4&#8243; _module_preset=&#8220;default&#8220; global_colors_info=&#8220;{}&#8220;][et_pb_button button_url=&#8220;\/termin&#8220; button_text=&#8220;Termin buchen&#8220; button_alignment=&#8220;center&#8220; _builder_version=&#8220;4.27.4&#8243; _module_preset=&#8220;default&#8220; custom_button=&#8220;on&#8220; button_text_color=&#8220;gcid-ff1cd8ff-d53b-4acb-a6a2-d8058e5df3bb&#8220; button_icon=&#8220;&#xf073;||fa||900&#8243; button_icon_placement=&#8220;left&#8220; button_on_hover=&#8220;off&#8220; global_colors_info=&#8220;{%22gcid-ff1cd8ff-d53b-4acb-a6a2-d8058e5df3bb%22:%91%22button_text_color%22%93}&#8220;][\/et_pb_button][\/et_pb_column][\/et_pb_row][\/et_pb_section]<\/p>\n","protected":false},"excerpt":{"rendered":"<p>UltraschallModerne Ultraschallger\u00e4te erlauben es, Ihre inneren Organe schmerzfrei und differenziert zu untersuchen.Typische Indikationen zur Ultraschalluntersuchung Untersuchung der Brust Untersuchung der inneren Genitalorgane Untersuchung der kindlichen Entwicklung in der Schwangerschaft Ausschluss kindlicher Fehlbildungen Untersuchung der Schilddr\u00fcsenlappen Untersuchung der Bauchorgane wie Leber, Nieren Durch diese bildliche Darstellung sind wir in der Lage, schnell eine Diagnose zu stellen [&hellip;]<\/p>\n","protected":false},"author":1,"featured_media":1376351,"parent":54,"menu_order":30,"comment_status":"closed","ping_status":"closed","template":"","meta":{"_et_pb_use_builder":"on","_et_pb_old_content":"<!-- wp:divi\/placeholder \/-->","_et_gb_content_width":"","footnotes":""},"class_list":["post-1376676","page","type-page","status-publish","has-post-thumbnail","hentry"],"_links":{"self":[{"href":"https:\/\/www.frauengesundheit-frankfurt.de\/en\/wp-json\/wp\/v2\/pages\/1376676","targetHints":{"allow":["GET"]}}],"collection":[{"href":"https:\/\/www.frauengesundheit-frankfurt.de\/en\/wp-json\/wp\/v2\/pages"}],"about":[{"href":"https:\/\/www.frauengesundheit-frankfurt.de\/en\/wp-json\/wp\/v2\/types\/page"}],"author":[{"embeddable":true,"href":"https:\/\/www.frauengesundheit-frankfurt.de\/en\/wp-json\/wp\/v2\/users\/1"}],"replies":[{"embeddable":true,"href":"https:\/\/www.frauengesundheit-frankfurt.de\/en\/wp-json\/wp\/v2\/comments?post=1376676"}],"version-history":[{"count":2,"href":"https:\/\/www.frauengesundheit-frankfurt.de\/en\/wp-json\/wp\/v2\/pages\/1376676\/revisions"}],"predecessor-version":[{"id":1378544,"href":"https:\/\/www.frauengesundheit-frankfurt.de\/en\/wp-json\/wp\/v2\/pages\/1376676\/revisions\/1378544"}],"up":[{"embeddable":true,"href":"https:\/\/www.frauengesundheit-frankfurt.de\/en\/wp-json\/wp\/v2\/pages\/54"}],"wp:featuredmedia":[{"embeddable":true,"href":"https:\/\/www.frauengesundheit-frankfurt.de\/en\/wp-json\/wp\/v2\/media\/1376351"}],"wp:attachment":[{"href":"https:\/\/www.frauengesundheit-frankfurt.de\/en\/wp-json\/wp\/v2\/media?parent=1376676"}],"curies":[{"name":"wp","href":"https:\/\/api.w.org\/{rel}","templated":true}]}}