{"id":1376571,"date":"2025-05-13T20:16:40","date_gmt":"2025-05-13T18:16:40","guid":{"rendered":"https:\/\/fragyn.appentwicklung-frankfurt.de\/?page_id=1376571"},"modified":"2026-04-27T13:48:32","modified_gmt":"2026-04-27T11:48:32","slug":"infektionen","status":"publish","type":"page","link":"https:\/\/www.frauengesundheit-frankfurt.de\/en\/gynaekologie\/infektionen\/","title":{"rendered":"Infections"},"content":{"rendered":"<p>[et_pb_section fb_built=&#8220;1&#8243; admin_label=&#8220;About&#8220; _builder_version=&#8220;4.16&#8243; _module_preset=&#8220;default&#8220; overflow-x=&#8220;hidden&#8220; overflow-y=&#8220;hidden&#8220; locked=&#8220;off&#8220; global_colors_info=&#8220;{}&#8220;][et_pb_row column_structure=&#8220;1_2,1_2&#8243; _builder_version=&#8220;4.16&#8243; _module_preset=&#8220;default&#8220; global_colors_info=&#8220;{}&#8220;][et_pb_column type=&#8220;1_2&#8243; _builder_version=&#8220;4.16&#8243; _module_preset=&#8220;default&#8220; global_colors_info=&#8220;{}&#8220;][et_pb_text _builder_version=&#8220;4.27.6&#8243; _module_preset=&#8220;default&#8220; header_3_font=&#8220;EB Garamond|600|||||||&#8220; header_3_font_size=&#8220;20px&#8220; custom_margin=&#8220;||10px||false|false&#8220; locked=&#8220;off&#8220; global_colors_info=&#8220;{}&#8220;]<\/p>\n<h1>Infektionen<\/h1>\n<p>[\/et_pb_text][et_pb_divider color=&#8220;#9F7C5A&#8220; _builder_version=&#8220;4.27.4&#8243; _module_preset=&#8220;default&#8220; width=&#8220;70%&#8220; locked=&#8220;off&#8220; global_colors_info=&#8220;{}&#8220;][\/et_pb_divider][et_pb_text _builder_version=&#8220;4.27.6&#8243; _module_preset=&#8220;default&#8220; header_2_font=&#8220;EB Garamond||||||||&#8220; header_2_font_size=&#8220;48px&#8220; header_2_line_height=&#8220;1.3em&#8220; custom_padding=&#8220;||0px|||&#8220; header_2_font_size_tablet=&#8220;34px&#8220; header_2_font_size_phone=&#8220;22px&#8220; header_2_font_size_last_edited=&#8220;on|phone&#8220; locked=&#8220;off&#8220; global_colors_info=&#8220;{}&#8220; header_2_2_font_size_tablet=&#8220;34px&#8220; header_3_2_font_size_tablet=&#8220;34px&#8220; header_4_2_font_size_tablet=&#8220;34px&#8220; header_5_2_font_size_tablet=&#8220;34px&#8220; header_6_2_font_size_tablet=&#8220;34px&#8220; header_2_2_font_size_phone=&#8220;22px&#8220; header_3_2_font_size_phone=&#8220;22px&#8220; header_4_2_font_size_phone=&#8220;22px&#8220; header_5_2_font_size_phone=&#8220;22px&#8220; header_6_2_font_size_phone=&#8220;22px&#8220; header_2_2_font_size_last_edited=&#8220;on|phone&#8220; header_3_2_font_size_last_edited=&#8220;on|phone&#8220; header_4_2_font_size_last_edited=&#8220;on|phone&#8220; header_5_2_font_size_last_edited=&#8220;on|phone&#8220; header_6_2_font_size_last_edited=&#8220;on|phone&#8220;]<\/p>\n<h2><span>Scheideninfektionen (vaginal infection) werden durch Bakterien, Pilze oder Viren verursacht.<\/span><\/h2>\n<p>[\/et_pb_text][et_pb_text _builder_version=&#8220;4.27.4&#8243; _module_preset=&#8220;default&#8220; text_font=&#8220;ABeeZee||||||||&#8220; text_line_height=&#8220;2em&#8220; locked=&#8220;off&#8220; global_colors_info=&#8220;{}&#8220;]<\/p>\n<div id=\"cc-m-12446179297\" class=\"j-module n j-header \">\n<p>Eine bakterielle Vaginose (bacterial vaginosis) tritt mit etwa 5 auf 100 Frauen am h\u00e4ufigsten auf. Die Scheidenpilzinfektion bzw Vaginalmykose betrifft mindestens einmal im Leben bis zu 75 % aller Frauen.<\/p>\n<p>Die Behandlung erfolgt mit Antimykotika gegen die Scheidenpilzinfektion. Gegen bakterielle Infektion stehen Scheidendesinfektionsmittlel oder Antibiotika zur Verf\u00fcgung. Milchs\u00e4uregele, zum stabilisieren des Scheidenmilieus, \u00e4therische \u00d6le in Vaginalz\u00e4pfchen oder Sitzb\u00e4der, Nahrungserg\u00e4nzungsmittel mit Milchs\u00e4urebakterien sch\u00fctzen das Scheidenmilieu zus\u00e4tzlich oder k\u00f6nnen regelm\u00e4\u00dfig zur Prophylaxe verwendet werden.<\/p>\n<p>&nbsp;<\/p>\n<\/div>\n<p>[\/et_pb_text][\/et_pb_column][et_pb_column type=&#8220;1_2&#8243; _builder_version=&#8220;4.16&#8243; _module_preset=&#8220;default&#8220; global_colors_info=&#8220;{}&#8220;][et_pb_image src=&#8220;https:\/\/www.frauengesundheit-frankfurt.de\/wp-content\/uploads\/2025\/05\/AdobeStock_547341182-scaled.jpeg&#8220; title_text=&#8220;Bacterial Vaginosis concept as a vaginal inflammation caused by bacteria infection in the vagina&#8220; _builder_version=&#8220;4.27.4&#8243; _module_preset=&#8220;default&#8220; custom_margin=&#8220;70px||||false|false&#8220; global_colors_info=&#8220;{}&#8220;][\/et_pb_image][\/et_pb_column][\/et_pb_row][et_pb_row column_structure=&#8220;1_2,1_2&#8243; _builder_version=&#8220;4.27.6&#8243; _module_preset=&#8220;default&#8220; global_colors_info=&#8220;{}&#8220;][et_pb_column type=&#8220;1_2&#8243; _builder_version=&#8220;4.27.6&#8243; _module_preset=&#8220;default&#8220; global_colors_info=&#8220;{}&#8220;][et_pb_heading title=&#8220;Bakterielle Vaginoe&#8220; _builder_version=&#8220;4.27.6&#8243; _module_preset=&#8220;default&#8220; title_level=&#8220;h3&#8243; global_colors_info=&#8220;{}&#8220;][\/et_pb_heading][et_pb_text _builder_version=&#8220;4.27.6&#8243; _module_preset=&#8220;default&#8220; global_colors_info=&#8220;{}&#8220;]<\/p>\n<p>Bei einer bakteriellen Vaginose handelt es sich nicht um eine klassische Entz\u00fcndung, sondern um ein Ungleichgewicht Ihrer nat\u00fcrlichen Scheidenflora, bei der n\u00fctzliche Milchs\u00e4urebakterien verdr\u00e4ngt werden. Typisch ist hierbei ein eher d\u00fcnnfl\u00fcssiger, gr\u00e4ulicher Ausfluss, der oft einen charakteristischen, fischartigen Geruch aufweist, w\u00e4hrend Juckreiz meist im Hintergrund steht. Da diese Fehlbesiedlung unbehandelt aufsteigen kann, stellen wir das Gleichgewicht meist unkompliziert durch eine gezielte lokale Therapie wieder her.<\/p>\n<p>[\/et_pb_text][\/et_pb_column][et_pb_column type=&#8220;1_2&#8243; _builder_version=&#8220;4.27.6&#8243; _module_preset=&#8220;default&#8220; global_colors_info=&#8220;{}&#8220;][et_pb_heading title=&#8220;Scheidenpilz \/ Vaginalmykose&#8220; _builder_version=&#8220;4.27.6&#8243; _module_preset=&#8220;default&#8220; title_level=&#8220;h3&#8243; global_colors_info=&#8220;{}&#8220;][\/et_pb_heading][et_pb_text _builder_version=&#8220;4.27.6&#8243; _module_preset=&#8220;default&#8220; global_colors_info=&#8220;{}&#8220;]<\/p>\n<p>Im Gegensatz dazu wird ein Scheidenpilz meist durch Hefepilze (wie Candida albicans) verursacht und \u00e4u\u00dfert sich prim\u00e4r durch einen sehr starken, oft qu\u00e4lenden Juckreiz und ein Brennen im Intimbereich. Der Ausfluss ist hier eher dickfl\u00fcssig und wei\u00dflich-kr\u00fcmelig, wobei die Schleimhaut meist deutlich ger\u00f6tet und gereizt erscheint. Da die Symptome sehr unangenehm sein k\u00f6nnen, f\u00fchren wir eine schnelle mikroskopische Abkl\u00e4rung durch, um Ihnen mit einer gezielten antimykotischen Behandlung rasche Linderung zu verschaffen.<\/p>\n<p>[\/et_pb_text][\/et_pb_column][\/et_pb_row][et_pb_row _builder_version=&#8220;4.27.4&#8243; _module_preset=&#8220;default&#8220; global_colors_info=&#8220;{}&#8220;][et_pb_column type=&#8220;4_4&#8243; _builder_version=&#8220;4.27.4&#8243; _module_preset=&#8220;default&#8220; global_colors_info=&#8220;{}&#8220;][et_pb_tabs _builder_version=&#8220;4.27.4&#8243; _module_preset=&#8220;default&#8220; custom_padding=&#8220;||22px|||&#8220; global_colors_info=&#8220;{}&#8220;][et_pb_tab title=&#8220;Beschwerden&#8220; _builder_version=&#8220;4.27.4&#8243; _module_preset=&#8220;default&#8220; global_colors_info=&#8220;{}&#8220;]<\/p>\n<div id=\"cc-m-12445213097\" class=\"j-module n j-textWithImage \">\n<div id=\"cc-m-textwithimage-12445213097\" data-name=\"text\" data-action=\"text\" class=\"cc-m-textwithimage-inline-rte\">\n<div id=\"cc-m-12446522997\" class=\"j-module n j-text \">\n<ul>\n<li>Juckreiz<\/li>\n<li>Schmerzen und brennen<\/li>\n<li>R\u00f6tung<\/li>\n<li>Bl\u00e4schenbildung<\/li>\n<li>vermehrter Ausfluss<\/li>\n<li>Schwellung der Genitalschleimhaut<\/li>\n<li>ggf. unangenehmer Geruch<\/li>\n<\/ul>\n<\/div>\n<\/div>\n<\/div>\n<div id=\"cc-m-12447587597\" class=\"j-module n j-hgrid \">\n<div class=\"cc-m-hgrid-column\">\n<div id=\"cc-matrix-3399151097\">\n<div id=\"cc-m-12447587697\" class=\"j-module n j-text \"><\/div>\n<\/div>\n<\/div>\n<\/div>\n<p>[\/et_pb_tab][et_pb_tab title=&#8220;Ursachen&#8220; _builder_version=&#8220;4.27.4&#8243; _module_preset=&#8220;default&#8220; global_colors_info=&#8220;{}&#8220;]<\/p>\n<div class=\"flexContainer\">\n<div class=\"flexBox\">\n<h3>Ursachen<\/h3>\n<li>Antibiotikaeinnahme<\/li>\n<li>Hormonelle Verh\u00fctungsmittel \/ Pille<\/li>\n<li>Ein geschw\u00e4chtes Immunsystem<\/li>\n<li>Chronische Grunderkrankungen<\/li>\n<li>Ungesch\u00fctzter Geschlechtsverkehr<\/li>\n<li>Ungleichgewicht der Scheidenflora<\/li>\n<li>\u00dcberm\u00e4\u00dfige Intimhygiene<\/li><\/div>\n<div class=\"flexBox\">\n<h3><\/h3>\n<ul>\n<li>Hormonelle Ver\u00e4nderungen \/ \u00d6strogenmangel<\/li>\n<li>Stress<\/li>\n<li>Rauchen<\/li>\n<li>\u00dcbergewicht<\/li>\n<li>Zahl der Sexualpartner<\/li>\n<li>Enge, synthetische Unterw\u00e4sche<\/li>\n<li>Fremdk\u00f6rper in der Scheide<\/li>\n<\/ul><\/div>\n<\/div>\n<p>[\/et_pb_tab][et_pb_tab title=&#8220;Pr\u00e4vention&#8220; _builder_version=&#8220;4.27.4&#8243; _module_preset=&#8220;default&#8220; global_colors_info=&#8220;{}&#8220;]<\/p>\n<p><span>Eine Impfung mit Gynatren ist eine etablierte Immuntherapie, die bei wiederkehrenden Scheidenentz\u00fcndungen angewendet wird. Sie st\u00e4rkt die lokale Immunabwehr in der Vaginalschleimhaut.<\/span><\/p>\n<p>[\/et_pb_tab][et_pb_tab title=&#8220;Behandlung&#8220; _builder_version=&#8220;4.27.4&#8243; _module_preset=&#8220;default&#8220; global_colors_info=&#8220;{}&#8220;]<\/p>\n<p><span>Die Behandlung erfolgt mittels Antibiotika, pflanzlichen Arzneimittel, Schmerzmittel wie Ibuprofen oder Paracetamol, lokalen Desinfektionsmitteln, Viel Schlaf und Ruhe.<\/span><\/p>\n<p>[\/et_pb_tab][\/et_pb_tabs][\/et_pb_column][\/et_pb_row][et_pb_row column_structure=&#8220;1_2,1_2&#8243; _builder_version=&#8220;4.27.4&#8243; _module_preset=&#8220;default&#8220; custom_padding=&#8220;30px||||false|false&#8220; global_colors_info=&#8220;{}&#8220;][et_pb_column type=&#8220;1_2&#8243; _builder_version=&#8220;4.16&#8243; _module_preset=&#8220;default&#8220; global_colors_info=&#8220;{}&#8220;][et_pb_text _builder_version=&#8220;4.27.6&#8243; _module_preset=&#8220;default&#8220; header_3_font=&#8220;EB Garamond|600|||||||&#8220; header_3_font_size=&#8220;20px&#8220; custom_margin=&#8220;||10px||false|false&#8220; locked=&#8220;off&#8220; global_colors_info=&#8220;{}&#8220;]<\/p>\n<h2>Harnwegsinfektion \/\u00a0Blasenentz\u00fcndung<\/h2>\n<p>[\/et_pb_text][et_pb_divider color=&#8220;#9F7C5A&#8220; _builder_version=&#8220;4.27.4&#8243; _module_preset=&#8220;default&#8220; width=&#8220;70%&#8220; locked=&#8220;off&#8220; global_colors_info=&#8220;{}&#8220;][\/et_pb_divider][et_pb_text _builder_version=&#8220;4.27.6&#8243; _module_preset=&#8220;default&#8220; header_2_font=&#8220;EB Garamond||||||||&#8220; header_2_font_size=&#8220;48px&#8220; header_2_line_height=&#8220;1.3em&#8220; custom_padding=&#8220;||0px|||&#8220; header_2_font_size_tablet=&#8220;34px&#8220; header_2_font_size_phone=&#8220;22px&#8220; header_2_font_size_last_edited=&#8220;on|phone&#8220; locked=&#8220;off&#8220; global_colors_info=&#8220;{}&#8220; header_2_2_font_size_tablet=&#8220;34px&#8220; header_3_2_font_size_tablet=&#8220;34px&#8220; header_4_2_font_size_tablet=&#8220;34px&#8220; header_5_2_font_size_tablet=&#8220;34px&#8220; header_6_2_font_size_tablet=&#8220;34px&#8220; header_2_2_font_size_phone=&#8220;22px&#8220; header_3_2_font_size_phone=&#8220;22px&#8220; header_4_2_font_size_phone=&#8220;22px&#8220; header_5_2_font_size_phone=&#8220;22px&#8220; header_6_2_font_size_phone=&#8220;22px&#8220; header_2_2_font_size_last_edited=&#8220;on|phone&#8220; header_3_2_font_size_last_edited=&#8220;on|phone&#8220; header_4_2_font_size_last_edited=&#8220;on|phone&#8220; header_5_2_font_size_last_edited=&#8220;on|phone&#8220; header_6_2_font_size_last_edited=&#8220;on|phone&#8220;]<\/p>\n<p><span>Eine Harnwegsinfektion (UTI =\u00a0<\/span><span data-huuid=\"396112374855001578\">urinary tract infection)<\/span><span>\u00a0bzw. Blasenentz\u00fcndung (cystitis) betrifft 10 von 100 Frauen mindestens einmal im Jahr.<\/span><\/p>\n<p>[\/et_pb_text][et_pb_text _builder_version=&#8220;4.27.4&#8243; _module_preset=&#8220;default&#8220; text_font=&#8220;ABeeZee||||||||&#8220; text_line_height=&#8220;2em&#8220; locked=&#8220;off&#8220; global_colors_info=&#8220;{}&#8220;]<\/p>\n<div id=\"cc-m-12446179297\" class=\"j-module n j-header \">\n<p>H\u00e4ufige Beschwerden sind dabei Schmerzen beim Wasserlassen, h\u00e4ufiger Harndrang und Blut im Urin. Bei einer aufsteigenden Harnwegsinfektion in die Nierenbecken sind Nierenschmerzen und Fieber zus\u00e4tzliche h\u00e4ufige Symptome.<\/p>\n<p><strong>Die h\u00e4ufigste Ursache sind bakterielle Infektionen.<\/strong><\/p>\n<p>Von einer chronische Harnwegsinfektion wird gesprochen, wenn mehr als dreimal im Jahr oder \u00f6fter als zweimal in sechs Monaten ein Harnwegsinfekt auftritt. H\u00e4ufig chronifizieren sich Beschwerden wie h\u00e4ufiger Harndrang und Brennen beim Wasserlassen.<\/p>\n<\/div>\n<p>[\/et_pb_text][\/et_pb_column][et_pb_column type=&#8220;1_2&#8243; _builder_version=&#8220;4.16&#8243; _module_preset=&#8220;default&#8220; global_colors_info=&#8220;{}&#8220;][et_pb_image src=&#8220;https:\/\/www.frauengesundheit-frankfurt.de\/wp-content\/uploads\/2025\/05\/AdobeStock_540431981-scaled.jpeg&#8220; title_text=&#8220;Sick, unhealthy woman, teenager, suffering from diarrhea, constipation and cystitis in toilet&#8220; _builder_version=&#8220;4.27.4&#8243; _module_preset=&#8220;default&#8220; global_colors_info=&#8220;{}&#8220;][\/et_pb_image][\/et_pb_column][\/et_pb_row][et_pb_row _builder_version=&#8220;4.27.4&#8243; _module_preset=&#8220;default&#8220; global_colors_info=&#8220;{}&#8220;][et_pb_column type=&#8220;4_4&#8243; _builder_version=&#8220;4.27.4&#8243; _module_preset=&#8220;default&#8220; global_colors_info=&#8220;{}&#8220;][et_pb_tabs _builder_version=&#8220;4.27.4&#8243; _module_preset=&#8220;default&#8220; custom_padding=&#8220;||22px|||&#8220; global_colors_info=&#8220;{}&#8220;][et_pb_tab title=&#8220;Beschwerden&#8220; _builder_version=&#8220;4.27.4&#8243; _module_preset=&#8220;default&#8220; global_colors_info=&#8220;{}&#8220;]<\/p>\n<div id=\"cc-m-12445213097\" class=\"j-module n j-textWithImage \">\n<div id=\"cc-m-textwithimage-12445213097\" data-name=\"text\" data-action=\"text\" class=\"cc-m-textwithimage-inline-rte\">\n<div id=\"cc-m-12446522997\" class=\"j-module n j-text \">\n<ul>\n<li>H\u00e4ufiges Wasserlassen in kleinen Mengen<\/li>\n<li>Stark riechender, dunkler oder tr\u00fcber Urin<\/li>\n<li>Blutiger Urin<\/li>\n<li>K\u00e4ltegef\u00fchl<\/li>\n<li>Pl\u00f6tzliche Harninkontinenz \/ Urinverlust<\/li>\n<li>Schmerzen im Unterleib<\/li>\n<li>Flankenschmerzen<\/li>\n<\/ul>\n<\/div>\n<\/div>\n<\/div>\n<div id=\"cc-m-12447587597\" class=\"j-module n j-hgrid \">\n<div class=\"cc-m-hgrid-column\">\n<div id=\"cc-matrix-3399151097\">\n<div id=\"cc-m-12447587697\" class=\"j-module n j-text \"><\/div>\n<\/div>\n<\/div>\n<\/div>\n<p>[\/et_pb_tab][et_pb_tab title=&#8220;Ursachen&#8220; _builder_version=&#8220;4.27.4&#8243; _module_preset=&#8220;default&#8220; global_colors_info=&#8220;{}&#8220;]<\/p>\n<div id=\"cc-m-12445214497\" class=\"j-module n j-textWithImage \">\n<div>\n<div id=\"cc-m-textwithimage-12445214497\" data-name=\"text\" data-action=\"text\" class=\"cc-m-textwithimage-inline-rte\">\n<ul>\n<li>Anatomie der Frau mit k\u00fcrzerer Harnr\u00f6hre<\/li>\n<li>Hormonelle Ver\u00e4nderungen wie Menstruation oder Menopause<\/li>\n<li>Geschlechtsverkehr \/ wechselnde Sexualpartner<\/li>\n<li>Inkontinenz<\/li>\n<li>Zystenbildung<\/li>\n<li>Restharn in der Blase<\/li>\n<\/ul>\n<\/div>\n<\/div>\n<\/div>\n<div id=\"cc-m-12445214597\" class=\"j-module n j-text \"><\/div>\n<p>[\/et_pb_tab][et_pb_tab title=&#8220;Pr\u00e4vention&#8220; _builder_version=&#8220;4.27.4&#8243; _module_preset=&#8220;default&#8220; global_colors_info=&#8220;{}&#8220;]<\/p>\n<p><span>Zur Vorbeugung wiederkehrender Harnwegsinfektionen k\u00f6nnen Impfstoffe wie StroVac und Uro-Vaxom zur Anwendung kommen, welche das Immunsystem trainieren, um Infektionen abzuwehren.<\/span><\/p>\n<p>[\/et_pb_tab][et_pb_tab title=&#8220;Behandlung&#8220; _builder_version=&#8220;4.27.4&#8243; _module_preset=&#8220;default&#8220; global_colors_info=&#8220;{}&#8220;]<\/p>\n<p><span>Die Behandlung erfolgt mittels Antibiotika, pflanzliche Arzneimittel, Schmerzmittel wie Ibuprofen oder Paracetamol, Warme Sitzb\u00e4der mit Kamille, W\u00e4rmflasche oder eine Heizdecke, Viel Schlaf und Ruhe, sowie konservative Ma\u00dfnahmen wie &#8222;viel Trinken&#8220;.\u00a0<\/span><\/p>\n<p>[\/et_pb_tab][\/et_pb_tabs][\/et_pb_column][\/et_pb_row][et_pb_row _builder_version=&#8220;4.27.6&#8243; _module_preset=&#8220;default&#8220; column_structure=&#8220;1_2,1_2&#8243;][et_pb_column _builder_version=&#8220;4.27.6&#8243; _module_preset=&#8220;default&#8220; type=&#8220;1_2&#8243;][et_pb_image src=&#8220;https:\/\/www.frauengesundheit-frankfurt.de\/wp-content\/uploads\/2026\/04\/Iqwig.png&#8220; _builder_version=&#8220;4.27.6&#8243; _module_preset=&#8220;default&#8220; alt=&#8220;Allgemeinverst\u00e4ndliche Gesundheitsinformationen f\u00fcr alle B\u00fcrgerinnen und B\u00fcrger.&#8220; title_text=&#8220;IQWIG&#8220; url=&#8220;https:\/\/www.gesundheitsinformation.de\/was-hilft-gegen-eine-pilzinfektion-der-vagina-scheidenpilz.html&#8220; url_new_window=&#8220;on&#8220; align=&#8220;center&#8220; hover_enabled=&#8220;0&#8243; sticky_enabled=&#8220;0&#8243;][\/et_pb_image][et_pb_text _builder_version=&#8220;4.27.6&#8243; _module_preset=&#8220;default&#8220; hover_enabled=&#8220;0&#8243; sticky_enabled=&#8220;0&#8243;]<\/p>\n<p style=\"text-align: center;\"><a href=\"https:\/\/www.gesundheitsinformation.de\/was-hilft-gegen-eine-pilzinfektion-der-vagina-scheidenpilz.html\" target=\"_blank\" rel=\"noopener\">Pilzinfektion der Vagina (Scheidenpilz) &#8211; weiterf\u00fchrende, allgemeinverst\u00e4ndliche Infos<\/a><\/p>\n<p>[\/et_pb_text][\/et_pb_column][et_pb_column _builder_version=&#8220;4.27.6&#8243; _module_preset=&#8220;default&#8220; type=&#8220;1_2&#8243;][et_pb_text _builder_version=&#8220;4.27.6&#8243; _module_preset=&#8220;default&#8220; hover_enabled=&#8220;0&#8243; sticky_enabled=&#8220;0&#8243;]<\/p>\n<p style=\"text-align: center;\">Behalte Deine Intimgesundheit im Blick und mache den Online-Selbsttest!<\/p>\n<p style=\"text-align: center;\"><a href=\"https:\/\/www.octenisept.de\/intimgesundheit\/selbsttest\/\" target=\"_blank\" rel=\"noopener\">https:\/\/www.octenisept.de\/intimgesundheit\/selbsttest\/<\/a><\/p>\n<p>[\/et_pb_text][\/et_pb_column][\/et_pb_row][et_pb_row column_structure=&#8220;1_2,1_2&#8243; _builder_version=&#8220;4.27.4&#8243; _module_preset=&#8220;default&#8220; global_colors_info=&#8220;{}&#8220;][et_pb_column type=&#8220;1_2&#8243; _builder_version=&#8220;4.27.4&#8243; _module_preset=&#8220;default&#8220; global_colors_info=&#8220;{}&#8220;][et_pb_button button_url=&#8220;\/gynaekologie&#8220; button_text=&#8220;Zur\u00fcck zur \u00dcbersichtsseite&#8220; button_alignment=&#8220;center&#8220; _builder_version=&#8220;4.27.4&#8243; _module_preset=&#8220;default&#8220; custom_button=&#8220;on&#8220; button_text_color=&#8220;gcid-ff1cd8ff-d53b-4acb-a6a2-d8058e5df3bb&#8220; button_icon=&#8220;&#x4a;||divi||400&#8243; button_icon_placement=&#8220;left&#8220; button_on_hover=&#8220;off&#8220; global_colors_info=&#8220;{%22gcid-ff1cd8ff-d53b-4acb-a6a2-d8058e5df3bb%22:%91%22button_text_color%22%93}&#8220;][\/et_pb_button][\/et_pb_column][et_pb_column type=&#8220;1_2&#8243; _builder_version=&#8220;4.27.4&#8243; _module_preset=&#8220;default&#8220; global_colors_info=&#8220;{}&#8220;][et_pb_button button_url=&#8220;\/termin&#8220; button_text=&#8220;Termin buchen&#8220; button_alignment=&#8220;center&#8220; _builder_version=&#8220;4.27.4&#8243; _module_preset=&#8220;default&#8220; custom_button=&#8220;on&#8220; button_text_color=&#8220;gcid-ff1cd8ff-d53b-4acb-a6a2-d8058e5df3bb&#8220; button_icon=&#8220;&#xf073;||fa||900&#8243; button_icon_placement=&#8220;left&#8220; button_on_hover=&#8220;off&#8220; global_colors_info=&#8220;{%22gcid-ff1cd8ff-d53b-4acb-a6a2-d8058e5df3bb%22:%91%22button_text_color%22%93}&#8220;][\/et_pb_button][\/et_pb_column][\/et_pb_row][\/et_pb_section]<\/p>\n","protected":false},"excerpt":{"rendered":"<p>InfektionenScheideninfektionen (vaginal infection) werden durch Bakterien, Pilze oder Viren verursacht. Eine bakterielle Vaginose (bacterial vaginosis) tritt mit etwa 5 auf 100 Frauen am h\u00e4ufigsten auf. Die Scheidenpilzinfektion bzw Vaginalmykose betrifft mindestens einmal im Leben bis zu 75 % aller Frauen. Die Behandlung erfolgt mit Antimykotika gegen die Scheidenpilzinfektion. Gegen bakterielle Infektion stehen Scheidendesinfektionsmittlel oder Antibiotika [&hellip;]<\/p>\n","protected":false},"author":1,"featured_media":1376312,"parent":54,"menu_order":30,"comment_status":"closed","ping_status":"closed","template":"","meta":{"_et_pb_use_builder":"on","_et_pb_old_content":"<!-- wp:divi\/placeholder \/-->","_et_gb_content_width":"","footnotes":""},"class_list":["post-1376571","page","type-page","status-publish","has-post-thumbnail","hentry"],"_links":{"self":[{"href":"https:\/\/www.frauengesundheit-frankfurt.de\/en\/wp-json\/wp\/v2\/pages\/1376571","targetHints":{"allow":["GET"]}}],"collection":[{"href":"https:\/\/www.frauengesundheit-frankfurt.de\/en\/wp-json\/wp\/v2\/pages"}],"about":[{"href":"https:\/\/www.frauengesundheit-frankfurt.de\/en\/wp-json\/wp\/v2\/types\/page"}],"author":[{"embeddable":true,"href":"https:\/\/www.frauengesundheit-frankfurt.de\/en\/wp-json\/wp\/v2\/users\/1"}],"replies":[{"embeddable":true,"href":"https:\/\/www.frauengesundheit-frankfurt.de\/en\/wp-json\/wp\/v2\/comments?post=1376571"}],"version-history":[{"count":2,"href":"https:\/\/www.frauengesundheit-frankfurt.de\/en\/wp-json\/wp\/v2\/pages\/1376571\/revisions"}],"predecessor-version":[{"id":1378752,"href":"https:\/\/www.frauengesundheit-frankfurt.de\/en\/wp-json\/wp\/v2\/pages\/1376571\/revisions\/1378752"}],"up":[{"embeddable":true,"href":"https:\/\/www.frauengesundheit-frankfurt.de\/en\/wp-json\/wp\/v2\/pages\/54"}],"wp:featuredmedia":[{"embeddable":true,"href":"https:\/\/www.frauengesundheit-frankfurt.de\/en\/wp-json\/wp\/v2\/media\/1376312"}],"wp:attachment":[{"href":"https:\/\/www.frauengesundheit-frankfurt.de\/en\/wp-json\/wp\/v2\/media?parent=1376571"}],"curies":[{"name":"wp","href":"https:\/\/api.w.org\/{rel}","templated":true}]}}